{"id":907,"date":"2019-11-24T17:01:47","date_gmt":"2019-11-24T17:01:47","guid":{"rendered":"https:\/\/testth.erfred.fr\/?page_id=907"},"modified":"2020-08-25T20:49:27","modified_gmt":"2020-08-25T20:49:27","slug":"lhistoire-des-accumulateurs","status":"publish","type":"page","link":"https:\/\/ni-cd.net\/wpnicd\/index.php\/lhistoire-des-accumulateurs\/","title":{"rendered":"L\u00b4histoire des accumulateurs"},"content":{"rendered":"\n<h4 class=\"has-text-color wp-block-heading\" style=\"color:#0071a1\">Quand la batterie a-t-elle \u00e9t\u00e9 invent\u00e9e ?  <\/h4>\n\n\n\n<p> <em>Version courte  <br> Isidor Buchmann, Directeur Cadex Electronics Inc.  <br> isidor.buchmann@cadex.com   <br> Avril 2002   <\/em><br><br> L&rsquo;une des d\u00e9couvertes les plus importantes dans les 400 derni\u00e8res ann\u00e9es fut l&rsquo;\u00e9lectricit\u00e9. Vous pouvez vous poser la question: \u00ab Est-ce que l&rsquo;\u00e9lectricit\u00e9 existe depuis si longtemps ? \u00bb La r\u00e9ponse est \u00ab oui \u00bb et peut-\u00eatre m\u00eame depuis beaucoup plus longtemps. Mais l&rsquo;\u00e9lectricit\u00e9 ne devint utile qu&rsquo;\u00e0 la fin des ann\u00e9es 1800.   <br> Les premi\u00e8res m\u00e9thodes de production d&rsquo;\u00e9lectricit\u00e9 consist\u00e8rent \u00e0 cr\u00e9er une charge statique. Alessandro Volta (1745-1827) inventa un dispositif connu sous le nom de \u00ab pistolet \u00e9lectrique \u00bb qui consistait en un fil \u00e9lectrique plac\u00e9 dans un bocal rempli de m\u00e9thane sous forme gazeuse. En envoyant une \u00e9tincelle \u00e9lectrique \u00e0 travers le fil, le bocal se mettait \u00e0 exploser.   <br> Par la suite Volta pensa utiliser cette invention pour essayer de fournir des communications interurbaines, mais vu le r\u00e9sultat obtenu il ne r\u00e9ussit bien s\u00fbr \u00e0 envoyer qu&rsquo;un seul bit&#8230; (explosif !) Un fil de fer support\u00e9 par des poteaux en bois devait \u00eatre pos\u00e9 entre Como et Milan en Italie. Le fil \u00e0 l&rsquo;autre extr\u00e9mit\u00e9, devait aboutir dans un bocal rempli de m\u00e9thane sous forme gazeuse. Au signal donn\u00e9, une \u00e9tincelle \u00e9lectrique devait \u00eatre envoy\u00e9e par le fil et provoquer une d\u00e9tonation signifiant un \u00e9v\u00e9nement cod\u00e9. Cette liaison de t\u00e9l\u00e9communications ne fut jamais \u00e9t\u00e9 construite.  <br> L&rsquo;\u00e9tape suivante de production d&rsquo;\u00e9lectricit\u00e9 apparut gr\u00e2ce \u00e0 l&rsquo;\u00e9lectrolyse. Volta d\u00e9couvrit en 1800 qu&rsquo;un flux continu de force \u00e9lectrique \u00e9tait possible lorsqu&rsquo;on utilisait certains fluides conducteurs pour engendrer une r\u00e9action chimique entre des m\u00e9taux. De plus Volta s&rsquo;aper\u00e7ut que la tension augmentait lorsque les piles volta\u00efques \u00e9taient empil\u00e9es. Ceci conduisit \u00e0 l&rsquo;invention de la batterie. D\u00e8s lors les exp\u00e9riences conduites ne se limit\u00e8rent plus \u00e0 une br\u00e8ve d\u00e9monstration d&rsquo;\u00e9tincelles ne durant qu&rsquo;une fraction de seconde. Un \u00e9coulement apparemment continu de courant \u00e9lectrique \u00e9tait d\u00e9sormais disponible.   <br> \u00c0 l&rsquo;\u00e9poque, la France approchait un point culminant au niveau des progr\u00e8s scientifiques et les id\u00e9es nouvelles \u00e9taient accueillies \u00e0 bras ouverts pour supporter le programme politique. Sur invitation, Volta adressa l&rsquo;Institut Fran\u00e7ais lors d&rsquo;une s\u00e9rie de conf\u00e9rences auxquelles Napol\u00e9on Bonaparte participa. Napol\u00e9on, en personne, offrit son aide lors de certaines exp\u00e9riences, cr\u00e9ant des \u00e9tincelles \u00e0 partir d&rsquo;une batterie, faisant fondre un fil en acier, d\u00e9chargeant un &lsquo;pistolet \u00e9lectrique&rsquo; et d\u00e9composant l&rsquo;eau en ses \u00e9l\u00e9ments constitutifs.<\/p>\n\n\n\n<figure class=\"wp-block-image size-large\"><img loading=\"lazy\" decoding=\"async\" width=\"600\" height=\"291\" src=\"https:\/\/ni-cd.net\/wpnicd\/wp-content\/uploads\/2019\/11\/histoireaccus1.gif\" alt=\"\" class=\"wp-image-122\"\/><\/figure>\n\n\n\n<p> Des nouvelle d\u00e9couvertes furent effectu\u00e9es lorsque Sir Humphry Davy installa la plus grosse et la plus puissante batterie \u00e9lectrique dans les chambres fortes de la &lsquo;Royal Institution&rsquo; de Londres. Il raccorda la batterie \u00e0 des \u00e9lectrodes en charbon et produisit la premi\u00e8re lumi\u00e8re \u00e9lectrique. Comme il le fut rapport\u00e9 par des t\u00e9moins, sa lampe volta\u00efque \u00e0 arc produisit \u00ab l&rsquo;arc ascendant de lumi\u00e8re d&rsquo;une brillance encore jamais vue \u00bb  <br> En 1802, le Docteur William Cruickshank con\u00e7ut la premi\u00e8re batterie \u00e9lectrique capable d&rsquo;\u00eatre produite en s\u00e9rie. Cruickshank arrangea des feuilles carr\u00e9es de cuivre soud\u00e9es \u00e0 leurs extr\u00e9mit\u00e9s et intercal\u00e9es avec des feuilles de zinc de m\u00eame taille. Ces feuilles \u00e9taient plac\u00e9es dans une longue bo\u00eete en bois rectangulaire qui \u00e9tait ensuite referm\u00e9e \u00e9tanchement \u00e0 l&rsquo;aide de ciment . Des encoches \u00e0 l&rsquo;int\u00e9rieur de la bo\u00eete permettaient de maintenir les plaques m\u00e9talliques bien en place. La bo\u00eete \u00e9tait remplie d&rsquo;une solution aqueuse sal\u00e9e (saumure) ou d&rsquo;acide dilu\u00e9.  <br> Jusqu&rsquo;\u00e0 une certaine \u00e9poque toutes les batteries comportaient des \u00e9l\u00e9ments\/accumulateurs primaires, ce qui voulait dire qu&rsquo;elles n&rsquo;\u00e9taient pas rechargeables. En 1859, Le physicien fran\u00e7ais Gaston Plant\u00e9 inventa la premi\u00e8re batterie rechargeable. La batterie secondaire \u00e9tait bas\u00e9e sur un couple chimique acide plomb, qui est toujours utilis\u00e9e de nos jours.<\/p>\n\n\n\n<figure class=\"wp-block-image size-large\"><img loading=\"lazy\" decoding=\"async\" width=\"700\" height=\"623\" src=\"https:\/\/ni-cd.net\/wpnicd\/wp-content\/uploads\/2019\/11\/histoireaccus2.gif\" alt=\"\" class=\"wp-image-123\"\/><\/figure>\n\n\n\n<p>\nLa troisi\u00e8me m\u00e9thode d&rsquo;obtention d&rsquo;\u00e9lectricit\u00e9 fut d\u00e9couverte relativement tard : l&rsquo;\u00e9lectricit\u00e9 produite par\nmagn\u00e9tisme. En 1820, Andr\u00e9-Marie Amp\u00e8re (1775-1836) s&rsquo;aper\u00e7ut que des fils transportant un courant\n\u00e9lectrique \u00e9taient de temps en temps attir\u00e9s l&rsquo;un vers l&rsquo;autre mais que parfois ils se repoussaient. En 1831,\nMichael Faraday (1791-1867) d\u00e9montra comment un disque de cuivre pouvait produire le passage d&rsquo;un\ncourant \u00e9lectrique en permanence quand il \u00e9tait en rotation \u00e0 l&rsquo;int\u00e9rieur d&rsquo;un fort champ magn\u00e9tique.\nFaraday et son \u00e9quipe de recherche r\u00e9ussirent \u00e0 produire une force \u00e9lectrique permanente tant que le\nmouvement entre une bobine et un aimant continuait.  <br>\nEn 1899, Waldmar Jungner, un Su\u00e9dois, inventa la batterie au nickel-cadmium. En 1947, Neumann\nr\u00e9ussit \u00e0 \u00e9tanch\u00e9ifier compl\u00e8tement l&rsquo;accumulateur. Ces progr\u00e8s conduisirent \u00e0 la batterie moderne\n\u00e9tanche au nickel-cadmium.   <br>\nLa recherche sur les batteries au NiMH commen\u00e7a dans les ann\u00e9es 1970 mais les alliages d&rsquo;hydrures\nm\u00e9talliques \u00e9taient instables dans le contexte d&rsquo;un accumulateur. Des nouveaux alliages d&rsquo;hydrures furent\nd\u00e9velopp\u00e9s dans les ann\u00e9es 1980 qui am\u00e9lior\u00e8rent leur stabilit\u00e9. Le NiMH devint disponible\ncommercialement dans les ann\u00e9es 1990.  <br>\nLes premi\u00e8res batteries primaires au lithium apparurent au d\u00e9but des ann\u00e9es 1970. Des tentatives de\nd\u00e9veloppement de batteries rechargeables au lithium suivirent dans les ann\u00e9es 1980 mais \u00e9chou\u00e8rent \u00e0\ncause de probl\u00e8mes de s\u00e9curit\u00e9. Du fait que le lithium sous forme m\u00e9tallique est par nature tr\u00e8s instable,\nparticuli\u00e8rement lors de la charge, la recherche donc s&rsquo;est orient\u00e9e vers des batteries \u00e0 lithium non\nm\u00e9tallique utilisant des ions de lithium. Bien que l\u00e9g\u00e8rement inf\u00e9rieur en densit\u00e9 d&rsquo;\u00e9nergie que son\nhomologue \u00e0 lithium m\u00e9tallique, le Lithium-ion (Li-ion) ne pr\u00e9sente pas de danger si certaines\npr\u00e9cautions lors de la charge et de la d\u00e9charge sont prises. En 1991, Sony Corporation a commercialis\u00e9 la\npremi\u00e8re batterie au Li-ion.  <br>\nAussi \u00ab bizarres \u00bb et peu fiables que les premi\u00e8res batteries aient pu appara\u00eetre, nos descendants\nregarderont peut-\u00eatre un jour la technologie d&rsquo;aujourd&rsquo;hui avec le m\u00eame oeil critique que nous avons\nlorsque nous jugeons les exp\u00e9riences \u00ab primitives \u00bb conduites il a 200 ans par nos pr\u00e9d\u00e9cesseurs. <\/p>\n\n\n\n<p>\nLe pr\u00e9sent article contient des extraits de la deuxi\u00e8me \u00e9dition du livre intitul\u00e9 Batteries in a Portable\nWorld (ou &lsquo;L&rsquo;importance des batteries dans un monde en mouvement&rsquo; en \u00e9dition fran\u00e7aise), un ouvrage au\nsujet des batteries rechargeables pour le \u00ab profane \u00bb. Dans ce livre, M. Buchmann \u00e9value les batteries\ndans leurs utilisations de tous les jours et il explique leurs points forts et leurs points faibles en utilisant un\nlangage de non initi\u00e9. Ce livre de 300 pages est disponible aupr\u00e8s de Cadex Electronics Inc. \u00e0 l&rsquo;adresse de\ncourrier \u00e9lectronique \u00ab book@cadex.com \u00bb, par t\u00e9l\u00e9phone au 604-231-7777 ou dans les librairies. Pour\nobtenir de plus amples renseignements concernant la technologie des batteries, veuillez visiter le site\n\u00ab www.buchmann.ca \u00bb.  <br><strong>\u00c0 propos de l&rsquo;auteur <\/strong><br>\nIsidor Buchmann est le fondateur et le P.D.G de la soci\u00e9t\u00e9 Cadex Electronics Inc., situ\u00e9e \u00e0 Richmond\n(pr\u00e8s de Vancouver) en Colombie Britannique, Canada. M. Buchmann a une formation en\ncommunications radio et il a \u00e9tudi\u00e9 le comportement des batteries rechargeables pendant deux d\u00e9cennies,\ndans toutes les applications pratiques de tous les jours. Auteur de plusieurs articles et de plusieurs livres\nconcernant la technologie d&rsquo;entretien des batteries, M. Buchmann est un conf\u00e9rencier bien connu qui a\nr\u00e9dig\u00e9 des rapports techniques et qui a effectu\u00e9 des pr\u00e9sentations lors de s\u00e9minaires et de conf\u00e9rences \u00e0\ntravers le monde.  <br><strong>\u00c0 propos de la soci\u00e9t\u00e9 <\/strong><br>\nCadex Electronics Inc. con\u00e7oit et fabrique des chargeurs et des analyseurs de batteries \u00e9labor\u00e9s ainsi que\ndes logiciels de gestion de batteries. Ses produits prim\u00e9s ont un seul but : prolonger la vie des batteries.\nIls sont utilis\u00e9s dans les domaines des communications sans fil, des services d&rsquo;urgence, de l&rsquo;informatique\nportative, de l&rsquo;avionique, du secteur biom\u00e9dical, de la radiodiffusion et de la d\u00e9fense. Cadex a la\ncertification ISO 9001 et les produits Cadex sont vendus dans plus de 100 pays. <\/p>\n\n\n\n<p><\/p>\n","protected":false},"excerpt":{"rendered":"<p>Quand la batterie a-t-elle \u00e9t\u00e9 invent\u00e9e ? Version courte Isidor Buchmann, Directeur Cadex Electronics Inc. isidor.buchmann@cadex.com Avril 2002 L&rsquo;une des d\u00e9couvertes les plus importantes dans les 400 derni\u00e8res ann\u00e9es fut l&rsquo;\u00e9lectricit\u00e9. Vous pouvez vous poser la question: \u00ab Est-ce que l&rsquo;\u00e9lectricit\u00e9 existe depuis si longtemps ? \u00bb La r\u00e9ponse est \u00ab oui \u00bb et peut-\u00eatre [&hellip;]<\/p>\n","protected":false},"author":1,"featured_media":0,"parent":0,"menu_order":0,"comment_status":"closed","ping_status":"closed","template":"","meta":{"footnotes":""},"class_list":["post-907","page","type-page","status-publish","hentry"],"_links":{"self":[{"href":"https:\/\/ni-cd.net\/wpnicd\/index.php\/wp-json\/wp\/v2\/pages\/907"}],"collection":[{"href":"https:\/\/ni-cd.net\/wpnicd\/index.php\/wp-json\/wp\/v2\/pages"}],"about":[{"href":"https:\/\/ni-cd.net\/wpnicd\/index.php\/wp-json\/wp\/v2\/types\/page"}],"author":[{"embeddable":true,"href":"https:\/\/ni-cd.net\/wpnicd\/index.php\/wp-json\/wp\/v2\/users\/1"}],"replies":[{"embeddable":true,"href":"https:\/\/ni-cd.net\/wpnicd\/index.php\/wp-json\/wp\/v2\/comments?post=907"}],"version-history":[{"count":3,"href":"https:\/\/ni-cd.net\/wpnicd\/index.php\/wp-json\/wp\/v2\/pages\/907\/revisions"}],"predecessor-version":[{"id":1505,"href":"https:\/\/ni-cd.net\/wpnicd\/index.php\/wp-json\/wp\/v2\/pages\/907\/revisions\/1505"}],"wp:attachment":[{"href":"https:\/\/ni-cd.net\/wpnicd\/index.php\/wp-json\/wp\/v2\/media?parent=907"}],"curies":[{"name":"wp","href":"https:\/\/api.w.org\/{rel}","templated":true}]}}