{"id":630,"date":"2019-11-15T09:21:38","date_gmt":"2019-11-15T09:21:38","guid":{"rendered":"https:\/\/testth.erfred.fr\/?page_id=630"},"modified":"2020-04-14T22:25:52","modified_gmt":"2020-04-14T22:25:52","slug":"schemas-chargeurs-nickel","status":"publish","type":"page","link":"https:\/\/ni-cd.net\/wpnicd\/index.php\/schemas-chargeurs-nickel\/","title":{"rendered":"Sch\u00e9mas chargeurs Nickel"},"content":{"rendered":"\n<div class=\"wp-block-group\"><div class=\"wp-block-group__inner-container is-layout-flow wp-block-group-is-layout-flow\">\n<p style=\"background-color:#0071a1\" class=\"has-text-color has-background has-very-light-gray-color\"><strong>Les Sch\u00e9mas de chargeurs d&rsquo;accus &lsquo;intelligents&rsquo;.<\/strong><\/p>\n\n\n\n<p><strong>La solution :<\/strong> Les chargeurs \u00ab\u00a0intelligents\u00a0\u00bb. Ils sont g\u00e9n\u00e9ralement d\u00e9velopp\u00e9s autour d&rsquo;un composant sp\u00e9cialis\u00e9 ou d&rsquo;un microcontr\u00f4leur. En g\u00e9n\u00e9ral leur fonctionnement est du type charge rapide, d\u00e9tection du -dV\/dt, puis charge permanente (comme je vous l&rsquo;ai pr\u00e9sent\u00e9 dans les pages th\u00e9orie). Le courant fourni par ce genre de chargeur est continu pour le courant nominal de la batterie (courant qui serait appliqu\u00e9 pour une charge rapide d&rsquo;une heure). Le composant se charge ensuite de g\u00e9rer le temps de charge en hachant le courant \u00e0 l&rsquo;aide d&rsquo;un transistor de puissance (In\/10 =&gt; In avec rapport cyclique de 10% ). Ces composants g\u00e8rent aussi la d\u00e9charge et surveillent les temps et la temp\u00e9rature de la batterie.<\/p>\n\n\n\n<p>Voir la rubrique <strong>Composants Sp\u00e9cialis\u00e9s<\/strong> pour la liste de ces circuits qui ont \u00e9t\u00e9 d\u00e9velopp\u00e9s pour la charge des accumulateurs.<\/p>\n\n\n\n<p>Mais Le circuit sp\u00e9cialis\u00e9 ne fait pas tout, Il faut beaucoup de composants autour pour arriver \u00e0 r\u00e9aliser un chargeur\/d\u00e9chargeur. L\u00e0 chacun est libre de sa propre r\u00e9alisation et vous trouverez autant de mod\u00e8les que de personnes qui en auront r\u00e9alis\u00e9.<\/p>\n\n\n\n<p>Je crois que le premier de ces circuits f\u00fbt le <strong>U2400B<\/strong> de chez T\u00e9l\u00e9funken.  Vous trouverez ci-dessous des documents que j&rsquo;ai collect\u00e9 \u00e0 l&rsquo;\u00e9poque.<br> Malgr\u00e9 tout ce composant est maintenant un peu d\u00e9pass\u00e9, et il est pr\u00e9f\u00e9rable d&rsquo;utiliser des circuits plus r\u00e9cents. <strong>Le MAX 712 ou 713<\/strong> est actuellement un des plus utilis\u00e9s.<br> Vous trouverez ci-dessous des sch\u00e9mas de montages et divers documents qui pourront vous servir de bases de travail ou d&rsquo;inspiration pour la r\u00e9alisation de votre propre chargeur. J&rsquo;ai personnellement r\u00e9alis\u00e9 et test\u00e9 certains de ces montages.<\/p>\n\n\n\n<p style=\"background-color:#0071a1\" class=\"has-text-color has-background has-very-light-gray-color\"><strong> Autour du U2400B<\/strong><\/p>\n\n\n\n<ul class=\"wp-block-list\"><li><a href=\"http:\/\/ni-cd.net\/nicddownload\/PhotoCharg_Art_U2400b.pdf\">Sch\u00e9ma d&rsquo;un chargeur d\u00e9chargeur multi batteries<\/a> autour du U2400B (646 Ko).<\/li><li> <a href=\"http:\/\/ni-cd.net\/nicddownload\/synpot_U2400B.pdf\">Un synoptique interne du U2400B<\/a> (193Ko).<\/li><li> <a href=\"http:\/\/ni-cd.net\/nicddownload\/Schema_Article_Haut_Parleur_Chargeur_U2400B.pdf\">Article de revue expliquant en fran\u00e7ais le fonctionnement du U2400B<\/a> (6 pages 1,8Mo) .<\/li><\/ul>\n\n\n\n<p style=\"background-color:#0071a1\" class=\"has-text-color has-background has-very-light-gray-color\"><strong>Autour des MAX712 et MAX713<\/strong><\/p>\n\n\n\n<ul class=\"wp-block-list\"><li>La datasheet de chez Maxim  du MAX712-713 : <a href=\"http:\/\/ni-cd.net\/nicddownload\/Datasheet_MAX712-MAX713.pdf\">max712-713.pdf<\/a> (249 Ko).<\/li><li> Un autre document Maxim avec R\u00e9gulateur externe MAX5089 et de contr\u00f4le de charge MAX713 aussi : <a href=\"http:\/\/ni-cd.net\/nicddownload\/Schema_AN4496_MAX713.pdf\">AN4496.pdf <\/a>(63 Ko).<\/li><li> Le MCRA Micro-Chargeur Rapide Automatique Un tout petit chargeur \u00e9conomique sur la base du MAX713. A adapter \u00e0 votre besoin.: <a href=\"http:\/\/ni-cd.net\/nicddownload\/Schema_MCRA.zip\">MCRA.zip<\/a> (218 Ko).<br><em>Merci \u00e0 Claude Balada pour la transmission de ce fichier.<\/em><\/li><li>Un chargeur rapide autour du MAX713 mis au point par R\u00e9gis alias DRS avec quelques conseils maison. Il y a tout sch\u00e9ma, Typon et explications. Charge 10 \u00e9l\u00e9ments avec un courant max de 1,14A modifiable bien s\u00fbr.<br>Chargeur <a href=\"http:\/\/ni-cd.net\/nicddownload\/Schema_Chargeur PWM DRS.pdf\">DRS.pdf<\/a> (1Mo).<\/li><\/ul>\n\n\n\n<p>Vous trouverez \u00e0 la page Kits et montages complets des liens vers des sites qui proposent des montages complets \u00e0 r\u00e9aliser autour de ces composants sp\u00e9cialis\u00e9s. Les sch\u00e9mas, typons de circuits imprim\u00e9s, listes de composants sont g\u00e9n\u00e9ralement fournis sur ces sites.<\/p>\n<\/div><\/div>\n\n\n\n<h4 class=\"has-text-align-right wp-block-heading\"><a href=\"\/wpnicd\/index.php\/kits-chargeurs-nickel\/\"><br><br>La suite >>><\/a><\/h4>\n","protected":false},"excerpt":{"rendered":"<p>Les Sch\u00e9mas de chargeurs d&rsquo;accus &lsquo;intelligents&rsquo;. La solution : Les chargeurs \u00ab\u00a0intelligents\u00a0\u00bb. Ils sont g\u00e9n\u00e9ralement d\u00e9velopp\u00e9s autour d&rsquo;un composant sp\u00e9cialis\u00e9 ou d&rsquo;un microcontr\u00f4leur. En g\u00e9n\u00e9ral leur fonctionnement est du type charge rapide, d\u00e9tection du -dV\/dt, puis charge permanente (comme je vous l&rsquo;ai pr\u00e9sent\u00e9 dans les pages th\u00e9orie). Le courant fourni par ce genre de chargeur [&hellip;]<\/p>\n","protected":false},"author":1,"featured_media":0,"parent":0,"menu_order":0,"comment_status":"closed","ping_status":"closed","template":"","meta":{"footnotes":""},"class_list":["post-630","page","type-page","status-publish","hentry"],"_links":{"self":[{"href":"https:\/\/ni-cd.net\/wpnicd\/index.php\/wp-json\/wp\/v2\/pages\/630"}],"collection":[{"href":"https:\/\/ni-cd.net\/wpnicd\/index.php\/wp-json\/wp\/v2\/pages"}],"about":[{"href":"https:\/\/ni-cd.net\/wpnicd\/index.php\/wp-json\/wp\/v2\/types\/page"}],"author":[{"embeddable":true,"href":"https:\/\/ni-cd.net\/wpnicd\/index.php\/wp-json\/wp\/v2\/users\/1"}],"replies":[{"embeddable":true,"href":"https:\/\/ni-cd.net\/wpnicd\/index.php\/wp-json\/wp\/v2\/comments?post=630"}],"version-history":[{"count":9,"href":"https:\/\/ni-cd.net\/wpnicd\/index.php\/wp-json\/wp\/v2\/pages\/630\/revisions"}],"predecessor-version":[{"id":1332,"href":"https:\/\/ni-cd.net\/wpnicd\/index.php\/wp-json\/wp\/v2\/pages\/630\/revisions\/1332"}],"wp:attachment":[{"href":"https:\/\/ni-cd.net\/wpnicd\/index.php\/wp-json\/wp\/v2\/media?parent=630"}],"curies":[{"name":"wp","href":"https:\/\/api.w.org\/{rel}","templated":true}]}}