{"id":626,"date":"2019-11-15T09:18:11","date_gmt":"2019-11-15T09:18:11","guid":{"rendered":"https:\/\/testth.erfred.fr\/?page_id=626"},"modified":"2020-04-14T22:23:41","modified_gmt":"2020-04-14T22:23:41","slug":"les-bases-chargeurs-nickel","status":"publish","type":"page","link":"https:\/\/ni-cd.net\/wpnicd\/index.php\/les-bases-chargeurs-nickel\/","title":{"rendered":"Les Bases Chargeurs Nickel"},"content":{"rendered":"\n<div class=\"wp-block-group\"><div class=\"wp-block-group__inner-container is-layout-flow wp-block-group-is-layout-flow\">\n<p style=\"background-color:#0071a1\" class=\"has-text-color has-background has-very-light-gray-color\"><strong>Les montages de base pour r\u00e9aliser vous m\u00eame un chargeur simple.<\/strong><\/p>\n\n\n\n<p class=\"has-text-color has-very-dark-gray-color\"><strong>Le principe du chargeur<\/strong> : Un g\u00e9n\u00e9rateur de courant constant r\u00e9gl\u00e9 pour le courant de charge voulu et pouvant d\u00e9livrer une tension d&rsquo;au moins 1,45 V (pour une charge \u00e0 In\/10) par \u00e9l\u00e9ment en s\u00e9rie \u00e0 charger. Il faut ensuite surveiller la tension de charge pour d\u00e9tecter la fin de la charge. Une alimentation stabilis\u00e9e limit\u00e9e en courant fait tr\u00e8s bien l&rsquo;affaire.<\/p>\n\n\n\n<p style=\"color:#0071a1\" class=\"has-text-color\"> <strong>Attention ce type de charge est r\u00e9serv\u00e9 au Ni-Cd, le Ni-MH \u00e9tant beaucoup trop sensible aux surcharges, il ne faut pas prendre de risque, ou alors s&rsquo;assurer de ne pas d\u00e9passer un courant de charge de In\/10.<\/strong><\/p>\n\n\n\n<p><strong>Tout ceci est r\u00e9alisable avec quelques composants :<\/strong><br> Voici quelques petits montages simples (\u00e0 adapter) pour charger vos \u00e9l\u00e9ments.<br> Attention \u00e9conomique mais pas sp\u00e9cialement tr\u00e8s tr\u00e8s fiable.<\/p>\n\n\n\n<p>Pour une plus grande s\u00e9curit\u00e9 et aussi syst\u00e9matiquement pour le Ni-MH au dessus de In\/10, utilisez des composants sp\u00e9cialis\u00e9s pour la surveillance de charge des accus. Vous trouverez dans les pages suivantes toutes les infos \u00e0 leur sujet.<\/p>\n\n\n\n<p>Dans cette page :<\/p>\n\n\n\n<ul class=\"wp-block-list\"><li>Un r\u00e9gulateur de courant de base<\/li><li>Un autre r\u00e9gulateur de courant tr\u00e8s simple.<\/li><li>Un comparateur de tension \u00e0 hyst\u00e9r\u00e9sis.<\/li><\/ul>\n\n\n\n<p style=\"background-color:#0071a1\" class=\"has-text-color has-background has-very-light-gray-color\"><strong>Un r\u00e9gulateur de courant de base :<\/strong><\/p>\n\n\n\n<p>Le principe : Une diode zener fixe Dz une tension aux bornes d&rsquo;une r\u00e9sistance Ri et fixe ainsi le courant qui la traverse. Elle impose ainsi le courant dans le reste de la boucle. Le transistor sert \u00e0 ajuster automatiquement la tension en fonction de l&rsquo;imp\u00e9dance de la charge. On choisira de pr\u00e9f\u00e9rence un transistor darlington pour avoir un courant de commande n\u00e9gligeable devant le courant utile.<\/p>\n\n\n\n<p>Le sch\u00e9ma :<\/p>\n\n\n\n<div class=\"wp-block-image\"><figure class=\"aligncenter size-large is-resized\"><img loading=\"lazy\" decoding=\"async\" src=\"https:\/\/testth.erfred.fr\/wp-content\/uploads\/2019\/11\/regulcourant.jpg\" alt=\"\" class=\"wp-image-649\" width=\"495\" height=\"345\" srcset=\"https:\/\/ni-cd.net\/wpnicd\/wp-content\/uploads\/2019\/11\/regulcourant.jpg 432w, https:\/\/ni-cd.net\/wpnicd\/wp-content\/uploads\/2019\/11\/regulcourant-300x209.jpg 300w\" sizes=\"(max-width: 495px) 100vw, 495px\" \/><\/figure><\/div>\n\n\n\n<p>Le principe de r\u00e9gulation est tr\u00e8s simple :<br> On a <strong>Vr<\/strong> + 1,2 = <strong>Vz<\/strong><br> Or <strong>Vr<\/strong> = <strong>Ri<\/strong> x <strong>Ie<\/strong> donc <strong>Ie<\/strong> = (<strong>Vz<\/strong> &#8211; 1,2) \/ <strong>Ri<\/strong><br> <strong>Ie<\/strong> = <strong>Ib<\/strong> + <strong>Ic<\/strong> = <strong>Ic<\/strong> (1 \/ <strong>h21<\/strong> + 1)<br> avec un transistor darlington (<strong>h21&gt; 1000<\/strong>) on consid\u00e8re<strong> Ic = Ie<\/strong><\/p>\n\n\n\n<p>Donc le courant dans la charge sera <strong>Ic = (Vz &#8211; 1,2) \/ Ri<\/strong><\/p>\n\n\n\n<p>Attention tout le courant qui passe dans la charge (accu ou batterie d&rsquo;accus), passe aussi dans <strong>Ri<\/strong>. Il faudra donc bien dimensionner <strong>Ri<\/strong> en puissance en fonction du courant de charge.<\/p>\n\n\n\n<p>Pour que le montage fonctionne correctement il faudra prendre <strong>Vin &#8211; Vc <\/strong>&gt;= 1,5 V<\/p>\n\n\n\n<p>Calcul de r : <strong>r = ( Vin &#8211; Vz ) \/ ( Ic \/ h21 + Iz ).<\/strong><\/p>\n\n\n\n<p>Ce montage est tr\u00e8s simple et ne pr\u00e9sente aucune garantie quant aux d\u00e9rives en temp\u00e9ratures des composants, ceci pouvant entra\u00eener une modification de la valeur du courant r\u00e9gul\u00e9. Alors prenez de la marge.<\/p>\n\n\n\n<p style=\"background-color:#0071a1\" class=\"has-text-color has-background has-very-light-gray-color\"><strong>Un autre r\u00e9gulateur de courant tr\u00e8s simple.<\/strong><\/p>\n\n\n\n<p>Ce r\u00e9gulateur de courant est bas\u00e9 sur un r\u00e9gulateur de tension variable du type <strong>LM317<\/strong><\/p>\n\n\n\n<figure class=\"wp-block-image size-large is-resized\"><img loading=\"lazy\" decoding=\"async\" src=\"https:\/\/testth.erfred.fr\/wp-content\/uploads\/2019\/11\/lm317.jpg\" alt=\"\" class=\"wp-image-648\" width=\"545\" height=\"224\" srcset=\"https:\/\/ni-cd.net\/wpnicd\/wp-content\/uploads\/2019\/11\/lm317.jpg 389w, https:\/\/ni-cd.net\/wpnicd\/wp-content\/uploads\/2019\/11\/lm317-300x123.jpg 300w\" sizes=\"(max-width: 545px) 100vw, 545px\" \/><\/figure>\n\n\n\n<p class=\"has-text-align-center has-medium-font-size\"><strong>I = 1,2 \/ R<\/strong><\/p>\n\n\n\n<p>L\u00e0 aussi tout le courant passe dans R donc attention \u00e0 la puissance . <strong>I max = 1,5 A<\/strong><\/p>\n\n\n\n<p><strong>Ce montage est tr\u00e8s simple et ne pr\u00e9sente aucune garantie quant aux d\u00e9rives en temp\u00e9ratures des composants, ceci pouvant entra\u00eener une modification de la valeur du courant r\u00e9gul\u00e9. Alors prenez de la marge.<\/strong><\/p>\n\n\n\n<p><a href=\"\/nicddownload\/Datasheet_LM317.pdf\">Datasheet du LM317<\/a><\/p>\n\n\n\n<p style=\"background-color:#0071a1\" class=\"has-text-color has-background has-very-light-gray-color\"><strong>Un comparateur de tension.<\/strong><\/p>\n\n\n\n<p>On g\u00e9n\u00e8re une tension de r\u00e9f\u00e9rence Vz avec une diode Zener Dz suivi d&rsquo;un montage suiveur MA2. On prend un \u00e9chantillon de Vbat \u00e0 l&rsquo;aide d&rsquo;un pont diviseur (R1,R2) et on la compare \u00e0 cette tension de r\u00e9f\u00e9rence Vz \u00e0 l&rsquo;aide d&rsquo;un comparateur \u00e0 hyst\u00e9r\u00e9sis MA1 qui permet d&rsquo;avoir deux seuils de commutation V1 et V2 montant et descendant.<\/p>\n\n\n\n<figure class=\"wp-block-image size-large\"><img loading=\"lazy\" decoding=\"async\" width=\"572\" height=\"328\" src=\"https:\/\/testth.erfred.fr\/wp-content\/uploads\/2019\/11\/comptens.jpg\" alt=\"\" class=\"wp-image-647\" srcset=\"https:\/\/ni-cd.net\/wpnicd\/wp-content\/uploads\/2019\/11\/comptens.jpg 572w, https:\/\/ni-cd.net\/wpnicd\/wp-content\/uploads\/2019\/11\/comptens-300x172.jpg 300w\" sizes=\"(max-width: 572px) 100vw, 572px\" \/><\/figure>\n\n\n\n<p>V- = Vbat x R2 \/ ( R1 + R2 )<br> Si V+ &gt; V- alors Vs = Vcc d&rsquo;o\u00f9 V+ = <strong>V2 = [Vz.R5 \/ (R4+R5)]+[Vcc.R4 \/ (R4+R5)]<\/strong><br> Si V+ &lt; V- alors Vs = 0 d&rsquo;o\u00f9 V+ = <strong>V1 = Vz.R5 \/ (R4+R5)<\/strong><\/p>\n\n\n\n<p>D&rsquo;o\u00f9 le fonctionnement \u00e0 hyst\u00e9r\u00e9sis suivant :<\/p>\n\n\n\n<div class=\"wp-block-image\"><figure class=\"aligncenter size-large\"><img loading=\"lazy\" decoding=\"async\" width=\"308\" height=\"251\" src=\"https:\/\/testth.erfred.fr\/wp-content\/uploads\/2019\/11\/hysteresis.jpg\" alt=\"\" class=\"wp-image-646\" srcset=\"https:\/\/ni-cd.net\/wpnicd\/wp-content\/uploads\/2019\/11\/hysteresis.jpg 308w, https:\/\/ni-cd.net\/wpnicd\/wp-content\/uploads\/2019\/11\/hysteresis-300x244.jpg 300w\" sizes=\"(max-width: 308px) 100vw, 308px\" \/><\/figure><\/div>\n\n\n\n<p>A chacun d&rsquo;ajuster ses valeurs.<\/p>\n\n\n\n<p>Pour l&rsquo;Aop un LM 324 conviendra tr\u00e8s bien.<br> La r\u00e9sistance R3 est \u00e0 d\u00e9finir en fonction du courant nominal de le diode Zener.<br> La r\u00e9sistance R6 = R4 \/\/ R5<br> R1 et R2 de forte valeur pour ne pas perturber la charge de la batterie.<\/p>\n<\/div><\/div>\n\n\n\n<h4 class=\"has-text-align-right wp-block-heading\"><a href=\"\/wpnicd\/index.php\/schemas-chargeurs-nickel\/\/index.php\/les-composants-chargeurs-nickel\/\"><br><br>La suite &gt;&gt;&gt;<\/a><\/h4>\n","protected":false},"excerpt":{"rendered":"<p>Les montages de base pour r\u00e9aliser vous m\u00eame un chargeur simple. Le principe du chargeur : Un g\u00e9n\u00e9rateur de courant constant r\u00e9gl\u00e9 pour le courant de charge voulu et pouvant d\u00e9livrer une tension d&rsquo;au moins 1,45 V (pour une charge \u00e0 In\/10) par \u00e9l\u00e9ment en s\u00e9rie \u00e0 charger. Il faut ensuite surveiller la tension de [&hellip;]<\/p>\n","protected":false},"author":1,"featured_media":0,"parent":0,"menu_order":0,"comment_status":"closed","ping_status":"closed","template":"","meta":{"footnotes":""},"class_list":["post-626","page","type-page","status-publish","hentry"],"_links":{"self":[{"href":"https:\/\/ni-cd.net\/wpnicd\/index.php\/wp-json\/wp\/v2\/pages\/626"}],"collection":[{"href":"https:\/\/ni-cd.net\/wpnicd\/index.php\/wp-json\/wp\/v2\/pages"}],"about":[{"href":"https:\/\/ni-cd.net\/wpnicd\/index.php\/wp-json\/wp\/v2\/types\/page"}],"author":[{"embeddable":true,"href":"https:\/\/ni-cd.net\/wpnicd\/index.php\/wp-json\/wp\/v2\/users\/1"}],"replies":[{"embeddable":true,"href":"https:\/\/ni-cd.net\/wpnicd\/index.php\/wp-json\/wp\/v2\/comments?post=626"}],"version-history":[{"count":12,"href":"https:\/\/ni-cd.net\/wpnicd\/index.php\/wp-json\/wp\/v2\/pages\/626\/revisions"}],"predecessor-version":[{"id":1330,"href":"https:\/\/ni-cd.net\/wpnicd\/index.php\/wp-json\/wp\/v2\/pages\/626\/revisions\/1330"}],"wp:attachment":[{"href":"https:\/\/ni-cd.net\/wpnicd\/index.php\/wp-json\/wp\/v2\/media?parent=626"}],"curies":[{"name":"wp","href":"https:\/\/api.w.org\/{rel}","templated":true}]}}