{"id":611,"date":"2019-11-14T22:37:15","date_gmt":"2019-11-14T22:37:15","guid":{"rendered":"https:\/\/testth.erfred.fr\/?page_id=611"},"modified":"2020-04-14T22:19:21","modified_gmt":"2020-04-14T22:19:21","slug":"chargeurs-pour-aq-au-nickel","status":"publish","type":"page","link":"https:\/\/ni-cd.net\/wpnicd\/index.php\/chargeurs-pour-aq-au-nickel\/","title":{"rendered":"Chargeurs pour AQ au Nickel"},"content":{"rendered":"\n<div class=\"wp-block-group\"><div class=\"wp-block-group__inner-container is-layout-flow wp-block-group-is-layout-flow\">\n<p style=\"background-color:#0071a1\" class=\"has-text-color has-background has-very-light-gray-color\"><strong>Comment r\u00e9aliser un chargeur pour vos accus Ni-Cd ou Ni-MH ?<\/strong><\/p>\n\n\n\n<p> Vous trouverez dans ces pages la gamme compl\u00e8te de tout ce qui peut se faire en chargeurs.<br>Du montage le plus simple du r\u00e9gulateur de courant avec deux composants dans la page &lsquo;La base&rsquo;,<br> Au plus compliqu\u00e9 \u00e0 base de microcontr\u00f4leur et pilot\u00e9 par un PC dans la page &lsquo;Kits&rsquo;.<\/p>\n\n\n\n<ul class=\"wp-block-list\"><li><strong><a href=\"\/wpnicd\/index.php\/les-bases-chargeurs-nickel\/\">Les Chargeurs de Bases <\/a>:<\/strong><br>Le strict minimum pour charger vos accus. Attention ces montages sont \u00e0 r\u00e9server \u00e0 la techno Ni-Cd et au Ni-MH \u00e0 des taux de charge inf\u00e9rieurs \u00e0 C\/10.<\/li><\/ul>\n\n\n\n<ul class=\"wp-block-list\"><li><strong><a href=\"\/wpnicd\/index.php\/les-composants-chargeurs-nickel\/\">Les composants \u00e9lectroniques sp\u00e9cialis\u00e9s dans la charge des accus<\/a><\/strong> :<br>Cette page vous fournira une liste de composants autour desquels vous pourrez construire un chargeur, avec leurs caract\u00e9ristiques principales, leurs datasheets et pour certains quelques documents suppl\u00e9mentaires.<\/li><\/ul>\n\n\n\n<ul class=\"wp-block-list\"><li><a href=\"\/wpnicd\/index.php\/schemas-chargeurs-nickel\/\"><strong>Des sch\u00e9mas de chargeurs :<\/strong><\/a><br>Des sch\u00e9mas montages autour des composants sp\u00e9cialis\u00e9s les plus courants, notamment les U2400B, U2405B et le MAX713.<\/li><\/ul>\n\n\n\n<ul class=\"wp-block-list\"><li><strong><a href=\"\/wpnicd\/index.php\/kits-chargeurs-nickel\/\">Des montages complets sur le net <\/a>:<\/strong><br>Des liens, des liens, des liens vers des sites de passionn\u00e9s qui vous proposent leur r\u00e9alisations. L\u00e0 aussi vous trouverez une gamme de chargeurs du plus simple au plus complexe.<\/li><\/ul>\n<\/div><\/div>\n\n\n\n<h4 class=\"has-text-align-right wp-block-heading\"><a href=\"\/wpnicd\/index.php\/les-bases-chargeurs-nickel\/\"><br>La suite &gt;&gt;&gt;<\/a><\/h4>\n","protected":false},"excerpt":{"rendered":"<p>Comment r\u00e9aliser un chargeur pour vos accus Ni-Cd ou Ni-MH ? Vous trouverez dans ces pages la gamme compl\u00e8te de tout ce qui peut se faire en chargeurs.Du montage le plus simple du r\u00e9gulateur de courant avec deux composants dans la page &lsquo;La base&rsquo;, Au plus compliqu\u00e9 \u00e0 base de microcontr\u00f4leur et pilot\u00e9 par un [&hellip;]<\/p>\n","protected":false},"author":1,"featured_media":0,"parent":0,"menu_order":0,"comment_status":"closed","ping_status":"closed","template":"","meta":{"footnotes":""},"class_list":["post-611","page","type-page","status-publish","hentry"],"_links":{"self":[{"href":"https:\/\/ni-cd.net\/wpnicd\/index.php\/wp-json\/wp\/v2\/pages\/611"}],"collection":[{"href":"https:\/\/ni-cd.net\/wpnicd\/index.php\/wp-json\/wp\/v2\/pages"}],"about":[{"href":"https:\/\/ni-cd.net\/wpnicd\/index.php\/wp-json\/wp\/v2\/types\/page"}],"author":[{"embeddable":true,"href":"https:\/\/ni-cd.net\/wpnicd\/index.php\/wp-json\/wp\/v2\/users\/1"}],"replies":[{"embeddable":true,"href":"https:\/\/ni-cd.net\/wpnicd\/index.php\/wp-json\/wp\/v2\/comments?post=611"}],"version-history":[{"count":9,"href":"https:\/\/ni-cd.net\/wpnicd\/index.php\/wp-json\/wp\/v2\/pages\/611\/revisions"}],"predecessor-version":[{"id":1327,"href":"https:\/\/ni-cd.net\/wpnicd\/index.php\/wp-json\/wp\/v2\/pages\/611\/revisions\/1327"}],"wp:attachment":[{"href":"https:\/\/ni-cd.net\/wpnicd\/index.php\/wp-json\/wp\/v2\/media?parent=611"}],"curies":[{"name":"wp","href":"https:\/\/api.w.org\/{rel}","templated":true}]}}