{"id":609,"date":"2019-11-14T22:35:35","date_gmt":"2019-11-14T22:35:35","guid":{"rendered":"https:\/\/testth.erfred.fr\/?page_id=609"},"modified":"2020-04-14T22:29:11","modified_gmt":"2020-04-14T22:29:11","slug":"chargeur-pour-aq-au-lithium","status":"publish","type":"page","link":"https:\/\/ni-cd.net\/wpnicd\/index.php\/chargeur-pour-aq-au-lithium\/","title":{"rendered":"Chargeur pour AQ au Lithium"},"content":{"rendered":"\n<p style=\"background-color:#0071a1\" class=\"has-text-color has-background has-very-light-gray-color\"><strong>Les chargeurs d&rsquo;accus au Lithium \u00e0 r\u00e9aliser vous m\u00eame.     <\/strong>      <\/p>\n\n\n\n<p class=\"has-text-color has-text-align-center has-vivid-red-color\"><strong>AVERTISSEMENT : Faites attention, <\/strong><br><strong>je le r\u00e9p\u00e8te les \u00e9l\u00e9ments au Lithium peuvent \u00eatre dangereux.           <br><\/strong><br><strong><em>Se lancer dans la r\u00e9alisation d&rsquo;un chargeur pour accumulateurs au Li-ion ou au Li-po sous-entend que vous \u00eates  pleinement conscient des risques inh\u00e9rent \u00e0 la manipulation de ces technologies d&rsquo;accumulateurs. <\/em><\/strong><\/p>\n\n\n\n<p style=\"color:#0071a1\" class=\"has-text-color has-text-align-center\"><a href=\"\/wpnicd\/index.php\/les-conditions-dutilisation-des-aq-au-lithium\/\"><strong>Je vous invite en cliquant ici \u00e0 revoir les dangers potentiels <br> que vous pouvez rencontrer quand vous chargez ce type d&rsquo;accus.<\/strong><\/a><\/p>\n\n\n\n<p class=\"has-text-color has-text-align-center has-vivid-red-color\"><strong>Ne rechargez vos Li-ion et li-po <br> que dans un endroit protecteur contre une potentielle propagation d&rsquo;incendie  <\/strong> <\/p>\n\n\n\n<p style=\"background-color:#0071a1\" class=\"has-text-color has-background has-very-light-gray-color\">Deux chargeurs pouvant charger le Li-ion sur le site de <em> Patrice F5JTZ :<\/em><\/p>\n\n\n\n<p><a href=\"http:\/\/f5jtz.free.fr\/pjacquet\/default.htm\">http:\/\/f5jtz.free.fr\/pjacquet\/default.htm<\/a><br><br><a href=\"http:\/\/f5jtz.free.fr\/pjacquet\/lith-ion.htm\">Un chargeur sp\u00e9cialis\u00e9 pour accus Lithium-Ions sur la base d&rsquo;un LM3420<\/a><\/p>\n\n\n\n<p><a href=\"http:\/\/f5jtz.free.fr\/pjacquet\/charg2.htm\"> Un composant sp\u00e9cialis\u00e9 pour accu Li-Ion, NiMH ou CdNi : le LT1513<\/a><\/p>\n\n\n\n<p>Les datasheets des composants de ces applications: <\/p>\n\n\n\n<p><a href=\"http:\/\/ni-cd.net\/nicddownload\/Datasheet_lm3420.pdf\"> LM3420<\/a>   <a href=\"http:\/\/ni-cd.net\/nicddownload\/Datasheet_LM317.pdf\">LM317<\/a>     <a href=\"http:\/\/ni-cd.net\/nicddownload\/Datasheet_LT1513.pdf\">LT1513<\/a><\/p>\n\n\n\n<h4 class=\"wp-block-heading\" id=\"liposave\"><\/h4>\n\n\n\n<p style=\"background-color:#0071a1\" class=\"has-text-color has-background has-very-light-gray-color\">Le LipoSave de Jean Fran\u00e7ois<\/p>\n\n\n\n<p><strong>Charger des Li-po&#8230;<\/strong>   Les accus au Li-po n&rsquo;ont souvent pas de protections int\u00e9gr\u00e9es comme les Li-ion.<br> Si vous avez besoin de recharger plusieurs Li-po en s\u00e9rie, il y a un fort risque de d\u00e9s\u00e9quilibre de tension qui peux provoquer de gros d\u00e9g\u00e2ts.           Si un de vos \u00e9l\u00e9ments se charge moi vite que les autres, la tension des autres risque passer au dessus des 4,2V. <br>Jean Fran\u00e7ois Pion a mis au point un petit montage qui vient se greffer en parall\u00e8le sur chaque \u00e9l\u00e9ment et qui assure la protection en tension de ces \u00e9l\u00e9ments durant la charge. <\/p>\n\n\n\n<h4 class=\"has-text-color has-text-align-center wp-block-heading\" style=\"color:#0071a1\">********** Le Liposave ***********<\/h4>\n\n\n\n<p>A voir sur le site Electrofly :  <a href=\"http:\/\/electrofly.free.fr\/articles.php?lng=fr&amp;pg=61\"> http:\/\/electrofly.free.fr\/articles.php?lng=fr&amp;g=61<\/a><\/p>\n\n\n\n<p><a href=\"http:\/\/electrofly.free.fr\/download.php?lng=fr&amp;pg=&amp;id=2\"> Le fichier .zip du Liposave \u00e0 t\u00e9l\u00e9charger<\/a><br>Ce petit outil est indispensable pour charger des Li-po en s\u00e9rie.<\/p>\n\n\n\n<p>En plus sur le Site de Jean Fran\u00e7ois : <a href=\"http:\/\/jean.francois.pion.free.fr\/\"> http:\/\/jean.francois.pion.free.fr\/<\/a><br>vous trouverez un sch\u00e9ma de chargeur pour Li-po.<\/p>\n\n\n\n<p><\/p>\n\n\n\n<p style=\"background-color:#0071a1\" class=\"has-text-color has-background has-very-light-gray-color\"><strong>Les composants sp\u00e9cialis\u00e9s<\/strong><\/p>\n\n\n\n<p><strong> D&rsquo;autres composants r\u00e9cents du commerce sp\u00e9cialis\u00e9s dans la charge Li-ion  : <\/strong><\/p>\n\n\n\n<p><a href=\"http:\/\/ni-cd.net\/nicddownload\/Datasheet_lx2203SK.pdf\">LX2203<\/a>      <a href=\"http:\/\/ni-cd.net\/nicddownload\/Datasheet_AAT3682.pdf\">AAT3682<\/a><\/p>\n\n\n\n<p><strong> Plus un composant d&rsquo;authentification de batterie <\/strong><\/p>\n\n\n\n<p><a href=\"ftp:\/\/ftp2.ni-cd.net\/nicd\/datasheet\/ISL6296.pdf\"> <\/a><a href=\"http:\/\/ni-cd.net\/nicddownload\/Datasheet_isl6293.pdf\">ISL6293<\/a><\/p>\n\n\n\n<p>C&rsquo;est le genre de composant dont on parle beaucoup <br> et qui  permet un dialogue entre l&rsquo;accu et son h\u00f4te (souvent un PC). <\/p>\n\n\n\n<p><\/p>\n\n\n\n<p style=\"background-color:#0071a1\" class=\"has-text-color has-background has-very-light-gray-color\"><strong>Autres chargeurs Li-ion et Li-po<\/strong><\/p>\n\n\n\n<p><strong>Sur le site de Yann Guidon<\/strong> plusieurs propositions,   <\/p>\n\n\n\n<p>dont un chargeur \u00e0 r\u00e9aliser \u00e0 base d&rsquo;un tout b\u00eate  <a href=\"http:\/\/ni-cd.net\/nicddownload\/Datasheet_LM317.pdf\">LM317<\/a>  encore une fois.  <br><a href=\"http:\/\/ygdes.com\/LiIon\/recharge.html\">http:\/\/ygdes.com\/LiIon\/recharge.html<\/a><\/p>\n\n\n\n<h4 class=\"has-text-align-right wp-block-heading\"><a href=\"\/wpnicd\/index.php\/dechargeurs\/\"><br><br>La suite >>><\/a><\/h4>\n","protected":false},"excerpt":{"rendered":"<p>Les chargeurs d&rsquo;accus au Lithium \u00e0 r\u00e9aliser vous m\u00eame. AVERTISSEMENT : Faites attention, je le r\u00e9p\u00e8te les \u00e9l\u00e9ments au Lithium peuvent \u00eatre dangereux. Se lancer dans la r\u00e9alisation d&rsquo;un chargeur pour accumulateurs au Li-ion ou au Li-po sous-entend que vous \u00eates pleinement conscient des risques inh\u00e9rent \u00e0 la manipulation de ces technologies d&rsquo;accumulateurs. Je vous [&hellip;]<\/p>\n","protected":false},"author":1,"featured_media":0,"parent":0,"menu_order":0,"comment_status":"closed","ping_status":"closed","template":"","meta":{"footnotes":""},"class_list":["post-609","page","type-page","status-publish","hentry"],"_links":{"self":[{"href":"https:\/\/ni-cd.net\/wpnicd\/index.php\/wp-json\/wp\/v2\/pages\/609"}],"collection":[{"href":"https:\/\/ni-cd.net\/wpnicd\/index.php\/wp-json\/wp\/v2\/pages"}],"about":[{"href":"https:\/\/ni-cd.net\/wpnicd\/index.php\/wp-json\/wp\/v2\/types\/page"}],"author":[{"embeddable":true,"href":"https:\/\/ni-cd.net\/wpnicd\/index.php\/wp-json\/wp\/v2\/users\/1"}],"replies":[{"embeddable":true,"href":"https:\/\/ni-cd.net\/wpnicd\/index.php\/wp-json\/wp\/v2\/comments?post=609"}],"version-history":[{"count":7,"href":"https:\/\/ni-cd.net\/wpnicd\/index.php\/wp-json\/wp\/v2\/pages\/609\/revisions"}],"predecessor-version":[{"id":1335,"href":"https:\/\/ni-cd.net\/wpnicd\/index.php\/wp-json\/wp\/v2\/pages\/609\/revisions\/1335"}],"wp:attachment":[{"href":"https:\/\/ni-cd.net\/wpnicd\/index.php\/wp-json\/wp\/v2\/media?parent=609"}],"curies":[{"name":"wp","href":"https:\/\/api.w.org\/{rel}","templated":true}]}}