{"id":607,"date":"2019-11-14T22:22:42","date_gmt":"2019-11-14T22:22:42","guid":{"rendered":"https:\/\/testth.erfred.fr\/?page_id=607"},"modified":"2020-04-14T22:27:33","modified_gmt":"2020-04-14T22:27:33","slug":"chargeur-pour-aq-au-plomb","status":"publish","type":"page","link":"https:\/\/ni-cd.net\/wpnicd\/index.php\/chargeur-pour-aq-au-plomb\/","title":{"rendered":"Chargeur pour AQ au Plomb"},"content":{"rendered":"\n<p> chargeurs d&rsquo;accus au Plomb \u00e0 r\u00e9aliser vous m\u00eame.\n\n<\/p>\n\n\n\n<p style=\"background-color:#0071a1\" class=\"has-text-color has-background has-very-light-gray-color\"><strong>Des adresses de r\u00e9f\u00e9rence pour r\u00e9aliser un chargeur.<\/strong><\/p>\n\n\n\n<ul class=\"wp-block-list\"><li><a href=\"http:\/\/jean.francois.pion.free.fr\/\">http:\/\/jean.francois.pion.free.fr\/<\/a>    <\/li><li><a href=\"http:\/\/bricologie.free.fr\/\">http:\/\/bricologie.free.fr\/<\/a><\/li><li><a href=\"http:\/\/f5jtz.free.fr\/pjacquet\/charglm317.htm\">http:\/\/f5jtz.free.fr\/pjacquet\/charglm317.htm<\/a><\/li><li><a href=\"http:\/\/f5jtz.free.fr\/pjacquet\/ch-sla.htm\">http:\/\/f5jtz.free.fr\/pjacquet\/ch-sla.htm<\/a><\/li><\/ul>\n\n\n\n<p style=\"background-color:#0071a1\" class=\"has-text-color has-background has-very-light-gray-color\"><strong> Les composants sp\u00e9cialis\u00e9s<\/strong><\/p>\n\n\n\n<p>Un chargeur pour accu au plomb n&rsquo;est autre qu&rsquo;un r\u00e9gulateur de tension avec limitation de courant. pour les accus de petite capacit\u00e9 \u00e0 \u00e9lectrolyte g\u00e9lifi\u00e9e voici un petit composant qui convient parfaitement pour r\u00e9aliser un chargeur : Le L200.<\/p>\n\n\n\n<p><a href=\"http:\/\/ni-cd.net\/nicddownload\/Datasheet_L200.pdf\"> la datasheet du L200<\/a><\/p>\n\n\n\n<p><a href=\"http:\/\/ni-cd.net\/nicddownload\/ApplicationNote_L200.pdf\"> plus une note d&rsquo;apllication autour du L200<\/a><\/p>\n\n\n\n<h4 class=\"has-text-align-right wp-block-heading\"><a href=\"\/wpnicd\/index.php\/chargeur-pour-aq-au-lithium\/\"><br><br><br>La suite >>><\/a><\/h4>\n","protected":false},"excerpt":{"rendered":"<p>chargeurs d&rsquo;accus au Plomb \u00e0 r\u00e9aliser vous m\u00eame. Des adresses de r\u00e9f\u00e9rence pour r\u00e9aliser un chargeur. http:\/\/jean.francois.pion.free.fr\/ http:\/\/bricologie.free.fr\/ http:\/\/f5jtz.free.fr\/pjacquet\/charglm317.htm http:\/\/f5jtz.free.fr\/pjacquet\/ch-sla.htm Les composants sp\u00e9cialis\u00e9s Un chargeur pour accu au plomb n&rsquo;est autre qu&rsquo;un r\u00e9gulateur de tension avec limitation de courant. pour les accus de petite capacit\u00e9 \u00e0 \u00e9lectrolyte g\u00e9lifi\u00e9e voici un petit composant qui convient parfaitement [&hellip;]<\/p>\n","protected":false},"author":1,"featured_media":0,"parent":0,"menu_order":0,"comment_status":"closed","ping_status":"closed","template":"","meta":{"footnotes":""},"class_list":["post-607","page","type-page","status-publish","hentry"],"_links":{"self":[{"href":"https:\/\/ni-cd.net\/wpnicd\/index.php\/wp-json\/wp\/v2\/pages\/607"}],"collection":[{"href":"https:\/\/ni-cd.net\/wpnicd\/index.php\/wp-json\/wp\/v2\/pages"}],"about":[{"href":"https:\/\/ni-cd.net\/wpnicd\/index.php\/wp-json\/wp\/v2\/types\/page"}],"author":[{"embeddable":true,"href":"https:\/\/ni-cd.net\/wpnicd\/index.php\/wp-json\/wp\/v2\/users\/1"}],"replies":[{"embeddable":true,"href":"https:\/\/ni-cd.net\/wpnicd\/index.php\/wp-json\/wp\/v2\/comments?post=607"}],"version-history":[{"count":6,"href":"https:\/\/ni-cd.net\/wpnicd\/index.php\/wp-json\/wp\/v2\/pages\/607\/revisions"}],"predecessor-version":[{"id":1334,"href":"https:\/\/ni-cd.net\/wpnicd\/index.php\/wp-json\/wp\/v2\/pages\/607\/revisions\/1334"}],"wp:attachment":[{"href":"https:\/\/ni-cd.net\/wpnicd\/index.php\/wp-json\/wp\/v2\/media?parent=607"}],"curies":[{"name":"wp","href":"https:\/\/api.w.org\/{rel}","templated":true}]}}