{"id":592,"date":"2019-11-14T21:38:03","date_gmt":"2019-11-14T21:38:03","guid":{"rendered":"https:\/\/testth.erfred.fr\/?page_id=592"},"modified":"2020-04-15T07:47:06","modified_gmt":"2020-04-15T07:47:06","slug":"accessoires-divers","status":"publish","type":"page","link":"https:\/\/ni-cd.net\/wpnicd\/index.php\/accessoires-divers\/","title":{"rendered":"Accessoires divers"},"content":{"rendered":"\n<p style=\"background-color:#0071a1\" class=\"has-text-color has-background has-very-light-gray-color\">Recycler votre vielle alim de PC<\/p>\n\n\n\n<p>Une question souvent pos\u00e9e : <strong>comment alimenter votre chargeur 12Vcc \u00e0 partir du 220Vac de la maison ?<\/strong><\/p>\n\n\n\n<p>R\u00e9cup\u00e9rer une ancienne alimentation de PC et moyenant quelques petites actions \u00e7a marche.<\/p>\n\n\n\n<p>Toutes les infos d\u00e9crites avec photos dans ce fichier :      <br><a href=\"http:\/\/souterweb.free.fr\/boitaoutils\/eclairage\/annexes\/ATX\/modif_ATX.htm\">http:\/\/souterweb.free.fr\/boitaoutils\/eclairage\/annexes\/ATX\/modif_ATX.htm    <\/a><\/p>\n\n\n\n<p style=\"background-color:#0071a1\" class=\"has-text-color has-background has-very-light-gray-color\"><strong>Alimenter votre chargeur \u00e0 partir d&rsquo;une alim de PC<\/strong><\/p>\n\n\n\n<p>Legallou nous explique comment mettre en oeuvre une alim de PC AT ou ATX pour alimenter votre chargeur 12V : <br><a href=\"http:\/\/www.legallou.com\/Modelisme-Tech\/Alimentation\/AT-ATX.html\">http:\/\/www.legallou.com\/Modelisme-Tech\/Alimentation\/AT-ATX.html<\/a><br><\/p>\n\n\n\n<p style=\"background-color:#0071a1;font-size:28px\" class=\"has-text-color has-background has-very-light-gray-color\">Mat\u00e9riels de s\u00e9curit\u00e9 pour les accus<\/p>\n\n\n\n<p><\/p>\n\n\n\n<p style=\"background-color:#0071a1\" class=\"has-text-color has-background has-very-light-gray-color\"><strong>Charger plusieurs \u00e9l\u00e9ments Li-po en s\u00e9rie<\/strong><\/p>\n\n\n\n<p><strong>Des probl\u00e8mes peuvent appara\u00eetre lorsqu&rsquo;on veut charger des \u00e9l\u00e9ments Li-po en s\u00e9rie. <\/strong><\/p>\n\n\n\n<p>En effet nous avons vu que ces \u00e9l\u00e9ments demandent une  tension de charge de 4,2V tr\u00e8s pr\u00e9cis\u00e9ment (+\/- 0,05V).  Lorsque vous mettez plusieurs \u00e9l\u00e9ments en s\u00e9rie, ceux-ci  peuvent voir \u00e9voluer leur niveau de charge un peu diff\u00e9remment en fonction de leur \u00e9tat. Cela peut donc entra\u00eener un  \u00e9quilibrage de tension non homog\u00e8ne.  La tension totale sur l&rsquo;ensemble du pack \u00e9tant parfaitement  r\u00e9gul\u00e9e, celles que l&rsquo;on peut lire sur chacun des \u00e9l\u00e9ments peuvent \u00eatre disparate, et ainsi on peut se retrouver avec  un pack \u00e0 4,05V et un autre \u00e0 4,35V. Et l\u00e0 danger pour ce dernier. <\/p>\n\n\n\n<p>Il est donc fortement conseiller d&rsquo;utiliser <strong>un syst\u00e8me de r\u00e9gulation individuel de tension de charge<\/strong>, qui \u00e9cr\u00eatera les tensions trop importantes.  Aujourd&rsquo;hui ces syst\u00e8me de protection dits \u00ab\u00a0Balancer\u00a0\u00bb sont souvent int\u00e9gr\u00e9s dans les chargeurs Li-po. Mais si vous avez besoin j&rsquo;ai r\u00e9pertori\u00e9 ceux-ci, la disponibilit\u00e9 restant al\u00e9atoire.<\/p>\n\n\n\n<p>&#8211; Dans le commerce : <\/p>\n\n\n\n<ul class=\"wp-block-list\"><li><strong>Lipo-balancer 6+ <\/strong>pour 2 &#8211; 6 \u00e9l\u00e9ments LiPo  r\u00e9f\u00e9rence 3065 chez Graupner :<br><a href=\"http:\/\/www.mission-modelisme.com\/lipo-balancer-6-plus.html\ufffc\">http:\/\/www.mission-modelisme.com\/lipo-balancer-6-plus.html<a href=\"http:\/\/www.mission-modelisme.com\/lipo-balancer-6-plus.html\"><\/a><\/a><\/li><\/ul>\n\n\n\n<ul class=\"wp-block-list\"><li>Lipo Balancer Modul Carson 606043 : <a href=\"https:\/\/www.hobbydirekt.de\/Alte-Kategorien\/sonstiges\/Micro-balancer-ERSETZT-durch-3064-Graupner-6491::37641.html?language=en\">ICI<\/a><\/li><\/ul>\n\n\n\n<ul class=\"wp-block-list\"><li>A un prix d\u00e9fiant toute concurrence en direct de Chine  3 S 4.2 v li-ion lipo \u00e9quilibreur :<a href=\"https:\/\/fr.aliexpress.com\/item\/32809982756.html\"> https:\/\/fr.aliexpress.com\/item\/32809982756.html<\/a><\/li><\/ul>\n\n\n\n<p> &#8211; Un \u00e0 r\u00e9aliser vous m\u00eame le <strong>LIPOSAVE<\/strong> sur le site Electrofly mis au point par le c\u00e9l\u00e9brissime Jean-Fran\u00e7ois Pion :<br><a href=\"http:\/\/electrofly.free.fr\/articles.php?lng=fr&amp;pg=61\"> http:\/\/electrofly.free.fr\/articles.php?lng=fr&amp;pg=61<\/a><\/p>\n\n\n\n<p>Avec \u00e7a vous \u00eates tranquilles, vos accus seront pr\u00e9serv\u00e9s.  Par contre les deux syst\u00e8mes imposent qu&rsquo;\u00e0 la fabrication du pack,             vous ameniez sur un connecteur tous les contacts inter  \u00e9l\u00e9ments. <\/p>\n\n\n\n<p><\/p>\n\n\n\n<p style=\"background-color:#0071a1\" class=\"has-text-color has-background has-very-light-gray-color\"><strong>Se prot\u00e9ger des mise \u00e0 feu ou explosions dues \u00e0 un probl\u00e8me de charge<\/strong><\/p>\n\n\n\n<p><strong>La mise en oeuvre des accu au Li-po peut \u00eatre dangereuse.<\/strong><\/p>\n\n\n\n<p>En effet les \u00e9l\u00e9ments Li-po en sachet souple, ne sont  souvent pas prot\u00e9g\u00e9s contre les surpressions, les courts-circuits,  les surcharges &#8230; enfin tout ce qui peut entra\u00eener leur  destruction. Or lorsqu&rsquo;ils sont pouss\u00e9s au del\u00e0 de leurs limites, <strong>ces \u00e9l\u00e9ments ont la f\u00e2cheuse tendance de s&rsquo;enflammer&#8230; <\/strong>Et ils s&rsquo;enflamment l\u00e0 ou ils se trouvent. Ils comptent aujourd&rsquo;hui quelques d\u00e9buts d&rsquo;incendies \u00e0 leur actif, habitation, v\u00e9hicule etc.  <\/p>\n\n\n\n<p><a href=\"\/nicddownload\/LithiumBattery.wmv\">Regardez cette vid\u00e9o  pour voir ce que \u00e7a donne&#8230; <\/a><\/p>\n\n\n\n<p>D&rsquo;autres images d&rsquo;avertissement en cas de surcharge<\/p>\n\n\n\n<figure class=\"wp-block-embed-youtube wp-block-embed is-type-video is-provider-youtube wp-embed-aspect-16-9 wp-has-aspect-ratio\"><div class=\"wp-block-embed__wrapper\">\n<iframe loading=\"lazy\" title=\"Wie gef\u00e4hrlich sind \u00fcberladene Lithium-Polymer-Akkus?\" width=\"720\" height=\"405\" src=\"https:\/\/www.youtube.com\/embed\/SL5IYSgQrPs?feature=oembed\" frameborder=\"0\" allow=\"accelerometer; autoplay; encrypted-media; gyroscope; picture-in-picture\" allowfullscreen><\/iframe>\n<\/div><\/figure>\n\n\n\n<figure class=\"wp-block-embed-youtube wp-block-embed is-type-video is-provider-youtube wp-embed-aspect-16-9 wp-has-aspect-ratio\"><div class=\"wp-block-embed__wrapper\">\n<iframe loading=\"lazy\" title=\"LiPO Spontaneously catches on fire at EZDrone\" width=\"720\" height=\"405\" src=\"https:\/\/www.youtube.com\/embed\/fF9fhlr9S5s?feature=oembed\" frameborder=\"0\" allow=\"accelerometer; autoplay; encrypted-media; gyroscope; picture-in-picture\" allowfullscreen><\/iframe>\n<\/div><\/figure>\n\n\n\n<p>D&rsquo;apr\u00e8s les exp\u00e9riences v\u00e9cues par quelques mod\u00e9listes,  m\u00eame un pack qui a subit un choc (par exemple un crash) peut s&rsquo;auto-enflammer quelques heures apr\u00e8s ce choc quand on ne s&rsquo;y  attend plus. <br><\/p>\n\n\n\n<p><strong>Pour \u00e9viter d&rsquo;avoir de gros d\u00e9g\u00e2ts : <\/strong><\/p>\n\n\n\n<p style=\"background-color:#0071a1\" class=\"has-text-color has-background has-very-light-gray-color\"> <strong>Le coffret anti-feu <\/strong><\/p>\n\n\n\n<p>Graupner proposait un coffret de s\u00e9curit\u00e9 ignifug\u00e9 dans  lequel vous pourrez transporter et recharger vos \u00e9l\u00e9ments pr\u00e9f\u00e9r\u00e9s sans  craindre pour leur environnement. C&rsquo;est un peu cher,  mais \u00e7a peut \u00e9viter d&rsquo;avoir des d\u00e9g\u00e2t beaucoup plus co\u00fbteux. On ne trouve plus ce mod\u00e8le mais Robbe par exemple fait un \u00e9quivalent<br><a href=\"https:\/\/www.absolu-modelisme.com\/batteries-et-chargeurs\/sacs-et-coffres-lipo-anti-feu\/robbe-7003-ro-safety-malette-bat-safe-lipo-tresor.html\">https:\/\/www.absolu-modelisme.com\/batteries-et-chargeurs\/sacs-et-coffres-lipo-anti-feu\/robbe-7003-ro-safety-malette-bat-safe-lipo-tresor.html<\/a><\/p>\n\n\n\n<p>Autre solution acheter dans un magasin de bricolage une valise   ignifug\u00e9e. Apparemment la marque Brinks a un produit bien blind\u00e9 avec super serrure pour moins de 60&amp;euro vendue en   \u00ab\u00a0grande surface de bricolage\u00a0\u00bb. Il faut lui faire un trou pour faire un   \u00e9vent de surpression, mais \u00e7a peut convenir au besoin  pour beaucoup moins  cher. On peut aussi envisager de  l&rsquo;\u00e9quiper d&rsquo;une liaison  filaire pour pouvoir recharger les \u00e9l\u00e9ments \u00e0  l&rsquo;int\u00e9rieur. L\u00e0 elle devient aussi bien que celle cit\u00e9  au dessus.<br><\/p>\n\n\n\n<p style=\"background-color:#0071a1\" class=\"has-text-color has-background has-very-light-gray-color\"><strong> Le sac ignifug\u00e9 <\/strong><\/p>\n\n\n\n<p>On les trouve sous diff\u00e9rentes appellations , <strong> <a href=\"http:\/\/www.liposack.com\"> Liposack<\/a>  <\/strong> ou <strong> <a href=\"http:\/\/www.xtreme-production.com\/xtreme\/index.php?page=shop.product_details&amp;flypage=shop.flypage&amp;product_id=95&amp;category_id=4&amp;manufacturer_id=0&amp;option=com_virtuemart&amp;Itemid=31\"> Lipo Safe Bag<\/a><\/strong><br><\/p>\n\n\n\n<p><a href=\"http:\/\/www.mission-modelisme.com\/li-po-charge-bag.html\">http:\/\/www.mission-modelisme.com\/li-po-charge-bag.html<\/a><\/p>\n\n\n\n<p><a href=\"https:\/\/www.vosgesmodelisme.fr\/chargeurs\/2139-housse-de-charge-pour-accus-lipo.html\">https:\/\/www.vosgesmodelisme.fr\/chargeurs\/2139-housse-de-charge-pour-accus-lipo.html<\/a><\/p>\n\n\n\n<p>Se sont des sacs ignifug\u00e9s qui contiennent la flamme et la surpression en cas de mise \u00e0 feu du pack li-po.<br>Ils sont vendus aux environs de 20 \u00e0 35 \u20ac , il ne faut donc pas s&rsquo;en priver&#8230;<br>Je vous conseille m\u00eame se stocker vos packs dans de  tels emballages, vous serez ainsi \u00e0 l&rsquo;abris de toute muvaise surprise.<\/p>\n\n\n\n<p><a href=\"\/nicddownload\/LipoSackv.wmv\"> cliquez-ici  pour voir la comparaison avec ou sans sac de protection <\/a><\/p>\n\n\n\n<h4 class=\"has-text-align-right wp-block-heading\"><a href=\"\/wpnicd\/index.php\/la-faq\/\"><br><br>La suite &gt;&gt;&gt;<\/a><\/h4>\n","protected":false},"excerpt":{"rendered":"<p>Recycler votre vielle alim de PC Une question souvent pos\u00e9e : comment alimenter votre chargeur 12Vcc \u00e0 partir du 220Vac de la maison ? R\u00e9cup\u00e9rer une ancienne alimentation de PC et moyenant quelques petites actions \u00e7a marche. Toutes les infos d\u00e9crites avec photos dans ce fichier : http:\/\/souterweb.free.fr\/boitaoutils\/eclairage\/annexes\/ATX\/modif_ATX.htm Alimenter votre chargeur \u00e0 partir d&rsquo;une alim [&hellip;]<\/p>\n","protected":false},"author":1,"featured_media":0,"parent":0,"menu_order":0,"comment_status":"closed","ping_status":"closed","template":"","meta":{"footnotes":""},"class_list":["post-592","page","type-page","status-publish","hentry"],"_links":{"self":[{"href":"https:\/\/ni-cd.net\/wpnicd\/index.php\/wp-json\/wp\/v2\/pages\/592"}],"collection":[{"href":"https:\/\/ni-cd.net\/wpnicd\/index.php\/wp-json\/wp\/v2\/pages"}],"about":[{"href":"https:\/\/ni-cd.net\/wpnicd\/index.php\/wp-json\/wp\/v2\/types\/page"}],"author":[{"embeddable":true,"href":"https:\/\/ni-cd.net\/wpnicd\/index.php\/wp-json\/wp\/v2\/users\/1"}],"replies":[{"embeddable":true,"href":"https:\/\/ni-cd.net\/wpnicd\/index.php\/wp-json\/wp\/v2\/comments?post=592"}],"version-history":[{"count":12,"href":"https:\/\/ni-cd.net\/wpnicd\/index.php\/wp-json\/wp\/v2\/pages\/592\/revisions"}],"predecessor-version":[{"id":1350,"href":"https:\/\/ni-cd.net\/wpnicd\/index.php\/wp-json\/wp\/v2\/pages\/592\/revisions\/1350"}],"wp:attachment":[{"href":"https:\/\/ni-cd.net\/wpnicd\/index.php\/wp-json\/wp\/v2\/media?parent=592"}],"curies":[{"name":"wp","href":"https:\/\/api.w.org\/{rel}","templated":true}]}}