{"id":588,"date":"2019-11-14T21:36:56","date_gmt":"2019-11-14T21:36:56","guid":{"rendered":"https:\/\/testth.erfred.fr\/?page_id=588"},"modified":"2020-08-25T21:30:13","modified_gmt":"2020-08-25T21:30:13","slug":"les-chargeurs-a-realiser","status":"publish","type":"page","link":"https:\/\/ni-cd.net\/wpnicd\/index.php\/les-chargeurs-a-realiser\/","title":{"rendered":"Les chargeurs \u00e0 r\u00e9aliser"},"content":{"rendered":"\n<div class=\"wp-block-image\"><figure class=\"alignleft size-large\"><img loading=\"lazy\" decoding=\"async\" width=\"157\" height=\"138\" src=\"https:\/\/ni-cd.net\/wpnicd\/wp-content\/uploads\/2019\/11\/zozotrucGai.gif\" alt=\"\" class=\"wp-image-544\"\/><\/figure><\/div>\n\n\n\n<h2 class=\"has-text-align-center has-text-color wp-block-heading\" style=\"color:#0071a1\"><br>R\u00e9aliser votre chargeur pour vos accus <\/h2>\n\n\n\n<p><br><br>Vous avez quelques notions d&rsquo;\u00e9lectronique, ces pages sont faites pour vous. <br>je vous propose ici tout un tas de choses qui devraient vous permettre de r\u00e9aliser vous m\u00eame votre chargeur. <br>Je trouverez donc pour chaque technologies quelques solutions. <br>Les technos Ni-Cd et Ni-MH ont une rubrique commune pour des raisons de similitudes de fonctionnement.  Elles ont aussi les pages les plus riches du fait des infos d\u00e9j\u00e0 accumul\u00e9es sur la pr\u00e9c\u00e9dente version du site. qui ne traitait que de ces technologies.<\/p>\n\n\n\n<ul class=\"wp-block-list\"><li><a href=\"\/wpnicd\/index.php\/chargeurs-pour-aq-au-nickel\/\">R\u00e9aliser un chargeur pour accus Ni-Cd ou Ni-MH<\/a><\/li><li><a href=\"\/wpnicd\/index.php\/chargeur-pour-aq-au-plomb\/\">R\u00e9aliser un chargeur pour accus au Plomb<\/a><\/li><li><a href=\"\/wpnicd\/index.php\/chargeur-pour-aq-au-lithium\/\">R\u00e9aliser un chargeur pour accus Li-ion<\/a><\/li><\/ul>\n\n\n\n<h4 class=\"has-text-align-right wp-block-heading\"><a href=\"\/wpnicd\/index.php\/chargeurs-pour-aq-au-nickel\/\"><br><br>La suite &gt;&gt;&gt;<\/a><\/h4>\n","protected":false},"excerpt":{"rendered":"<p>R\u00e9aliser votre chargeur pour vos accus Vous avez quelques notions d&rsquo;\u00e9lectronique, ces pages sont faites pour vous. je vous propose ici tout un tas de choses qui devraient vous permettre de r\u00e9aliser vous m\u00eame votre chargeur. Je trouverez donc pour chaque technologies quelques solutions. Les technos Ni-Cd et Ni-MH ont une rubrique commune pour des [&hellip;]<\/p>\n","protected":false},"author":1,"featured_media":0,"parent":0,"menu_order":0,"comment_status":"closed","ping_status":"closed","template":"","meta":{"footnotes":""},"class_list":["post-588","page","type-page","status-publish","hentry"],"_links":{"self":[{"href":"https:\/\/ni-cd.net\/wpnicd\/index.php\/wp-json\/wp\/v2\/pages\/588"}],"collection":[{"href":"https:\/\/ni-cd.net\/wpnicd\/index.php\/wp-json\/wp\/v2\/pages"}],"about":[{"href":"https:\/\/ni-cd.net\/wpnicd\/index.php\/wp-json\/wp\/v2\/types\/page"}],"author":[{"embeddable":true,"href":"https:\/\/ni-cd.net\/wpnicd\/index.php\/wp-json\/wp\/v2\/users\/1"}],"replies":[{"embeddable":true,"href":"https:\/\/ni-cd.net\/wpnicd\/index.php\/wp-json\/wp\/v2\/comments?post=588"}],"version-history":[{"count":7,"href":"https:\/\/ni-cd.net\/wpnicd\/index.php\/wp-json\/wp\/v2\/pages\/588\/revisions"}],"predecessor-version":[{"id":1530,"href":"https:\/\/ni-cd.net\/wpnicd\/index.php\/wp-json\/wp\/v2\/pages\/588\/revisions\/1530"}],"wp:attachment":[{"href":"https:\/\/ni-cd.net\/wpnicd\/index.php\/wp-json\/wp\/v2\/media?parent=588"}],"curies":[{"name":"wp","href":"https:\/\/api.w.org\/{rel}","templated":true}]}}