{"id":586,"date":"2019-11-14T21:36:12","date_gmt":"2019-11-14T21:36:12","guid":{"rendered":"https:\/\/testth.erfred.fr\/?page_id=586"},"modified":"2020-07-15T20:29:59","modified_gmt":"2020-07-15T20:29:59","slug":"les-chargeurs-du-commerce","status":"publish","type":"page","link":"https:\/\/ni-cd.net\/wpnicd\/index.php\/les-chargeurs-du-commerce\/","title":{"rendered":"Les chargeurs du commerce"},"content":{"rendered":"\n<div class=\"wp-block-image\"><figure class=\"alignleft\"><img decoding=\"async\" src=\"http:\/\/www.ni-cd.net\/accusphp\/images\/zozochargeur.gif\" alt=\"130\"\/><\/figure><\/div>\n\n\n\n<p class=\"has-text-align-center has-medium-font-size\"><br><br><strong>LES CHARGEURS DU COMMERCE <br> POUR BATTERIE D&rsquo;ACCUS<\/strong><br><\/p>\n\n\n\n<p class=\"has-text-align-left has-normal-font-size\"><br>Vous allez trouver ci-dessous une liste de quelques chargeurs qui ont fait leurs preuves ne serait-cd que de par leur long\u00e9vit\u00e9 dans le commerce. En gros des valeurs s\u00fbres. Apr\u00e8s il existe aujourd&rsquo;hui un choix gigantesque en perp\u00e9tuelle \u00e9volution.              <\/p>\n\n\n\n<p><\/p>\n\n\n\n<p style=\"background-color:#0071a1\" class=\"has-text-color has-background has-very-light-gray-color\"><strong>Les chargeurs disponibles dans le commerce<\/strong><\/p>\n\n\n\n<div class=\"wp-block-image\"><figure class=\"alignleft size-large is-resized\"><img loading=\"lazy\" decoding=\"async\" src=\"https:\/\/testth.erfred.fr\/wp-content\/uploads\/2019\/11\/PhotoCharg_mhc9000.jpg.jpg\" alt=\"\" class=\"wp-image-754\" width=\"207\" height=\"230\" srcset=\"https:\/\/ni-cd.net\/wpnicd\/wp-content\/uploads\/2019\/11\/PhotoCharg_mhc9000.jpg.jpg 300w, https:\/\/ni-cd.net\/wpnicd\/wp-content\/uploads\/2019\/11\/PhotoCharg_mhc9000.jpg-269x300.jpg 269w\" sizes=\"auto, (max-width: 207px) 100vw, 207px\" \/><\/figure><\/div>\n\n\n\n<p class=\"has-background has-cyan-bluish-gray-background-color\"><strong>MH-C9000<\/strong> de POWEREX<br>Chargeur pour<strong> 4 \u00e9ls <\/strong>\u00e9l\u00e9ments tailles <strong>AAA  AA<\/strong><br>Gamme de temps de charge : 2h <br>Avec <strong>4 circuit(s)<\/strong> <strong>ind\u00e9pendants<\/strong> de d\u00e9tection automatique de fin de charge. <br>Avec D\u00e9chargeur, cyclages, testeur de capacit\u00e9.<br> Alimentation 12Vcc 110-240Vac&nbsp; &nbsp; &nbsp; &nbsp; <br><a href=\"http:\/\/ni-cd.net\/nicddownload\/Notice_MHC9000.pdf\">Voir toutes les caract\u00e9ristiques<\/a> <br><\/p>\n\n\n\n<div class=\"wp-block-image\"><figure class=\"alignleft size-large is-resized\"><img loading=\"lazy\" decoding=\"async\" src=\"https:\/\/testth.erfred.fr\/wp-content\/uploads\/2019\/11\/PhotoCharg_rs900p.jpg.jpg\" alt=\"\" class=\"wp-image-755\" width=\"210\" height=\"237\" srcset=\"https:\/\/ni-cd.net\/wpnicd\/wp-content\/uploads\/2019\/11\/PhotoCharg_rs900p.jpg.jpg 396w, https:\/\/ni-cd.net\/wpnicd\/wp-content\/uploads\/2019\/11\/PhotoCharg_rs900p.jpg-266x300.jpg 266w\" sizes=\"auto, (max-width: 210px) 100vw, 210px\" \/><\/figure><\/div>\n\n\n\n<p class=\"has-background has-cyan-bluish-gray-background-color\"><strong>BC900 ou IPC1<\/strong> <strong>ou RS900<\/strong><br>de diff\u00e9rentes marques<br>Chargeur pour<strong> 4 \u00e9ls <\/strong>\u00e9l\u00e9ments tailles <strong>AAA  AA<\/strong><br>Gamme de temps de charge : 1h <br>Avec <strong>4 circuit(s)<\/strong> <strong>ind\u00e9pendants<\/strong> de d\u00e9tection automatique de fin de charge. Avec D\u00e9chargeur, cyclages, testeur de capacit\u00e9.<br> Alimentation 100 &#8211; 240 Vac&nbsp; &nbsp; &nbsp; &nbsp; &nbsp; &nbsp; <br><a href=\"http:\/\/ni-cd.net\/nicddownload\/Notice_RS900_BC900_IPC1.pdf\">Voir toutes les caract\u00e9ristiques <\/a><\/p>\n\n\n\n<div class=\"wp-block-image\"><figure class=\"alignleft size-large is-resized\"><img loading=\"lazy\" decoding=\"async\" src=\"https:\/\/testth.erfred.fr\/wp-content\/uploads\/2019\/11\/PhotoCharg_BCV12-15.jpg.jpg\" alt=\"\" class=\"wp-image-656\" width=\"221\" height=\"148\" srcset=\"https:\/\/ni-cd.net\/wpnicd\/wp-content\/uploads\/2019\/11\/PhotoCharg_BCV12-15.jpg.jpg 500w, https:\/\/ni-cd.net\/wpnicd\/wp-content\/uploads\/2019\/11\/PhotoCharg_BCV12-15.jpg-300x200.jpg 300w\" sizes=\"auto, (max-width: 221px) 100vw, 221px\" \/><\/figure><\/div>\n\n\n\n<p class=\"has-background has-cyan-bluish-gray-background-color\"><strong>BCV 12-15<\/strong> de ANSMANN<br>Chargeur pour<strong> 6 \u00e9l\u00e9ments au plomb    <\/strong><br><strong>Avec <\/strong>d\u00e9tection automatique de fin de charge.<br><strong>Sans <\/strong>d\u00e9chargeur. <br>Alimentation 240Vac&nbsp; <br><a href=\"http:\/\/ni-cd.net\/nicddownload\/Notice_bcv_1215.pdf\">Voir toutes les caract\u00e9ristiques<\/a><\/p>\n\n\n\n<div class=\"wp-block-image\"><figure class=\"alignleft size-large is-resized\"><img loading=\"lazy\" decoding=\"async\" src=\"https:\/\/testth.erfred.fr\/wp-content\/uploads\/2019\/11\/PhotoCharg_cg-340.jpg.jpg\" alt=\"\" class=\"wp-image-756\" width=\"223\" height=\"155\" srcset=\"https:\/\/ni-cd.net\/wpnicd\/wp-content\/uploads\/2019\/11\/PhotoCharg_cg-340.jpg.jpg 320w, https:\/\/ni-cd.net\/wpnicd\/wp-content\/uploads\/2019\/11\/PhotoCharg_cg-340.jpg-300x208.jpg 300w\" sizes=\"auto, (max-width: 223px) 100vw, 223px\" \/><\/figure><\/div>\n\n\n\n<p class=\"has-background has-cyan-bluish-gray-background-color\"><strong>CG 340<\/strong><br>Chargeur pour<strong> 4 \u00e0 16 \u00e9l\u00e9ments Ni-Cd ou Ni-MH      <\/strong><br><strong>Avec <\/strong>d\u00e9tection automatique de fin de charge.  <strong>Sans <\/strong>d\u00e9chargeur. <br>Alimentation 12Vcc&nbsp; &nbsp;<br><a href=\"http:\/\/ni-cd.net\/nicddownload\/Notice_CG340_Hitec.pdf\">Voir toutes les caract\u00e9ristiques<\/a> <\/p>\n\n\n\n<div class=\"wp-block-image\"><figure class=\"alignleft size-large is-resized\"><img loading=\"lazy\" decoding=\"async\" src=\"https:\/\/ni-cd.net\/wpnicd\/wp-content\/uploads\/2020\/07\/PhotoCharg_IntelicontrolV3.jpg\" alt=\"IntellicontrolV3\" class=\"wp-image-1493\" width=\"222\" height=\"155\" srcset=\"https:\/\/ni-cd.net\/wpnicd\/wp-content\/uploads\/2020\/07\/PhotoCharg_IntelicontrolV3.jpg 550w, https:\/\/ni-cd.net\/wpnicd\/wp-content\/uploads\/2020\/07\/PhotoCharg_IntelicontrolV3-300x210.jpg 300w\" sizes=\"auto, (max-width: 222px) 100vw, 222px\" \/><\/figure><\/div>\n\n\n\n<p class=\"has-background has-cyan-bluish-gray-background-color\"><strong>Intellicontrol V3 <\/strong><br>de SIMPROP electronic<br> Chargeur pour<strong> <\/strong><br><strong>1 \u00e0 25 \u00e9l\u00e9ments Ni-Cd ou Ni-MH  <br>1 \u00e0 6 \u00e9l\u00e9ments au plomb de 2 \u00e0 12V, <\/strong><br><strong><strong>1 \u00e0 3 \u00e9l\u00e9ments<\/strong><\/strong> <strong> Li-Ion de  3.6v \u00e0 11,1v  <\/strong><br><strong>Avec <\/strong>d\u00e9tection automatique de fin de charge.<br><strong>Avec <\/strong>d\u00e9chargeur.     Alimentation 11 \u00e0 15Vcc&nbsp; &nbsp; &nbsp;<br><a href=\"http:\/\/ni-cd.net\/nicddownload\/Notice_IntelliV3FRbeta1.2.pdf\">Voir toutes les caract\u00e9ristiques<\/a><\/p>\n\n\n\n<h4 class=\"has-text-align-right wp-block-heading\"><a href=\"\/wpnicd\/index.php\/les-chargeurs-a-realiser\/\"><br>La suite &gt;&gt;&gt;<\/a><\/h4>\n","protected":false},"excerpt":{"rendered":"<p>LES CHARGEURS DU COMMERCE POUR BATTERIE D&rsquo;ACCUS Vous allez trouver ci-dessous une liste de quelques chargeurs qui ont fait leurs preuves ne serait-cd que de par leur long\u00e9vit\u00e9 dans le commerce. En gros des valeurs s\u00fbres. Apr\u00e8s il existe aujourd&rsquo;hui un choix gigantesque en perp\u00e9tuelle \u00e9volution. Les chargeurs disponibles dans le commerce MH-C9000 de POWEREXChargeur [&hellip;]<\/p>\n","protected":false},"author":1,"featured_media":0,"parent":0,"menu_order":0,"comment_status":"closed","ping_status":"closed","template":"","meta":{"footnotes":""},"class_list":["post-586","page","type-page","status-publish","hentry"],"_links":{"self":[{"href":"https:\/\/ni-cd.net\/wpnicd\/index.php\/wp-json\/wp\/v2\/pages\/586","targetHints":{"allow":["GET"]}}],"collection":[{"href":"https:\/\/ni-cd.net\/wpnicd\/index.php\/wp-json\/wp\/v2\/pages"}],"about":[{"href":"https:\/\/ni-cd.net\/wpnicd\/index.php\/wp-json\/wp\/v2\/types\/page"}],"author":[{"embeddable":true,"href":"https:\/\/ni-cd.net\/wpnicd\/index.php\/wp-json\/wp\/v2\/users\/1"}],"replies":[{"embeddable":true,"href":"https:\/\/ni-cd.net\/wpnicd\/index.php\/wp-json\/wp\/v2\/comments?post=586"}],"version-history":[{"count":17,"href":"https:\/\/ni-cd.net\/wpnicd\/index.php\/wp-json\/wp\/v2\/pages\/586\/revisions"}],"predecessor-version":[{"id":1494,"href":"https:\/\/ni-cd.net\/wpnicd\/index.php\/wp-json\/wp\/v2\/pages\/586\/revisions\/1494"}],"wp:attachment":[{"href":"https:\/\/ni-cd.net\/wpnicd\/index.php\/wp-json\/wp\/v2\/media?parent=586"}],"curies":[{"name":"wp","href":"https:\/\/api.w.org\/{rel}","templated":true}]}}