{"id":584,"date":"2019-11-14T21:33:51","date_gmt":"2019-11-14T21:33:51","guid":{"rendered":"https:\/\/testth.erfred.fr\/?page_id=584"},"modified":"2020-08-25T21:29:21","modified_gmt":"2020-08-25T21:29:21","slug":"les-chargeurs","status":"publish","type":"page","link":"https:\/\/ni-cd.net\/wpnicd\/index.php\/les-chargeurs\/","title":{"rendered":"Les chargeurs"},"content":{"rendered":"\n<p class=\"has-very-light-gray-color has-text-color has-background\" style=\"background-color:#0071a1\"><strong> Les chargeurs et accessoires    <\/strong>   <\/p>\n\n\n\n<div class=\"wp-block-image\"><figure class=\"alignleft size-large\"><img loading=\"lazy\" decoding=\"async\" width=\"160\" height=\"134\" src=\"https:\/\/ni-cd.net\/wpnicd\/wp-content\/uploads\/2019\/11\/zozochargeur.gif\" alt=\"\" class=\"wp-image-178\"\/><\/figure><\/div>\n\n\n\n<p class=\"has-text-align-center\"><strong>Pour avoir des accus en bonne sant\u00e9, <br>et pour prolonger aux maximum  <br>leur dur\u00e9e de vie, une seule solution : <\/strong><\/p>\n\n\n\n<p class=\"has-text-align-center has-text-color has-medium-font-size\" style=\"color:#0071a1\"><strong> UN BON CHARGEUR &#8230;<\/strong><\/p>\n\n\n\n<p><\/p>\n\n\n\n<h4 class=\"wp-block-heading\">Le chargeur est en effet l&rsquo;\u00e9l\u00e9ment le plus important pour vous, m\u00eame si vous ne vous en doutez pas !!!<\/h4>\n\n\n\n<p>On investit dans des accus parfois chers, tr\u00e8s chers et donc  : <strong><em>on \u00e9conomise sur le co\u00fbt du chargeur&#8230;<\/em><\/strong><br><br><strong>C&rsquo;est l\u00e0 l&rsquo;erreur<\/strong>, <br>car un chargeur de mauvaise qualit\u00e9 alt\u00e9rera immanquablement vos accus et donc la dur\u00e9e d\u2019amortissement de votre ch\u00e8re d\u00e9pense. Il vous faudra changer plus souvent vos accus.<br> Donc n&rsquo;h\u00e9sitez pas \u00e0 investir dans un bon chargeur vous vous y retrouverez par la suite.<br>Le probl\u00e8me c&rsquo;est que les chargeurs il y en a beaucoup, et le choix peut para\u00eetre parfois difficile.<br>Je vous propose donc dans cette rubrique quelques chargeurs s\u00e9lectionn\u00e9s soit pour leur rapport qualit\u00e9 prix ou pour leurs grandes qualit\u00e9s.<br>Voici pour vous deux possibilit\u00e9s :  <br><a href=\"\/wpnicd\/index.php\/les-chargeurs-du-commerce\/\"><br><strong>Les chargeurs du commerce <\/strong><\/a><strong> : <\/strong><br>Il y en a \u00e0 tous les prix, du plus simple au plus haut de gamme.                          Vous trouverez dans ces pages une base de donn\u00e9es sur des chargeurs de qualit\u00e9 avec leurs principales caract\u00e9ristiques, des fournisseurs potentiels, et pour certains la documentation.<\/p>\n\n\n\n<p><strong><a href=\"\/wpnicd\/index.php\/les-chargeurs-a-realiser\/\">Les chargeurs \u00e0 r\u00e9aliser<\/a>  : <\/strong><br>Si vous avez quelques comp\u00e9tences en \u00e9lectronique, une solution \u00e9conomique, r\u00e9alisez vous m\u00eame votre chargeurs. Ces pages vous pr\u00e9sentes quelques solutions, du montage le plus simple au plus compliqu\u00e9, et des liens vers des sites o\u00f9 vous trouverez des montages \u00e0 r\u00e9aliser.<\/p>\n\n\n\n<p><\/p>\n\n\n\n<p class=\"has-very-light-gray-color has-text-color has-background\" style=\"background-color:#0071a1\">Pour le bon entretien de vos \u00e9l\u00e9ments je vous propose aussi quelques mat\u00e9riels suppl\u00e9mentaires :<\/p>\n\n\n\n<p><strong><a href=\"\/wpnicd\/index.php\/dechargeurs\/\">Les d\u00e9chargeur<\/a><a href=\"http:\/\/www.ni-cd.net\/accusphp\/chargeur\/dechargeur\/index.php\">s<\/a>  : <\/strong><br>Pour finir de d\u00e9charger vos accus, faire des cyclages, si votre chargeur n&rsquo;en est pas \u00e9quip\u00e9.<\/p>\n\n\n\n<p><strong><a href=\"\/wpnicd\/index.php\/accessoires-divers\/\">Les accessoires pour chargeurs<\/a>  : <\/strong><br>Les petits trucs en plus : <strong>Alimentations<\/strong>  220 \/ 12V,  <br>Mais aussi des <strong>\u00e9quilibreurs de tension<\/strong> pour recharger vos Li-po et Li-ion en toute s\u00e9curit\u00e9 et des <strong>mat\u00e9riels de protection ignifuges<\/strong><\/p>\n\n\n\n<h4 class=\"has-text-align-right wp-block-heading\"><a href=\"\/wpnicd\/index.php\/les-chargeurs-du-commerce\/\"><br>La suite &gt;&gt;&gt;<\/a><\/h4>\n","protected":false},"excerpt":{"rendered":"<p>Les chargeurs et accessoires Pour avoir des accus en bonne sant\u00e9, et pour prolonger aux maximum leur dur\u00e9e de vie, une seule solution : UN BON CHARGEUR &#8230; Le chargeur est en effet l&rsquo;\u00e9l\u00e9ment le plus important pour vous, m\u00eame si vous ne vous en doutez pas !!! On investit dans des accus parfois chers, [&hellip;]<\/p>\n","protected":false},"author":1,"featured_media":0,"parent":0,"menu_order":0,"comment_status":"closed","ping_status":"closed","template":"","meta":{"footnotes":""},"class_list":["post-584","page","type-page","status-publish","hentry"],"_links":{"self":[{"href":"https:\/\/ni-cd.net\/wpnicd\/index.php\/wp-json\/wp\/v2\/pages\/584"}],"collection":[{"href":"https:\/\/ni-cd.net\/wpnicd\/index.php\/wp-json\/wp\/v2\/pages"}],"about":[{"href":"https:\/\/ni-cd.net\/wpnicd\/index.php\/wp-json\/wp\/v2\/types\/page"}],"author":[{"embeddable":true,"href":"https:\/\/ni-cd.net\/wpnicd\/index.php\/wp-json\/wp\/v2\/users\/1"}],"replies":[{"embeddable":true,"href":"https:\/\/ni-cd.net\/wpnicd\/index.php\/wp-json\/wp\/v2\/comments?post=584"}],"version-history":[{"count":7,"href":"https:\/\/ni-cd.net\/wpnicd\/index.php\/wp-json\/wp\/v2\/pages\/584\/revisions"}],"predecessor-version":[{"id":1529,"href":"https:\/\/ni-cd.net\/wpnicd\/index.php\/wp-json\/wp\/v2\/pages\/584\/revisions\/1529"}],"wp:attachment":[{"href":"https:\/\/ni-cd.net\/wpnicd\/index.php\/wp-json\/wp\/v2\/media?parent=584"}],"curies":[{"name":"wp","href":"https:\/\/api.w.org\/{rel}","templated":true}]}}