{"id":565,"date":"2019-11-13T22:42:18","date_gmt":"2019-11-13T22:42:18","guid":{"rendered":"https:\/\/testth.erfred.fr\/?page_id=565"},"modified":"2020-04-13T20:48:49","modified_gmt":"2020-04-13T20:48:49","slug":"marquage-des-aq-au-nickel","status":"publish","type":"page","link":"https:\/\/ni-cd.net\/wpnicd\/index.php\/marquage-des-aq-au-nickel\/","title":{"rendered":"Marquage des AQ au Nickel"},"content":{"rendered":"\n<p style=\"background-color:#0071a1\" class=\"has-text-color has-background has-very-light-gray-color\"><strong>L&rsquo;identification et le marquage des accumulateurs.<\/strong><\/p>\n\n\n\n<p>Dans un premier temps vous ne trouverez que les infos concernant le <strong>NiCd<\/strong> et le <strong>NiMH<\/strong>. Les donn\u00e9es ci dessous sont issues des normes CEI NF EN 61951-1 et 61951-2. <br>Sauf sp\u00e9cification diff\u00e9rente fix\u00e9e par l&rsquo;acheteur, chaque \u00e9l\u00e9ment fourni sans cosses doit comporter un marquage donnant au minimum les indications suivantes : <br><\/p>\n\n\n\n<ul class=\"wp-block-list\"><li><strong>Etanche<\/strong>, <strong>rechargeable<\/strong> (*);<\/li><li>La <strong>technologie<\/strong> Ni-Cd ou Ni-MH (*);<\/li><li>La <strong>d\u00e9signation<\/strong> internationale <em>(voir ci dessous)<\/em>; <\/li><li>la <strong>capacit\u00e9<\/strong> assign\u00e9e (*); <\/li><li>La <strong>tension<\/strong> nominale (*);<\/li><li>Le r\u00e9gime et les temps de <strong>charge<\/strong> recommand\u00e9s, ou courant de charge permanente pour les \u00e9l\u00e9ments \u00ab\u00a0T\u00a0\u00bb(*);<\/li><li>Les <strong>polarit\u00e9s<\/strong> ;<\/li><li>Ann\u00e9e et trimestre de <strong>fabrication<\/strong> (un code est admis);<\/li><li>Nom ou marque d&rsquo;identification du <strong>fabricant<\/strong> ou du fournisseur;<\/li><\/ul>\n\n\n\n<p>             (*)<em> indication non obligatoire pour les \u00e9l\u00e9ments boutons.<\/em><\/p>\n\n\n\n<p style=\"background-color:#0071a1\" class=\"has-text-color has-background has-very-light-gray-color\"><strong>La d\u00e9signation internationale<\/strong><\/p>\n\n\n\n<p>Cette d\u00e9signation se pr\u00e9sente sous la forme d&rsquo;une suite de lettres et de chiffres dont voici le code :<\/p>\n\n\n\n<p><\/p>\n\n\n\n<p><strong>\u00a0K  \u00a0R\u00a0  L\u00a0\u00a0 33\/62 \u00a0HH <\/strong><br>(1)(2)(3)&#8230;..(4)&#8230;&#8230;(5)<br><br><strong>(1)<\/strong> Donne la technologie de l&rsquo;accu :<br>             &#8230;&#8230;&#8230;&#8230;.. <strong>K<\/strong> pour la techno Ni-Cd; <br>             &#8230;&#8230;&#8230;&#8230;.. <strong>H<\/strong> pour la techno Ni-MH ;<br> <br><strong>(2)<\/strong> Donne le type de bo\u00eetier de l&rsquo;accu :<br>             &#8230;&#8230;&#8230;&#8230;.. <strong>F<\/strong> pour un \u00e9l\u00e9ment prismatique (parall\u00e9lip\u00e9diques); <br>             &#8230;&#8230;&#8230;&#8230;.. <strong>R<\/strong> pour un \u00e9l\u00e9ment cylindrique; <br>             &#8230;&#8230;&#8230;&#8230;.. <strong>B<\/strong> pour un \u00e9l\u00e9ment bouton;<br> <br><strong>(3)<\/strong> Donne le r\u00e9gime de d\u00e9charge recommand\u00e9 <em>(obligatoire uniquement pour les \u00e9l\u00e9ments cylindriques Ni-Cd)<\/em> :<br>             &#8230;&#8230;&#8230;&#8230;.. <strong>L<\/strong> r\u00e9gime faible : jusqu&rsquo;\u00e0 0,5 In;<br>             &#8230;&#8230;&#8230;&#8230;.. <strong>M<\/strong> r\u00e9gime moyen : 0,5 \u00e0 3,5 In;<br>             &#8230;&#8230;&#8230;&#8230;.. <strong>H<\/strong> r\u00e9gime \u00e9lev\u00e9 : 3,5 \u00e0 7 In;<br>             &#8230;&#8230;&#8230;&#8230;.. <strong>X<\/strong> r\u00e9gime tr\u00e8s \u00e9lev\u00e9 : sup\u00e9rieur \u00e0 7 In;<br>             Lorsque l&rsquo;\u00e9l\u00e9ment est destin\u00e9 \u00e0 la charge permanente la lettre             \u00ab\u00a0<strong>T<\/strong>\u00a0\u00bb est ajout\u00e9e \u00e0 la suite des pr\u00e9c\u00e9dentes.<br><br><strong>(4)<\/strong> Donne les dimensions maximales du bo\u00eetier :<br>             &#8230;&#8230;&#8230;&#8230;.. Bo\u00eetiers prismatiques : xx\/xx\/xx : Largeur \/ \u00e9paisseur \/  hauteur en mm;<br>             &#8230;&#8230;&#8230;&#8230;.. Bo\u00eetiers cylidriques : xx\/xx : Diam\u00e8tre \/ hauteur en mm; <br>             &#8230;&#8230;&#8230;&#8230;.. Bo\u00eetiers prismatiques : xxx\/xxx : Diam\u00e8tre \/ \u00e9paisseur en dizi\u00e8me de mm; <br>             Voir la <a href=\"\/wpnicd\/index.php\/tailles-des-aq-au-nickel\/\">page des tailles standard <\/a> pour les dimensions. <br>             Ces valeurs peuvent \u00eatre remplac\u00e9es par la valeur des tailles de piles quand elles correspondent 03, 06, 14, 20;<br><br><strong>(5)<\/strong> Donne le type de connexions \u00e9lectriques de l&rsquo;\u00e9l\u00e9ment :<br>             &#8230;&#8230;&#8230;&#8230;.. <strong>CF<\/strong> Sans languette de connexion;<br>             &#8230;&#8230;&#8230;&#8230;.. <strong>HH<\/strong> Deux languettes de connexion en haut de l&rsquo;\u00e9l\u00e9ment (Haut Haut);<br>             &#8230;&#8230;&#8230;&#8230;.. <strong>HB<\/strong> Une languette de connexion \u00e0 chaque extr\u00e9mit\u00e9 de l&rsquo;\u00e9l\u00e9ment (Haut Bas);<br><\/p>\n\n\n\n<p><em>Vous trouverez souvent cette d\u00e9signation grav\u00e9e dans la masse du bo\u00eetier.<\/em><\/p>\n\n\n\n<h4 class=\"has-text-align-right wp-block-heading\"><a href=\"\/wpnicd\/index.php\/tailles-des-aq-au-nickel\/\">La suite >>><\/a><\/h4>\n\n\n\n<p><\/p>\n","protected":false},"excerpt":{"rendered":"<p>L&rsquo;identification et le marquage des accumulateurs. Dans un premier temps vous ne trouverez que les infos concernant le NiCd et le NiMH. Les donn\u00e9es ci dessous sont issues des normes CEI NF EN 61951-1 et 61951-2. Sauf sp\u00e9cification diff\u00e9rente fix\u00e9e par l&rsquo;acheteur, chaque \u00e9l\u00e9ment fourni sans cosses doit comporter un marquage donnant au minimum les [&hellip;]<\/p>\n","protected":false},"author":1,"featured_media":0,"parent":0,"menu_order":0,"comment_status":"closed","ping_status":"closed","template":"","meta":{"footnotes":""},"class_list":["post-565","page","type-page","status-publish","hentry"],"_links":{"self":[{"href":"https:\/\/ni-cd.net\/wpnicd\/index.php\/wp-json\/wp\/v2\/pages\/565"}],"collection":[{"href":"https:\/\/ni-cd.net\/wpnicd\/index.php\/wp-json\/wp\/v2\/pages"}],"about":[{"href":"https:\/\/ni-cd.net\/wpnicd\/index.php\/wp-json\/wp\/v2\/types\/page"}],"author":[{"embeddable":true,"href":"https:\/\/ni-cd.net\/wpnicd\/index.php\/wp-json\/wp\/v2\/users\/1"}],"replies":[{"embeddable":true,"href":"https:\/\/ni-cd.net\/wpnicd\/index.php\/wp-json\/wp\/v2\/comments?post=565"}],"version-history":[{"count":6,"href":"https:\/\/ni-cd.net\/wpnicd\/index.php\/wp-json\/wp\/v2\/pages\/565\/revisions"}],"predecessor-version":[{"id":1289,"href":"https:\/\/ni-cd.net\/wpnicd\/index.php\/wp-json\/wp\/v2\/pages\/565\/revisions\/1289"}],"wp:attachment":[{"href":"https:\/\/ni-cd.net\/wpnicd\/index.php\/wp-json\/wp\/v2\/media?parent=565"}],"curies":[{"name":"wp","href":"https:\/\/api.w.org\/{rel}","templated":true}]}}