{"id":541,"date":"2019-11-13T21:33:36","date_gmt":"2019-11-13T21:33:36","guid":{"rendered":"https:\/\/testth.erfred.fr\/?page_id=541"},"modified":"2020-04-13T21:22:04","modified_gmt":"2020-04-13T21:22:04","slug":"creer-reparer-vos-pack-daccus-au-lithium","status":"publish","type":"page","link":"https:\/\/ni-cd.net\/wpnicd\/index.php\/creer-reparer-vos-pack-daccus-au-lithium\/","title":{"rendered":"Cr\u00e9er r\u00e9parer vos pack d&rsquo;accus au Lithium"},"content":{"rendered":"\n<p style=\"background-color:#0071a1\" class=\"has-text-color has-background has-very-light-gray-color\">R\u00e9aliser r\u00e9parer vos packs d\u00b4accus au Lithium<\/p>\n\n\n\n<p>Je vous propose sur cette page, plusieurs pistes et proc\u00e9dures pour intervenir sur vos accus au Lithium. <br><strong>Mais attention<\/strong>, je le r\u00e9p\u00e8te encore une fois, la  manipulation d\u2019\u00e9l\u00e9ments d&rsquo;accus au Li-ion ou Li-po peut s&rsquo;av\u00e9rer  dangereuse. Les risques d&rsquo;explosion ou d&rsquo;inflammation sont non  n\u00e9gligeable. Pour preuve la campagne de rappel des accus SONY qui  pr\u00e9sentent un d\u00e9faut dans l&rsquo;\u00e9lectronique de gestion certainement.<\/p>\n\n\n\n<h3 class=\"has-vivid-red-color has-text-color has-text-align-center wp-block-heading\">Donc ATTENTION : manipulations et bidouilles <br>avec la plus grande prudence !<\/h3>\n\n\n\n<p style=\"color:#0071a1\" class=\"has-text-color\"><br>Je le redit ici particuli\u00e8rement,  <br><strong><em>je d\u00e9cline toute responsabilit\u00e9 concernant la fiabilit\u00e9 ou le caract\u00e8re exhaustif du contenu de ces pages.  Je ne pourrai en aucun cas \u00eatre tenu pour responsable quand aux cons\u00e9quences qu&rsquo;il pourrait advenir de l&rsquo;utilisation des donn\u00e9es pr\u00e9sent\u00e9es ici. Vous prenez vos responsabilit\u00e9s en touchant \u00e0 vos Li-ion ou Li-po.<\/em><\/strong><\/p>\n\n\n\n<p><\/p>\n\n\n\n<p style=\"background-color:#0071a1\" class=\"has-text-color has-background has-very-light-gray-color\"><strong>Remplacer les \u00e9l\u00e9ments Li-ion d&rsquo;une batterie d&rsquo;ordinateur portable<\/strong><\/p>\n\n\n\n<p>Yann Guidon, un passionn\u00e9 qui a pas mal gratt\u00e9 avec les accus au Lithium. Il nous propose  quelques pages techniques  sur  les manipulations possibles et les pr\u00e9cautions indispensables pour la mise en \u0153uvre des accus au Lithium.  <br>Il pr\u00e9sente en outre le compte rendu en texte et en image <a class=\" \" href=\"http:\/\/whygee.club.fr\/LiIon\/pack_gateway\/index.html\"> du remplacement des \u00e9l\u00e9ments du pack d&rsquo;un portable Gateway<\/a> <em>(lien mort d\u00e9sol\u00e9)<\/em><br>\u00e7a donne d&rsquo;excellentes pistes \u00e0 qui veux se lancer dans l&rsquo;aventure.<\/p>\n\n\n\n<p><strong>Avertissement :<\/strong> le remplacement  d&rsquo;\u00e9l\u00e9ments Li-ion dans un pack batterie d&rsquo;ordinateur portable, est une  aventure \u00e0 r\u00e9server aux                     personnes qui ma\u00eetrisent bien leur affaire. En effet  outre les risques li\u00e9s \u00e0 une mauvaise mise en \u0153uvre de la techno  Li-ion, il y a aussi le risque que \u00e7a ne red\u00e9marre pas \u00e0  cause de certains circuits de contr\u00f4le du pack, susceptibles, qui se  bloquent si on les d\u00e9connecte des accus&#8230;..  <br>Mais il y en a qui ont jou\u00e9, et qui nous font par de leur exp\u00e9rience, merci \u00e0 eux.      <\/p>\n\n\n\n<p style=\"background-color:#0071a1\" class=\"has-text-color has-background has-very-light-gray-color\"><strong>Comment d\u00e9monter et remonter le bo\u00eetier du pack proprement ?<\/strong><\/p>\n\n\n\n<p>Une astuce pour ouvrir proprement vos packs d&rsquo;accu et  les refermer tout aussi proprement. La m\u00e9thode peut para\u00eetre brusque,  mais elle est tr\u00e8s efficace.  Merci \u00e0 Alain de nous avoir transmis cette m\u00e9thode  qu&rsquo;il a rod\u00e9 pendant des ann\u00e9es. Tous \u00e0 vos marteaux !!!<br>Toute la m\u00e9thode ici : <a href=\"http:\/\/ni-cd.net\/nicddownload\/ouverture_pack_batterie.pdf\">ouverture_pack_batterie.pdf<\/a> (623Ko)<\/p>\n\n\n\n<p><\/p>\n\n\n\n<p style=\"background-color:#0071a1\" class=\"has-text-color has-background has-very-light-gray-color\"><strong>Changement des \u00e9l\u00e9ments d&rsquo;un pack d&rsquo;accus d&rsquo;ordinateur portable<\/strong><\/p>\n\n\n\n<p><strong>AUTRES SOURCES<\/strong> qui parlent du changement des \u00e9l\u00e9ments d&rsquo;un pack d&rsquo;accus d&rsquo;ordinateur portable:<br> &#8211; <a href=\"http:\/\/www.macbidouille.com\"> Le Forum Mac-Bidouille<\/a>  : avec un tr\u00e8s grand post sur les r\u00e9novations de pack batterie des portables Mac. Tr\u00e8s instructif !!!<br>              <\/p>\n\n\n\n<h4 class=\"has-text-align-right wp-block-heading\"><a href=\"\/wpnicd\/index.php\/les-chargeurs\/\">La suite >>><\/a><\/h4>\n","protected":false},"excerpt":{"rendered":"<p>R\u00e9aliser r\u00e9parer vos packs d\u00b4accus au Lithium Je vous propose sur cette page, plusieurs pistes et proc\u00e9dures pour intervenir sur vos accus au Lithium. Mais attention, je le r\u00e9p\u00e8te encore une fois, la manipulation d\u2019\u00e9l\u00e9ments d&rsquo;accus au Li-ion ou Li-po peut s&rsquo;av\u00e9rer dangereuse. Les risques d&rsquo;explosion ou d&rsquo;inflammation sont non n\u00e9gligeable. Pour preuve la campagne [&hellip;]<\/p>\n","protected":false},"author":1,"featured_media":0,"parent":0,"menu_order":0,"comment_status":"open","ping_status":"closed","template":"","meta":{"footnotes":""},"class_list":["post-541","page","type-page","status-publish","hentry"],"_links":{"self":[{"href":"https:\/\/ni-cd.net\/wpnicd\/index.php\/wp-json\/wp\/v2\/pages\/541"}],"collection":[{"href":"https:\/\/ni-cd.net\/wpnicd\/index.php\/wp-json\/wp\/v2\/pages"}],"about":[{"href":"https:\/\/ni-cd.net\/wpnicd\/index.php\/wp-json\/wp\/v2\/types\/page"}],"author":[{"embeddable":true,"href":"https:\/\/ni-cd.net\/wpnicd\/index.php\/wp-json\/wp\/v2\/users\/1"}],"replies":[{"embeddable":true,"href":"https:\/\/ni-cd.net\/wpnicd\/index.php\/wp-json\/wp\/v2\/comments?post=541"}],"version-history":[{"count":6,"href":"https:\/\/ni-cd.net\/wpnicd\/index.php\/wp-json\/wp\/v2\/pages\/541\/revisions"}],"predecessor-version":[{"id":1322,"href":"https:\/\/ni-cd.net\/wpnicd\/index.php\/wp-json\/wp\/v2\/pages\/541\/revisions\/1322"}],"wp:attachment":[{"href":"https:\/\/ni-cd.net\/wpnicd\/index.php\/wp-json\/wp\/v2\/media?parent=541"}],"curies":[{"name":"wp","href":"https:\/\/api.w.org\/{rel}","templated":true}]}}