{"id":539,"date":"2019-11-13T21:32:30","date_gmt":"2019-11-13T21:32:30","guid":{"rendered":"https:\/\/testth.erfred.fr\/?page_id=539"},"modified":"2020-04-13T21:20:57","modified_gmt":"2020-04-13T21:20:57","slug":"creer-reparer-vos-pack-daccus-au-nickel","status":"publish","type":"page","link":"https:\/\/ni-cd.net\/wpnicd\/index.php\/creer-reparer-vos-pack-daccus-au-nickel\/","title":{"rendered":"Cr\u00e9er r\u00e9parer vos pack d&rsquo;accus au Nickel"},"content":{"rendered":"\n<p style=\"background-color:#0071a1\" class=\"has-text-color has-background has-very-light-gray-color\"><strong>Se fabriquer un pack d&rsquo;accus <\/strong><\/p>\n\n\n\n<p>Voici un site sympa qui d\u00e9crit en photos :<br><a class=\" \" href=\"http:\/\/www.helimag.com\/modules.php?name=News&amp;file=article&amp;sid=83&amp;mode=&amp;order\">Comment r\u00e9aliser vos pack d\u00b4accus NI-CD et NI-MH<\/a> . <em>(D\u00e9sol\u00e9 le lien est mort je n&rsquo;arrive pas \u00e0 retrouver la source)<\/em><br> Des bonnes astuces sur ce site, et notamment dans les commentaires, qui consistent par exemple : <br>&#8211;  \u00e0 utiliser de la patte \u00e0 d\u00e9caper de plomberie  pour que l&rsquo;\u00e9tain accroche plus facilement. Attention malgr\u00e9 tout c&rsquo;est  tr\u00e8s corrosif &#8230;<br>&#8211; Aussi utiliser de la tresse \u00e0 dessouder, id\u00e9ale pour faire les liaisons entre \u00e9l\u00e9ments car extra plate. <br>Juste une critique, je vous conseille d&rsquo;utiliser un  fer \u00e0 souder beaucoup plus puissant que celui indiqu\u00e9 par l&rsquo;auteur. 100W  \u00e0 150W conviennent beaucoup mieux, je m&rsquo;en explique ci-dessous.<br> Un site \u00e0 Voir quoi&#8230;.<\/p>\n\n\n\n<p><strong>AUTRE(S) SITE(S)<\/strong> qui d\u00e9crivent la fabrication d&rsquo;un pack d&rsquo;accus :<br>\n                   &#8211; <a href=\"http:\/\/tvtt1.free.fr\/tvtt\/nuit3.htm\" class=\" \"> http:\/\/tvtt1.free.fr\/tvtt\/nuit3.htm<\/a><br>\n                   &#8211; <br><\/p>\n\n\n\n<p style=\"background-color:#0071a1\" class=\"has-text-color has-background has-very-light-gray-color\"><strong>Souder les \u00e9l\u00e9ments d&rsquo;accumulateurs <\/strong><\/p>\n\n\n\n<p> Pour reprendre le th\u00e8me ci-dessus, la soudure des accus pose toujours un gros probl\u00e8me.<br>Vous avez remarqu\u00e9 que les packs faits dans l&rsquo;industrie sont soud\u00e9s par soudure \u00e9lectrique par points. Mais ce type de soudure n&rsquo;est pas de la meilleure qualit\u00e9, car si vous avez besoin de gros d\u00e9bits,  les transferts de courant sont limit\u00e9s par la petitesse des contacts. <br>L&rsquo;id\u00e9al pour les forts d\u00e9bits, comme les accus de propulsion, est la soudure \u00e0 l&rsquo;\u00e9tain.<\/p>\n\n\n\n<p><strong>Mais ce type de soudure pose un double probl\u00e8me qui se mort la queue.<\/strong><br>1\/ La forte masse m\u00e9tallique des accus rend difficile la prise de l&rsquo;\u00e9tain sur les contacts.<br>2\/ Si vous chauffez trop les accus vous d\u00e9truisez l&rsquo;\u00e9lectrolyte et donc l&rsquo;accu.<\/p>\n\n\n\n<p><em><strong>Donc il faut chauffer assez l&rsquo;accu pour que l&rsquo;\u00e9tain prenne, mais pas trop pour ne pas d\u00e9truire l&rsquo;\u00e9lectrolyte.<\/strong><\/em><\/p>\n\n\n\n<p>Il faut donc \u00e9viter que la chaleur impos\u00e9e sur les bornes ne se diffuse trop sur le corps des \u00e9l\u00e9ments.<br>Pour cela la seule solution est de transf\u00e9rer un  maximum de chaleur en un minimum de temps aux bornes de l\u2019accu. <br>Il suffit pour cela d&rsquo;<strong>utiliser un fer \u00e0 souder puissant, d&rsquo;au moins 100W \u00e0 150W <\/strong>qui contrairement aux fer de moins de 50W permettra un \u00e9tamage et Bien s\u00fbr inutile de vous pr\u00e9ciser qu&rsquo;il faut en  premier \u00e9tamer les deux parties \u00e0 souder, et de ne les assembler qu&rsquo;en  suite.<br><br>                    Voir ce lien :  <a href=\"https:\/\/macbidouille.com\/\">Mac Bidouille<\/a> <br><br><\/p>\n\n\n\n<p style=\"background-color:#0071a1\" class=\"has-text-color has-background has-very-light-gray-color\">COMMENT D\u00c9MONTER ET REMONTER LE BO\u00ceTIER<strong> DU PACK PROPREMENT ?<\/strong><\/p>\n\n\n\n<p>Une astuce pour ouvrir proprement vos packs d&rsquo;accu et  les refermer tout aussi proprement. La m\u00e9thode peut para\u00eetre brusque,  mais elle est tr\u00e8s efficace.  Merci \u00e0 Alain de nous avoir transmis cette m\u00e9thode  qu&rsquo;il a rod\u00e9 pendant des ann\u00e9es. Tous \u00e0 vos marteaux !!!<br>Toute la m\u00e9thode ici : <a href=\"http:\/\/ni-cd.net\/nicddownload\/ouverture_pack_batterie.pdf\">ouverture_pack_batterie.pdf <\/a>(623Ko)<\/p>\n\n\n\n<p style=\"background-color:#0071a1\" class=\"has-text-color has-background has-very-light-gray-color\"><strong>COMMENT SOUDER DES ACCUS EN LIGNE (bout \u00e0 bout) ?<\/strong><\/p>\n\n\n\n<p>La meilleure m\u00e9thode pour r\u00e9aliser des soudures  irr\u00e9prochables est d&rsquo;utiliser un fer \u00e0 souder avec une panne en T. <br> Deux sites vous pr\u00e9sentent en photos deux proc\u00e9d\u00e9s l\u00e9g\u00e8rement diff\u00e9rents :<br> &#8211;  <a href=\"http:\/\/www.legallou.com\/Modelisme-Tech\/Accu\/SoudureAccu.html\">Le site du ma\u00eetre Legallou <\/a> : accus dans une goutti\u00e8re et fer \u00e0 plats. <br> &#8211; <a class=\" \" href=\"http:\/\/www.aeromodelisme-rc.net\/batteries.htm\"> Le site A\u00e9romod\u00e9lisme Radiocommand\u00e9<\/a> <em>(d\u00e9sol\u00e9, lien mort)<\/em> : accus tenus par des lames d&rsquo;aimant  et fer \u00e0 la verticale. <br> A vous de choisir celle qui vous convient le mieux. <br><br><\/p>\n\n\n\n<p style=\"background-color:#0071a1\" class=\"has-text-color has-background has-very-light-gray-color\"><strong>COMMENT SOUDER DES ACCUS EN PACK (cote \u00e0 cote) ?<\/strong><\/p>\n\n\n\n<p>  Voici plusieurs liens qui d\u00e9crivent mat\u00e9riels et m\u00e9thode pour une bonne r\u00e9alisation de vos packs :   <br>&#8211; <a class=\" \" href=\"http:\/\/www.overrc.com\/techniques\/accus\/cablageaccus\/soudage.htm\"> http:\/\/www.overrc.com\/techniques\/accus\/cablageaccus\/soudage.htm<\/a><br>&#8211; <a class=\" \" href=\"http:\/\/www.rcinfos.com\/2006\/2006_03_11_accus.php\"> http:\/\/www.rcinfos.com\/2006\/2006_03_11_accus.php<\/a><br>&#8211; <a class=\" \" href=\"http:\/\/christopheb34.free.fr\/Technique\/souder_un%20pack_1-10eme.htm\"> http:\/\/christopheb34.free.fr\/Technique\/souder_un%20pack_1-10eme.htm<\/a><br>&#8211; <a href=\"http:\/\/aero.modelisme.com\/spip.php?article60\">http:\/\/aero.modelisme.com\/spip.php?article60<\/a><\/p>\n\n\n\n<h4 class=\"has-text-align-right wp-block-heading\"><a href=\"\/wpnicd\/index.php\/creer-reparer-vos-pack-daccus-au-lithium\/\"><br><br>La suite >>><\/a><\/h4>\n","protected":false},"excerpt":{"rendered":"<p>Se fabriquer un pack d&rsquo;accus Voici un site sympa qui d\u00e9crit en photos :Comment r\u00e9aliser vos pack d\u00b4accus NI-CD et NI-MH . (D\u00e9sol\u00e9 le lien est mort je n&rsquo;arrive pas \u00e0 retrouver la source) Des bonnes astuces sur ce site, et notamment dans les commentaires, qui consistent par exemple : &#8211; \u00e0 utiliser de la [&hellip;]<\/p>\n","protected":false},"author":1,"featured_media":0,"parent":0,"menu_order":0,"comment_status":"open","ping_status":"closed","template":"","meta":{"footnotes":""},"class_list":["post-539","page","type-page","status-publish","hentry"],"_links":{"self":[{"href":"https:\/\/ni-cd.net\/wpnicd\/index.php\/wp-json\/wp\/v2\/pages\/539"}],"collection":[{"href":"https:\/\/ni-cd.net\/wpnicd\/index.php\/wp-json\/wp\/v2\/pages"}],"about":[{"href":"https:\/\/ni-cd.net\/wpnicd\/index.php\/wp-json\/wp\/v2\/types\/page"}],"author":[{"embeddable":true,"href":"https:\/\/ni-cd.net\/wpnicd\/index.php\/wp-json\/wp\/v2\/users\/1"}],"replies":[{"embeddable":true,"href":"https:\/\/ni-cd.net\/wpnicd\/index.php\/wp-json\/wp\/v2\/comments?post=539"}],"version-history":[{"count":13,"href":"https:\/\/ni-cd.net\/wpnicd\/index.php\/wp-json\/wp\/v2\/pages\/539\/revisions"}],"predecessor-version":[{"id":1321,"href":"https:\/\/ni-cd.net\/wpnicd\/index.php\/wp-json\/wp\/v2\/pages\/539\/revisions\/1321"}],"wp:attachment":[{"href":"https:\/\/ni-cd.net\/wpnicd\/index.php\/wp-json\/wp\/v2\/media?parent=539"}],"curies":[{"name":"wp","href":"https:\/\/api.w.org\/{rel}","templated":true}]}}