{"id":537,"date":"2019-11-13T21:30:47","date_gmt":"2019-11-13T21:30:47","guid":{"rendered":"https:\/\/testth.erfred.fr\/?page_id=537"},"modified":"2020-04-13T21:19:21","modified_gmt":"2020-04-13T21:19:21","slug":"creer-vos-chargeurs","status":"publish","type":"page","link":"https:\/\/ni-cd.net\/wpnicd\/index.php\/creer-vos-chargeurs\/","title":{"rendered":"Cr\u00e9er vos chargeurs"},"content":{"rendered":"\n<p style=\"background-color:#0071a1\" class=\"has-text-color has-background has-very-light-gray-color\"><strong> R\u00e9alisation de chargeurs, d\u00e9chargeurs et autres accessoires  <\/strong><\/p>\n\n\n\n<p>Les propositions de r\u00e9alisations de mat\u00e9riels chargeurs,  d\u00e9chargeurs ou autres accessoires sont en fait plac\u00e9s dans d&rsquo;autres  rubriques           de ce site (notamment la rubrique chargeurs). Vous les  retrouverez gr\u00e2ce aux liens ci-dessous. Cette page ne sert en fait \u00e0  vous r\u00e9sumer           ce vous pouvez trouver \u00e0 r\u00e9aliser vous m\u00eames en mati\u00e8re de  chargeurs d\u00e9chargeurs et autres accessoires sur ce site.             <\/p>\n\n\n\n<p style=\"background-color:#0071a1\" class=\"has-text-color has-background has-very-light-gray-color\"><strong>Divers montages de chargeurs et d\u00e9chargeurs <\/strong><\/p>\n\n\n\n<p>Les pages <a href=\"\/wpnicd\/index.php\/les-chargeurs-a-realiser\/\">Chargeurs \u00e0 r\u00e9aliser<\/a>  o\u00f9 il y a plein de sch\u00e9mas, de liens vers des sites d\u00e9crivant des kits complets \u00e0 r\u00e9aliser.<\/p>\n\n\n\n<p>La m\u00eame chose pour les <a href=\"\/wpnicd\/index.php\/dechargeurs\/\">d\u00e9chargeurs <\/a><\/p>\n\n\n\n<p style=\"background-color:#0071a1\" class=\"has-text-color has-background has-very-light-gray-color\"><strong>Alimentation 12Vcc \u00e9conomique<\/strong><\/p>\n\n\n\n<p>Un truc pour vous faire pour pas cher une <a href=\"\/wpnicd\/index.php\/accessoires-divers\/\">alimentation 12Vcc<\/a>   qui tient la route&#8230; <\/p>\n\n\n\n<h4 class=\"has-text-align-right wp-block-heading\"><a href=\"\/wpnicd\/index.php\/creer-reparer-vos-pack-daccus-au-nickel\/\"><br>La suite >>><\/a><\/h4>\n","protected":false},"excerpt":{"rendered":"<p>R\u00e9alisation de chargeurs, d\u00e9chargeurs et autres accessoires Les propositions de r\u00e9alisations de mat\u00e9riels chargeurs, d\u00e9chargeurs ou autres accessoires sont en fait plac\u00e9s dans d&rsquo;autres rubriques de ce site (notamment la rubrique chargeurs). Vous les retrouverez gr\u00e2ce aux liens ci-dessous. Cette page ne sert en fait \u00e0 vous r\u00e9sumer ce vous pouvez trouver \u00e0 r\u00e9aliser vous [&hellip;]<\/p>\n","protected":false},"author":1,"featured_media":0,"parent":0,"menu_order":0,"comment_status":"open","ping_status":"closed","template":"","meta":{"footnotes":""},"class_list":["post-537","page","type-page","status-publish","hentry"],"_links":{"self":[{"href":"https:\/\/ni-cd.net\/wpnicd\/index.php\/wp-json\/wp\/v2\/pages\/537"}],"collection":[{"href":"https:\/\/ni-cd.net\/wpnicd\/index.php\/wp-json\/wp\/v2\/pages"}],"about":[{"href":"https:\/\/ni-cd.net\/wpnicd\/index.php\/wp-json\/wp\/v2\/types\/page"}],"author":[{"embeddable":true,"href":"https:\/\/ni-cd.net\/wpnicd\/index.php\/wp-json\/wp\/v2\/users\/1"}],"replies":[{"embeddable":true,"href":"https:\/\/ni-cd.net\/wpnicd\/index.php\/wp-json\/wp\/v2\/comments?post=537"}],"version-history":[{"count":4,"href":"https:\/\/ni-cd.net\/wpnicd\/index.php\/wp-json\/wp\/v2\/pages\/537\/revisions"}],"predecessor-version":[{"id":1320,"href":"https:\/\/ni-cd.net\/wpnicd\/index.php\/wp-json\/wp\/v2\/pages\/537\/revisions\/1320"}],"wp:attachment":[{"href":"https:\/\/ni-cd.net\/wpnicd\/index.php\/wp-json\/wp\/v2\/media?parent=537"}],"curies":[{"name":"wp","href":"https:\/\/api.w.org\/{rel}","templated":true}]}}