{"id":535,"date":"2019-11-13T21:30:02","date_gmt":"2019-11-13T21:30:02","guid":{"rendered":"https:\/\/testth.erfred.fr\/?page_id=535"},"modified":"2020-08-25T21:28:18","modified_gmt":"2020-08-25T21:28:18","slug":"realisations","status":"publish","type":"page","link":"https:\/\/ni-cd.net\/wpnicd\/index.php\/realisations\/","title":{"rendered":"R\u00e9alisations"},"content":{"rendered":"\n<p class=\"has-very-light-gray-color has-text-color has-background\" style=\"background-color:#0071a1\"> Trucs et astuces pour la r\u00e9alisation de vos packs et chargeurs  \n   \n\n<\/p>\n\n\n\n<div class=\"wp-block-image\"><figure class=\"alignleft size-large\"><img loading=\"lazy\" decoding=\"async\" width=\"157\" height=\"138\" src=\"https:\/\/ni-cd.net\/wpnicd\/wp-content\/uploads\/2019\/11\/zozotrucGai.gif\" alt=\"\" class=\"wp-image-544\"\/><\/figure><\/div>\n\n\n\n<h4 class=\"has-text-color wp-block-heading\" style=\"color:#0071a1\">Voici la rubrique du grand bricolage. <br><br>Toutes les m\u00e9thodes, les trucs et les astuces, pour c\u00e2bler vos packs, r\u00e9parer vos batteries, r\u00e9aliser vos chargeurs, d\u00e9chargeurs, testeurs&#8230;           <\/h4>\n\n\n\n<p><strong>Les pages de cette rubrique sont essentiellement aliment\u00e9es par vos contributions. <br>Donc si vous avez des choses s\u00e9rieuses envoyez les moi je les publierai ici.<\/strong><\/p>\n\n\n\n<ul class=\"wp-block-list\"><li><strong><a href=\"\/wpnicd\/index.php\/creer-vos-chargeurs\/\">R\u00e9alisation de chargeurs, d\u00e9chargeurs et autres accessoires  <\/a><\/strong>R\u00e9aliser vous-m\u00eame tous les outils pour charger d\u00e9charger tester vos accus.  <br><\/li><li><strong><a href=\"\/wpnicd\/index.php\/creer-reparer-vos-pack-daccus-au-nickel\/\">R\u00e9aliser r\u00e9parer vos packs d\u00b4accus au Nickel <\/a> <\/strong><br>C\u00e2bler, souder, charger, cycler vos packs d\u00b4accus  <br><\/li><li><strong><a href=\"\/wpnicd\/index.php\/creer-reparer-vos-pack-daccus-au-lithium\/\">R\u00e9aliser r\u00e9parer vos packs d\u00b4accus au Lithium  <\/a><\/strong><br>C\u00e2bler, souder, r\u00e9parer, cycler vos packs d\u00b4accus  <\/li><\/ul>\n\n\n\n<h4 class=\"has-text-align-right wp-block-heading\"><br><a href=\"\/wpnicd\/index.php\/creer-vos-chargeurs\/\">La suite &gt;&gt;&gt;<\/a><\/h4>\n","protected":false},"excerpt":{"rendered":"<p>Trucs et astuces pour la r\u00e9alisation de vos packs et chargeurs Voici la rubrique du grand bricolage. Toutes les m\u00e9thodes, les trucs et les astuces, pour c\u00e2bler vos packs, r\u00e9parer vos batteries, r\u00e9aliser vos chargeurs, d\u00e9chargeurs, testeurs&#8230; Les pages de cette rubrique sont essentiellement aliment\u00e9es par vos contributions. Donc si vous avez des choses s\u00e9rieuses [&hellip;]<\/p>\n","protected":false},"author":1,"featured_media":0,"parent":0,"menu_order":0,"comment_status":"closed","ping_status":"closed","template":"","meta":{"footnotes":""},"class_list":["post-535","page","type-page","status-publish","hentry"],"_links":{"self":[{"href":"https:\/\/ni-cd.net\/wpnicd\/index.php\/wp-json\/wp\/v2\/pages\/535"}],"collection":[{"href":"https:\/\/ni-cd.net\/wpnicd\/index.php\/wp-json\/wp\/v2\/pages"}],"about":[{"href":"https:\/\/ni-cd.net\/wpnicd\/index.php\/wp-json\/wp\/v2\/types\/page"}],"author":[{"embeddable":true,"href":"https:\/\/ni-cd.net\/wpnicd\/index.php\/wp-json\/wp\/v2\/users\/1"}],"replies":[{"embeddable":true,"href":"https:\/\/ni-cd.net\/wpnicd\/index.php\/wp-json\/wp\/v2\/comments?post=535"}],"version-history":[{"count":6,"href":"https:\/\/ni-cd.net\/wpnicd\/index.php\/wp-json\/wp\/v2\/pages\/535\/revisions"}],"predecessor-version":[{"id":1528,"href":"https:\/\/ni-cd.net\/wpnicd\/index.php\/wp-json\/wp\/v2\/pages\/535\/revisions\/1528"}],"wp:attachment":[{"href":"https:\/\/ni-cd.net\/wpnicd\/index.php\/wp-json\/wp\/v2\/media?parent=535"}],"curies":[{"name":"wp","href":"https:\/\/api.w.org\/{rel}","templated":true}]}}