{"id":517,"date":"2019-11-13T20:16:45","date_gmt":"2019-11-13T20:16:45","guid":{"rendered":"https:\/\/testth.erfred.fr\/?page_id=517"},"modified":"2020-08-25T21:26:54","modified_gmt":"2020-08-25T21:26:54","slug":"testez-vos-elements-au-nickel","status":"publish","type":"page","link":"https:\/\/ni-cd.net\/wpnicd\/index.php\/testez-vos-elements-au-nickel\/","title":{"rendered":"Testez vos AQ au Nickel"},"content":{"rendered":"\n<p>La mesure de la capacit\u00e9 ou de la r\u00e9sistance interne de vos accus r\u00e9pond aux r\u00e8gles g\u00e9n\u00e9rales qui sont indiqu\u00e9es dans l&rsquo;onglet g\u00e9n\u00e9ralit\u00e9s de cette rubrique. <br>Par contre si vous voulez pouvoir comparer les valeurs de  capacit\u00e9 que vous mesurerez, \u00e0 celle indiqu\u00e9e sur le bo\u00eetier de votre  accu, il faudra que vos tests respectent quelles r\u00e8gles  particuli\u00e8res.  <br>En effet la mesure de la capacit\u00e9 donnera des r\u00e9sultats diff\u00e9rents en fonction des conditions de d\u00e9charge lors du test.  Le courant de d\u00e9charge et la temp\u00e9rature notamment influent beaucoup sur le r\u00e9sultat de la mesure.          La valeur de capacit\u00e9 indiqu\u00e9e sur vos \u00e9l\u00e9ments au Nickel a \u00e9t\u00e9 mesur\u00e9e par le constructeur de l&rsquo;accu selon une r\u00e8gle d\u00e9finie par une norme.  <\/p>\n\n\n\n<p class=\"has-text-align-center has-text-color\" style=\"color:#0071a1\"><strong>Cette capacit\u00e9 est dite capacit\u00e9 assign\u00e9e. <\/strong><\/p>\n\n\n\n<p>La mesure se fait apr\u00e8s une <strong>charge \u00e0 C\/10 de 14h<\/strong> \u00e0 20\u00b0C <br>puis avec un courant de <strong>d\u00e9charge d&rsquo;un taux de C\/5<\/strong>.  <br>Vous trouverez toutes les explications dans la page sp\u00e9cifique d\u00e9di\u00e9e \u00e0 ce sujet dans les dossier du site : <br><a href=\"\/wpnicd\/index.php\/la-capacite-de-vos-accus\/\">Quelle est vraiment la capacit\u00e9 de votre accu au Nickel ???   <\/a>         <\/p>\n\n\n\n<p>Autrement vous pouvez parfaitement tester vos accus dans  d&rsquo;autres conditions, et souvent les conditions qui s&rsquo;approchent au plus pr\u00e8s de vos conditions d&rsquo;utilisation. L\u2019important est de toujours tester vos accus dans les m\u00eames conditions pour que les r\u00e9sultats de vos mesures soient comparables entre eux. <\/p>\n\n\n\n<p class=\"has-very-light-gray-color has-text-color has-background\" style=\"background-color:#0071a1\"><strong>Particularit\u00e9 des \u00e9l\u00e9ments Ni-Cd ?<\/strong><\/p>\n\n\n\n<p>Les \u00e9l\u00e9ments au Ni-Cd sont d&rsquo;une technologie extr\u00eamement r\u00e9sistante. Il est possible parfois de sauver un \u00e9l\u00e9ment d\u00e9fectueux en lui appliquant certaines m\u00e9thodes. Vous lirez par ci par l\u00e0 des choses \u00e0 ce sujet qui pour certaines me paraissent os\u00e9es voire pour certaines dangereuses.  Je vous livre ci-dessous deux m\u00e9thodes qui m&rsquo;ont \u00e9t\u00e9 fournies par la soci\u00e9t\u00e9 SAFT il y a quelquesssss d&rsquo;ann\u00e9essssss alors que j&rsquo;utilisais ces \u00e9l\u00e9ments en grand nombre. <\/p>\n\n\n\n<div class=\"wp-block-image\"><figure class=\"alignleft size-large\"><img loading=\"lazy\" decoding=\"async\" width=\"52\" height=\"97\" src=\"https:\/\/ni-cd.net\/wpnicd\/wp-content\/uploads\/2019\/11\/batvarta.gif\" alt=\"\" class=\"wp-image-88\"\/><\/figure><\/div>\n\n\n\n<p>Un \u00e9l\u00e9ment de batterie Ni-Cd peut \u00eatre conserv\u00e9 d\u00e9charg\u00e9. Il va bien y avoir une d\u00e9charge naturelle de l&rsquo;\u00e9l\u00e9ment qui va amener celui ci en dessous de 1 V, mais cette d\u00e9charge sera bien naturelle et non pas forc\u00e9e par un circuit ext\u00e9rieur donc moins dangereuse pour l&rsquo;accu. On admet une d\u00e9charge     naturelle jusqu&rsquo;\u00e0 0,5 \u00e0 0,8V par \u00e9l\u00e9ment. En dessous il est fort possible que l&rsquo;\u00e9l\u00e9ment soit d\u00e9t\u00e9rior\u00e9. Une m\u00e9thode sp\u00e9ciale peut alors \u00eatre appliqu\u00e9e pour tester l&rsquo;\u00e9l\u00e9ment.<\/p>\n\n\n\n<p>Par exemple, lorsque l&rsquo;on ach\u00e8te un accumulateur  il pr\u00e9sente souvent une tension d&rsquo;environ 0,8 V. On pourra l\u00e0 encore valider son \u00e9tat en effectuant une s\u00e9rie de tests.<br>Les fabricants conseillent n\u00e9anmoins de limiter la d\u00e9charge     naturelle et de ne pas stocker des \u00e9l\u00e9ments plus de 6 mois sans leur faire subir un cycle de charge et d\u00e9charge.<\/p>\n\n\n\n<h2 class=\"wp-block-heading\" id=\"reccupaccuhs\"><\/h2>\n\n\n\n<p class=\"has-very-light-gray-color has-text-color has-background\" style=\"background-color:#0071a1\"><strong>Proc\u00e9dure de d\u00e9tection  des court-circuits sur des \u00e9l\u00e9ments neufs.<\/strong><\/p>\n\n\n\n<p class=\"has-text-color\" style=\"color:#0071a1\"><strong>(D&rsquo;apr\u00e8s proc\u00e9dure SAFT n\u00b0     1.007.075 )<br>Les op\u00e9rations d\u00e9crites ci-dessous doivent     \u00eatre r\u00e9alis\u00e9es dans l&rsquo;ordre chronologique.     <\/strong><\/p>\n\n\n\n<p><strong>Mesure de la tension en circuit ouvert  (OCV)<\/strong><br><strong>Crit\u00e8re :       OCV &gt;= 500  mV pour 1 accu<\/strong><\/p>\n\n\n\n<p class=\"has-vivid-green-cyan-color has-text-color\"><strong>Crit\u00e8re atteint = Bon produit<br>Effectuer alors un cycle de charge d\u00e9charge avant de stocker l&rsquo;\u00e9l\u00e9ment<\/strong><\/p>\n\n\n\n<p class=\"has-vivid-red-color has-text-color\"><strong>Crit\u00e8re non atteint = poursuivre la proc\u00e9dure :<br>         &#8211; Charge 10 mn \u00e0 0,2 Cn<br>         &#8211; Repos 24 h<br>         &#8211; Mesure de l&rsquo;OCV :<\/strong><\/p>\n\n\n\n<p><strong>Crit\u00e8re OCV &gt;= 1150 mV<\/strong><\/p>\n\n\n\n<p class=\"has-vivid-green-cyan-color has-text-color\"><strong>Crit\u00e8re atteint = Bon produit<br>Effectuer alors un cycle de charge d\u00e9charge avant de stocker l&rsquo;\u00e9l\u00e9nt<\/strong><\/p>\n\n\n\n<p class=\"has-vivid-red-color has-text-color\"><strong>Crit\u00e8re non atteint = poursuivre la proc\u00e9dure :<br>         &#8211; Charge 24 h \u00e0 0,1 Cn<br>         &#8211; Repos 1 h<br>         &#8211; D\u00e9charge \u00e0 0,2 Cn avec arr\u00eat \u00e0 1V :<\/strong><\/p>\n\n\n\n<p><strong>Crit\u00e8re temps de d\u00e9charge = 4,75 h<\/strong><\/p>\n\n\n\n<p class=\"has-vivid-red-color has-very-light-gray-background-color has-text-color has-background\"><strong>Crit\u00e8re non atteint = produit mauvais inutilisable<\/strong><\/p>\n\n\n\n<p class=\"has-vivid-green-cyan-color has-text-color\"><strong>Crit\u00e8re atteint = poursuivre la proc\u00e9dure :<br>         &#8211; D\u00e9charge r\u00e9siduelle \u00e0 0,2 Cn jusqu&rsquo;\u00e0 0 (z\u00e9ro) Volt.<br>         &#8211; Mise sous r\u00e9sistance de 1 Ohm pendant une nuit.<br>         &#8211; Mise en court-circuit pendant 2 h<br>         &#8211; Repos en circuit ouvert pendant 48 h<br>         &#8211; Crit\u00e8re : OCV &gt;= 1000 mV<\/strong><\/p>\n\n\n\n<p class=\"has-light-green-cyan-color has-very-light-gray-background-color has-text-color has-background\"><strong>Crit\u00e8re atteint = Bon produit<\/strong><\/p>\n\n\n\n<p class=\"has-vivid-red-color has-text-color\"><strong>Crit\u00e8re non atteint = produit mauvais accumulateur en court-circuit.<\/strong><\/p>\n\n\n\n<p class=\"has-very-light-gray-color has-text-color has-background\" style=\"background-color:#0071a1\"><strong>Maintenance des \u00e9l\u00e9ments stock\u00e9s pendant une longue p\u00e9riode sans entretien.<\/strong><\/p>\n\n\n\n<p><strong>(suivant UAS\/AQ n\u00b0 888\/87 SAFT)<\/strong><\/p>\n\n\n\n<p><strong>Mesure de la tension en circuit  ouvert (OCV) :<\/strong><\/p>\n\n\n\n<p class=\"has-vivid-green-cyan-color has-text-color\"><strong>OCV &gt;= 0,8 V    : effectuer l&rsquo;op\u00e9ration de maintenance :<\/strong><\/p>\n\n\n\n<p><strong>&#8211; Charge 10 h \u00e0 0,1 Cn<br>         &#8211; Repos 1h mini \u00e0 24 h maxi<br>         &#8211; D\u00e9charge \u00e0 0,2 Cn jusqu&rsquo;\u00e0 1 V<\/strong><\/p>\n\n\n\n<p class=\"has-vivid-red-color has-text-color\"><strong>OCV &lt; 0,8 V : effectuer  le test suivant : <\/strong><\/p>\n\n\n\n<p><strong>&#8211; Mise sous r\u00e9sistance de 1 Ohm pendant 16 h +\/- 2  h<br>         &#8211; Charge 10 mn \u00e0 0,1 Cn<br>         &#8211; Repos 16 h \u00e0 24 h<br>         &#8211; Mesure de l&rsquo;OCV :<\/strong><\/p>\n\n\n\n<p class=\"has-vivid-red-color has-text-color\"><strong>si OCV &lt; 0,8 V : Produit mauvais inutilisable <\/strong><\/p>\n\n\n\n<p class=\"has-vivid-green-cyan-color has-text-color\"><strong>si OCV &gt;= 0,8 V : effectuer l&rsquo;op\u00e9ration de maintenance :<\/strong><\/p>\n\n\n\n<p class=\"has-very-light-gray-color has-text-color has-background\" style=\"background-color:#0071a1\"><strong><em>Pour terminer les conditions de temp\u00e9rature.<\/em><\/strong><\/p>\n\n\n\n<p><strong>En r\u00e8gle g\u00e9n\u00e9rale les \u00e9l\u00e9ments     doivent \u00eatre stock\u00e9s dans un endroit sec (65% d&rsquo;humidit\u00e9 +\/- 5%) et \u00e0 une temp\u00e9rature comprise entre &#8211; 20\u00b0C et + 45 \u00b0C (consult\u00e9 les notices fabricants pour plus  de pr\u00e9cision).<\/strong><\/p>\n\n\n\n<p><strong>Un accu charg\u00e9 conserve mieux sa capacit\u00e9 si il est stock\u00e9 au froid .<br>Une basse temp\u00e9rature (0 \u00e0 2\u00b0C) freine l&rsquo;activit\u00e9 chimique de l&rsquo;accu, et donc limite sa d\u00e9charge naturelle.<\/strong><\/p>\n\n\n\n<div class=\"wp-block-image\"><figure class=\"aligncenter size-large\"><img loading=\"lazy\" decoding=\"async\" width=\"400\" height=\"263\" src=\"https:\/\/ni-cd.net\/wpnicd\/wp-content\/uploads\/2019\/11\/nicddchrg2-2.gif\" alt=\"\" class=\"wp-image-872\"\/><figcaption><strong>Ni-Cd<\/strong><\/figcaption><\/figure><\/div>\n\n\n\n<div class=\"wp-block-image\"><figure class=\"aligncenter size-large\"><img loading=\"lazy\" decoding=\"async\" width=\"400\" height=\"253\" src=\"https:\/\/ni-cd.net\/wpnicd\/wp-content\/uploads\/2019\/11\/nimhdchrg2-1.gif\" alt=\"\" class=\"wp-image-348\"\/><figcaption><strong>Ni-MH<\/strong><\/figcaption><\/figure><\/div>\n\n\n\n<p>Le Ni-MH est beaucoup plus sensible \u00e0 l&rsquo;autod\u00e9charge que le Ni-Cd et cette astuce prend d&rsquo;autant plus d&rsquo;importance dans son cas.<\/p>\n\n\n\n<p class=\"has-text-color\" style=\"color:#0071a1\"><strong>Conclusion si vous chargez vos accus dans la semaine pour voler le week-end, faites leurs une petite place dans le r\u00e9frig\u00e9rateur. Il suffira de les ressortir un peu \u00e0 l&rsquo;avance pour qu&rsquo;il     reviennent \u00e0 la temp\u00e9rature ambiante et ils donneront ainsi le maximum de leur capacit\u00e9.<\/strong>     <\/p>\n\n\n\n<h4 class=\"has-text-align-right wp-block-heading\"><br><a href=\"\/wpnicd\/index.php\/tester-vos-aq-au-plomb\/\">La suite &gt;&gt;&gt;<\/a><\/h4>\n\n\n\n<p><\/p>\n","protected":false},"excerpt":{"rendered":"<p>La mesure de la capacit\u00e9 ou de la r\u00e9sistance interne de vos accus r\u00e9pond aux r\u00e8gles g\u00e9n\u00e9rales qui sont indiqu\u00e9es dans l&rsquo;onglet g\u00e9n\u00e9ralit\u00e9s de cette rubrique. Par contre si vous voulez pouvoir comparer les valeurs de capacit\u00e9 que vous mesurerez, \u00e0 celle indiqu\u00e9e sur le bo\u00eetier de votre accu, il faudra que vos tests respectent [&hellip;]<\/p>\n","protected":false},"author":1,"featured_media":0,"parent":0,"menu_order":0,"comment_status":"closed","ping_status":"closed","template":"","meta":{"footnotes":""},"class_list":["post-517","page","type-page","status-publish","hentry"],"_links":{"self":[{"href":"https:\/\/ni-cd.net\/wpnicd\/index.php\/wp-json\/wp\/v2\/pages\/517"}],"collection":[{"href":"https:\/\/ni-cd.net\/wpnicd\/index.php\/wp-json\/wp\/v2\/pages"}],"about":[{"href":"https:\/\/ni-cd.net\/wpnicd\/index.php\/wp-json\/wp\/v2\/types\/page"}],"author":[{"embeddable":true,"href":"https:\/\/ni-cd.net\/wpnicd\/index.php\/wp-json\/wp\/v2\/users\/1"}],"replies":[{"embeddable":true,"href":"https:\/\/ni-cd.net\/wpnicd\/index.php\/wp-json\/wp\/v2\/comments?post=517"}],"version-history":[{"count":13,"href":"https:\/\/ni-cd.net\/wpnicd\/index.php\/wp-json\/wp\/v2\/pages\/517\/revisions"}],"predecessor-version":[{"id":1527,"href":"https:\/\/ni-cd.net\/wpnicd\/index.php\/wp-json\/wp\/v2\/pages\/517\/revisions\/1527"}],"wp:attachment":[{"href":"https:\/\/ni-cd.net\/wpnicd\/index.php\/wp-json\/wp\/v2\/media?parent=517"}],"curies":[{"name":"wp","href":"https:\/\/api.w.org\/{rel}","templated":true}]}}