{"id":513,"date":"2019-11-13T18:15:34","date_gmt":"2019-11-13T18:15:34","guid":{"rendered":"https:\/\/testth.erfred.fr\/?page_id=513"},"modified":"2020-04-13T21:15:16","modified_gmt":"2020-04-13T21:15:16","slug":"generalites","status":"publish","type":"page","link":"https:\/\/ni-cd.net\/wpnicd\/index.php\/generalites\/","title":{"rendered":"G\u00e9n\u00e9ralit\u00e9s"},"content":{"rendered":"\n<p style=\"background-color:#0071a1\" class=\"has-text-color has-background has-very-light-gray-color\"><strong>Comment mesurer la capacit\u00e9 d&rsquo;un accu<\/strong><\/p>\n\n\n\n<p>La capacit\u00e9 d&rsquo;un accumulateur se mesure en \\\u00a0\u00bbAmp\u00e8re heure\\\u00a0\u00bb (Ah).  <br>C&rsquo;est une quantit\u00e9 d&rsquo;\u00e9lectricit\u00e9 qui est emmagasin\u00e9e dans l&rsquo;accu. <br> Pour la mesurer il suffit de :         <\/p>\n\n\n\n<ul class=\"wp-block-list\"><li> <strong>faire d\u00e9biter \u00e0 l&rsquo;accu \u00e0 un courant constant (I)<\/strong><\/li><li><strong>et de mesurer le temps (t) que mets l&rsquo;accu \u00e0 arriver \u00e0 sa valeur minimale de tension. <\/strong><\/li><\/ul>\n\n\n\n<p>On a alors le capacit\u00e9<strong> Q <\/strong> de l&rsquo;accu :   <\/p>\n\n\n\n<h2 class=\"has-text-color has-text-align-center wp-block-heading\" style=\"color:#0071a1\">         Q = I x t   <\/h2>\n\n\n\n<p class=\"has-small-font-size\">        Q en Ah Amp\u00e8res<em> heure  <br>         I en A Amp\u00e8res         <br>         t en heures <\/em>            <\/p>\n\n\n\n<p>Par contre si vous faites des tests vous constaterez qu&rsquo;un m\u00eame  accu donne des valeurs  de capacit\u00e9 diff\u00e9rentes en fonction de la valeur du courant de  charge. Un m\u00eame accu  charg\u00e9 dans des conditions identiques, restitue une capacit\u00e9  plus importante si on le d\u00e9charge \u00e0 courant faible que si on le d\u00e9charge \u00e0 courant fort. Ce probl\u00e8me est d\u00fb \u00e0 la  r\u00e9sistance interne de l&rsquo;accu dont je parle au paragraphe en dessous. Pour pouvoir surveiller l&rsquo;\u00e9volution de vos accus, comparer la  capacit\u00e9, il faut donc se garantir des conditions constantes et identiques d&rsquo;un test \u00e0 l&rsquo;autre. <br>Vous pouvez soit tester \u00e0 la valeur de courant de d\u00e9charge  optimale conseill\u00e9e par le fabricant de l&rsquo;accu, soit \u00e0 une valeur plus  proche de l&rsquo;utilisation que vous faites habituellement de vos accus qui  peut \u00eatre tr\u00e8s diff\u00e9rente de celle indiqu\u00e9e par l&rsquo;industriel.  <\/p>\n\n\n\n<p style=\"background-color:#0071a1\" class=\"has-text-color has-background has-very-light-gray-color\"><strong>Comment mesurer la r\u00e9sistance interne d&rsquo;un accu<\/strong><\/p>\n\n\n\n<p>La r\u00e9sistance interne de votre accu a donc une influence sur la capacit\u00e9 que pourra restituer votre accumulateur.  <br>La r\u00e9sistance interne est en fait une des caract\u00e9ristiques les plus importantes de votre accumulateur.   <br>Il est donc important de pouvoir la mesurer car son \u00e9volution est \u00e0 l&rsquo;image de l&rsquo;\u00e9tat de sant\u00e9 de votre accu. Beaucoup d&rsquo;accu quand ils commencent \u00e0 mourir ont leur r\u00e9sistance interne qui augmente.     <br>La m\u00e9thode pour mesurer cette r\u00e9sistance interne est de se servir  de la loi sur les g\u00e9n\u00e9rateurs de courant continu, la loi de Pouillet : <\/p>\n\n\n\n<h4 class=\"has-text-color has-text-align-center wp-block-heading\" style=\"color:#0071a1\"><strong> U = E &#8211; r x I  <\/strong><\/h4>\n\n\n\n<p>Le probl\u00e8me serait simple si tout \u00e9tait stable dans notre accu.  Mais l&rsquo;exp\u00e9rience l\u00e0 encore prouve que cette r\u00e9sistance interne varie l\u00e9g\u00e8rement en fonction de l&rsquo;\u00e9tat de charge de votre accu. Une  moyenne faite sur plusieurs mesures r\u00e9alis\u00e9es en d\u00e9but,  milieu et fin de d\u00e9charge de l&rsquo;accu sera plus r\u00e9aliste qu&rsquo;une  mesure en seul point (comme pour toute mesure d&rsquo;ailleurs).<\/p>\n\n\n\n<p>Le principe :        <\/p>\n\n\n\n<ul class=\"wp-block-list\"><li><strong>On mesure la tension \u00e0 vide de l&rsquo;accu (E) <\/strong><\/li><li><strong>On fait d\u00e9biter l&rsquo;accu en mesurant le courant de d\u00e9charge (I) et la tension de l&rsquo;accu en d\u00e9bit (U) <\/strong><\/li><\/ul>\n\n\n\n<p>On obtient alors la valeur de la r\u00e9sistance interne (r) :       <\/p>\n\n\n\n<h2 class=\"has-text-color has-text-align-center wp-block-heading\" style=\"color:#0071a1\"> r = ( E &#8211; U ) \/ I<\/h2>\n\n\n\n<p class=\"has-small-font-size\">      <em>  r en Ohms     <br>        E et U en Volts<br>        I en Amp\u00e8res   <\/em><\/p>\n\n\n\n<p>Cette m\u00e9thode vous donnera une bonne id\u00e9e de la valeur de votre r\u00e9sistance interne d&rsquo;accu. <br><strong>MAIS, il y a toujours un mais<\/strong>,  quand on parle de  r\u00e9sistance on ne prend en compte que la composante continue du courant  de d\u00e9charge. Sur les appels de courant provoqu\u00e9s par vos appareils, la  r\u00e9sistance interne de l&rsquo;accu ne se comportera pas tout \u00e0 fait de la m\u00eame  mani\u00e8re, car entreront en jeu les composantes selfiques et capacitives des  accus. Pour bien caract\u00e9riser la r\u00e9sistance interne,  en fait l&rsquo;imp\u00e9dance interne, de  votre accu il faudrait tout  prendre en compte. <br><strong>Les fabricants et les testeurs professionnels <\/strong>utilisent donc des syst\u00e8mes qui, si ils sont bas\u00e9s sur le m\u00eame principe que la mesure indiqu\u00e9e ci-dessus, <strong>r\u00e9alisent cette mesure sur un courant hach\u00e9 \u00e0 1000Hz.<\/strong><br>Ils font 1000 mesures par seconde en coupant en remettant en d\u00e9charge l&rsquo;accu autant de fois. <\/p>\n\n\n\n<p>On a alors une id\u00e9e beaucoup plus r\u00e9aliste de la valeur r\u00e9elle de la r\u00e9sistance interne de l&rsquo;accu.  <\/p>\n\n\n\n<p style=\"color:#0071a1\" class=\"has-text-color\"><strong><em>Attention si vous vous lancer dans des mesures de cette  r\u00e9sistance interne. On parle ici de milli-Ohms, il faut donc \u00eatre  extr\u00eamement        rigoureux au niveau des contacts, et des tailles de c\u00e2bles  utilis\u00e9s. Le moindre mauvais contact, la moindre r\u00e9sistance de ligne, peut multiplier par 10 (voire 100 pour le plomb et le Ni-Cd)  la valeur que vous lirez,  vous faisant consid\u00e9rer l&rsquo;accu HS  alors qu&rsquo;il n&rsquo;y est pour rien&#8230;. <\/em><\/strong><\/p>\n\n\n\n<h4 class=\"has-text-align-right wp-block-heading\"><br><br><a href=\"\/wpnicd\/index.php\/testez-vos-elements-au-nickel\/\">La suite >>><\/a><br><\/h4>\n\n\n\n<p><\/p>\n","protected":false},"excerpt":{"rendered":"<p>Comment mesurer la capacit\u00e9 d&rsquo;un accu La capacit\u00e9 d&rsquo;un accumulateur se mesure en \\\u00a0\u00bbAmp\u00e8re heure\\\u00a0\u00bb (Ah). C&rsquo;est une quantit\u00e9 d&rsquo;\u00e9lectricit\u00e9 qui est emmagasin\u00e9e dans l&rsquo;accu. Pour la mesurer il suffit de : faire d\u00e9biter \u00e0 l&rsquo;accu \u00e0 un courant constant (I) et de mesurer le temps (t) que mets l&rsquo;accu \u00e0 arriver \u00e0 sa valeur [&hellip;]<\/p>\n","protected":false},"author":1,"featured_media":0,"parent":0,"menu_order":0,"comment_status":"closed","ping_status":"closed","template":"","meta":{"footnotes":""},"class_list":["post-513","page","type-page","status-publish","hentry"],"_links":{"self":[{"href":"https:\/\/ni-cd.net\/wpnicd\/index.php\/wp-json\/wp\/v2\/pages\/513"}],"collection":[{"href":"https:\/\/ni-cd.net\/wpnicd\/index.php\/wp-json\/wp\/v2\/pages"}],"about":[{"href":"https:\/\/ni-cd.net\/wpnicd\/index.php\/wp-json\/wp\/v2\/types\/page"}],"author":[{"embeddable":true,"href":"https:\/\/ni-cd.net\/wpnicd\/index.php\/wp-json\/wp\/v2\/users\/1"}],"replies":[{"embeddable":true,"href":"https:\/\/ni-cd.net\/wpnicd\/index.php\/wp-json\/wp\/v2\/comments?post=513"}],"version-history":[{"count":5,"href":"https:\/\/ni-cd.net\/wpnicd\/index.php\/wp-json\/wp\/v2\/pages\/513\/revisions"}],"predecessor-version":[{"id":1316,"href":"https:\/\/ni-cd.net\/wpnicd\/index.php\/wp-json\/wp\/v2\/pages\/513\/revisions\/1316"}],"wp:attachment":[{"href":"https:\/\/ni-cd.net\/wpnicd\/index.php\/wp-json\/wp\/v2\/media?parent=513"}],"curies":[{"name":"wp","href":"https:\/\/api.w.org\/{rel}","templated":true}]}}