{"id":497,"date":"2019-11-12T23:43:53","date_gmt":"2019-11-12T23:43:53","guid":{"rendered":"https:\/\/testth.erfred.fr\/?page_id=497"},"modified":"2020-08-25T21:25:33","modified_gmt":"2020-08-25T21:25:33","slug":"delta-peak","status":"publish","type":"page","link":"https:\/\/ni-cd.net\/wpnicd\/index.php\/delta-peak\/","title":{"rendered":"Delta-peak"},"content":{"rendered":"\n<p class=\"has-text-align-center has-very-light-gray-color has-text-color has-background\" style=\"background-color:#0071a1\"><strong>DELTA PEAK &#8230; -dV\/dt &#8230; -DV &#8230; Delta V &#8230; <\/strong><\/p>\n\n\n\n<p class=\"has-text-align-center has-text-color\" style=\"color:#0071a1\">  <strong>Qu&rsquo;est ce qui se cache derri\u00e8re ces termes, \u00e0 quoi \u00e7a sert, <br>comment \u00e7a marche ?<\/strong><\/p>\n\n\n\n<p>Je vais aborder ici le sujet du delta peak. J&rsquo;ai r\u00e9diger ce texte \u00e0 la suite de            la question d&rsquo;un internaute me demandant si la valeur du delta peak devait \u00eatre multipli\u00e9e par le nombre d&rsquo;\u00e9l\u00e9ments d&rsquo;un pack. Donc avant de r\u00e9pondre je me suis attach\u00e9 \u00e0 expliquer exactement ce qu&rsquo;\u00e9tait ce -dV\/dt d&rsquo;o\u00f9 il provenait, a quoi il servait. <\/p>\n\n\n\n<p class=\"has-text-color\" style=\"color:#0071a1\"><strong>Ce ph\u00e9nom\u00e8ne ne concerne que les technologies Ni-Cd et Ni-MH<\/strong>,<br><em>les autres ne pr\u00e9sentent pas cette r\u00e9action. Voici les explications :<\/em><\/p>\n\n\n\n<p><strong>La premi\u00e8re chose qui est la base a admettre : <\/strong><br>Un accu Ni-Cd ou Ni-MH est Charg\u00e9 quand la d\u00e9riv\u00e9e de sa tension s&rsquo;annule.  <br><br>Voir les pages Ni-Cd et Ni-MH dans les pages th\u00e9orie ci-dessus.<br>B\u00e9mol pour le Ni-MH en courant faible, taux inf\u00e9rieur \u00e0 C\/5, o\u00f9 l\u00e0, la tension ne chute  pas en fin de charge.C&rsquo;est pour \u00e7a que ces taux de charge sont rarement utilis\u00e9s par les chargeurs  modernes. <\/p>\n\n\n\n<p><em>Rappel de math\u00e9matique :  La d\u00e9riv\u00e9e d&rsquo;une courbe en un point n&rsquo;est autre que le coefficient directeur  de la tangente \u00e0 la courbe en ce point. C&rsquo;est la pente de la tangente.  c&rsquo;est dV\/dt dans le cas de la charge d&rsquo;un accu.<\/em><\/p>\n\n\n\n<div class=\"wp-block-image\"><figure class=\"aligncenter size-large\"><img loading=\"lazy\" decoding=\"async\" width=\"300\" height=\"200\" src=\"https:\/\/ni-cd.net\/wpnicd\/wp-content\/uploads\/2019\/11\/babacharge.gif\" alt=\"\" class=\"wp-image-83\"\/><\/figure><\/div>\n\n\n\n<ul class=\"wp-block-list\"><li>Avant la fin de la charge la tension augmente, la d\u00e9riv\u00e9e est positive. <\/li><li> Lorsque l&rsquo;accu est charg\u00e9 pile poil  la tension n&rsquo;augmente plus : la d\u00e9riv\u00e9 devient nulle.  <\/li><li>Apr\u00e8s la fin de charge on commence \u00e0 passer en surcharge. Alors la tension  de l&rsquo;accu commence \u00e0 diminuer. La d\u00e9riv\u00e9 devient n\u00e9gative. <\/li><\/ul>\n\n\n\n<p class=\"has-text-color\" style=\"color:#0071a1\"><strong>Les quatre termes \\\u00a0\u00bbDelta Peak\\\u00a0\u00bb, \\\u00a0\u00bb-dV\/dt\\\u00a0\u00bb ou \\\u00a0\u00bbDV\\\u00a0\u00bb ou \\\u00a0\u00bbDelta V\\\u00a0\u00bb indiquent cette variation de la tension de l&rsquo;accu qui devient n\u00e9gative apr\u00e8s la fin de la charge. <\/strong><\/p>\n\n\n\n<p>Cherchant \u00e0 savoir ce qui provoque cette chute de tension, j&rsquo;ai pos\u00e9 la question \u00e0 plusieurs fabricants d&rsquo;accus, et voici ce qui m&rsquo;a \u00e9t\u00e9 r\u00e9pondu par la soci\u00e9t\u00e9 SAFT : <strong><em>Lors de la charge d&rsquo;accumulateurs alcalins (Ni-Cd ou Ni-MH),  il se produit en fin de charge une comp\u00e9tition (proximit\u00e9 des potentiels des couples \u00e9lectrochimiques)  entre la r\u00e9action d&rsquo;oxydation du Ni2+ en Ni3+ et la r\u00e9action d&rsquo;oxydation de l&rsquo;eau contenue  dans l\u2019\u00e9lectrolyte. La r\u00e9action d&rsquo;oxydation de l&rsquo;eau est exothermique, ce qui provoque une baisse de la r\u00e9sistance interne (R diminue quand T\u00b0 augmente) et par voie de cons\u00e9quence une chute de la tension (V = Eo +Ri en charge).<\/em><\/strong><br>Merci pour cette explication. <br><br> Bien s\u00fbr on ne s&#8217;emb\u00eate pas \u00e0 calculer exactement la d\u00e9riv\u00e9 de la courbe de tension en permanence.  On se contente de mesurer r\u00e9guli\u00e8rement la tension de l&rsquo;accu en charge et  lorsque cette mesure est inf\u00e9rieure d&rsquo;un certain DeltaV \u00e0 la mesure maximum on coupe la charge.<\/p>\n\n\n\n<p class=\"has-text-align-center has-very-light-gray-color has-text-color has-background\" style=\"background-color:#0071a1\">La valeur du DeltaV est d&rsquo;environ 15mV pour le Ni-Cd<br>mais de 8 mV pour le Ni-MH.  <\/p>\n\n\n\n<p>Maintenant pour comprendre  la valeur de ces seuils de -dV\/dt, il faut les replacer dans l&rsquo;histoire : <\/p>\n\n\n\n<p>Il y a quelques ann\u00e9es on ne disposait pas de composants \u00e9lectroniques            sp\u00e9cialis\u00e9s pour g\u00e9rer la charge du Ni-Cd. On stoppait la charge lorsque            l&rsquo;accu atteignait 1,45V en charge. M\u00eame le premier des composants            sp\u00e9cialis\u00e9s, le U2400B, utilisait le niveau de tension pour d\u00e9tecter la fin            de charge. Le probl\u00e8me est que, normalement ce seuil  varie en fonction du courant de charge, \u00e0 cause de la r\u00e9sistance interne. <\/p>\n\n\n\n<p>On a donc pensez utiliser la d\u00e9tection du changement de pente de la courbe en fin charge. Les composants modernes avaient fait des progr\u00e8s. Soucis, il est difficile de d\u00e9tecter juste le moment o\u00f9 la d\u00e9riv\u00e9e est nulle. Il \u00e9tait plus simple de d\u00e9tecter l&rsquo;inversion de la pente de la courbe. On mesure en permanence la tension. On m\u00e9morise la valeur max et d\u00e8s que la nouvelle mesure est inf\u00e9rieure au max d&rsquo;un certain dV : On stoppe la charge. Avec le Ni-Cd la pente \u00e9tait franche et un -dV franc de 15 \u00e0 20 mV            pouvait se d\u00e9tecter facilement. Il faut se rappeler que les convertisseurs            analogique-num\u00e9rique n&rsquo;\u00e9taient pas aussi pr\u00e9cis qu&rsquo;aujourd&rsquo;hui et co\u00fbtaient tr\u00e8s cher. Certains composants utilisent un d\u00e9rivateur. <\/p>\n\n\n\n<p>Lorsque sont apparus les accus Ni-MH sur le march\u00e9 grand public, il a fallu            revoir cette valeur. En effet la pente apr\u00e8s la fin de charge pour cette techno est bien plus faible. Et il faut que le composant puisse d\u00e9tecter un -dV de 8 \u00e0 10 mV pour voir la fin de charge. Cela demande aux composants            sp\u00e9cialis\u00e9s un peu plus de pr\u00e9cision. De plus cette technologie Ni-MH  ne            supporte pas la surcharge, donc il ne faut absolument pas rater la fin de            la charge.  <br>Pour le Ni-Cd ce n&rsquo;est alors plus un probl\u00e8me car si on d\u00e9tecte  10mV c&rsquo;est plus que largement suffisant pour voir la d\u00e9tection de fin de sa charge. <br>Mais si vous avez un syst\u00e8me qui peux mesurer un dV de 5mV voire 2mV il ne faut pas s&rsquo;en priver, c&rsquo;est encore mieux, mais c&rsquo;est plus cher.  <\/p>\n\n\n\n<div class=\"wp-block-image\"><figure class=\"aligncenter size-large\"><img loading=\"lazy\" decoding=\"async\" width=\"498\" height=\"297\" src=\"https:\/\/ni-cd.net\/wpnicd\/wp-content\/uploads\/2019\/11\/NiMH-NiCd-Chrg.gif\" alt=\"\" class=\"wp-image-145\"\/><\/figure><\/div>\n\n\n\n<p class=\"has-text-color\" style=\"color:#0071a1\"><strong>Il faut bien avoir \u00e0 l&rsquo;esprit que le but est de couper la charge au plus pr\u00e8s du sommet de la courbe de charge. Donc d\u00e9tecter au plus t\u00f4t la fin de charge pour \u00e9viter, autant que faire ce peu, la surcharge qui est cr\u00e9atrice            d&rsquo;effet m\u00e9moire pour les deux technos et destructrice pour le NiMH. <\/strong><\/p>\n\n\n\n<p>Aujourd&rsquo;hui certains composants offrent de d\u00e9tecter le d\u00b2V\/dt\u00b2 qui se  situe            un peu avant le dV\/dt = 0, pour diminuer le courant en fin de charge et limiter ainsi la  surcharge dans le laps de temps entre le sommet de la courbe et la d\u00e9tection du  -dV\/dt. <\/p>\n\n\n\n<p>Les chargeurs dernier cri \u00e0 base de \u00b5processeur s&rsquo;attachent \u00e0 d\u00e9tecter le            sommet de la courbe (dV\/dt = 0) pour arr\u00eater la charge au bon moment. <br>Donc comme vous pouvez le constater, tout le monde fait des efforts pour limiter au mieux le risque de surcharge. <\/p>\n\n\n\n<p>Et l\u00e0 certain se posent la question de savoir si il faut multiplier le dV par le nombre d&rsquo;\u00e9l\u00e9ments !!! ceci impose que l&rsquo;on  va retarder l&rsquo;\u00e9ch\u00e9ance de la coupure de la charge et donc multiplier le risque de surcharge.   <br>D\u00e9j\u00e0, avant de d\u00e9tecter -8mV certain \u00e9l\u00e9ments auront commencer \u00e0 voir leur  tension chut\u00e9 de peut \u00eatre 15mV, mais cette baisse sera encore compens\u00e9e par l&rsquo;ensemble des autres \u00e9l\u00e9ments qui seront toujours en hausse de tension de  par exemple 30mV sur le m\u00eame dt. Dans cet exemple on aura toujours un dV  positif et pourtant certains \u00e9l\u00e9ments seront d\u00e9j\u00e0 en surcharge. Et la  surcharge je le r\u00e9p\u00e8te c&rsquo;est pas bon pour les accus.            Voil\u00e0 pourquoi il ne faut pas multiplier le -dV par le nombre d&rsquo;\u00e9l\u00e9ments. <\/p>\n\n\n\n<p class=\"has-text-color\" style=\"color:#0071a1\"><strong>Donc je persiste et je signe, un -dV unique quelque soit le nombre d&rsquo;\u00e9l\u00e9ments du pack,<\/strong><br>et le -dV le plus petit possible voire z\u00e9ro quand c&rsquo;est possible&#8230;. <\/p>\n\n\n\n<p> Maintenant que vous avez tout compris vous pouvez continuer.<br><br><br><\/p>\n\n\n\n<h4 class=\"has-text-align-right wp-block-heading\"><a href=\"\/wpnicd\/index.php\/assemblage-des-batteries-au-plomb\/\">La suite &gt;&gt;&gt;<\/a><\/h4>\n\n\n\n<p><\/p>\n","protected":false},"excerpt":{"rendered":"<p>DELTA PEAK &#8230; -dV\/dt &#8230; -DV &#8230; Delta V &#8230; Qu&rsquo;est ce qui se cache derri\u00e8re ces termes, \u00e0 quoi \u00e7a sert, comment \u00e7a marche ? Je vais aborder ici le sujet du delta peak. J&rsquo;ai r\u00e9diger ce texte \u00e0 la suite de la question d&rsquo;un internaute me demandant si la valeur du delta peak [&hellip;]<\/p>\n","protected":false},"author":1,"featured_media":0,"parent":0,"menu_order":0,"comment_status":"closed","ping_status":"closed","template":"","meta":{"footnotes":""},"class_list":["post-497","page","type-page","status-publish","hentry"],"_links":{"self":[{"href":"https:\/\/ni-cd.net\/wpnicd\/index.php\/wp-json\/wp\/v2\/pages\/497"}],"collection":[{"href":"https:\/\/ni-cd.net\/wpnicd\/index.php\/wp-json\/wp\/v2\/pages"}],"about":[{"href":"https:\/\/ni-cd.net\/wpnicd\/index.php\/wp-json\/wp\/v2\/types\/page"}],"author":[{"embeddable":true,"href":"https:\/\/ni-cd.net\/wpnicd\/index.php\/wp-json\/wp\/v2\/users\/1"}],"replies":[{"embeddable":true,"href":"https:\/\/ni-cd.net\/wpnicd\/index.php\/wp-json\/wp\/v2\/comments?post=497"}],"version-history":[{"count":6,"href":"https:\/\/ni-cd.net\/wpnicd\/index.php\/wp-json\/wp\/v2\/pages\/497\/revisions"}],"predecessor-version":[{"id":1526,"href":"https:\/\/ni-cd.net\/wpnicd\/index.php\/wp-json\/wp\/v2\/pages\/497\/revisions\/1526"}],"wp:attachment":[{"href":"https:\/\/ni-cd.net\/wpnicd\/index.php\/wp-json\/wp\/v2\/media?parent=497"}],"curies":[{"name":"wp","href":"https:\/\/api.w.org\/{rel}","templated":true}]}}