{"id":495,"date":"2019-11-12T23:16:24","date_gmt":"2019-11-12T23:16:24","guid":{"rendered":"https:\/\/testth.erfred.fr\/?page_id=495"},"modified":"2020-08-25T21:24:02","modified_gmt":"2020-08-25T21:24:02","slug":"leffet-memoire","status":"publish","type":"page","link":"https:\/\/ni-cd.net\/wpnicd\/index.php\/leffet-memoire\/","title":{"rendered":"L&rsquo;effet m\u00e9moire"},"content":{"rendered":"\n<div class=\"wp-block-image\"><figure class=\"alignleft size-large\"><img loading=\"lazy\" decoding=\"async\" width=\"150\" height=\"133\" src=\"https:\/\/ni-cd.net\/wpnicd\/wp-content\/uploads\/2019\/11\/zozomemoir.gif\" alt=\"\" class=\"wp-image-183\"\/><\/figure><\/div>\n\n\n\n<p class=\"has-text-align-center\"><strong>Mythes et R\u00e9alit\u00e9s au sujet de <\/strong><\/p>\n\n\n\n<p class=\"has-text-align-center has-medium-font-size\"><strong>L&rsquo;effet m\u00e9moire<\/strong> : <\/p>\n\n\n\n<p class=\"has-text-align-center\">L<strong>a b\u00eate noire des utilisateurs de Ni-Cd !!!! <\/strong><\/p>\n\n\n\n<p class=\"has-text-align-left has-very-light-gray-background-color has-text-color has-background\" style=\"color:#0071a1\"><strong>Beaucoup de personnes le mettent en cause, sans toutefois vraiment le conna\u00eetre. Certains l&rsquo;ont vraiment constat\u00e9.<\/strong><\/p>\n\n\n\n<p class=\"has-very-light-gray-color has-text-color has-background\" style=\"background-color:#0071a1\"><strong>L&rsquo;effet m\u00e9moire est probablement le plus mal compris des probl\u00e8mes li\u00e9s \u00e0 l&rsquo;utilisation du Ni-Cd. <\/strong>  <\/p>\n\n\n\n<p>J&rsquo;ai trouv\u00e9 un article \u00ab\u00a0Batterie: difficile de trouver l&rsquo;harmonie\u00a0\u00bb    paru dans la revue Electronique N\u00b0 81 de mai 1998 qui fait le point sur les diff\u00e9rents types de batteries. Il y est question de l&rsquo;effet  m\u00e9moire, en voici l&rsquo;extrait : <\/p>\n\n\n\n<p class=\"has-text-color\" style=\"color:#0071a1\"><em><strong>\u00ab\u00a0Un bruit court sur un certain effet m\u00e9moire affectant le Ni-Cd. Il s&rsquo;agirait d&rsquo;un ph\u00e9nom\u00e8ne d&rsquo;oxydation due \u00e0 la tension d&rsquo;arr\u00eat d&rsquo;utilisation, engendrant une sorte de plateau dans la courbe de charge de l&rsquo;\u00e9l\u00e9ment. Le conseil est alors d&rsquo;effectuer r\u00e9guli\u00e8rement une d\u00e9charge compl\u00e8te. R\u00e9action imm\u00e9diate des fabricants de batteries, cet effet m\u00e9moire n&rsquo;est qu&rsquo;un argument marketing en faveur du Ni-MH. &lt;&lt; Dans les conditions normales d&rsquo;utilisation, il n&rsquo;a pas raison d&rsquo;\u00eatre, explique St\u00e9phane Jaud (SAFT), et de plus pourquoi incriminer plus le Ni-Cd que le Ni-MH?&gt;&gt;\u00a0\u00bb<\/strong><\/em>  <\/p>\n\n\n\n<p>Il est exact que le Ni-MH pr\u00e9sente aussi le ph\u00e9nom\u00e8ne \u00ab\u00a0d&rsquo;effet  m\u00e9moire\u00a0\u00bb. Mais les causes qui g\u00e9n\u00e8rent cet effet sont souvent  destructrices pour la techno Ni-MH alors qu&rsquo;elles le sont beaucoup moins  pour le Ni-Cd. Donc si vous voulez conserver longtemps vos Ni-MH il  faut leur appliquer des conditions de charges, qui font que les causes  qui g\u00e9n\u00e8rent l&rsquo;effet m\u00e9moire sont \u00e9vit\u00e9es. Voir ci-dessous pour les  d\u00e9tails.   <\/p>\n\n\n\n<p>J&rsquo;ai moi m\u00eame eu du mal \u00e0 d\u00e9couvrir ce qui se cachait r\u00e9ellement derri\u00e8re ce terme \u00ab\u00a0d&rsquo;effet m\u00e9moire\u00a0\u00bb. C&rsquo;est gr\u00e2ce a un  site de fabricant de camescope, bien sur, en anglais (<a href=\"http:\/\/www.antonbauer.com\">http:\/\/www.antonbauer.com<\/a>  )  que j&rsquo;ai eu les premi\u00e8res explications.  J&rsquo;ai pris un bon  mal de cr\u00e2ne a lire et relire l&rsquo;article, et je  vous transmets  ci-dessous ce que j&rsquo;y ai d\u00e9couvert et qui a \u00e9clair\u00e9 mes  incompr\u00e9hensions. <\/p>\n\n\n\n<p>Une autre source d&rsquo;inspiration : cet article (en anglais lui aussi) envoy\u00e9 par Daniel :      <a href=\"http:\/\/ni-cd.net\/nicddownload\/NA_Memory1.pdf\">NA_Memory1.pdf <\/a>(126Ko)<\/p>\n\n\n\n<p class=\"has-text-color\" style=\"color:#0071a1\"><strong>Alors voil\u00e0 une partie de la r\u00e9alit\u00e9 du mythe :<\/strong> <\/p>\n\n\n\n<p>Le  probl\u00e8me vient en fait de la confusion de deux ph\u00e9nom\u00e8nes totalement  distincts que l&rsquo;on a tout deux appel\u00e9s effets m\u00e9moire, du fait de la  similitude de leurs sympt\u00f4mes. Il y a le<strong> \u00ab\u00a0v\u00e9ritable effet m\u00e9moire\u00a0\u00bb<\/strong>, et le <strong>\u00ab\u00a0faux effet m\u00e9moire\u00a0\u00bb<\/strong> qui est en fait un probl\u00e8me de seuils de tensions. <\/p>\n\n\n\n<p class=\"has-very-light-gray-color has-text-color has-background\" style=\"background-color:#0071a1\">Le <strong>\u00ab\u00a0v\u00e9ritable effet m\u00e9moire\u00a0\u00bb<\/strong><\/p>\n\n\n\n<p>Le <strong>\u00ab\u00a0v\u00e9ritable effet m\u00e9moire\u00a0\u00bb<\/strong>  a \u00e9t\u00e9 observ\u00e9 en premier par la NASA sur leurs satellites en orbites  autour de la terre. Chaque jour le satellite passe par plusieurs phases  d&rsquo;\u00e9clairement ou d&rsquo;obscurit\u00e9. Ces phases on des dur\u00e9es parfaitement  identiques (tr\u00e8s important pour la suite). Les batteries du satellite  sont recharg\u00e9es pendant les phases de \u00ab\u00a0jour\u00a0\u00bb et d\u00e9charg\u00e9es pendant les  phases de \u00ab\u00a0nuit\u00a0\u00bb. <\/p>\n\n\n\n<p>Apr\u00e8s plusieurs de ces cycles de charges\/d\u00e9charges  partielles, les scientifiques ont remarqu\u00e9 que les batteries refusait de  d\u00e9livrer de l&rsquo;\u00e9nergie au del\u00e0 du point ou elles avaient l&rsquo;habitude  d&rsquo;\u00eatre d\u00e9charg\u00e9es (ce niveau \u00e9tant toujours le m\u00eame). En d&rsquo;autre terme  la batterie avait \u00ab\u00a0m\u00e9moris\u00e9\u00a0\u00bbun seuil de d\u00e9charge partiel habituel et  elle refusait de d\u00e9passer ce seuil. C&rsquo;est cette histoire qui a provoqu\u00e9  le mythe qu&rsquo;une batterie doit toujours \u00eatre compl\u00e8tement d\u00e9charg\u00e9e avant  d&rsquo;\u00eatre recharg\u00e9e pour \u00e9viter l'\u00a0\u00bbeffet m\u00e9moire\u00a0\u00bb et qui a donn\u00e9 le nom  d'\u00a0\u00bbeffet m\u00e9moire\u00a0\u00bb. <\/p>\n\n\n\n<p>En fait ce type d'\u00a0\u00bbeffet m\u00e9moire\u00a0\u00bb est extr\u00eamement  rare en pratique. Il ne prend effet que si les seuils de d\u00e9charges  partielles sont exactement les identiques \u00e0 chaque fois. Donc vous  pouvez estimer que vous ne le rencontrerez jamais. <\/p>\n\n\n\n<p class=\"has-very-light-gray-color has-text-color has-background\" style=\"background-color:#0071a1\">Le <strong>\u00ab\u00a0faux effet m\u00e9moire\u00a0\u00bb<\/strong>, <\/p>\n\n\n\n<p>Le <strong>\u00ab\u00a0faux effet m\u00e9moire\u00a0\u00bb<\/strong>,  en fait celui dont on parle le plus souvent, ne correspond ni \u00e0 une  perte de capacit\u00e9, ni au r\u00e9sultat de d\u00e9charges partielles successives.  C&rsquo;est en r\u00e9alit\u00e9 un probl\u00e8me de seuils de tensions ???<\/p>\n\n\n\n<p> Il est en fait  constat\u00e9 avec l&rsquo;utilisation d&rsquo;appareils divers et vari\u00e9s qui ont besoin  d&rsquo;un minimum de tension pour fonctionner. Ces appareils sont donc  \u00e9quip\u00e9s d&rsquo;une d\u00e9tection de tension (cut off) et s&rsquo;\u00e9teignent  automatiquement lorsque la tension de l&rsquo;accu passe en dessous du seuil  mini. Vous savez que la courbe de d\u00e9charge d&rsquo;un accu Ni-Cd (\u00e0 courant  mod\u00e9r\u00e9) pr\u00e9sente une forte baisse de tension au d\u00e9part puis un \u00ab\u00a0presque  plat\u00a0\u00bb \u00e0 1,2V\/\u00e9l sur la majorit\u00e9 du temps de d\u00e9charge, puis une avalanche  de la tension vers z\u00e9ro quand elle est vide. <\/p>\n\n\n\n<p><strong>Le premier cas<\/strong> qui peut  appara\u00eetre, heureusement assez rare, est que la batterie ne soit pas  tr\u00e8s bien adapt\u00e9e \u00e0 l&rsquo;appareil. Si le seuil du cut off est trop pr\u00e8s de  la tension nominale de l&rsquo;accu, il arrive que l&rsquo;appareil se coupe  automatiquement alors qu&rsquo;il reste encore de l&rsquo;\u00e9nergie dans l&rsquo;accu. Mais  l&rsquo;appareil ne peut pas utiliser cette \u00e9nergie car la tension est trop  faible. Vis \u00e0 vis de l&rsquo;utilisation cela peut appara\u00eetre comme une perte  d&rsquo;autonomie de l&rsquo;accu, mais c&rsquo;est un faux probl\u00e8me. <\/p>\n\n\n\n<p>Le second cas est  lui beaucoup plus sournois, et c&rsquo;est tr\u00e8s certainement celui qui est le  plus souvent mis en cause. Explication : Le \u00ab\u00a0faux effet m\u00e9moire\u00a0\u00bb peut  provenir d&rsquo;un \u00e9tat secondaire du couple Ni-Cd ou Ni-MH:o((<br>Tr\u00e8s simplement, lorsque une batterie compl\u00e8tement charg\u00e9e reste  connect\u00e9e \u00e0 son chargeur, lent ou rapide, apr\u00e8s la fin de charge, elle  re\u00e7oit un courant d&rsquo;entretien qui est sens\u00e9 compenser l&rsquo;auto d\u00e9charge.  Malheureusement au bout d&rsquo;un certain temps (comme le f\u00fbt du canon) ce  courant d&rsquo;entretien engendre une transformation graduelle de la  structure cristalline du couple Ni-Cd, en une nouvelle structure  d\u00e9grad\u00e9e. Alors que la tension nominale Ni-Cd est de 1,2 Volts\/\u00e9l\u00e9ment,  cette structure d\u00e9grad\u00e9e pr\u00e9sente une tension nominale plus basse \u00e0  environ 1,08 V\/\u00e9l. Le ph\u00e9nom\u00e8ne n&rsquo;est pas brutal mais progressif. On va  donc se retrouver avec des accus ayant une partie de structure normale  et une partie de structure d\u00e9grad\u00e9e. C&rsquo;est comme si il y avait deux  accus en un, une partie \u00e0 1,2V normale et une partie \u00e0 1,08V d\u00e9grad\u00e9e.  Lors de l&rsquo;utilisation, l&rsquo;\u00e9nergie sera en premier lieu pr\u00e9lev\u00e9e dans la  partie pr\u00e9sentant la plus haute tension et tout para\u00eetra normal. Lorsque  cette partie sera \u00e9puis\u00e9e, on viendra alors pr\u00e9lever dans la partie  d\u00e9grad\u00e9e de l&rsquo;accu, mais bien s\u00fbr alors le seuil de tension de l&rsquo;accu  passera de 1,2 \u00e0 1,08V brutalement. C&rsquo;est se changement qui cr\u00e9er un  palier (dont vous avez tr\u00e8s certainement entendu parler) dans la courbe  de d\u00e9charge de l&rsquo;accu.<br> On va se  retrouver alors comme dans le cas pr\u00e9c\u00e9dent, mais l\u00e0 c&rsquo;est la tension  nominale de l&rsquo;accu qui se sera rapproch\u00e9e du \u00ab\u00a0cut off\u00a0\u00bb de votre  appareil. Et si on passe en dessous (l\u00e0 c&rsquo;est souvent le cas) et bien  l&rsquo;appareil s&rsquo;arr\u00eate. L\u00e0 encore, vu de l&rsquo;utilisation, c&rsquo;est comme si on  avait une perte de capacit\u00e9 de l&rsquo;accu, alors que cette capacit\u00e9 est  toujours disponible mais avec une tension inf\u00e9rieure.<br>Alors on remet la batterie sur le chargeur, elle repasse en courant  d&rsquo;entretien et on alt\u00e8re encore le couple Ni-Cd et, et &#8230;&#8230;.C&rsquo;est de  pire en pire. En fait votre appareil ne vide jamais enti\u00e8rement votre  accu et vous augmentez en permanence la partie qui ne pourra pas \u00eatre  utilis\u00e9e. <\/p>\n\n\n\n<p>En r\u00e9alit\u00e9 cette structure alt\u00e9r\u00e9e est tout \u00e0   fait normal et  fait partie du fonctionnement de l&rsquo;accu. Heureusement il n&rsquo;est   pas  irr\u00e9versible. OUF! Si vous branchez votre batterie affect\u00e9e   du  probl\u00e8me sur un syst\u00e8me de d\u00e9charge (autre que l&rsquo;appareil qui l\u2019utilise  normalement) qui soit capable de la vider jusqu&rsquo;au seuil mini de     1V\/\u00e9l alors vous \u00e9liminerez cette partie de la capacit\u00e9   qui a une  mauvaise tension nominale. Saft indique m\u00eame dans sa documentation   de  court-circuiter les \u00e9l\u00e9ments \u00e0 l&rsquo;aide d&rsquo;une r\u00e9sistance   de 1 Ohm 3Watts  pendant 12 heures environ. ATTENTION ceci doit \u00eatre fait   par \u00e9l\u00e9ment  individuellement, c&rsquo;est tr\u00e8s important pour   la sauvegarde de  l&rsquo;\u00e9l\u00e9ment. Vous pourrez alors recharger votre   accu et il retrouvera  toute sa capacit\u00e9. <\/p>\n\n\n\n<p>C&rsquo;est dans ce cas que d\u00e9charger compl\u00e8tement une  batterie avant   de la recharger prend tout son sens et recolle le mythe  \u00e0 la r\u00e9alit\u00e9. Saft l\u00e0 encore annonce 1 d\u00e9charge profonde par an pour  un bon fonctionnement de l&rsquo;accu. <\/p>\n\n\n\n<p class=\"has-text-color\" style=\"color:#0071a1\"><strong>Voil\u00e0 j&rsquo;esp\u00e8re avoir \u00e9t\u00e9 assez clair,  et que ces quelques lignes vous permettrons de d\u00e9mystifier \u00ab\u00a0l&rsquo;effet  m\u00e9moire\u00a0\u00bb.<\/strong><br>Je veux tout de m\u00eame  attirer votre attention sur le fait qu&rsquo;il ne faut pas confondre l&rsquo;effet  m\u00e9moire avec le vieillissement de vos accus. Je pense que l&rsquo;effet  m\u00e9moire n&rsquo;est \u00e0 mettre en cause que si vous constatez une perte  \u00ab\u00a0soudaine\u00a0\u00bb de l&rsquo;autonomie de votre accu, sans raison particuli\u00e8re (  D\u00e9charge sauvage, Surcharge importante :o( . Si le probl\u00e8me vient de  l&rsquo;effet m\u00e9moire, un cycle d\u00e9charge compl\u00e8te plus charge doit permettre \u00e0  votre accu de retrouver toute son autonomie. Si ce n&rsquo;est pas le cas  c&rsquo;est que votre accu Nickel-Cadmium a du plomb (sans jeux de mot) dans  l&rsquo;aile.&nbsp;<\/p>\n\n\n\n<h4 class=\"has-text-align-right wp-block-heading\"><br><a href=\"\/wpnicd\/index.php\/la-capacite-de-vos-accus\/\">La suite &gt;&gt;&gt;<\/a><\/h4>\n\n\n\n<p><\/p>\n","protected":false},"excerpt":{"rendered":"<p>Mythes et R\u00e9alit\u00e9s au sujet de L&rsquo;effet m\u00e9moire : La b\u00eate noire des utilisateurs de Ni-Cd !!!! Beaucoup de personnes le mettent en cause, sans toutefois vraiment le conna\u00eetre. Certains l&rsquo;ont vraiment constat\u00e9. L&rsquo;effet m\u00e9moire est probablement le plus mal compris des probl\u00e8mes li\u00e9s \u00e0 l&rsquo;utilisation du Ni-Cd. J&rsquo;ai trouv\u00e9 un article \u00ab\u00a0Batterie: difficile de [&hellip;]<\/p>\n","protected":false},"author":1,"featured_media":0,"parent":0,"menu_order":0,"comment_status":"closed","ping_status":"closed","template":"","meta":{"footnotes":""},"class_list":["post-495","page","type-page","status-publish","hentry"],"_links":{"self":[{"href":"https:\/\/ni-cd.net\/wpnicd\/index.php\/wp-json\/wp\/v2\/pages\/495"}],"collection":[{"href":"https:\/\/ni-cd.net\/wpnicd\/index.php\/wp-json\/wp\/v2\/pages"}],"about":[{"href":"https:\/\/ni-cd.net\/wpnicd\/index.php\/wp-json\/wp\/v2\/types\/page"}],"author":[{"embeddable":true,"href":"https:\/\/ni-cd.net\/wpnicd\/index.php\/wp-json\/wp\/v2\/users\/1"}],"replies":[{"embeddable":true,"href":"https:\/\/ni-cd.net\/wpnicd\/index.php\/wp-json\/wp\/v2\/comments?post=495"}],"version-history":[{"count":5,"href":"https:\/\/ni-cd.net\/wpnicd\/index.php\/wp-json\/wp\/v2\/pages\/495\/revisions"}],"predecessor-version":[{"id":1525,"href":"https:\/\/ni-cd.net\/wpnicd\/index.php\/wp-json\/wp\/v2\/pages\/495\/revisions\/1525"}],"wp:attachment":[{"href":"https:\/\/ni-cd.net\/wpnicd\/index.php\/wp-json\/wp\/v2\/media?parent=495"}],"curies":[{"name":"wp","href":"https:\/\/api.w.org\/{rel}","templated":true}]}}