{"id":493,"date":"2019-11-12T22:43:39","date_gmt":"2019-11-12T22:43:39","guid":{"rendered":"https:\/\/testth.erfred.fr\/?page_id=493"},"modified":"2020-04-13T21:09:28","modified_gmt":"2020-04-13T21:09:28","slug":"les-dossiers-ni-cd-net","status":"publish","type":"page","link":"https:\/\/ni-cd.net\/wpnicd\/index.php\/les-dossiers-ni-cd-net\/","title":{"rendered":"Les dossiers ni-cd.net"},"content":{"rendered":"\n<p style=\"color:#0071a1\" class=\"has-text-color\"><strong>Voici plusieurs dossiers dont les sujets sont trop importants pour \u00eatre trait\u00e9s dans les FAQ , mais aussi trop volumineux pour rester dans les pages techniques qui y font r\u00e9f\u00e9rence.    <\/strong>         <\/p>\n\n\n\n<p><\/p>\n\n\n\n<p style=\"background-color:#0071a1\" class=\"has-text-color has-background has-very-light-gray-color\"><strong><a href=\"\/wpnicd\/index.php\/leffet-memoire\/\">L&rsquo;effet m\u00e9moire  <\/a><\/strong><\/p>\n\n\n\n<p>La r\u00e9alit\u00e9 du mythe de l&rsquo;effet m\u00e9moire. <\/p>\n\n\n\n<p><\/p>\n\n\n\n<p style=\"background-color:#0071a1\" class=\"has-text-color has-background has-very-light-gray-color\"><strong><a href=\"\/wpnicd\/index.php\/la-capacite-de-vos-accus\/\">La capacit\u00e9 de vos accus au Nickel  <\/a><\/strong><\/p>\n\n\n\n<p>Quelle est r\u00e9ellement la capacit\u00e9 de vos accus au Nickel ? Comment se mesure et se teste cette capacit\u00e9 ? <\/p>\n\n\n\n<p><\/p>\n\n\n\n<p style=\"background-color:#0071a1\" class=\"has-text-color has-background has-very-light-gray-color\"><strong><a href=\"\/wpnicd\/index.php\/delta-peak\/\">Delta Peak : La fin de charge des accus au Nickel  <\/a><\/strong><\/p>\n\n\n\n<p>Delta Peak, Delta V, DV, -DV, -dV\/dt : Tous ces termes d\u00e9signent le\n m\u00eame ph\u00e9nom\u00e8ne. C&rsquo;est la fin de charge d&rsquo;un accu au Nickel. Voici en \nd\u00e9tail se qui se passe r\u00e9ellement lors de cette fin de charge. <\/p>\n\n\n\n<p><\/p>\n\n\n\n<p style=\"background-color:#0071a1\" class=\"has-text-color has-background has-very-light-gray-color\"><a href=\"\/wpnicd\/index.php\/assemblage-des-batteries-au-plomb\/\"><strong>Assemblage des batteries au plomb <\/strong> <\/a><\/p>\n\n\n\n<p>Comment entretenir des batteries au plomb assembl\u00e9es en s\u00e9rie ou en paralelle ??? <br><\/p>\n\n\n\n<h4 class=\"has-text-align-right wp-block-heading\"><a href=\"\/wpnicd\/index.php\/leffet-memoire\/\">La suite >>><\/a><\/h4>\n","protected":false},"excerpt":{"rendered":"<p>Voici plusieurs dossiers dont les sujets sont trop importants pour \u00eatre trait\u00e9s dans les FAQ , mais aussi trop volumineux pour rester dans les pages techniques qui y font r\u00e9f\u00e9rence. L&rsquo;effet m\u00e9moire La r\u00e9alit\u00e9 du mythe de l&rsquo;effet m\u00e9moire. La capacit\u00e9 de vos accus au Nickel Quelle est r\u00e9ellement la capacit\u00e9 de vos accus au [&hellip;]<\/p>\n","protected":false},"author":1,"featured_media":0,"parent":0,"menu_order":0,"comment_status":"closed","ping_status":"closed","template":"","meta":{"footnotes":""},"class_list":["post-493","page","type-page","status-publish","hentry"],"_links":{"self":[{"href":"https:\/\/ni-cd.net\/wpnicd\/index.php\/wp-json\/wp\/v2\/pages\/493"}],"collection":[{"href":"https:\/\/ni-cd.net\/wpnicd\/index.php\/wp-json\/wp\/v2\/pages"}],"about":[{"href":"https:\/\/ni-cd.net\/wpnicd\/index.php\/wp-json\/wp\/v2\/types\/page"}],"author":[{"embeddable":true,"href":"https:\/\/ni-cd.net\/wpnicd\/index.php\/wp-json\/wp\/v2\/users\/1"}],"replies":[{"embeddable":true,"href":"https:\/\/ni-cd.net\/wpnicd\/index.php\/wp-json\/wp\/v2\/comments?post=493"}],"version-history":[{"count":3,"href":"https:\/\/ni-cd.net\/wpnicd\/index.php\/wp-json\/wp\/v2\/pages\/493\/revisions"}],"predecessor-version":[{"id":1310,"href":"https:\/\/ni-cd.net\/wpnicd\/index.php\/wp-json\/wp\/v2\/pages\/493\/revisions\/1310"}],"wp:attachment":[{"href":"https:\/\/ni-cd.net\/wpnicd\/index.php\/wp-json\/wp\/v2\/media?parent=493"}],"curies":[{"name":"wp","href":"https:\/\/api.w.org\/{rel}","templated":true}]}}