{"id":486,"date":"2019-11-12T22:37:44","date_gmt":"2019-11-12T22:37:44","guid":{"rendered":"https:\/\/testth.erfred.fr\/?page_id=486"},"modified":"2020-04-13T21:08:15","modified_gmt":"2020-04-13T21:08:15","slug":"lentretien-des-aq-lithium","status":"publish","type":"page","link":"https:\/\/ni-cd.net\/wpnicd\/index.php\/lentretien-des-aq-lithium\/","title":{"rendered":"L\u00b4entretien des AQ Lithium"},"content":{"rendered":"\n<p>Peu de donn\u00e9es, mais les principales :<\/p>\n\n\n\n<p>L\u00e0 encore plus d&rsquo;infos sur le site  de <a href=\"http:\/\/ygdes.com\"> Yann Guidon<\/a> .           <\/p>\n\n\n\n<p style=\"background-color:#0071a1\" class=\"has-text-color has-background has-very-light-gray-color\"><strong> Le Stockage <\/strong><\/p>\n\n\n\n<p>Le stockage (long terme et moyen terme) des accus Li-ion doit se faire \u00e0 une  temp\u00e9rature maximale de 15\u00b0c, et id\u00e9alement \u00e0 0\u00b0C. <br><br>Il est pr\u00e9f\u00e9rable de les entreposer avec 40% de capacit\u00e9 restante.<br>Pourquoi ? Parce que les \u00e9l\u00e9ments Li-ion embarquent de l&rsquo;\u00e9lectronique qui a besoin de rester aliment\u00e9e.           <\/p>\n\n\n\n<h4 class=\"has-text-align-right wp-block-heading\"><br><a href=\"\/wpnicd\/index.php\/les-dossiers-ni-cd-net\/\">La suite >>><\/a><\/h4>\n","protected":false},"excerpt":{"rendered":"<p>Peu de donn\u00e9es, mais les principales : L\u00e0 encore plus d&rsquo;infos sur le site de Yann Guidon . Le Stockage Le stockage (long terme et moyen terme) des accus Li-ion doit se faire \u00e0 une temp\u00e9rature maximale de 15\u00b0c, et id\u00e9alement \u00e0 0\u00b0C. Il est pr\u00e9f\u00e9rable de les entreposer avec 40% de capacit\u00e9 restante.Pourquoi ? [&hellip;]<\/p>\n","protected":false},"author":1,"featured_media":0,"parent":0,"menu_order":0,"comment_status":"closed","ping_status":"closed","template":"","meta":{"footnotes":""},"class_list":["post-486","page","type-page","status-publish","hentry"],"_links":{"self":[{"href":"https:\/\/ni-cd.net\/wpnicd\/index.php\/wp-json\/wp\/v2\/pages\/486"}],"collection":[{"href":"https:\/\/ni-cd.net\/wpnicd\/index.php\/wp-json\/wp\/v2\/pages"}],"about":[{"href":"https:\/\/ni-cd.net\/wpnicd\/index.php\/wp-json\/wp\/v2\/types\/page"}],"author":[{"embeddable":true,"href":"https:\/\/ni-cd.net\/wpnicd\/index.php\/wp-json\/wp\/v2\/users\/1"}],"replies":[{"embeddable":true,"href":"https:\/\/ni-cd.net\/wpnicd\/index.php\/wp-json\/wp\/v2\/comments?post=486"}],"version-history":[{"count":4,"href":"https:\/\/ni-cd.net\/wpnicd\/index.php\/wp-json\/wp\/v2\/pages\/486\/revisions"}],"predecessor-version":[{"id":1309,"href":"https:\/\/ni-cd.net\/wpnicd\/index.php\/wp-json\/wp\/v2\/pages\/486\/revisions\/1309"}],"wp:attachment":[{"href":"https:\/\/ni-cd.net\/wpnicd\/index.php\/wp-json\/wp\/v2\/media?parent=486"}],"curies":[{"name":"wp","href":"https:\/\/api.w.org\/{rel}","templated":true}]}}