{"id":484,"date":"2019-11-12T22:35:41","date_gmt":"2019-11-12T22:35:41","guid":{"rendered":"https:\/\/testth.erfred.fr\/?page_id=484"},"modified":"2020-04-13T21:07:39","modified_gmt":"2020-04-13T21:07:39","slug":"lentretien-des-aq-au-plomb","status":"publish","type":"page","link":"https:\/\/ni-cd.net\/wpnicd\/index.php\/lentretien-des-aq-au-plomb\/","title":{"rendered":"L\u00b4entretien des AQ au Plomb"},"content":{"rendered":"\n<p class=\"has-text-align-center\"><em>Texte \u00e9crit par Pierre-Jacques Poinot Chazel <\/em><\/p>\n\n\n\n<p style=\"background-color:#0071a1\" class=\"has-text-color has-background has-very-light-gray-color\"><strong>L&rsquo;ENTRETIEN COURANT :<\/strong><\/p>\n\n\n\n<p>Dans la mesure o\u00f9 vous le chargez et d\u00e9chargez a des temp\u00e9ratures raisonnables et en fonction sa capacit\u00e9, l&rsquo;accu au plomb n&rsquo;est pas tr\u00e8s exigeant. <br>Nettoyez bien les bornes avant de faire les connexions et une fois celles ci           r\u00e9alis\u00e9es enduisez le tout avec une graisse adapt\u00e9e. <br> V\u00e9rifiez environ tous les 6 mois la qualit\u00e9 de vos connexions, entre autres si           le serrage est correct. N&rsquo;oubliez pas que une r\u00e9sistance de contact trop \u00e9lev\u00e9e non contente d\u2019entra\u00eener un mauvais fonctionnement des appareils en aval cr\u00e9e un point chaud qui peut entra\u00eener un incendie.   <br>Lorsque vous rechargez une batterie au plomb, faites le toujours dans un local ouvert et sans faire d&rsquo;\u00e9tincelles \u00e0 proximit\u00e9. Voir au chapitre chimie les propri\u00e9t\u00e9s explosives du m\u00e9lange hydrog\u00e8ne-oxyg\u00e8ne !     <br>Si vous gardez une batterie en floating, pensez \u00e0 la faire travailler de temps en temps.   <br>Dix minutes par mois \u00e0 1\/5 de la capacit\u00e9 suffisent. Sinon, sans parler d&rsquo;effet m\u00e9moire, votre batterie ne vous fournira pas toute sa capacit\u00e9           au moment o\u00f9 vous la solliciterez et il faudra lui faire accomplir quelques cycles charge\/d\u00e9charge pour lui redonner le go\u00fbt du travail . <\/p>\n\n\n\n<p style=\"color:#0071a1\" class=\"has-text-color\"><strong><em>Plus sp\u00e9cialement pour les batteries ouvertes : <\/em><\/strong><\/p>\n\n\n\n<p>Veiller \u00e0 ce que l&rsquo;\u00e9lectrolyte recouvre toujours les plaques. Si celles ci ne sont pas visibles, il y a g\u00e9n\u00e9ralement un rep\u00e8re (plus ou moins \u00e9vident) signalant le niveau maximum \u00e0 ne pas d\u00e9passer . <br>Effectuer le compl\u00e9ment (si n\u00e9cessaire) lorsque la batterie est compl\u00e8tement recharg\u00e9e Ne rajouter que de l&rsquo;eau distill\u00e9e ou d\u00e9min\u00e9ralis\u00e9e et surtout pas de l\u2019\u00e9lectrolyte.  <\/p>\n\n\n\n<p>Seule l&rsquo;eau est consomm\u00e9e lors de la r\u00e9action, pas l&rsquo;acide ! <br><br><strong><em>Un conseil : <\/em><\/strong>lors de la recharge, si votre chargeur est de bonne qualit\u00e9,           il n&rsquo;est pas n\u00e9cessaire d&rsquo;ouvrir les bouchons ; normalement ils sont perc\u00e9s.           Si vous avez un doute, vous pouvez les d\u00e9visser mais sans les retirer de leur logement, \u00e7a vous \u00e9vitera des \u00e9claboussures d&rsquo;\u00e9lectrolyte. <br><strong><em>Un autre conseil :<\/em><\/strong> Le plomb c&rsquo;est lourd ! Pensez y lorsque vous manipulez des batteries. Une 7Ah \u00e7a va, une 80 ou 100Ah c&rsquo;est autre chose.   <\/p>\n\n\n\n<p style=\"background-color:#0071a1\" class=\"has-text-color has-background has-very-light-gray-color\"><strong>LE STOCKAGE <\/strong><\/p>\n\n\n\n<p>Pour le stockage des accus \u00e0 \u00e9lectrolyte liquide :<br> Si on vient de l&rsquo;acheter et qu&rsquo;il est sec avec l&rsquo;\u00e9lectrolyte dans une          bouteille s\u00e9par\u00e9e, le garder tel-quel sinon, le charger et le stocker charg\u00e9 dans une pi\u00e8ce temp\u00e9r\u00e9e et s\u00e8che et lui remettre un coup de chargeur tous les trimestres. <br>Il y a aussi une solution lourde utilis\u00e9e autrefois qui consiste \u00e0 charger l&rsquo;accu, ensuite vider l&rsquo;\u00e9lectrolyte (le filtrer si il y a du d\u00e9p\u00f4t) et le garder dans un r\u00e9cipient puis rincer plusieurs fois tous les \u00e9l\u00e9ments \u00e0 l&rsquo;eau distill\u00e9e, s\u00e9cher et boucher. A la remise en service, r\u00e9utiliser le m\u00eame \u00e9lectrolyte.  Franchement je ne recommande pas vu les manips avec          l&rsquo;acide sulfurique. Il faudrait vraiment stocker tr\u00e8s longtemps,je n&rsquo;ai          jamais essay\u00e9, et en plus je suis septique vis \u00e0 vis de l&rsquo;oxydation des plaques. <\/p>\n\n\n\n<p>Pour le stockage des accus \u00e0 \u00e9lectrolyte stabilis\u00e9, pas le choix, il faut les stocker charg\u00e9s et leur redonner un coup de chargeur tous les 6 mois. En fait c&rsquo;est un probl\u00e8me d&rsquo;auto d\u00e9charge en fonction de la temp\u00e9rature. Plus la temp\u00e9rature de stockage est faible (dans la limite du raisonnable bien sur), plus l&rsquo;auto-d\u00e9charge le sera : 6 mois c&rsquo;est pour une autod\u00e9charge de 25% \u00e0 20\u00b0C mais \u00e0 15\u00b0C les m\u00eames 25% prendront 15 mois et \u00e0 30\u00b0C 3 mois !  <\/p>\n\n\n\n<p style=\"background-color:#0071a1\" class=\"has-text-color has-background has-very-light-gray-color\"><strong>L&rsquo;ENTRETIEN DES ASSEMBLAGES DES BATTERIES EN PARALELLE OU EN SERIE <\/strong><\/p>\n\n\n\n<p>Voir le dossier sp\u00e9cial  <a href=\"\/wpnicd\/index.php\/assemblage-des-batteries-au-plomb\/\">ASSEMBLAGES DES BATTERIES AU PLOMB<\/a><br><br><\/p>\n\n\n\n<h4 class=\"has-text-align-right wp-block-heading\"><a href=\"\/wpnicd\/index.php\/lentretien-des-aq-lithium\/\">La suite >>><\/a><\/h4>\n","protected":false},"excerpt":{"rendered":"<p>Texte \u00e9crit par Pierre-Jacques Poinot Chazel L&rsquo;ENTRETIEN COURANT : Dans la mesure o\u00f9 vous le chargez et d\u00e9chargez a des temp\u00e9ratures raisonnables et en fonction sa capacit\u00e9, l&rsquo;accu au plomb n&rsquo;est pas tr\u00e8s exigeant. Nettoyez bien les bornes avant de faire les connexions et une fois celles ci r\u00e9alis\u00e9es enduisez le tout avec une graisse [&hellip;]<\/p>\n","protected":false},"author":1,"featured_media":0,"parent":0,"menu_order":0,"comment_status":"closed","ping_status":"closed","template":"","meta":{"footnotes":""},"class_list":["post-484","page","type-page","status-publish","hentry"],"_links":{"self":[{"href":"https:\/\/ni-cd.net\/wpnicd\/index.php\/wp-json\/wp\/v2\/pages\/484"}],"collection":[{"href":"https:\/\/ni-cd.net\/wpnicd\/index.php\/wp-json\/wp\/v2\/pages"}],"about":[{"href":"https:\/\/ni-cd.net\/wpnicd\/index.php\/wp-json\/wp\/v2\/types\/page"}],"author":[{"embeddable":true,"href":"https:\/\/ni-cd.net\/wpnicd\/index.php\/wp-json\/wp\/v2\/users\/1"}],"replies":[{"embeddable":true,"href":"https:\/\/ni-cd.net\/wpnicd\/index.php\/wp-json\/wp\/v2\/comments?post=484"}],"version-history":[{"count":4,"href":"https:\/\/ni-cd.net\/wpnicd\/index.php\/wp-json\/wp\/v2\/pages\/484\/revisions"}],"predecessor-version":[{"id":1308,"href":"https:\/\/ni-cd.net\/wpnicd\/index.php\/wp-json\/wp\/v2\/pages\/484\/revisions\/1308"}],"wp:attachment":[{"href":"https:\/\/ni-cd.net\/wpnicd\/index.php\/wp-json\/wp\/v2\/media?parent=484"}],"curies":[{"name":"wp","href":"https:\/\/api.w.org\/{rel}","templated":true}]}}