{"id":482,"date":"2019-11-12T22:28:47","date_gmt":"2019-11-12T22:28:47","guid":{"rendered":"https:\/\/testth.erfred.fr\/?page_id=482"},"modified":"2020-05-16T20:50:58","modified_gmt":"2020-05-16T20:50:58","slug":"lentretien-ni-cd-et-ni-mh","status":"publish","type":"page","link":"https:\/\/ni-cd.net\/wpnicd\/index.php\/lentretien-ni-cd-et-ni-mh\/","title":{"rendered":"L&rsquo;entretien Ni-Cd et Ni-MH"},"content":{"rendered":"\n<p>Avant tout un entretien correct de vos accus Ni-Cd et Ni-MH passe par un bon chargeur. La qualit\u00e9 de la charge conditionne la long\u00e9vit\u00e9 de vos accus.<\/p>\n\n\n\n<p style=\"color:#0071a1\" class=\"has-text-color\"><strong>La premi\u00e8re chose \u00e0 proscrire c&rsquo;est la surcharge et la seconde c&rsquo;est la surd\u00e9charge.<\/strong> <\/p>\n\n\n\n<p>          &#8211; <strong>Ne jamais d\u00e9charger un \u00e9l\u00e9ment en dessous de 1V (\u00e0 vide). <br>          &#8211; Un accu qui chauffe est en surcharge, c&rsquo;est mauvais pour le Ni-Cd et destructeur pour le NiMH <br><\/strong><\/p>\n\n\n\n<p style=\"background-color:#0071a1\" class=\"has-text-color has-background has-very-light-gray-color\"><strong>Stockage de longue dur\u00e9e :<\/strong><\/p>\n\n\n\n<p style=\"color:#0071a1\" class=\"has-text-color has-text-align-center\"><strong><em>Un \u00e9l\u00e9ment de batterie<\/em> Ni-Cd <em>doit \u00eatre stock\u00e9<\/em> D\u00e9charg\u00e9<\/strong>.     <br><strong><em>Un \u00e9l\u00e9ment de batterie<\/em> Ni-MH <em>doit \u00eatre stock\u00e9<\/em> Charg\u00e9<\/strong>.<\/p>\n\n\n\n<p>Mais ne m&rsquo;en demandez pas la raison&#8230;. J&rsquo;ai moi m\u00eame pos\u00e9 la question     \u00e0 des sp\u00e9cialistes. La seule r\u00e9ponse que j&rsquo;ai obtenue (par quelqu&rsquo;un de chez Saft) c&rsquo;est que ces principes sont le fruit de l&rsquo;exp\u00e9rience et de la constatation. Et donc pas d&rsquo;explication scientifique. :o((<br> Les \u00e9l\u00e9ments doivent \u00eatre stock\u00e9 dans un endroit temp\u00e9r\u00e9 et sec(65% d&rsquo;humidit\u00e9 +\/- 5%). M\u00eame si les     marges de temp\u00e9ratures de stockage sont g\u00e9n\u00e9ralement larges  ( &#8211; 20 et + 45 \u00b0C). Consultez les notices fabricants pour plus de pr\u00e9cision.<br>Vos accus stock\u00e9s doivent \u00eatre cycl\u00e9s tout les 6 mois au minimum.<br>Les \u00e9l\u00e9ments stock\u00e9s vont subir une autod\u00e9charge naturelle qui va certainement les ammener en dessous de la tension de 1 V, mais cette d\u00e9charge sera bien naturelle et non pas forc\u00e9e par un circuit ext\u00e9rieur donc moins dangereuse pour l&rsquo;accu. On admet une d\u00e9charge naturelle jusqu&rsquo;\u00e0 0,8V par \u00e9l\u00e9ment. En dessous il est possible de ne pas pouvoir r\u00e9cup\u00e9rer l&rsquo;\u00e9l\u00e9ment. Une m\u00e9thode sp\u00e9ciale doit alors \u00eatre appliqu\u00e9e pour essayer de r\u00e9cup\u00e9rer l&rsquo;\u00e9l\u00e9ment.<br><strong><em><a href=\"http:\/\/www.ni-cd.net\/accusphp\/pratique\/tests\/nicd.php\">M\u00e9thode de secours pour r\u00e9cup\u00e9rer un \u00e9l\u00e9ment &lt; 0,8 V apr\u00e8s un long stockage.<\/a> <\/em><\/strong><br>Par exemple, lorsque l&rsquo;on ach\u00e8te un accumulateur il pr\u00e9sente souvent      une tension d&rsquo;environ 0,8 V.<br>Les fabricants conseillent n\u00e9anmoins de limiter la d\u00e9charge naturelle     et de ne pas stocker des \u00e9l\u00e9ments plus de 6 mois sans leur faire     subir un cycle de charge et d\u00e9charge. J&rsquo;ai personnellement vu des \u00e9l\u00e9ments     rest\u00e9s d\u00e9charg\u00e9s plus d&rsquo;un an, reprendre une charge normale     au bout de deux ou trois cycles.<\/p>\n\n\n\n<div class=\"wp-block-image\"><figure class=\"aligncenter size-large\"><img loading=\"lazy\" decoding=\"async\" width=\"400\" height=\"263\" src=\"https:\/\/ni-cd.net\/wpnicd\/wp-content\/uploads\/2019\/11\/nicddchrg2-1.gif\" alt=\"\" class=\"wp-image-343\"\/><\/figure><\/div>\n\n\n\n<p style=\"background-color:#0071a1\" class=\"has-text-color has-background has-very-light-gray-color\"><strong>Stockage de courte dur\u00e9e<\/strong><\/p>\n\n\n\n<p><strong>Une batterie d&rsquo;accus charg\u00e9e conserve mieux sa capacit\u00e9 si\n    elle est stock\u00e9e au froid<\/strong> (\u00e0 environ 2 \u00e0 4\u00b0C).<br>\n    Votre r\u00e9frig\u00e9rateur conviendra tr\u00e8s bien pour conserver\n    les accus que vous avez charger en vue d&rsquo;une utilisation prochaine.<br>\n    Le froid freine l&rsquo;activit\u00e9 chimique des \u00e9l\u00e9ments. De ce\n    fait, l&rsquo;autod\u00e9charge naturelle se trouve limit\u00e9e et les accus\n    restent charg\u00e9s plus longtemps.<br>\n    <em><strong>Attention<\/strong>, pr\u00e9voir de remettre les \u00e9l\u00e9ments \u00e0\n    temp\u00e9rature ambiante au moins 4 heures avant de les utiliser, car un\n    accu froid a des performances amoindries par rapport au m\u00eame accu \u00e0\n    temp\u00e9rature ambiante.<\/em><\/p>\n\n\n\n<div class=\"wp-block-image\"><figure class=\"aligncenter size-large\"><img loading=\"lazy\" decoding=\"async\" width=\"400\" height=\"253\" src=\"https:\/\/ni-cd.net\/wpnicd\/wp-content\/uploads\/2019\/11\/nimhdchrg2-1.gif\" alt=\"\" class=\"wp-image-348\"\/><\/figure><\/div>\n\n\n\n<h4 class=\"has-text-align-right wp-block-heading\"><br><br><br><a href=\"\/wpnicd\/index.php\/lentretien-des-aq-au-plomb\/\">La suite &gt;&gt;&gt;<\/a><\/h4>\n\n\n\n<p><\/p>\n","protected":false},"excerpt":{"rendered":"<p>Avant tout un entretien correct de vos accus Ni-Cd et Ni-MH passe par un bon chargeur. La qualit\u00e9 de la charge conditionne la long\u00e9vit\u00e9 de vos accus. La premi\u00e8re chose \u00e0 proscrire c&rsquo;est la surcharge et la seconde c&rsquo;est la surd\u00e9charge. &#8211; Ne jamais d\u00e9charger un \u00e9l\u00e9ment en dessous de 1V (\u00e0 vide). &#8211; Un [&hellip;]<\/p>\n","protected":false},"author":1,"featured_media":0,"parent":0,"menu_order":0,"comment_status":"closed","ping_status":"closed","template":"","meta":{"footnotes":""},"class_list":["post-482","page","type-page","status-publish","hentry"],"_links":{"self":[{"href":"https:\/\/ni-cd.net\/wpnicd\/index.php\/wp-json\/wp\/v2\/pages\/482"}],"collection":[{"href":"https:\/\/ni-cd.net\/wpnicd\/index.php\/wp-json\/wp\/v2\/pages"}],"about":[{"href":"https:\/\/ni-cd.net\/wpnicd\/index.php\/wp-json\/wp\/v2\/types\/page"}],"author":[{"embeddable":true,"href":"https:\/\/ni-cd.net\/wpnicd\/index.php\/wp-json\/wp\/v2\/users\/1"}],"replies":[{"embeddable":true,"href":"https:\/\/ni-cd.net\/wpnicd\/index.php\/wp-json\/wp\/v2\/comments?post=482"}],"version-history":[{"count":6,"href":"https:\/\/ni-cd.net\/wpnicd\/index.php\/wp-json\/wp\/v2\/pages\/482\/revisions"}],"predecessor-version":[{"id":1384,"href":"https:\/\/ni-cd.net\/wpnicd\/index.php\/wp-json\/wp\/v2\/pages\/482\/revisions\/1384"}],"wp:attachment":[{"href":"https:\/\/ni-cd.net\/wpnicd\/index.php\/wp-json\/wp\/v2\/media?parent=482"}],"curies":[{"name":"wp","href":"https:\/\/api.w.org\/{rel}","templated":true}]}}