{"id":478,"date":"2019-11-12T22:17:49","date_gmt":"2019-11-12T22:17:49","guid":{"rendered":"https:\/\/testth.erfred.fr\/?page_id=478"},"modified":"2020-08-25T21:22:49","modified_gmt":"2020-08-25T21:22:49","slug":"les-aq-en-pratique","status":"publish","type":"page","link":"https:\/\/ni-cd.net\/wpnicd\/index.php\/les-aq-en-pratique\/","title":{"rendered":"Les AQ en pratique"},"content":{"rendered":"\n<p class=\"has-very-light-gray-color has-text-color has-background\" style=\"background-color:#0071a1\"><strong> La mise en \u0153uvre pratique de vos accus         <\/strong><\/p>\n\n\n\n<div class=\"wp-block-image\"><figure class=\"alignleft size-large\"><img loading=\"lazy\" decoding=\"async\" width=\"209\" height=\"184\" src=\"https:\/\/ni-cd.net\/wpnicd\/wp-content\/uploads\/2019\/11\/zozoentrtn.gif\" alt=\"\" class=\"wp-image-181\"\/><\/figure><\/div>\n\n\n\n<h4 class=\"wp-block-heading\"> Apr\u00e8s la th\u00e9orie passons \u00e0 la pratique&#8230;!! <\/h4>\n\n\n\n<p>Vous trouverez ci-dessous plusieurs rubriques qui vous  donneront les conseils de mise en \u0153uvre de vos accus. Que ce soit pour l&rsquo;entretien, les tests, les trucs et  astuces de c\u00e2blage, il  y a plein de choses.              La rubrique Dossiers fournis des pr\u00e9cisions ou des \u00e9tudes  approfondies sur des th\u00e8mes divers et vari\u00e9s. La rubrique de recyclage est elle la petite page verte  \u00e9colo de ce site qui vous dit ce que vous devez faire de vos accus quand  ils sont HS. Bonne plong\u00e9e dans cette rubrique En Pratique. <\/p>\n\n\n\n<ul class=\"wp-block-list\"><li><strong>  L\u00b4entretien de vos accus  <\/strong><br>Comment entretenir correctement vos accus pour leur assurer la meilleur long\u00e9vit\u00e9 ? <\/li><li>  <strong>Les dossiers pratiques du site ni-cd.net  <\/strong><br>Des points ou des sujet particuliers, qui m\u00e9ritent une page  sp\u00e9ciale, car un peu plus complexes et demandant plus d\u00b4explications :<br>Comparatif de technologies, effet m\u00e9moire, Delta Peak etc. <\/li><li><strong>  Trucs et astuces pour la r\u00e9alisation de vos packs et chargeurs  <\/strong><br>Concevoir, r\u00e9aliser vos batteries et vos chargeurs <\/li><li><strong>  Recycler vos accumulateurs morts  <\/strong><br>Ce qu\u00b4il faut faire de vos accus ou batteries HS : Il est interdit  de jeter des accus \u00e0 la poubelle. Tout ce qu\u00b4il faut savoir sur les  circuits de recyclage. <\/li><li><strong>  Tester vos batteries et accumulateur ou vos chargeurs  <\/strong><br>comment s\u00b4y prendre pour savoir si vos accus sont encore bons pour votre utilisation. <\/li><\/ul>\n\n\n\n<h4 class=\"has-text-align-right wp-block-heading\"><br><a href=\"\/wpnicd\/index.php\/lentretien\/\">La suite &gt;&gt;&gt;<\/a><\/h4>\n\n\n\n<p><\/p>\n","protected":false},"excerpt":{"rendered":"<p>La mise en \u0153uvre pratique de vos accus Apr\u00e8s la th\u00e9orie passons \u00e0 la pratique&#8230;!! Vous trouverez ci-dessous plusieurs rubriques qui vous donneront les conseils de mise en \u0153uvre de vos accus. Que ce soit pour l&rsquo;entretien, les tests, les trucs et astuces de c\u00e2blage, il y a plein de choses. La rubrique Dossiers fournis [&hellip;]<\/p>\n","protected":false},"author":1,"featured_media":0,"parent":0,"menu_order":0,"comment_status":"closed","ping_status":"closed","template":"","meta":{"footnotes":""},"class_list":["post-478","page","type-page","status-publish","hentry"],"_links":{"self":[{"href":"https:\/\/ni-cd.net\/wpnicd\/index.php\/wp-json\/wp\/v2\/pages\/478"}],"collection":[{"href":"https:\/\/ni-cd.net\/wpnicd\/index.php\/wp-json\/wp\/v2\/pages"}],"about":[{"href":"https:\/\/ni-cd.net\/wpnicd\/index.php\/wp-json\/wp\/v2\/types\/page"}],"author":[{"embeddable":true,"href":"https:\/\/ni-cd.net\/wpnicd\/index.php\/wp-json\/wp\/v2\/users\/1"}],"replies":[{"embeddable":true,"href":"https:\/\/ni-cd.net\/wpnicd\/index.php\/wp-json\/wp\/v2\/comments?post=478"}],"version-history":[{"count":4,"href":"https:\/\/ni-cd.net\/wpnicd\/index.php\/wp-json\/wp\/v2\/pages\/478\/revisions"}],"predecessor-version":[{"id":1524,"href":"https:\/\/ni-cd.net\/wpnicd\/index.php\/wp-json\/wp\/v2\/pages\/478\/revisions\/1524"}],"wp:attachment":[{"href":"https:\/\/ni-cd.net\/wpnicd\/index.php\/wp-json\/wp\/v2\/media?parent=478"}],"curies":[{"name":"wp","href":"https:\/\/api.w.org\/{rel}","templated":true}]}}