{"id":474,"date":"2019-11-12T22:08:39","date_gmt":"2019-11-12T22:08:39","guid":{"rendered":"https:\/\/testth.erfred.fr\/?page_id=474"},"modified":"2020-04-13T21:02:39","modified_gmt":"2020-04-13T21:02:39","slug":"la-theorie-lifepo4","status":"publish","type":"page","link":"https:\/\/ni-cd.net\/wpnicd\/index.php\/la-theorie-lifepo4\/","title":{"rendered":"La th\u00e9orie LiFePO4"},"content":{"rendered":"\n<p style=\"background-color:#0071a1\" class=\"has-text-color has-background has-very-light-gray-color\"><strong>Les accus au Lithium ion Phosphate de Fer <\/strong><\/p>\n\n\n\n<p>C&rsquo;est une des  technologies d&rsquo;accu de demain <br>Elle cumule les qualit\u00e9s du Li-ion, la souplesse du Ni-MH et la puissance du Plomb<br><br>Par contre les enjeux financiers \u00e9tant \u00e9normes autour de cette  nouvelle technologie il est tr\u00e8s difficile d&rsquo;obtenir des informations  techniques fiables. Voici ci-dessous ce que j&rsquo;ai pu obtenir.<br><br><strong>Tension nominale<\/strong> de l&rsquo;\u00e9l\u00e9ment: <strong>3,3V<\/strong><br><strong>Tension de charge : 3,6V<\/strong> (Charge \u00e0 tension constante)<br><strong>Courant de charge<\/strong> jusqu&rsquo;\u00e0 <strong>30C<\/strong> !<br><br><strong>Temps de charge<\/strong> pouvant \u00eatre tr\u00e8s court, de l&rsquo;ordre de <strong>30 minutes<\/strong>. Elle supporte le floating .<br><br> Cette nouvelle technologie a donc de tr\u00e8s nombreuses qualit\u00e9s : <br><\/p>\n\n\n\n<ul class=\"wp-block-list\"><li> Capacit\u00e9 pratique et th\u00e9orique \u00e9lev\u00e9e \/ forte capacit\u00e9 gamme en capacit\u00e9 allant 1,2Ah \u00e0 pr\u00e8s de 250Ah<\/li><li> Grande stabilit\u00e9 thermique des phases LiFePO4 jusqu&rsquo;\u00e0 70 \u00b0C . Pas\n de risque d&rsquo;explosion en cas de choc, de surcharge ou de court circuit.\n La g\u00e9n\u00e9ration de temp\u00e9rature interne \u00e9tant tr\u00e8s faible, il reste tr\u00e8s \nstable.<\/li><li> S\u00e9curit\u00e9 intrins\u00e8que accrue des batteries utilisant ce compos\u00e9 <\/li><li> Excellente dur\u00e9e de vie lors de cycles de charge-d\u00e9charge  (&gt; 5000 cycles charge\/d\u00e9charge)<\/li><li> Bon pour l&rsquo;environnement, ne contient aucun \u00e9l\u00e9ment toxique<\/li><li> Excellente long\u00e9vit\u00e9, de l&rsquo;ordre de 2000 cycles (charge\/d\u00e9charge) <\/li><li> Faible cout des mati\u00e8res premi\u00e8res, -50% par rapport au li-ion (Electrode en Phosphate de fer )<\/li><li> Plage de temp\u00e9rature de fonctionnant \u00e9tendue identique au li-ion (-20\u00b0C ; + 60\u00b0C) <\/li><li> Temps de charge pouvant \u00eatre tr\u00e8s court, de l&rsquo;ordre de 30 minutes<\/li><li> Supporte le floating (charge permanente)<\/li><li> Circuit de protection tr\u00e8s soft<\/li><\/ul>\n\n\n\n<h4 class=\"has-text-align-right wp-block-heading\"><br><a href=\"\/wpnicd\/index.php\/theories-des-piles-alcalines\/\">La suite >>><\/a><\/h4>\n","protected":false},"excerpt":{"rendered":"<p>Les accus au Lithium ion Phosphate de Fer C&rsquo;est une des technologies d&rsquo;accu de demain Elle cumule les qualit\u00e9s du Li-ion, la souplesse du Ni-MH et la puissance du Plomb Par contre les enjeux financiers \u00e9tant \u00e9normes autour de cette nouvelle technologie il est tr\u00e8s difficile d&rsquo;obtenir des informations techniques fiables. Voici ci-dessous ce que [&hellip;]<\/p>\n","protected":false},"author":1,"featured_media":0,"parent":0,"menu_order":0,"comment_status":"closed","ping_status":"closed","template":"","meta":{"footnotes":""},"class_list":["post-474","page","type-page","status-publish","hentry"],"_links":{"self":[{"href":"https:\/\/ni-cd.net\/wpnicd\/index.php\/wp-json\/wp\/v2\/pages\/474"}],"collection":[{"href":"https:\/\/ni-cd.net\/wpnicd\/index.php\/wp-json\/wp\/v2\/pages"}],"about":[{"href":"https:\/\/ni-cd.net\/wpnicd\/index.php\/wp-json\/wp\/v2\/types\/page"}],"author":[{"embeddable":true,"href":"https:\/\/ni-cd.net\/wpnicd\/index.php\/wp-json\/wp\/v2\/users\/1"}],"replies":[{"embeddable":true,"href":"https:\/\/ni-cd.net\/wpnicd\/index.php\/wp-json\/wp\/v2\/comments?post=474"}],"version-history":[{"count":4,"href":"https:\/\/ni-cd.net\/wpnicd\/index.php\/wp-json\/wp\/v2\/pages\/474\/revisions"}],"predecessor-version":[{"id":1303,"href":"https:\/\/ni-cd.net\/wpnicd\/index.php\/wp-json\/wp\/v2\/pages\/474\/revisions\/1303"}],"wp:attachment":[{"href":"https:\/\/ni-cd.net\/wpnicd\/index.php\/wp-json\/wp\/v2\/media?parent=474"}],"curies":[{"name":"wp","href":"https:\/\/api.w.org\/{rel}","templated":true}]}}