{"id":443,"date":"2019-11-11T16:27:54","date_gmt":"2019-11-11T16:27:54","guid":{"rendered":"https:\/\/testth.erfred.fr\/?page_id=443"},"modified":"2020-04-13T20:59:34","modified_gmt":"2020-04-13T20:59:34","slug":"les-conditions-dutilisation-des-aq-au-lithium","status":"publish","type":"page","link":"https:\/\/ni-cd.net\/wpnicd\/index.php\/les-conditions-dutilisation-des-aq-au-lithium\/","title":{"rendered":"Les conditions d&rsquo;utilisation des AQ au Lithium"},"content":{"rendered":"\n<p style=\"background-color:#0071a1\" class=\"has-text-color has-background has-text-align-center has-medium-font-size has-very-light-gray-color\"><strong>Faites attention, je le r\u00e9p\u00e8te <br>les \u00e9l\u00e9ments au Lithium peuvent \u00eatre dangereux<\/strong>.<\/p>\n\n\n\n<p>Il est difficile de trouver des accumulateurs <strong>Li-ion<\/strong> individuels dans le commerce. Ces \u00e9l\u00e9ments sont g\u00e9n\u00e9ralement vendus mont\u00e9s en batteries et <strong>\u00e9quip\u00e9s d&rsquo;un circuit \u00e9lectronique de protection qui vous \u00e9vitera de prendre l&rsquo;\u00e9lectrolyte en pleine figure&#8230; <\/strong><\/p>\n\n\n\n<div class=\"wp-block-image\"><figure class=\"alignright\"><img loading=\"lazy\" decoding=\"async\" width=\"320\" height=\"240\" src=\"https:\/\/testth.erfred.fr\/wp-content\/uploads\/2019\/11\/fire_1small.jpg\" alt=\"\" class=\"wp-image-339\" srcset=\"https:\/\/ni-cd.net\/wpnicd\/wp-content\/uploads\/2019\/11\/fire_1small.jpg 320w, https:\/\/ni-cd.net\/wpnicd\/wp-content\/uploads\/2019\/11\/fire_1small-300x225.jpg 300w\" sizes=\"(max-width: 320px) 100vw, 320px\" \/><\/figure><\/div>\n\n\n\n<p>Par contre dans le domaine du mod\u00e9lisme notamment on trouve des \u00e9l\u00e9ments <strong>Li-po<\/strong> au d\u00e9tail, et g\u00e9n\u00e9ralement ces \u00e9l\u00e9ments sont bruts sans aucune protection. <strong>En cas de forte surcharge ou de choc important, ils s&rsquo;enflamment brutalement <\/strong>: <a class=\" \" href=\"http:\/\/erfred.free.fr\/accusphp\/document\/LithiumBattery.wmv\"> Regardez cette vid\u00e9o&#8230;<\/a>  (5Mo)<\/p>\n\n\n\n<p>Certains vous soutiendront qu&rsquo;ils n&rsquo;ont jamais vu d&rsquo;accident de ce genre, tant mieux pour eux. <\/p>\n\n\n\n<p>je vous propose juste la visite de ce site <a href=\"http:\/\/www.laureanno.com\/RC\/fire-pics.htm\">Lipo Warning<\/a> qui, outre les pr\u00e9cautions \u00e0 prendre, pr\u00e9sente quelques  photos d&rsquo;incidents, qui pour certains ont d\u00fb co\u00fbter assez cher \u00e0 leurs  victimes.<\/p>\n\n\n\n<p><strong>Il convient donc de recharger vos accus Li-po sur (voire dans ) un support ininflammable.<\/strong>  La cocotte en pirex ou les pots de fleur en terre cuite  semblent aujourd&rsquo;hui tr\u00e8s utilis\u00e9s. On trouve dans le commerce des <a href=\"\/wpnicd\/index.php\/accessoires-divers\/#matsecurite\">valises anti-feux <\/a> et des <a href=\"\/wpnicd\/index.php\/accessoires-divers\/#matsecurite\">sacs ignifug\u00e9s<\/a>  .<br>Un radiomod\u00e9liste am\u00e9ricain a effectu\u00e9 des tests pour analyser  la r\u00e9action d&rsquo;inflammation et a test\u00e9 plusieurs conteneurs de charge. Le parpaing en b\u00e9ton recouvert d&rsquo;un  sachet plastique contenant du sable semble, pour lui, la protection la  plus efficace.           Le sachet fond au contact de la flamme le sable tombe sur  l&rsquo;accu et \u00e9touffe le feu. <br>Voici les liens des vid\u00e9os des tests effectu\u00e9s : <\/p>\n\n\n\n<ul class=\"wp-block-list\"><li><a href=\"http:\/\/www.utahflyers.org\/video-mainmenu-28\/16-lipo-safety\/21-lipo-fires-1\">http:\/\/www.utahflyers.org\/video-mainmenu-28\/16-lipo-safety\/21-lipo-fires-1<\/a><\/li><li><a href=\"http:\/\/www.utahflyers.org\/video-mainmenu-28\/16-lipo-safety\/22-lipo-fires-2\">http:\/\/www.utahflyers.org\/video-mainmenu-28\/16-lipo-safety\/22-lipo-fires-2<\/a><\/li><li><a href=\"http:\/\/www.utahflyers.org\/video-mainmenu-28\/16-lipo-safety\/23-lipo-fires-3\">http:\/\/www.utahflyers.org\/video-mainmenu-28\/16-lipo-safety\/23-lipo-fires-3<\/a><\/li><\/ul>\n\n\n\n<p style=\"color:#0071a1\" class=\"has-text-color has-text-align-center\">Il ne faut pas trop psychoter non plus, <br><u>si vous prenez les pr\u00e9cautions de bases :<\/u><\/p>\n\n\n\n<ul class=\"wp-block-list\"><li>Utiliser un chargeur adapt\u00e9 avec au besoin un  \u00e9quilibreur genre <a href=\"\/wpnicd\/index.php\/chargeur-pour-aq-au-lithium\/#liposave\">Liposave<\/a>, <\/li><li>ne pas surchargez vos accus <\/li><li>ne pas les laissez pas sans surveillance pendant leur charge, <\/li><\/ul>\n\n\n\n<p style=\"color:#0071a1\" class=\"has-text-color has-text-align-center\">Il n&rsquo;y a normalement pas de risque.<\/p>\n\n\n\n<p>            Les sacs ignifug\u00e9s  restent malgr\u00e9 tout des mat\u00e9riels s\u00e9curisants car ils pourront servir \u00e0  la charge au transport et au stockage, pour un co\u00fbt malgr\u00e9 tout modique  face aux risques potentiels. <\/p>\n\n\n\n<p style=\"background-color:#0071a1\" class=\"has-text-color has-background has-very-light-gray-color\"><strong>La dur\u00e9e de vie d&rsquo;un accu au Lithium d\u00e9pend de deux param\u00e8tres.<\/strong><\/p>\n\n\n\n<p><strong>Le premier est l&rsquo;\u00e2ge de l&rsquo;\u00e9l\u00e9ment.<\/strong> <br>Contrairement aux autres technologies, c&rsquo;est le param\u00e8tre  principal. Confirm\u00e9 par l&rsquo;exp\u00e9rience de nombreux utilisateurs<\/p>\n\n\n\n<p style=\"color:#0071a1\" class=\"has-text-color has-text-align-center\"><strong>L&rsquo;esp\u00e9rance de vie d&rsquo;un accu au Lithium est de 2 \u00e0 3 ans<\/strong> <br> <span style=\"font-size:12px;\"> apr\u00e8s leur date de fabrication. <\/span> <\/p>\n\n\n\n<p>C&rsquo;est peu pour des accus d&rsquo;un prix somme toute non n\u00e9gligeable. Ceci est d\u00fb au vieillissement de l&rsquo;\u00e9lectrolyte, un peu comme si l&rsquo;accu \u00ab\u00a0s\u00e9chait\u00a0\u00bb&#8230; <\/p>\n\n\n\n<p><strong>Le second param\u00e8tre<\/strong> <br>est comme pour les autres technos <strong>le nombre de cycles<\/strong> de charges et d\u00e9charges. Pour l&rsquo;instant il y a une certaine diff\u00e9rence entre les deux principales techno Lithium :                        <\/p>\n\n\n\n<ul class=\"wp-block-list\"><li><strong>Li-ion =&gt; 500 \u00e0 1000 cycles<\/strong><\/li><li><strong>Li-po  =&gt; 200 \u00e0 300 cycles <\/strong>            <\/li><\/ul>\n\n\n\n<p>Le nombre de cycles d\u00e9pendra forc\u00e9ment des conditions de charge et de d\u00e9charge, de la fa\u00e7on dont vous aller chouchouter vos \u00e9l\u00e9ments :<\/p>\n\n\n\n<p>Donc l\u00e0 encore comme pour les autres technologies il y a des pr\u00e9cautions minimales \u00e0 prendre pour garantir \u00e0 votre accu la meilleure dur\u00e9e de vie et vous \u00e9viter, \u00e0 vous, tout incident :<\/p>\n\n\n\n<p style=\"color:#0071a1\" class=\"has-text-color has-background has-text-align-center has-medium-font-size has-very-light-gray-background-color\"><strong>&#8211; Ne jamais d\u00e9charger en dessous <\/strong><br><strong>du seuil minimum de tension de 2,5V<br>&#8211; Ne jamais surcharger les accus<\/strong><\/p>\n\n\n\n<p>De pr\u00e9f\u00e9rence utilisez, si il y en a un, le chargeur qui a \u00e9t\u00e9 fourni avec votre accumulateur. A d\u00e9faut utilisez un chargeur \u00e0 r\u00e9glage manuel du nombre d&rsquo;\u00e9l\u00e9ments et \u00e0 r\u00e9gulation de tension ET de courant. Evitez les charges trop rapides,<u> <a href=\"\/wpnicd\/index.php\/la-faq\/#cquoic\">C\/2<\/a> est suffisant et <strong><em>surtout ne d\u00e9passez pas le taux de <a href=\"\/wpnicd\/index.php\/la-faq\/#cquoic\">1C<\/a>.<\/em><\/strong><\/u><\/p>\n\n\n\n<p style=\"background-color:#0071a1\" class=\"has-text-color has-background has-very-light-gray-color\"><strong>Stockage des accus au Lithium<\/strong><\/p>\n\n\n\n<p><strong>Les accus au Lithium se stockent<\/strong> \u00e0 un taux d&rsquo;environ <strong>40% de capacit\u00e9 restante<\/strong>, pour garder de quoi alimenter le circuit de protection interne.            Le stockage se fera de pr\u00e9f\u00e9rence au frais sec.<\/p>\n\n\n\n<p style=\"background-color:#0071a1\" class=\"has-text-color has-background has-very-light-gray-color\"><strong>Les Temp\u00e9ratures de fonctionnement<\/strong><\/p>\n\n\n\n<p> Les accus au Lithium fonctionnent correctement sur toute leur plage de temp\u00e9rature allant <strong>g\u00e9n\u00e9ralement de -20\u00b0C \u00e0 +60\u00b0C.<\/strong><\/p>\n\n\n\n<p>Evitez malgr\u00e9 tout les charges par temp\u00e9rature inf\u00e9rieure            \u00e0 0\u00b0C et sup\u00e9rieure \u00e0 45\u00b0C. Il y a un risque de placage de Lithium sur les \u00e9lectrodes            qui peut rendre l&rsquo;accu instable. <\/p>\n\n\n\n<p style=\"color:#0071a1\" class=\"has-text-color has-text-align-center\"><strong><em>Dans tous les cas pr\u00e9f\u00e9rez une charge \u00e0 20\u00b0C.<\/em><\/strong><\/p>\n\n\n\n<p style=\"background-color:#0071a1\" class=\"has-text-color has-background has-very-light-gray-color\"><strong>Les pr\u00e9cautions d&rsquo;utilisations de base<\/strong><\/p>\n\n\n\n<ul class=\"wp-block-list\"><li><strong>Ne jamais surcharger un \u00e9l\u00e9ment<\/strong> <\/li><li><strong>Ne pas laisser un accu en charge sans surveillance<\/strong> <\/li><li><strong>Ne pas poser un accu en charge sur une surface conductrice<\/strong> <\/li><li><strong>Ne pas stocker les batteries en vrac<\/strong> <\/li><li><strong>Charger les accus Li-po sur des supports r\u00e9sistant aux  hautes temp\u00e9ratures (un pot de fleur en terre cuite convient tr\u00e8s bien,  ou un \u00ab\u00a0<a href=\"\/wpnicd\/index.php\/accessoires-divers\/#matsecurite\">Liposack<\/a> \u00ab\u00a0)<\/strong> <\/li><li><strong>Ne pas r\u00e9utiliser et bien surveiller un accu Li-po ayant subi un choc important (risque de court-circuit interne)<\/strong> <\/li><li><strong>Ne jamais court-circuiter un accu<\/strong> <\/li><li><strong>Ne pas exposer les \u00e9l\u00e9ments \u00e0 une source de chaleur importante<\/strong> <\/li><\/ul>\n\n\n\n<div class=\"wp-block-image\"><figure class=\"alignleft is-resized\"><img loading=\"lazy\" decoding=\"async\" src=\"https:\/\/testth.erfred.fr\/wp-content\/uploads\/2019\/11\/battpow-1.jpg\" alt=\"\" class=\"wp-image-384\" width=\"276\" height=\"198\" srcset=\"https:\/\/ni-cd.net\/wpnicd\/wp-content\/uploads\/2019\/11\/battpow-1.jpg 320w, https:\/\/ni-cd.net\/wpnicd\/wp-content\/uploads\/2019\/11\/battpow-1-300x216.jpg 300w\" sizes=\"(max-width: 276px) 100vw, 276px\" \/><\/figure><\/div>\n\n\n\n<div class=\"wp-block-image\"><figure class=\"alignright is-resized\"><img loading=\"lazy\" decoding=\"async\" src=\"https:\/\/testth.erfred.fr\/wp-content\/uploads\/2019\/11\/dead-1.jpg\" alt=\"\" class=\"wp-image-397\" width=\"286\" height=\"222\" srcset=\"https:\/\/ni-cd.net\/wpnicd\/wp-content\/uploads\/2019\/11\/dead-1.jpg 320w, https:\/\/ni-cd.net\/wpnicd\/wp-content\/uploads\/2019\/11\/dead-1-300x233.jpg 300w\" sizes=\"(max-width: 286px) 100vw, 286px\" \/><\/figure><\/div>\n\n\n\n<h2 class=\"wp-block-heading\"><br><br><br><br><br><br><br><br><br><br><\/h2>\n\n\n\n<h4 class=\"has-text-align-right wp-block-heading\"><a href=\"\/wpnicd\/index.php\/la-theorie-lifepo4\/\">La suite >>><\/a><\/h4>\n\n\n\n<p><\/p>\n","protected":false},"excerpt":{"rendered":"<p>Faites attention, je le r\u00e9p\u00e8te les \u00e9l\u00e9ments au Lithium peuvent \u00eatre dangereux. Il est difficile de trouver des accumulateurs Li-ion individuels dans le commerce. Ces \u00e9l\u00e9ments sont g\u00e9n\u00e9ralement vendus mont\u00e9s en batteries et \u00e9quip\u00e9s d&rsquo;un circuit \u00e9lectronique de protection qui vous \u00e9vitera de prendre l&rsquo;\u00e9lectrolyte en pleine figure&#8230; Par contre dans le domaine du mod\u00e9lisme [&hellip;]<\/p>\n","protected":false},"author":1,"featured_media":0,"parent":0,"menu_order":0,"comment_status":"closed","ping_status":"closed","template":"","meta":{"footnotes":""},"class_list":["post-443","page","type-page","status-publish","hentry"],"_links":{"self":[{"href":"https:\/\/ni-cd.net\/wpnicd\/index.php\/wp-json\/wp\/v2\/pages\/443"}],"collection":[{"href":"https:\/\/ni-cd.net\/wpnicd\/index.php\/wp-json\/wp\/v2\/pages"}],"about":[{"href":"https:\/\/ni-cd.net\/wpnicd\/index.php\/wp-json\/wp\/v2\/types\/page"}],"author":[{"embeddable":true,"href":"https:\/\/ni-cd.net\/wpnicd\/index.php\/wp-json\/wp\/v2\/users\/1"}],"replies":[{"embeddable":true,"href":"https:\/\/ni-cd.net\/wpnicd\/index.php\/wp-json\/wp\/v2\/comments?post=443"}],"version-history":[{"count":10,"href":"https:\/\/ni-cd.net\/wpnicd\/index.php\/wp-json\/wp\/v2\/pages\/443\/revisions"}],"predecessor-version":[{"id":1302,"href":"https:\/\/ni-cd.net\/wpnicd\/index.php\/wp-json\/wp\/v2\/pages\/443\/revisions\/1302"}],"wp:attachment":[{"href":"https:\/\/ni-cd.net\/wpnicd\/index.php\/wp-json\/wp\/v2\/media?parent=443"}],"curies":[{"name":"wp","href":"https:\/\/api.w.org\/{rel}","templated":true}]}}