{"id":440,"date":"2019-11-11T16:26:56","date_gmt":"2019-11-11T16:26:56","guid":{"rendered":"https:\/\/testth.erfred.fr\/?page_id=440"},"modified":"2020-04-13T20:56:24","modified_gmt":"2020-04-13T20:56:24","slug":"la-decharge-des-aq-au-lithium","status":"publish","type":"page","link":"https:\/\/ni-cd.net\/wpnicd\/index.php\/la-decharge-des-aq-au-lithium\/","title":{"rendered":"La d\u00e9charge des AQ au Lithium"},"content":{"rendered":"\n<p>Comme pour les autres technologies les accus au Lithium ont une tension minimum de d\u00e9charge en dessous de laquelle il ne faut surtout pas les d\u00e9charger sous peine de destruction des \u00e9l\u00e9ments. <\/p>\n\n\n\n<p style=\"color:#0071a1\" class=\"has-text-color has-text-align-center\"><strong>La tension basse de destruction est de 2,5 Volts  <br>Mais en utilisation il ne faut pas descendre en dessous de 3 Volts.<\/strong><\/p>\n\n\n\n<p>De toute fa\u00e7on entre les deux cela va tr\u00e8s vite la courbe de tension en d\u00e9charge chute tr\u00e8s tr\u00e8s vite. <\/p>\n\n\n\n<figure class=\"wp-block-image is-resized\"><img loading=\"lazy\" decoding=\"async\" src=\"https:\/\/testth.erfred.fr\/wp-content\/uploads\/2019\/11\/dechlipo-1.jpg\" alt=\"\" class=\"wp-image-399\" width=\"500\" height=\"306\" srcset=\"https:\/\/ni-cd.net\/wpnicd\/wp-content\/uploads\/2019\/11\/dechlipo-1.jpg 400w, https:\/\/ni-cd.net\/wpnicd\/wp-content\/uploads\/2019\/11\/dechlipo-1-300x184.jpg 300w\" sizes=\"(max-width: 500px) 100vw, 500px\" \/><\/figure>\n\n\n\n<p style=\"color:#0071a1\" class=\"has-text-color has-text-align-center\"><strong> L&rsquo;autod\u00e9charge des accus au Lithium est d&rsquo;environ 10% par mois. <\/strong><\/p>\n\n\n\n<p>Les accus au Lithium sont aujourd&rsquo;hui capables de d\u00e9biter de forts courants.  Leur r\u00e9sistance interne s&rsquo;approche maintenant de  celle des accus Ni-Cd ou Ni-MH.           <\/p>\n\n\n\n<ul class=\"wp-block-list\"><li>R\u00e9sistance interne du Li-ion : environ 150 \u00e0 250 milliOhm <\/li><li>R\u00e9sistance interne du Li-po  : environ 200 \u00e0 300 milliOhms  <br> <\/li><\/ul>\n\n\n\n<p>Cel\u00e0 permet \u00e0 cette technologie de d\u00e9biter des courants \u00e0 un taux de 1C pouvant aller \u00e0 plus de 2C. <br>Certains mod\u00e8les sp\u00e9ciaux Li-po sont aujourd&rsquo;hui capables de  d\u00e9biter des courants de 10C pouvant aller \u00e0 15C en pointe.<\/p>\n\n\n\n<p style=\"background-color:#0071a1\" class=\"has-text-color has-background has-text-align-center has-medium-font-size has-very-light-gray-color\"><strong>Attention ne jamais mettre en court-circuit un accumulateur au Lithium.<\/strong><\/p>\n\n\n\n<p>Il y a un fort risque d&rsquo;\u00e9chauffement interne pouvant entra\u00eener l&rsquo;inflammation de l&rsquo;accu (Li-po) et m\u00eame l&rsquo;explosion du bo\u00eetier (Li-ion). Donc :           <\/p>\n\n\n\n<ul class=\"wp-block-list\"><li>Attention aux surfaces sur lesquelles vous posez vos accus, Il ne faut pas qu&rsquo;elles soient conductrices<\/li><li>Ne rangez pas vos accus en vrac, <\/li><li>Pour les radiomod\u00e9listes, faites attention aux packs qui ont subi un crash, certains Li-po ayant subi des \u00ab\u00a0l\u00e9sions\u00a0\u00bb internes se sont enflamm\u00e9s spontan\u00e9ment au bout de quelques dizaines de minutes&#8230; <\/li><\/ul>\n\n\n\n<p>Aujourd&rsquo;hui pour pr\u00e9venir ce genre de risque , la plupart des accus au Lithium vendus en pack sont \u00e9quip\u00e9s de circuits de protections et notamment d&rsquo;un fusible, pour prot\u00e9ger des \u00e9ventuels court-circuits. <br>Inutile de vous rappeler que dans ce cas, si le fusible fonctionne, le pack est inutilisable. Il part au recyclage&#8230;<br><br><br><\/p>\n\n\n\n<h4 class=\"has-text-align-right wp-block-heading\"><a href=\"\/wpnicd\/index.php\/les-conditions-dutilisation-des-aq-au-lithium\/\">La suite >>><\/a><\/h4>\n","protected":false},"excerpt":{"rendered":"<p>Comme pour les autres technologies les accus au Lithium ont une tension minimum de d\u00e9charge en dessous de laquelle il ne faut surtout pas les d\u00e9charger sous peine de destruction des \u00e9l\u00e9ments. La tension basse de destruction est de 2,5 Volts Mais en utilisation il ne faut pas descendre en dessous de 3 Volts. De [&hellip;]<\/p>\n","protected":false},"author":1,"featured_media":0,"parent":0,"menu_order":0,"comment_status":"closed","ping_status":"closed","template":"","meta":{"footnotes":""},"class_list":["post-440","page","type-page","status-publish","hentry"],"_links":{"self":[{"href":"https:\/\/ni-cd.net\/wpnicd\/index.php\/wp-json\/wp\/v2\/pages\/440"}],"collection":[{"href":"https:\/\/ni-cd.net\/wpnicd\/index.php\/wp-json\/wp\/v2\/pages"}],"about":[{"href":"https:\/\/ni-cd.net\/wpnicd\/index.php\/wp-json\/wp\/v2\/types\/page"}],"author":[{"embeddable":true,"href":"https:\/\/ni-cd.net\/wpnicd\/index.php\/wp-json\/wp\/v2\/users\/1"}],"replies":[{"embeddable":true,"href":"https:\/\/ni-cd.net\/wpnicd\/index.php\/wp-json\/wp\/v2\/comments?post=440"}],"version-history":[{"count":4,"href":"https:\/\/ni-cd.net\/wpnicd\/index.php\/wp-json\/wp\/v2\/pages\/440\/revisions"}],"predecessor-version":[{"id":1301,"href":"https:\/\/ni-cd.net\/wpnicd\/index.php\/wp-json\/wp\/v2\/pages\/440\/revisions\/1301"}],"wp:attachment":[{"href":"https:\/\/ni-cd.net\/wpnicd\/index.php\/wp-json\/wp\/v2\/media?parent=440"}],"curies":[{"name":"wp","href":"https:\/\/api.w.org\/{rel}","templated":true}]}}