{"id":438,"date":"2019-11-11T16:26:33","date_gmt":"2019-11-11T16:26:33","guid":{"rendered":"https:\/\/testth.erfred.fr\/?page_id=438"},"modified":"2020-05-16T17:30:42","modified_gmt":"2020-05-16T17:30:42","slug":"la-charge-des-accus-au-lithium","status":"publish","type":"page","link":"https:\/\/ni-cd.net\/wpnicd\/index.php\/la-charge-des-accus-au-lithium\/","title":{"rendered":"La charge des AQ au Lithium"},"content":{"rendered":"\n<p>La tension nominale des accus aux lithium est de 3,6V pour les Li-ion les plus anciens ou actuels de moindre qualit\u00e9 et de 3,7V pour les Li-po et les Li-ion r\u00e9cents.            <br>Quelle que soit la techno Li-ion ou Li-po le principe de charge est le m\u00eame.<\/p>\n\n\n\n<p style=\"color:#0071a1\" class=\"has-text-color has-text-align-center\"><strong>La charge se fait \u00e0 tension constante et courant limit\u00e9. <\/strong><\/p>\n\n\n\n<p>La particularit\u00e9 de la charge des accus au Lithium tient \u00e0 deux choses primordiales. <\/p>\n\n\n\n<ul class=\"wp-block-list\"><li><strong>Ils ne supportent pas la surcharge aussi faible soit elle.<\/strong><\/li><li><strong>Il faut respecter le niveau de la tension de charge sinon \u00e7a ne charge pas. <\/strong><\/li><\/ul>\n\n\n\n<p>Ceci fait que la fourchette entre la tension minimale de charge et la limite \u00e0 ne pas d\u00e9passer sous peine de surcharge est tr\u00e8s faible. Il faut donc que la tension de charge soit r\u00e9gul\u00e9e tr\u00e8s tr\u00e8s pr\u00e9cis\u00e9ment. <br>Les deux technologies Li-ion et Li-po ont deux niveaux de tensions nominales diff\u00e9rents 3,6V et 3,7V qui impliquent des tensions de charges correspondantes proches mais parfaitement diff\u00e9rentes aussi:  <\/p>\n\n\n\n<ul class=\"wp-block-list\"><li> Tension nominale 3,6V : Tension de charge 4,1 Volts par \u00e9l\u00e9ment. <\/li><li> Tension nominale 3,7V : Tension de charge 4,2 Volts par \u00e9l\u00e9ment. <br><\/li><\/ul>\n\n\n\n<p><strong><em>La tol\u00e9rance aujourd&rsquo;hui admise est de +\/- 0,05V par \u00e9l\u00e9ment.<\/em><\/strong><\/p>\n\n\n\n<p><strong>Le courant de charge doit \u00eatre limit\u00e9 entre C\/2 et 1C. <br>Dans ces conditions respect\u00e9es, la charge dure entre 2 et 3 heures. <\/strong><br><br>Certains chargeurs r\u00e9put\u00e9s charger les accus au Lithium en 1 heure, en fait ne chargent ceux-ci que partiellement. On n&rsquo;atteint en 1 heure qu&rsquo;environ 75% de la capacit\u00e9 de l&rsquo;accu, quelque soit le courant, et il faut encore du temps pour atteindre la charge totale. <\/p>\n\n\n\n<figure class=\"wp-block-image size-large\"><img loading=\"lazy\" decoding=\"async\" width=\"456\" height=\"425\" src=\"https:\/\/ni-cd.net\/wpnicd\/wp-content\/uploads\/2019\/11\/chargeliion2.gif\" alt=\"\" class=\"wp-image-317\"\/><\/figure>\n\n\n\n<ul class=\"wp-block-list\"><li>En d\u00e9but de charge et durant toute la premi\u00e8re phase de la charge le courant est limit\u00e9 et la tension augmente petit \u00e0 petit jusqu&rsquo;\u00e0 atteindre la tension r\u00e9gul\u00e9e <\/li><li>A partir de l\u00e0 on atteint la deuxi\u00e8me phase dite de remplissage           la tension reste parfaitement stable et alors le courant diminue <\/li><li>La charge est termin\u00e9e lorsque le courant passe en dessous du seuil de 0,03C. <\/li><\/ul>\n\n\n\n<p style=\"color:#0071a1\" class=\"has-text-color has-text-align-center\"><strong>Il est alors imp\u00e9ratif de couper la charge,<br> <em>car les accus au Lithium ne supportent absolument pas la surcharge.<\/em><\/strong><\/p>\n\n\n\n<p style=\"background-color:#0071a1\" class=\"has-text-color has-background has-very-light-gray-color\"><strong>Si on surcharge<\/strong> un accu au Lithium il produit de l&rsquo;hydrog\u00e8ne. <br>Il y a donc une surpression et un \u00e9chauffement qui peuvent aller jusqu&rsquo;\u00e0 <strong>l&rsquo;explosion<\/strong> de l&rsquo;\u00e9l\u00e9ment. Les Li-ion sont g\u00e9n\u00e9ralement prot\u00e9g\u00e9s contre les hausses de temp\u00e9ratures, et les surpressions par des circuits de protection interne. Par contre les packs souples Li-po eux sont sensibles, et m\u00eame si ils n&rsquo;explosent pas fort, ils s&rsquo;enflamment tr\u00e8s fortement ce qui peut causer de graves br\u00fblures.<\/p>\n\n\n\n<p style=\"color:#0071a1\" class=\"has-text-color has-text-align-center has-medium-font-size\"><strong>Si vous d\u00e9tectez une \u00e9l\u00e9vation de la temp\u00e9rature, c&rsquo;est anormal : Arr\u00eatez tout.<\/strong><\/p>\n\n\n\n<p style=\"background-color:#0071a1\" class=\"has-text-color has-background has-very-light-gray-color\"><strong>Derniers conseils de charge :<\/strong><\/p>\n\n\n\n<ul class=\"wp-block-list\"><li><strong><u>Il ne sert \u00e0 rien de chercher \u00e0 augmenter le courant pour diminuer le temps de charge<\/u><\/strong>, car si cela permet d&rsquo;atteindre plus vite le moment du passage de la premi\u00e8re \u00e0 la deuxi\u00e8me \u00e9tape, la phase de remplissage elle durera plus longtemps&#8230;  De plus l&rsquo;augmentation du courant de charge influerait directement sur la dur\u00e9e de vie de l&rsquo;accu. Il est donc pr\u00e9f\u00e9rable de se contenter d&rsquo;une charge \u00e0 C\/2<\/li><li><strong><u>Il ne faut pas appliquer de charge lente ou courant d&rsquo;entretien aux accus Li-ion ou Li-po,<\/u><\/strong> \u00e7a cr\u00e9\u00e9 un placage de Lithium m\u00e9tallique sur les \u00e9lectrodes qui rendrait l&rsquo;\u00e9l\u00e9ment instable. Pour compenser la faible auto d\u00e9charge il est pr\u00e9conis\u00e9 de remettre en charge l&rsquo;accu pendant un bref instant toutes les 500 heures. Cette recharge sera elle aussi stopp\u00e9e par le passage du courant sous le seuil de 0,03C.  <\/li><li><strong><u>Il y a un risque \u00e0 charger des Li-po en s\u00e9rie,<\/u><\/strong> en effet ces \u00e9l\u00e9ments ne sont g\u00e9n\u00e9ralement pas \u00e9quip\u00e9s de composants de protection comme les Li-ion. Ceci implique qu&rsquo;il peut y avoir une disparit\u00e9 de tension entre les \u00e9l\u00e9ments car vous ne pouvez faire la r\u00e9gulation de tension que sur l&rsquo;ensemble du pack. Il est donc possible d&rsquo;avoir des \u00e9l\u00e9ments \u00e0 4,1V et d&rsquo;autre \u00e0 4,3V tout en ayant bien la moyenne des tensions \u00e0 4,2V. Il faut donc surveiller la tension de chacun des \u00e9l\u00e9ments. Jean Fran\u00e7ois Pion a mis au point pour cel\u00e0 un petit montage ( Le LIPOSAVE  ) qui permet cette protection automatiquement et donc une charge sans risque de vos Li-po mont\u00e9s en packs.<br><\/li><\/ul>\n\n\n\n<h4 class=\"has-text-align-right wp-block-heading\"><a href=\"\/wpnicd\/index.php\/la-decharge-des-aq-au-lithium\/\">La suite &gt;&gt;&gt;<\/a><\/h4>\n\n\n\n<p><\/p>\n","protected":false},"excerpt":{"rendered":"<p>La tension nominale des accus aux lithium est de 3,6V pour les Li-ion les plus anciens ou actuels de moindre qualit\u00e9 et de 3,7V pour les Li-po et les Li-ion r\u00e9cents. Quelle que soit la techno Li-ion ou Li-po le principe de charge est le m\u00eame. La charge se fait \u00e0 tension constante et courant [&hellip;]<\/p>\n","protected":false},"author":1,"featured_media":0,"parent":0,"menu_order":0,"comment_status":"closed","ping_status":"closed","template":"","meta":{"footnotes":""},"class_list":["post-438","page","type-page","status-publish","hentry"],"_links":{"self":[{"href":"https:\/\/ni-cd.net\/wpnicd\/index.php\/wp-json\/wp\/v2\/pages\/438"}],"collection":[{"href":"https:\/\/ni-cd.net\/wpnicd\/index.php\/wp-json\/wp\/v2\/pages"}],"about":[{"href":"https:\/\/ni-cd.net\/wpnicd\/index.php\/wp-json\/wp\/v2\/types\/page"}],"author":[{"embeddable":true,"href":"https:\/\/ni-cd.net\/wpnicd\/index.php\/wp-json\/wp\/v2\/users\/1"}],"replies":[{"embeddable":true,"href":"https:\/\/ni-cd.net\/wpnicd\/index.php\/wp-json\/wp\/v2\/comments?post=438"}],"version-history":[{"count":7,"href":"https:\/\/ni-cd.net\/wpnicd\/index.php\/wp-json\/wp\/v2\/pages\/438\/revisions"}],"predecessor-version":[{"id":1382,"href":"https:\/\/ni-cd.net\/wpnicd\/index.php\/wp-json\/wp\/v2\/pages\/438\/revisions\/1382"}],"wp:attachment":[{"href":"https:\/\/ni-cd.net\/wpnicd\/index.php\/wp-json\/wp\/v2\/media?parent=438"}],"curies":[{"name":"wp","href":"https:\/\/api.w.org\/{rel}","templated":true}]}}