{"id":434,"date":"2019-11-11T16:25:27","date_gmt":"2019-11-11T16:25:27","guid":{"rendered":"https:\/\/testth.erfred.fr\/?page_id=434"},"modified":"2020-08-25T21:18:08","modified_gmt":"2020-08-25T21:18:08","slug":"la-chimie-des-aq-au-lithium","status":"publish","type":"page","link":"https:\/\/ni-cd.net\/wpnicd\/index.php\/la-chimie-des-aq-au-lithium\/","title":{"rendered":"La chimie des AQ au Lithium"},"content":{"rendered":"\n<p>Le Lithium est le plus l\u00e9ger des m\u00e9taux, il offre un plus grand potentiel \u00e9lectrochimique, et il g\u00e9n\u00e8re une plus grande quantit\u00e9 d&rsquo;\u00e9nergie. <br>La particularit\u00e9 de l&rsquo;anode des accumulateurs rechargeables au Lithium est qu&rsquo;elle n&rsquo;est pas m\u00e9tallique, mais en ions de Lithium . La cathode est en oxyde de Cobalt ou de Mangan\u00e8se. <br><\/p>\n\n\n\n<ul class=\"wp-block-list\"><li><strong>L&rsquo;anode. <br><\/strong>A l&rsquo;origine les batteries au Lithium avaient une \u00e9lectrode n\u00e9gative en coke. Depuis 1997 la plupart des Li-ion ont une anode en Graphite           qui permet d&rsquo;obtenir une courbe de d\u00e9charge beaucoup plus plate.           Ceci a aussi l&rsquo;avantage d&rsquo;avoir une tension de fin de d\u00e9charge de 3 Volts au lieu de 2,5 Volts avec le coke.<br> <\/li><li><strong>La Cathode.<\/strong><br>Pour la Cathode on distingue aujourd&rsquo;hui majoritairement deux compositions chimiques qui sont le Cobalt et le Mangan\u00e8se \u00e9galement connu sous le nom de spinelle. Le spinelle est par nature plus s\u00e9curitaire et moins dangereux. <br><br>On trouve donc aujourd&rsquo;hui essentiellement <strong>deux types d&rsquo;accumulateurs au lithium.<\/strong> <br><ul><li>&#8211; Les \u00e9l\u00e9ments \u00e0 Cathode au Cobalt d\u00e9nomm\u00e9s <strong><em>Lithium-ion<\/em><\/strong>  (Li-ion<\/li><li>&#8211; Les \u00e9l\u00e9ments \u00e0 Cathode au Mangan\u00e8se (Spinelle) d\u00e9nomm\u00e9s <strong><em> Lithium-ion Polym\u00e8res<\/em><\/strong> (Li-po) <\/li><\/ul><\/li><\/ul>\n\n\n\n<p><strong>Voici la r\u00e9action chimique mise en jeu dans les accus Li-ion<\/strong> (\u00e0 cathode Cobalt).<\/p>\n\n\n\n<div class=\"wp-block-image\"><figure class=\"aligncenter size-large\"><img loading=\"lazy\" decoding=\"async\" width=\"410\" height=\"36\" src=\"https:\/\/ni-cd.net\/wpnicd\/wp-content\/uploads\/2020\/08\/chimieliion.gif\" alt=\"\" class=\"wp-image-1513\"\/><\/figure><\/div>\n\n\n\n<p><strong>Voici la r\u00e9action pour les accus  Li-po <\/strong><\/p>\n\n\n\n<div class=\"wp-block-image\"><figure class=\"aligncenter size-large\"><img loading=\"lazy\" decoding=\"async\" width=\"500\" height=\"101\" src=\"https:\/\/ni-cd.net\/wpnicd\/wp-content\/uploads\/2019\/11\/chimielipo-2.gif\" alt=\"\" class=\"wp-image-447\"\/><\/figure><\/div>\n\n\n\n<p><em>Attention : Je ne suis pas compl\u00e8tement s\u00fbr de la  formule elle m\u00eame car je la trouve proche de celle ci-dessus ni de l&rsquo;annotation exacte des valeurs \u00e0 mettre ou pas en  indice, la source fournie ne les indique pas :  http:\/\/www.clubmodelistes.com\/batteries_lithium_polymere.aspx (Merci  gege33 pour cette info)<\/em><br><\/p>\n\n\n\n<h4 class=\"has-text-align-right wp-block-heading\"><br><a href=\"\/wpnicd\/index.php\/constitution-des-aq-au-lithium\/\">La suite &gt;&gt;&gt;<\/a><\/h4>\n\n\n\n<p><\/p>\n","protected":false},"excerpt":{"rendered":"<p>Le Lithium est le plus l\u00e9ger des m\u00e9taux, il offre un plus grand potentiel \u00e9lectrochimique, et il g\u00e9n\u00e8re une plus grande quantit\u00e9 d&rsquo;\u00e9nergie. La particularit\u00e9 de l&rsquo;anode des accumulateurs rechargeables au Lithium est qu&rsquo;elle n&rsquo;est pas m\u00e9tallique, mais en ions de Lithium . La cathode est en oxyde de Cobalt ou de Mangan\u00e8se. L&rsquo;anode. A [&hellip;]<\/p>\n","protected":false},"author":1,"featured_media":0,"parent":0,"menu_order":0,"comment_status":"closed","ping_status":"closed","template":"","meta":{"footnotes":""},"class_list":["post-434","page","type-page","status-publish","hentry"],"_links":{"self":[{"href":"https:\/\/ni-cd.net\/wpnicd\/index.php\/wp-json\/wp\/v2\/pages\/434"}],"collection":[{"href":"https:\/\/ni-cd.net\/wpnicd\/index.php\/wp-json\/wp\/v2\/pages"}],"about":[{"href":"https:\/\/ni-cd.net\/wpnicd\/index.php\/wp-json\/wp\/v2\/types\/page"}],"author":[{"embeddable":true,"href":"https:\/\/ni-cd.net\/wpnicd\/index.php\/wp-json\/wp\/v2\/users\/1"}],"replies":[{"embeddable":true,"href":"https:\/\/ni-cd.net\/wpnicd\/index.php\/wp-json\/wp\/v2\/comments?post=434"}],"version-history":[{"count":5,"href":"https:\/\/ni-cd.net\/wpnicd\/index.php\/wp-json\/wp\/v2\/pages\/434\/revisions"}],"predecessor-version":[{"id":1520,"href":"https:\/\/ni-cd.net\/wpnicd\/index.php\/wp-json\/wp\/v2\/pages\/434\/revisions\/1520"}],"wp:attachment":[{"href":"https:\/\/ni-cd.net\/wpnicd\/index.php\/wp-json\/wp\/v2\/media?parent=434"}],"curies":[{"name":"wp","href":"https:\/\/api.w.org\/{rel}","templated":true}]}}