{"id":432,"date":"2019-11-11T16:24:43","date_gmt":"2019-11-11T16:24:43","guid":{"rendered":"https:\/\/testth.erfred.fr\/?page_id=432"},"modified":"2020-04-13T20:53:43","modified_gmt":"2020-04-13T20:53:43","slug":"la-theorie-des-aq-au-lithium","status":"publish","type":"page","link":"https:\/\/ni-cd.net\/wpnicd\/index.php\/la-theorie-des-aq-au-lithium\/","title":{"rendered":"La th\u00e9orie des AQ au Lithium"},"content":{"rendered":"\n<h4 class=\"has-text-align-center wp-block-heading\">Et voici la derni\u00e8re g\u00e9n\u00e9ration d&rsquo;accumulateurs.<\/h4>\n\n\n\n<p>Bien que le principe en soit connu depuis les ann\u00e9es 80 les premiers \u00e9l\u00e9ments rechargeables     au Lithium n&rsquo;ont \u00e9t\u00e9 commercialis\u00e9s qu&rsquo;en 1991.     Cela \u00e0 cause du caract\u00e8re instable du Lithium m\u00e9tallique pendant la phase de charge.     Le probl\u00e8me a \u00e9t\u00e9 r\u00e9solu en utilisant des ions de lithium pour r\u00e9aliser l&rsquo;accu.     Le lithium ion (Li-ion) ne pr\u00e9sente pas de danger si certaines pr\u00e9cautions sont prises lors de la charge. <\/p>\n\n\n\n<p><strong><u>Attention :<\/u><\/strong> les accumulateurs au Lithium ion peuvent pr\u00e9senter un risque d&rsquo;explosion\n    si ils sont recharg\u00e9s dans de mauvaises conditions. Ce sont des \u00e9l\u00e9ments tr\u00e8s sensibles\n    qui demandent des pr\u00e9cautions de mise en oeuvre.<\/p>\n\n\n\n<p style=\"color:#0071a1\" class=\"has-text-color has-text-align-center\"><strong> Si vous ne ma\u00eetrisez pas parfaitement,<br>ne jouez pas avec des \u00e9l\u00e9ments au Lithium ion.<\/strong><\/p>\n\n\n\n<p>Depuis 1999 est apparue une nouvelle g\u00e9n\u00e9ration d&rsquo;accus Li-ion :     <strong>Le Lithium ion Polym\u00e8re (Li-po)<\/strong>. L&rsquo;\u00e9lectrolyte est un polym\u00e8re g\u00e9lifi\u00e9,     qui permet d&rsquo;obtenir des \u00e9l\u00e9ments tr\u00e8s fins et plats pouvant prendre toutes les formes possibles.     Encore ch\u00e8re aujourd&rsquo;hui cette nouvelle technologie est promise \u00e0 beaucoup d&rsquo;avenir.     Elle doit, \u00e0 terme, revenir moins cher \u00e0 la r\u00e9alisation que le Li-ion classique.    <\/p>\n\n\n\n<p>Les accumulateurs au Lithium sont aujourd&rsquo;hui tr\u00e8s pris\u00e9s.     En effet ils offrent une densit\u00e9 d&rsquo;\u00e9nergie tr\u00e8s sup\u00e9rieure aux autres technologies pour un poids inf\u00e9rieur.     De plus ils sont d\u00e9pourvus d&rsquo;effet m\u00e9moire, ils pr\u00e9sentent une auto d\u00e9charge presque n\u00e9gligeable     et ils ne n\u00e9cessitent aucun entretien particulier.<\/p>\n\n\n\n<p style=\"color:#0071a1\" class=\"has-text-color\"><strong> Un gros d\u00e9faut appara\u00eet pourtant : cette technologie s&rsquo;use m\u00eame quand on ne s&rsquo;en sert pas.<\/strong><\/p>\n\n\n\n<p>D&rsquo;apr\u00e8s l&rsquo;avis de quelques sp\u00e9cialistes et les constatations que j&rsquo;ai pu faire,     la dur\u00e9e de vie d&rsquo;un accu Li-ion serait limit\u00e9e \u00e0 une dur\u00e9e variant de 2 \u00e0 3 ans apr\u00e8s la date de fabrication&#8230;<\/p>\n\n\n\n<p><strong>Voici les diff\u00e9rents sujets abord\u00e9s <\/strong><\/p>\n\n\n\n<ul class=\"wp-block-list\"><li><strong>Chimie<\/strong>  : Comment fonctionnent les accus ? Quelles sont les r\u00e9actions chimiques mises en jeu <\/li><li><strong>Constitution  <\/strong>: Comment sont constitu\u00e9s les accus ? Quelles sont les diff\u00e9rences de fabrication <\/li><li><strong>Charge<\/strong>  : Les diff\u00e9rentes fa\u00e7ons de charger les accus<\/li><li><strong>D\u00e9charge<\/strong>  : Les limites de la d\u00e9charge<\/li><li><strong>Conditions d&rsquo;utilisation <\/strong> : Dans quelles conditions vos accus fonctionnent-ils ? Quelle est              l&rsquo;influence des conditions ext\u00e9rieures sur le fonctionnement des accus ?<br><br><br><\/li><\/ul>\n\n\n\n<h4 class=\"has-text-align-right wp-block-heading\"><a href=\"\/wpnicd\/index.php\/la-chimie-des-aq-au-lithium\/\">La suite >>><\/a><\/h4>\n","protected":false},"excerpt":{"rendered":"<p>Et voici la derni\u00e8re g\u00e9n\u00e9ration d&rsquo;accumulateurs. Bien que le principe en soit connu depuis les ann\u00e9es 80 les premiers \u00e9l\u00e9ments rechargeables au Lithium n&rsquo;ont \u00e9t\u00e9 commercialis\u00e9s qu&rsquo;en 1991. Cela \u00e0 cause du caract\u00e8re instable du Lithium m\u00e9tallique pendant la phase de charge. Le probl\u00e8me a \u00e9t\u00e9 r\u00e9solu en utilisant des ions de lithium pour r\u00e9aliser [&hellip;]<\/p>\n","protected":false},"author":1,"featured_media":0,"parent":0,"menu_order":0,"comment_status":"closed","ping_status":"closed","template":"","meta":{"footnotes":""},"class_list":["post-432","page","type-page","status-publish","hentry"],"_links":{"self":[{"href":"https:\/\/ni-cd.net\/wpnicd\/index.php\/wp-json\/wp\/v2\/pages\/432"}],"collection":[{"href":"https:\/\/ni-cd.net\/wpnicd\/index.php\/wp-json\/wp\/v2\/pages"}],"about":[{"href":"https:\/\/ni-cd.net\/wpnicd\/index.php\/wp-json\/wp\/v2\/types\/page"}],"author":[{"embeddable":true,"href":"https:\/\/ni-cd.net\/wpnicd\/index.php\/wp-json\/wp\/v2\/users\/1"}],"replies":[{"embeddable":true,"href":"https:\/\/ni-cd.net\/wpnicd\/index.php\/wp-json\/wp\/v2\/comments?post=432"}],"version-history":[{"count":5,"href":"https:\/\/ni-cd.net\/wpnicd\/index.php\/wp-json\/wp\/v2\/pages\/432\/revisions"}],"predecessor-version":[{"id":1297,"href":"https:\/\/ni-cd.net\/wpnicd\/index.php\/wp-json\/wp\/v2\/pages\/432\/revisions\/1297"}],"wp:attachment":[{"href":"https:\/\/ni-cd.net\/wpnicd\/index.php\/wp-json\/wp\/v2\/media?parent=432"}],"curies":[{"name":"wp","href":"https:\/\/api.w.org\/{rel}","templated":true}]}}