{"id":282,"date":"2019-11-06T22:42:52","date_gmt":"2019-11-06T22:42:52","guid":{"rendered":"https:\/\/testth.erfred.fr\/?page_id=282"},"modified":"2020-04-13T20:52:36","modified_gmt":"2020-04-13T20:52:36","slug":"la-decharge-des-batteries-au-plomb","status":"publish","type":"page","link":"https:\/\/ni-cd.net\/wpnicd\/index.php\/la-decharge-des-batteries-au-plomb\/","title":{"rendered":"La d\u00e9charge des AQ au plomb"},"content":{"rendered":"\n<p class=\"has-text-align-center\"><em>Texte \u00e9crit par Pierre-Jacques Poinot Chazel  <\/em><\/p>\n\n\n\n<p>Avec les accus au plomb, toutes les valeurs de r\u00e9f\u00e9rence (fin de charge et de d\u00e9charge) sont des tensions.  L&rsquo;unit\u00e9 de base est l&rsquo;\u00e9l\u00e9ment dont on dit toujours que la tension  est de 2V. La suite va nous montrer que c&rsquo;est loin d&rsquo;\u00eatre suffisamment pr\u00e9cis. Toutes les valeurs ci dessous m\u00eame si elles ne sont pas exactement optimis\u00e9es en fonction des marques peuvent \u00eatre employ\u00e9es sans risque pour tous les accus au plomb \u00e9tanche \u00e0 \u00e9lectrolyte stabilis\u00e9 qu&rsquo;ils soient nomm\u00e9s VRLA ou AGM etc&#8230;.  C&rsquo;est \u00e9galement valable pour les batteries de d\u00e9marrage \u00e0 \u00e9lectrolyte liquide de type sans entretien.  <\/p>\n\n\n\n<p style=\"background-color:#0071a1\" class=\"has-text-color has-background has-very-light-gray-color\"><strong>Tension d&rsquo;arr\u00eat :  <\/strong><\/p>\n\n\n\n<p> Tension en dessous de laquelle il ne faut jamais descendre sous peine d&rsquo;endommager  la batterie de fa\u00e7on irr\u00e9versible : 1.6 \u00e0 1.9V. En gros, plus la d\u00e9charge est lente moins  il faut descendre bas. Tous les constructeurs s\u00e9rieux (sinon ce ne sont g\u00e9n\u00e9ralement que des revendeurs)publient sur leur site des tableaux permettant de trouver la valeur optimum. Si vous ne cherchez pas \u00e0 racler les derniers milliamp\u00e8res, pour un bloc de 12V, prenez 11V et de toutes fa\u00e7ons arr\u00eatez tout \u00e0 10V. <\/p>\n\n\n\n<p style=\"background-color:#0071a1\" class=\"has-text-color has-background has-very-light-gray-color\"><strong>Intensit\u00e9 de d\u00e9charge : <\/strong><\/p>\n\n\n\n<p>Il n&rsquo;y a bien sur pas de minimum et le maximum est fonction de la capacit\u00e9 nominale de votre batterie et de l&rsquo;autonomie que vous d\u00e9sirez avant d&rsquo;atteindre la tension d&rsquo;arr\u00eat.  Souvent les constructeurs donnent une valeur maximum en 10 secondes associ\u00e9e \u00e0 une valeur de tension d&rsquo;arr\u00eat. Par exemple pour un batterie de 12V 7Ah, on peut tirer 50A pendant 10s pour une tension d&rsquo;arr\u00eat de 9.6V (1.6V\/Elt.) C&rsquo;est disons violent et peu recommand\u00e9.<br>Ne pas confondre cette valeur avec l&rsquo;intensit\u00e9 instantan\u00e9e de court-circuit qui pour la m\u00eame batterie de 12V\/7Ah est de l&rsquo;ordre de 200A !! Pensez \u00e0 toujours mettre un fusible sur-calibr\u00e9 \u00e0 raz des cosses, \u00e7a \u00e9vite de faire fondre les fils en cas de probl\u00e8me sur le c\u00e2blage entre la batterie et l&rsquo;appareil consommateur.  <\/p>\n\n\n\n<p style=\"background-color:#0071a1\" class=\"has-text-color has-background has-very-light-gray-color\"><strong>Capacit\u00e9 restitu\u00e9e :<\/strong><\/p>\n\n\n\n<p><em>(Ajout de Erfred 03.01.08)<\/em><br>Les batteries au Plomb souffre d&rsquo;un probl\u00e8me majeur qui est la  perte de capacit\u00e9 en fonction du courant de d\u00e9charge. En gros plus le courant fourni par la batterie est important,  plus la capacit\u00e9 qu&rsquo;elle sera capable de fournir sera faible. C&rsquo;est  principalement d\u00fb \u00e0 la r\u00e9sistance interne de l&rsquo;accu.<br>Ce ph\u00e9nom\u00e8ne est connu sous le nom <strong>d&rsquo;effet Peukert<\/strong>.<br>Chaque batterie est caract\u00e9ris\u00e9e par un coefficient \u00ab\u00a0n\u00a0\u00bb dit  \u00ab\u00a0coefficient de Peukert\u00a0\u00bb qui entre dans la formule Cp= I exp(n).t <br>La cons\u00e9quence de ceci est la fourniture par le fabricant de  l&rsquo;accu, d&rsquo;un faisceau de courbe ou l&rsquo;un abaque d\u00e9crivant la capacit\u00e9  restitu\u00e9e en fonction du courant de d\u00e9charge.<br>La capacit\u00e9 indiqu\u00e9e d&rsquo;une batterie n&rsquo;est donc en aucun cas sa  capacit\u00e9 r\u00e9ellement utilisable sans d\u00e9t\u00e9rioration. Suivant le type de  batteries,  on pourra utiliser de 80% (batteries stationnaires) \u00e0 10%  (batteries de d\u00e9marrage) de cette capacit\u00e9. <br><strong><em><u>Faites donc tr\u00e8s attention lors de votre achat.<\/u><\/em><\/strong><br><br><br><\/p>\n\n\n\n<h4 class=\"has-text-align-right wp-block-heading\"><a href=\"\/wpnicd\/index.php\/les-conditions-dutilisation-des-batteries-au-plomb\/\">La suite >>><\/a><\/h4>\n\n\n\n<p><\/p>\n","protected":false},"excerpt":{"rendered":"<p>Texte \u00e9crit par Pierre-Jacques Poinot Chazel Avec les accus au plomb, toutes les valeurs de r\u00e9f\u00e9rence (fin de charge et de d\u00e9charge) sont des tensions. L&rsquo;unit\u00e9 de base est l&rsquo;\u00e9l\u00e9ment dont on dit toujours que la tension est de 2V. La suite va nous montrer que c&rsquo;est loin d&rsquo;\u00eatre suffisamment pr\u00e9cis. Toutes les valeurs ci [&hellip;]<\/p>\n","protected":false},"author":1,"featured_media":0,"parent":0,"menu_order":0,"comment_status":"closed","ping_status":"closed","template":"","meta":{"footnotes":""},"class_list":["post-282","page","type-page","status-publish","hentry"],"_links":{"self":[{"href":"https:\/\/ni-cd.net\/wpnicd\/index.php\/wp-json\/wp\/v2\/pages\/282"}],"collection":[{"href":"https:\/\/ni-cd.net\/wpnicd\/index.php\/wp-json\/wp\/v2\/pages"}],"about":[{"href":"https:\/\/ni-cd.net\/wpnicd\/index.php\/wp-json\/wp\/v2\/types\/page"}],"author":[{"embeddable":true,"href":"https:\/\/ni-cd.net\/wpnicd\/index.php\/wp-json\/wp\/v2\/users\/1"}],"replies":[{"embeddable":true,"href":"https:\/\/ni-cd.net\/wpnicd\/index.php\/wp-json\/wp\/v2\/comments?post=282"}],"version-history":[{"count":5,"href":"https:\/\/ni-cd.net\/wpnicd\/index.php\/wp-json\/wp\/v2\/pages\/282\/revisions"}],"predecessor-version":[{"id":1295,"href":"https:\/\/ni-cd.net\/wpnicd\/index.php\/wp-json\/wp\/v2\/pages\/282\/revisions\/1295"}],"wp:attachment":[{"href":"https:\/\/ni-cd.net\/wpnicd\/index.php\/wp-json\/wp\/v2\/media?parent=282"}],"curies":[{"name":"wp","href":"https:\/\/api.w.org\/{rel}","templated":true}]}}