{"id":276,"date":"2019-11-06T22:41:55","date_gmt":"2019-11-06T22:41:55","guid":{"rendered":"https:\/\/testth.erfred.fr\/?page_id=276"},"modified":"2020-04-13T20:50:37","modified_gmt":"2020-04-13T20:50:37","slug":"la-chimie-des-batteries-au-plomb","status":"publish","type":"page","link":"https:\/\/ni-cd.net\/wpnicd\/index.php\/la-chimie-des-batteries-au-plomb\/","title":{"rendered":"La chimie des AQ au plomb"},"content":{"rendered":"\n<p class=\"has-text-align-center\"><em>Texte \u00e9crit par Pierre-Jacques Poinot Chazel   <\/em><\/p>\n\n\n\n<p>La batterie au plomb est la plus ancienne des batteries . C&rsquo;est en 1859 que   le physicien Fran\u00e7ais Gaston Plant\u00e9 (1834-1889) construisit son premier accumulateur    compos\u00e9 de deux feuilles de plomb immerg\u00e9es dans une solution aqueuse \u00e0 10%    d&rsquo;acide sulfurique. Du fait de sa constitution physique et m\u00e9canique, cette    batterie resta sans application durant pratiquement vingt ans et ce n&rsquo;est qu&rsquo;en    1881 qu&rsquo;un certain Henry Tudor d\u00e9veloppa une batterie form\u00e9e d&rsquo;une plaque n\u00e9gative en plomb spongieux et d&rsquo;une plaque positive en oxyde de plomb. C&rsquo;est ce type d&rsquo;accumulateur dit &lsquo;au plomb ouvert&rsquo; qui \u00e9quipe encore actuellement beaucoup de v\u00e9hicules utilisant un d\u00e9marreur \u00e9lectrique. <\/p>\n\n\n\n<p>Ce type de batterie consomme de l&rsquo;eau par \u00e9lectrolyse au cours de la recharge d&rsquo;o\u00f9 plusieurs inconv\u00e9nients :<br>   &#8211; D\u00e9gagement gazeux d&rsquo;un m\u00e9lange oxyg\u00e8ne-hydrog\u00e8ne hautement d\u00e9tonnant<br>   &#8211; Baisse du poids sp\u00e9cifique des \u00e9l\u00e9ments <br>   &#8211; Abaissement du niveau d&rsquo;\u00e9lectrolyte (m\u00e9lange eau-acide) dans les \u00e9l\u00e9ments si l&rsquo;on ne compense pas la d\u00e9perdition en eau et dans ce cas, lorsque la plaque n\u00e9gative en plomb(Pb) est au contact de l&rsquo;oxyg\u00e8ne de l&rsquo;air elle s&rsquo;oxyde chimiquement et la surface oxyd\u00e9e n&rsquo;est plus utilisable pour la r\u00e9action \u00e9lectrochimique propre de l&rsquo;accu.<\/p>\n\n\n\n<p>De plus en plus, on utilise maintenant des batteries dites sans entretien ou l&rsquo;on a pas acc\u00e8s \u00e0 l&rsquo;\u00e9lectrolyte. Le mode de construction de ces batterie et la composition des plaques ont \u00e9t\u00e9 \u00e9tudi\u00e9s afin d&rsquo;assurer une recombinaison    optimale des gaz et donc une d\u00e9perdition minimum d&rsquo;eau dans les conditions normales de fonctionnement. <\/p>\n\n\n\n<p>Le fin du fin de la technologie actuelle ce sont les batteries dites \u00e9tanches    \u00e0 \u00e9lectrolyte immobilis\u00e9 (pour les pr\u00e9cisions voir le chapitre Les structures des accus au Plomb ) ou la recombinaison frise les 100% (toujours dans des conditions normales de fonctionnement).<\/p>\n\n\n\n<p>Dans ce dernier type de batterie, l&rsquo;\u00e9lectrolyte n&rsquo;est pas liquide mais il    impr\u00e8gne une esp\u00e8ce de &lsquo;papier buvard&rsquo; en fibre de verre (g\u00e9n\u00e9ralement des   microfibres en borosilicate) situ\u00e9 entre les plaques positives et n\u00e9gatives. Ce s\u00e9parateur, absorbant, tr\u00e8s poreux et r\u00e9sistant \u00e0 l&rsquo;acide sulfurique, canalise en quelque sorte les mol\u00e9cules d&rsquo;oxyg\u00e8ne d\u00e9gag\u00e9es sur la plaque positive au cours de la r\u00e9action et au lieu de les laisser remonter \u00e0 la surface les am\u00e8ne jusqu&rsquo;\u00e0 la plaque n\u00e9gative o\u00f9 elles r\u00e9agissent avec le plomb pour former de l&rsquo;oxyde de plomb. Cet oxyde de plomb va r\u00e9agir avec l&rsquo;acide sulfurique pour donner du sulfate de plomb et de l&rsquo;eau et par r\u00e9action \u00e9lectrochimique, le sulfate de plomb va se transformer en plomb en donnant de l&rsquo;acide sulfurique ! Le syst\u00e8me est en \u00e9quilibre.<\/p>\n\n\n\n<p>Pour que tout \u00e7a fonctionne bien il y a tout de m\u00eame quelques conditions \u00e0    remplir. Il faut : <br>   &#8211; Que l&rsquo;\u00e9l\u00e9ment de batterie soit en l\u00e9g\u00e8re surpression (0,4 \u00e0 0,6g) ce qui implique la pr\u00e9sence de soupapes de s\u00e9curit\u00e9 s&rsquo;ouvrant en cas de surpression mais ne laissant pas rentrer l&rsquo;air. <br>   &#8211; Que les \u00e9l\u00e9ments actifs (plomb, oxyde, acide etc..) soient d&rsquo;une puret\u00e9 rigoureuse<br>   &#8211; Que les plaques soient compos\u00e9es d&rsquo;alliages donnant une grande r\u00e9sistance \u00e0 la corrosion et un potentiel en hydrog\u00e8ne \u00e9lev\u00e9 (g\u00e9n\u00e9ralement alliage plomb+calcium+\u00e9tain).    <br>   &#8211; Que la quantit\u00e9 d&rsquo;\u00e9lectrolyte soit dos\u00e9e avec une grande pr\u00e9cision afin de ne pas saturer le s\u00e9parateur sinon les mol\u00e9cules d&rsquo;oxyg\u00e8ne ne pourraient pas circuler. <\/p>\n\n\n\n<p>On est loin de la batterie de Gaston ! <\/p>\n\n\n\n<p>Un dernier d\u00e9tail, n&rsquo;oubliez pas que la majorit\u00e9 des r\u00e9actions chimiques sont \n  sensibles \u00e0 la temp\u00e9rature : Quand il fait froid la r\u00e9action devient flemmarde \n  et quand il fait chaud elle a tendance \u00e0 s&#8217;emballer ! (voir paragraphes : utilisation, \n  charge et maintenance).<\/p>\n\n\n\n<p> Enfin pour les amateurs de chimie vous trouverez ci dessous la formule r\u00e9gissant \n  la recharge d&rsquo;une batterie \u00e9tanche. <\/p>\n\n\n\n<figure class=\"wp-block-image\"><img decoding=\"async\" src=\"http:\/\/www.ni-cd.net\/accusphp\/theorie\/images\/reactSLA.jpg\" alt=\" \"\/><\/figure>\n\n\n\n<p style=\"color:#0071a1\" class=\"has-text-color\"><strong>Pour les accros de la chimie, voici les d\u00e9tails de la r\u00e9action :<\/strong><\/p>\n\n\n\n<figure class=\"wp-block-image\"><img decoding=\"async\" src=\"http:\/\/www.ni-cd.net\/accusphp\/theorie\/images\/chimie_plomb.gif\" alt=\" \"\/><\/figure>\n\n\n\n<p><em>Merci \u00e0 Jean-Pierre  pour la formule<\/em><\/p>\n\n\n\n<h4 class=\"has-text-align-right wp-block-heading\"><br><a href=\"\/wpnicd\/index.php\/la-constitution-des-batteries-au-plomb\/\">La suite >>><\/a><\/h4>\n\n\n\n<p><\/p>\n","protected":false},"excerpt":{"rendered":"<p>Texte \u00e9crit par Pierre-Jacques Poinot Chazel La batterie au plomb est la plus ancienne des batteries . C&rsquo;est en 1859 que le physicien Fran\u00e7ais Gaston Plant\u00e9 (1834-1889) construisit son premier accumulateur compos\u00e9 de deux feuilles de plomb immerg\u00e9es dans une solution aqueuse \u00e0 10% d&rsquo;acide sulfurique. Du fait de sa constitution physique et m\u00e9canique, cette [&hellip;]<\/p>\n","protected":false},"author":1,"featured_media":0,"parent":0,"menu_order":0,"comment_status":"closed","ping_status":"closed","template":"","meta":{"footnotes":""},"class_list":["post-276","page","type-page","status-publish","hentry"],"_links":{"self":[{"href":"https:\/\/ni-cd.net\/wpnicd\/index.php\/wp-json\/wp\/v2\/pages\/276"}],"collection":[{"href":"https:\/\/ni-cd.net\/wpnicd\/index.php\/wp-json\/wp\/v2\/pages"}],"about":[{"href":"https:\/\/ni-cd.net\/wpnicd\/index.php\/wp-json\/wp\/v2\/types\/page"}],"author":[{"embeddable":true,"href":"https:\/\/ni-cd.net\/wpnicd\/index.php\/wp-json\/wp\/v2\/users\/1"}],"replies":[{"embeddable":true,"href":"https:\/\/ni-cd.net\/wpnicd\/index.php\/wp-json\/wp\/v2\/comments?post=276"}],"version-history":[{"count":6,"href":"https:\/\/ni-cd.net\/wpnicd\/index.php\/wp-json\/wp\/v2\/pages\/276\/revisions"}],"predecessor-version":[{"id":1292,"href":"https:\/\/ni-cd.net\/wpnicd\/index.php\/wp-json\/wp\/v2\/pages\/276\/revisions\/1292"}],"wp:attachment":[{"href":"https:\/\/ni-cd.net\/wpnicd\/index.php\/wp-json\/wp\/v2\/media?parent=276"}],"curies":[{"name":"wp","href":"https:\/\/api.w.org\/{rel}","templated":true}]}}