{"id":274,"date":"2019-11-06T22:41:45","date_gmt":"2019-11-06T22:41:45","guid":{"rendered":"https:\/\/testth.erfred.fr\/?page_id=274"},"modified":"2020-04-13T20:50:07","modified_gmt":"2020-04-13T20:50:07","slug":"la-theorie-des-batteries-au-plomb","status":"publish","type":"page","link":"https:\/\/ni-cd.net\/wpnicd\/index.php\/la-theorie-des-batteries-au-plomb\/","title":{"rendered":"La th\u00e9orie des AQ au Plomb"},"content":{"rendered":"\n<p>L&rsquo;accumulateur au Plomb Acide est la plus ancienne des technologies pr\u00e9sent\u00e9es dans ce document. Elle a \u00e9t\u00e9 invent\u00e9e en 1859 par Plant\u00e9 (France). L&rsquo;utilisation principale que l&rsquo;on conna\u00eet des batteries au plomb est celle qui sert \u00e0 alimenter le d\u00e9marreur de notre voiture. Mais il existe bien d&rsquo;autres usages. <br>On trouvera donc les batteries de d\u00e9marrage mais aussi de  levage, de traction et autres batteries sp\u00e9cifi\u00e9es pour diff\u00e9rents  usages. Mais aussi diff\u00e9rentes variantes de technologies, batteries  ouvertes, \u00e9tanches, \u00e0 \u00e9lectrolyte g\u00e9lifi\u00e9 etc.<\/p>\n\n\n\n<p>Ces pages d\u00e9di\u00e9es au batteries au plomb-acide ne rentrent pas aussi loin dans le d\u00e9tail pour l&rsquo;instant.<\/p>\n\n\n\n<p>Je ne suis pas l&rsquo;auteur de ces pages d\u00e9di\u00e9es au plomb acide  car je n&rsquo;avais que tr\u00e8s peu d&rsquo;exp\u00e9rience dans ces technologies, et j&rsquo;ai  trouv\u00e9             Pierre-Jacques qui s&rsquo;est propos\u00e9 d&rsquo;\u00e9crire ce qui suit. <br> Un grand merci \u00e0 lui de nous faire partager son savoir et de compl\u00e9ter ainsi ce site.  <\/p>\n\n\n\n<p><strong>Voici les diff\u00e9rents sujets abord\u00e9s <\/strong><\/p>\n\n\n\n<ul class=\"wp-block-list\"><li>Chimie  : Comment fonctionnent les accus ? Quelles sont les r\u00e9actions chimiques mises en jeu ?<\/li><li>Constitution  : Comment sont constitu\u00e9s les accus ? Quelles sont les diff\u00e9rences de fabrication <\/li><li>Charge  : Les diff\u00e9rentes fa\u00e7ons de charger les accus<\/li><li>D\u00e9charge  : Les limites de la d\u00e9charge<\/li><li>Conditions d&rsquo;utilisation  : Dans quelles conditions vos accus fonctionnent-ils ? Quelle est              l&rsquo;influence des conditions ext\u00e9rieures sur le fonctionnement des accus ?<\/li><\/ul>\n\n\n\n<h4 class=\"has-text-align-right wp-block-heading\"><br><a href=\"\/wpnicd\/index.php\/la-chimie-des-batteries-au-plomb\/\">La suite >>><\/a><\/h4>\n","protected":false},"excerpt":{"rendered":"<p>L&rsquo;accumulateur au Plomb Acide est la plus ancienne des technologies pr\u00e9sent\u00e9es dans ce document. Elle a \u00e9t\u00e9 invent\u00e9e en 1859 par Plant\u00e9 (France). L&rsquo;utilisation principale que l&rsquo;on conna\u00eet des batteries au plomb est celle qui sert \u00e0 alimenter le d\u00e9marreur de notre voiture. Mais il existe bien d&rsquo;autres usages. On trouvera donc les batteries de [&hellip;]<\/p>\n","protected":false},"author":1,"featured_media":0,"parent":0,"menu_order":0,"comment_status":"closed","ping_status":"closed","template":"","meta":{"footnotes":""},"class_list":["post-274","page","type-page","status-publish","hentry"],"_links":{"self":[{"href":"https:\/\/ni-cd.net\/wpnicd\/index.php\/wp-json\/wp\/v2\/pages\/274"}],"collection":[{"href":"https:\/\/ni-cd.net\/wpnicd\/index.php\/wp-json\/wp\/v2\/pages"}],"about":[{"href":"https:\/\/ni-cd.net\/wpnicd\/index.php\/wp-json\/wp\/v2\/types\/page"}],"author":[{"embeddable":true,"href":"https:\/\/ni-cd.net\/wpnicd\/index.php\/wp-json\/wp\/v2\/users\/1"}],"replies":[{"embeddable":true,"href":"https:\/\/ni-cd.net\/wpnicd\/index.php\/wp-json\/wp\/v2\/comments?post=274"}],"version-history":[{"count":5,"href":"https:\/\/ni-cd.net\/wpnicd\/index.php\/wp-json\/wp\/v2\/pages\/274\/revisions"}],"predecessor-version":[{"id":1291,"href":"https:\/\/ni-cd.net\/wpnicd\/index.php\/wp-json\/wp\/v2\/pages\/274\/revisions\/1291"}],"wp:attachment":[{"href":"https:\/\/ni-cd.net\/wpnicd\/index.php\/wp-json\/wp\/v2\/media?parent=274"}],"curies":[{"name":"wp","href":"https:\/\/api.w.org\/{rel}","templated":true}]}}