{"id":272,"date":"2019-11-06T22:41:05","date_gmt":"2019-11-06T22:41:05","guid":{"rendered":"https:\/\/testth.erfred.fr\/?page_id=272"},"modified":"2020-05-16T17:25:34","modified_gmt":"2020-05-16T17:25:34","slug":"les-conditions-dutilisation-des-accus-au-nickel","status":"publish","type":"page","link":"https:\/\/ni-cd.net\/wpnicd\/index.php\/les-conditions-dutilisation-des-accus-au-nickel\/","title":{"rendered":"Les conditions d\u00b4utilisation des accus au Nickel"},"content":{"rendered":"\n<p><strong><a href=\"#precaution\">Pr\u00e9cautions d&rsquo;utilisation<\/a>  <\/strong><br><strong><a href=\"#longueduree\">Stockage longue dur\u00e9e<\/a>  <\/strong><br><strong><a href=\"#courteduree\">Stockage courte dur\u00e9e<\/a> <\/strong><br><strong><a href=\"#limite\">Au del\u00e0 des limites<\/a>  <\/strong><\/p>\n\n\n\n<p>Une batterie bien entretenue doit permettre au moins 500 cycles de charges et d\u00e9charges.<\/p>\n\n\n\n<p>Ceci demande des conditions d&rsquo;utilisation correctes qui \u00e9vite les d\u00e9t\u00e9riorations impromptues des \u00e9l\u00e9ments. Dans ce cas un accus Ni-Cd ou Ni-MH perdra moins de 20 % de sa capacit\u00e9 au bout de 500 cycles et environ 40 % au bout de 1000. Cette capacit\u00e9 sera conserv\u00e9e 3 \u00e0 5 ans. Au del\u00e0 elle diminuera du fait de l&rsquo;alt\u00e9ration des r\u00e9actions chimique internes.<\/p>\n\n\n\n<h6 class=\"wp-block-heading\" id=\"precaution\"><\/h6>\n\n\n\n<p style=\"background-color:#0071a1\" class=\"has-text-color has-background has-very-light-gray-color\"><strong>Des pr\u00e9cautions sont donc \u00e0 prendre :<\/strong><\/p>\n\n\n\n<p>&#8211; Temp\u00e9rature de charge : Chargez vos accus \u00e0 temp\u00e9rature \n     ambiante entre 0 et 45 \u00b0C, sachant que la meilleur efficacit\u00e9 de\n     la charge se situe dans une gamme de temp\u00e9rature allant de 10 \u00e0 30 \u00b0C.<\/p>\n\n\n\n<p>&#8211; Temp\u00e9rature de d\u00e9charge : entre -20 et + 65 \u00b0C<br>&#8211; Eviter de les surcharges et utiliser des d\u00e9tections de fin de charge       automatiques pour les charges rapides.<br>&#8211; Proscrire les d\u00e9charges trop profondes en dessous de 1 V\/\u00e9l\u00e9ments. Ne jamais court-circuiter un accu charg\u00e9.<br>&#8211; Attendre au moins une heure avant d&rsquo;utiliser une batterie qui vient d&rsquo;\u00eatre       charg\u00e9e.<br>&#8211; Apr\u00e8s une d\u00e9charge attendre au moins quatre heures avant de       recharger la batterie.<\/p>\n\n\n\n<h6 class=\"wp-block-heading\" id=\"longueduree\"><\/h6>\n\n\n\n<p style=\"background-color:#0071a1\" class=\"has-text-color has-background has-very-light-gray-color\"><strong>Stockage de longue dur\u00e9e :<\/strong><\/p>\n\n\n\n<p style=\"color:#0071a1\" class=\"has-text-color has-text-align-center\"><strong><em>Un \u00e9l\u00e9ment de batterie<\/em> Ni-Cd      <em>doit \u00eatre stock\u00e9<\/em> D\u00e9charg\u00e9<\/strong>.<br><strong><em>Un \u00e9l\u00e9ment de batterie<\/em> Ni-MH      <em>doit \u00eatre stock\u00e9<\/em> Charg\u00e9<\/strong>.<\/p>\n\n\n\n<p>Mais ne m&rsquo;en demandez pas la raison&#8230;. J&rsquo;ai moi m\u00eame pos\u00e9 la question       \u00e0 des sp\u00e9cialiste. La seule r\u00e9ponse que j&rsquo;ai obtenue (par       quelqu&rsquo;un de chez Saft) c&rsquo;est que ces principes sont le fruit de l&rsquo;exp\u00e9rience       et de la constatation. Et donc pas d&rsquo;explication scientifique. :o((<br>Les \u00e9l\u00e9ments doivent \u00eatre stock\u00e9 dans un endroit temp\u00e9r\u00e9 et sec(65% d&rsquo;humidit\u00e9 +\/- 5%). M\u00eame si les marges de temp\u00e9ratures de stockage sont g\u00e9n\u00e9ralement larges ( &#8211; 20 et + 45 \u00b0C). Consultez les notices fabricants pour plus de pr\u00e9cision.<br>Vos accus stock\u00e9s doivent \u00eatre cycl\u00e9s tout les 6 mois au minimum.<br>Les \u00e9l\u00e9ments stock\u00e9s vont subir une autod\u00e9charge naturelle qui va certainement les ammener en dessous de la tension de 1 V, mais cette d\u00e9charge sera bien naturelle et non pas forc\u00e9e par un circuit ext\u00e9rieur donc moins dangereuse pour l&rsquo;accu. On admet une d\u00e9charge naturelle jusqu&rsquo;\u00e0 0,8V par \u00e9l\u00e9ment. En dessous il est possible de ne pas pouvoir r\u00e9cup\u00e9rer l&rsquo;\u00e9l\u00e9ment. Une m\u00e9thode sp\u00e9ciale doit alors \u00eatre appliqu\u00e9e pour essayer de r\u00e9cup\u00e9rer l&rsquo;\u00e9l\u00e9ment.<br><a href=\"\/wpnicd\/index.php\/testez-vos-elements-au-nickel\/#testaccuhs\"> <strong><em>M\u00e9thode de secours pour r\u00e9cup\u00e9rer un \u00e9l\u00e9ment &lt; 0,8 V apr\u00e8s un long stockage. <\/em><\/strong><\/a><br>Par exemple, lorsque l&rsquo;on ach\u00e8te un accumulateur il pr\u00e9sente souvent      une tension d&rsquo;environ 0,8 V.<br>Les fabricants conseillent n\u00e9anmoins de limiter la d\u00e9charge naturelle       et de ne pas stocker des \u00e9l\u00e9ments plus de 6 mois sans leur faire       subir un cycle de charge et d\u00e9charge. J&rsquo;ai personnellement vu des \u00e9l\u00e9ments       rest\u00e9s d\u00e9charg\u00e9s plus d&rsquo;un an, reprendre une charge normale       au bout de deux ou trois cycles.<\/p>\n\n\n\n<h6 class=\"wp-block-heading\" id=\"courteduree\"><\/h6>\n\n\n\n<p style=\"background-color:#0071a1\" class=\"has-text-color has-background has-very-light-gray-color\"><strong>Stockage de courte dur\u00e9e <\/strong><\/p>\n\n\n\n<p><strong>Une batterie d&rsquo;accus charg\u00e9e conserve mieux sa capacit\u00e9 si elle est stock\u00e9e au froid<\/strong> (\u00e0 environ 2 \u00e0 4\u00b0C).<br>Votre r\u00e9frig\u00e9rateur conviendra tr\u00e8s bien pour conserver les accus que vous avez charger en vue d&rsquo;une utilisation prochaine.<br>Le froid freine l&rsquo;activit\u00e9 chimique des \u00e9l\u00e9ments. De ce fait, l&rsquo;autod\u00e9charge naturelle se trouve limit\u00e9e et les accus restent charg\u00e9s plus longtemps.<br><em><strong>Attention<\/strong>, pr\u00e9voir de remettre les \u00e9l\u00e9ments \u00e0 temp\u00e9rature ambiante au moins 4 heures avant de les utiliser, car un accu froid a des performances amoindries par rapport au m\u00eame accu \u00e0 temp\u00e9rature ambiante.<\/em><\/p>\n\n\n\n<div class=\"wp-block-image\"><figure class=\"aligncenter size-large\"><img loading=\"lazy\" decoding=\"async\" width=\"400\" height=\"263\" src=\"https:\/\/ni-cd.net\/wpnicd\/wp-content\/uploads\/2019\/11\/nicddchrg2-1.gif\" alt=\"\" class=\"wp-image-343\"\/><\/figure><\/div>\n\n\n\n<h6 class=\"wp-block-heading\" id=\"limite\"><\/h6>\n\n\n\n<p style=\"background-color:#0071a1\" class=\"has-text-color has-background has-very-light-gray-color\"><strong>Au del\u00e0 des limites :<\/strong><\/p>\n\n\n\n<p> Lors des surcharges ou des d\u00e9charges trop profondes       les \u00e9l\u00e9ments s&rsquo;\u00e9chauffent et produisent un d\u00e9gagement de vapeurs (de nature diff\u00e9rente en fonction de la technologie).  Pour \u00e9viter l&rsquo;explosion de l&rsquo;\u00e9l\u00e9ments , les accus sont muni d&rsquo;une petite soupape de s\u00e9curit\u00e9. Il est inutile de vous        pr\u00e9ciser que celle ci s&rsquo;enclenche, l&rsquo;autonomie de l&rsquo;\u00e9l\u00e9ment s&rsquo;en retrouve fortement alt\u00e9r\u00e9. De plus les surcharges modifient la structure chimique de l&rsquo;accu, ce qui entra\u00eene les probl\u00e8mes d&rsquo;effet m\u00e9moire  &#8230;.<\/p>\n\n\n\n<p style=\"color:#0071a1\" class=\"has-text-color\"><strong><em>Nota : les valeurs donn\u00e9es dans cette page le sont \u00e0 titre indicatif et sont des valeurs moyennes. Dans tous les cas reportez  vous aux caract\u00e9ristiques et conditions d&rsquo;utilisation donn\u00e9es par le fabricant pour chaque type d&rsquo;accus. Reportez vous pour cela \u00e0 la page \u00e9l\u00e9ments du commerce  de ce site o\u00f9 vous trouverez des liens vers les caract\u00e9ristiques des \u00e9l\u00e9ments les plus courants.<\/em><\/strong><br><br><br><\/p>\n\n\n\n<h4 class=\"has-text-align-right wp-block-heading\"><a href=\"\/wpnicd\/index.php\/marquage-des-aq-au-nickel\/\">La suite &gt;&gt;&gt;<\/a><\/h4>\n","protected":false},"excerpt":{"rendered":"<p>Pr\u00e9cautions d&rsquo;utilisation Stockage longue dur\u00e9e Stockage courte dur\u00e9e Au del\u00e0 des limites Une batterie bien entretenue doit permettre au moins 500 cycles de charges et d\u00e9charges. Ceci demande des conditions d&rsquo;utilisation correctes qui \u00e9vite les d\u00e9t\u00e9riorations impromptues des \u00e9l\u00e9ments. Dans ce cas un accus Ni-Cd ou Ni-MH perdra moins de 20 % de sa capacit\u00e9 [&hellip;]<\/p>\n","protected":false},"author":1,"featured_media":0,"parent":0,"menu_order":0,"comment_status":"closed","ping_status":"closed","template":"","meta":{"footnotes":""},"class_list":["post-272","page","type-page","status-publish","hentry"],"_links":{"self":[{"href":"https:\/\/ni-cd.net\/wpnicd\/index.php\/wp-json\/wp\/v2\/pages\/272"}],"collection":[{"href":"https:\/\/ni-cd.net\/wpnicd\/index.php\/wp-json\/wp\/v2\/pages"}],"about":[{"href":"https:\/\/ni-cd.net\/wpnicd\/index.php\/wp-json\/wp\/v2\/types\/page"}],"author":[{"embeddable":true,"href":"https:\/\/ni-cd.net\/wpnicd\/index.php\/wp-json\/wp\/v2\/users\/1"}],"replies":[{"embeddable":true,"href":"https:\/\/ni-cd.net\/wpnicd\/index.php\/wp-json\/wp\/v2\/comments?post=272"}],"version-history":[{"count":13,"href":"https:\/\/ni-cd.net\/wpnicd\/index.php\/wp-json\/wp\/v2\/pages\/272\/revisions"}],"predecessor-version":[{"id":1379,"href":"https:\/\/ni-cd.net\/wpnicd\/index.php\/wp-json\/wp\/v2\/pages\/272\/revisions\/1379"}],"wp:attachment":[{"href":"https:\/\/ni-cd.net\/wpnicd\/index.php\/wp-json\/wp\/v2\/media?parent=272"}],"curies":[{"name":"wp","href":"https:\/\/api.w.org\/{rel}","templated":true}]}}