{"id":270,"date":"2019-11-06T22:40:39","date_gmt":"2019-11-06T22:40:39","guid":{"rendered":"https:\/\/testth.erfred.fr\/?page_id=270"},"modified":"2020-08-25T21:13:34","modified_gmt":"2020-08-25T21:13:34","slug":"la-decharge-des-accus-au-nickel","status":"publish","type":"page","link":"https:\/\/ni-cd.net\/wpnicd\/index.php\/la-decharge-des-accus-au-nickel\/","title":{"rendered":"La d\u00e9charge des AQ au Nickel"},"content":{"rendered":"\n<p class=\"has-very-light-gray-color has-text-color has-background\" style=\"background-color:#0071a1\"><strong>Seuil minimum de d\u00e9charge<\/strong><\/p>\n\n\n\n<p>  Quand on parle de d\u00e9charger compl\u00e8tement une batterie cela sous entend bien s\u00fbr de <\/p>\n\n\n\n<p class=\"has-text-align-center has-text-color\" style=\"color:#0071a1\"><strong>ne pas descendre en dessous de&nbsp; 1 V \/ \u00e9l\u00e9ment. <\/strong><\/p>\n\n\n\n<p>Ceci est la tension minimum en dessous de laquelle l&rsquo;\u00e9l\u00e9ment ne doit jamais descendre sous peine de destruction partielle, voire compl\u00e8te. Cette tension est une valeur de tension \u00e0 vide, donc sans d\u00e9bit. Quand la batterie fourni un fort courant la tension peut descendre \u00e0 0,8V par \u00e9l\u00e9ment pendant la d\u00e9charge.  <\/p>\n\n\n\n<p class=\"has-very-light-gray-color has-text-color has-background\" style=\"background-color:#0071a1\"><strong>La courbe de d\u00e9charge <\/strong><\/p>\n\n\n\n<p>La d\u00e9charge se d\u00e9roule en trois phases. Premi\u00e8rement une chute rapide de la tension vers la valeur de 1,2V\/\u00e9l\u00e9nt. Puis une longue plage ou la tension reste stable \u00e0 cette valeur. Et enfin une avalanche de la tension de l&rsquo;accu. C&rsquo;est l\u00e0 qu&rsquo;il faut stopper rapidement la d\u00e9charge avant la destruction. La           proportion de la longueur de ces phase est fonction du courant d\u00e9bit\u00e9.<\/p>\n\n\n\n<p>Pour une <strong>d\u00e9charge optimale<\/strong>, il faut se conformer aux indications donn\u00e9es par le constructeur en fonction de la technologie et des caract\u00e9ristiques de l&rsquo;accu. En fonction de leur technologie les accus peuvent d\u00e9biter plus ou moins de courant pour une m\u00eame capacit\u00e9.            <br>Par exemple, \u00e0 capacit\u00e9 \u00e9quivalente, un accu Ni-Cd sera capable de d\u00e9biter beaucoup plus de courant qu&rsquo;un accu Ni-MH.<\/p>\n\n\n\n<p><em>Exemple de courbes de d\u00e9charge Ni-Cd :<\/em><\/p>\n\n\n\n<div class=\"wp-block-image\"><figure class=\"aligncenter size-large\"><img loading=\"lazy\" decoding=\"async\" width=\"400\" height=\"283\" src=\"https:\/\/ni-cd.net\/wpnicd\/wp-content\/uploads\/2019\/11\/nicddchrg1.gif\" alt=\"\" class=\"wp-image-342\"\/><\/figure><\/div>\n\n\n\n<p class=\"has-very-light-gray-color has-text-color has-background\" style=\"background-color:#0071a1\"><strong> La r\u00e9sistance interne<\/strong><\/p>\n\n\n\n<p>En fonction de la valeur du courant de d\u00e9charge, la tension de l&rsquo;\u00e9l\u00e9ment va diminuer.           <\/p>\n\n\n\n<div class=\"wp-block-image\"><figure class=\"aligncenter size-large\"><img loading=\"lazy\" decoding=\"async\" width=\"400\" height=\"278\" src=\"https:\/\/ni-cd.net\/wpnicd\/wp-content\/uploads\/2019\/11\/nimhdchrg1-1.gif\" alt=\"\" class=\"wp-image-415\"\/><\/figure><\/div>\n\n\n\n<p>\n          Exemple de courbes de d\u00e9charge Ni-MH :<br>\n          <\/p>\n\n\n\n<p>Cette diminution de la tension nominale quand on fait d\u00e9biter de forts courants aux accus est li\u00e9e \u00e0 la <strong>r\u00e9sistance interne<\/strong>  des \u00e9l\u00e9ments au Nickel.           Comme tout g\u00e9n\u00e9rateur d&rsquo;\u00e9lectricit\u00e9 un accu pr\u00e9sente une  r\u00e9sistance interne due \u00e0 ses composants chimiques et aux r\u00e9actions  qu&rsquo;ils g\u00e9n\u00e8rent.           Un accu n&rsquo;est malheureusement pas un g\u00e9n\u00e9rateur parfait. <br>Cette r\u00e9sistance interne est plus faible pour la technologie  Ni-Cd que pour la technologie Ni-MH. C&rsquo;est pour cela que la technologie Ni-Cd est pr\u00e9f\u00e9r\u00e9e au Ni-MH  pour les applications demandant de fort courants, comme les outils  \u00e9lectro-portatif ( perceuses sans fil et consort)  <\/p>\n\n\n\n<ul class=\"wp-block-list\"><li>R\u00e9sistance Interne d&rsquo;un accu Ni-Cd : 50 \u00e0 200 m\u03a9<\/li><li>R\u00e9sistance Interne d&rsquo;un accu Ni-MH : 200 \u00e0 300 m\u03a9<\/li><\/ul>\n\n\n\n<p>Ceci est traduit math\u00e9matiquement par la loi de Pouillet : <\/p>\n\n\n\n<p class=\"has-text-align-center has-text-color has-medium-font-size\" style=\"color:#0071a1\"><strong> U = E &#8211; r x I <\/strong><\/p>\n\n\n\n<p> avec : <br><strong>U <\/strong>: tension aux bornes de l&rsquo;accu <br><strong>E <\/strong>: Tension \u00e0 vide (sans d\u00e9bit) de l&rsquo;accu <br><strong>r <\/strong>: R\u00e9sistance interne de l&rsquo;accu <br><strong>I <\/strong>: Courant d\u00e9bit\u00e9 par l&rsquo;accu <\/p>\n\n\n\n<p>La relative forte r\u00e9sistance interne des Ni-MH pose  aujourd&rsquo;hui probl\u00e8me du fait de la disparition annonc\u00e9e du Ni-Cd. Malgr\u00e9 les \u00e9volutions de la recherche cette valeur n&rsquo;a pas p\u00fbt  \u00eatre significativement r\u00e9duite. Par contre le monde des radiomod\u00e9listes, de part ses besoins importants en \u00e9nergie instantan\u00e9e, a  diffus\u00e9 une m\u00e9thode, mise au point par M.Guindeuil , appel\u00e9e <strong>\u00ab\u00a0rodage\u00a0\u00bb<\/strong>  qui permet de faire diminuer la r\u00e9sistance interne des accus. Cette m\u00e9thode est une sorte de programme d\u2019entra\u00eenement \u00e0 d\u00e9biter de forts courants.    <\/p>\n\n\n\n<p>Derni\u00e8re chose au sujet de la r\u00e9sistance interne, c&rsquo;est l&rsquo;influence de la temp\u00e9rature.  En effet plus la temp\u00e9rature diminue, plus la r\u00e9sistance interne de vos accus augmente.  C&rsquo;est ce qui explique que par temps froid les accus de votre APN sont per\u00e7us comme vide par l&rsquo;appareil. La r\u00e9sistance interne plus \u00e9lev\u00e9e provoque une chute plus rapide de la tension&#8230;.<\/p>\n\n\n\n<p class=\"has-very-light-gray-color has-text-color has-background\" style=\"background-color:#0071a1\"><strong>D\u00e9charge d&rsquo;une batterie d&rsquo;accumulateurs<\/strong><\/p>\n\n\n\n<p>Dans le cas de plusieurs \u00e9l\u00e9ments en s\u00e9rie, cas de nombreux packs, il n&rsquo;est pas possible de contr\u00f4ler la tension de chaque \u00e9l\u00e9ment.  Donc si ils ont tous \u00e9t\u00e9 charg\u00e9s en s\u00e9rie et si ils d\u00e9bitent tous en s\u00e9rie il est tout \u00e0 fait possible de finir de les d\u00e9charger en s\u00e9rie si ils n&rsquo;ont pas \u00e9t\u00e9 dissoci\u00e9s. La tension           limite minimale sera alors fonction du nombre d&rsquo;\u00e9l\u00e9ments  car il y a toujours un risque de disparit\u00e9 de d\u00e9charge entre les \u00e9l\u00e9ments. Si certains \u00e9taient encore au dessus 1 V alors d&rsquo;autres seraient pass\u00e9s en dessous.           :o((((<br>           Les constructeurs pr\u00e9conisent la r\u00e8gle suivante pour la tension minimale limite de fin de d\u00e9charge :<\/p>\n\n\n\n<div class=\"wp-block-image\"><figure class=\"aligncenter size-large\"><img loading=\"lazy\" decoding=\"async\" width=\"400\" height=\"74\" src=\"https:\/\/ni-cd.net\/wpnicd\/wp-content\/uploads\/2019\/11\/umini.gif\" alt=\"\" class=\"wp-image-353\"\/><\/figure><\/div>\n\n\n\n<p>Donc par exemple pour 6 \u00e9l\u00e9ments avec une tension nominale de 7,2V la tension minimale de fin de d\u00e9charge sera de 6&#215;1=6,0V.<br>Et pour 10 \u00e9l\u00e9ments avec une tension nominale de 12V la tension minimale de fin de d\u00e9charge sera de 9&#215;1,2=10,8V.<br>En dessous de cette valeur la tension de l&rsquo;accu va chuter tr\u00e8s rapidement,            jusqu&rsquo;\u00e0 z\u00e9ro. Si plusieurs \u00e9l\u00e9ments sont en s\u00e9rie, il y en a toujours un dont la capacit\u00e9 est inf\u00e9rieure \u00e0  celle des autres et dont la tension chutera avant les autres. Cet \u00e9l\u00e9ments,  une fois arriv\u00e9 \u00e0 z\u00e9ro Volts, risque de subir une inversion de polarit\u00e9 du fait de sa polarisation par les autres \u00e9l\u00e9ment.            Inutile de vous dire que c&rsquo;est tr\u00e8s dangereux pour lui. C&rsquo;est pour cela            qu&rsquo;il faut respecter le seuil de d\u00e9charge de 1V\/\u00e9l.<\/p>\n\n\n\n<p>En dessous de cette valeur la tension de l&rsquo;accu va chuter tr\u00e8s rapidement,            jusqu&rsquo;\u00e0 z\u00e9ro. Si plusieurs \u00e9l\u00e9ments sont en s\u00e9rie, il y en a toujours un dont la capacit\u00e9 est inf\u00e9rieure \u00e0 celle des autres et dont la tension chutera avant les autres. Cet \u00e9l\u00e9ments, une fois arriv\u00e9 \u00e0 z\u00e9ro Volts, risque de subir une inversion de polarit\u00e9 du fait de sa polarisation par les autres \u00e9l\u00e9ment.            Inutile de vous dire que c&rsquo;est tr\u00e8s dangereux pour lui. C&rsquo;est pour cela            qu&rsquo;il faut respecter le seuil de d\u00e9charge de 1V\/\u00e9l.<\/p>\n\n\n\n<p>Il y a une solution pour prot\u00e9ger vos \u00e9l\u00e9ments  contre les inversions de polarit\u00e9s : Mettre en \/\/ sur chaque \u00e9l\u00e9ment une diode Schottky qui entrera en conduction lorsque l&rsquo;\u00e9l\u00e9ment sera trop d\u00e9charg\u00e9. Ainsi elle \u00e9coulera le courant \u00e0 l&rsquo;ext\u00e9rieur de l&rsquo;\u00e9l\u00e9ment, la tension de la batterie d&rsquo;accu diminuera mais l&rsquo;\u00e9l\u00e9ment restera prot\u00e9g\u00e9.<\/p>\n\n\n\n<div class=\"wp-block-image\"><figure class=\"aligncenter size-large\"><img loading=\"lazy\" decoding=\"async\" width=\"602\" height=\"163\" src=\"https:\/\/ni-cd.net\/wpnicd\/wp-content\/uploads\/2019\/11\/accudiodes-2.gif\" alt=\"\" class=\"wp-image-383\"\/><\/figure><\/div>\n\n\n\n<p>Certaines batteries Ni-Cd peuvent d\u00e9biter des courants  tr\u00e8s importants, bien sup\u00e9rieur au <strong>courant nominal. <\/strong>G\u00e9n\u00e9ralement le courant max de           d\u00e9charge est mentionn\u00e9 par le fabricant. <br><br><br><\/p>\n\n\n\n<h4 class=\"has-text-align-right wp-block-heading\"><a href=\"\/wpnicd\/index.php\/les-conditions-dutilisation-des-accus-au-nickel\/\">La suite &gt;&gt;&gt;<\/a><\/h4>\n\n\n\n<p><\/p>\n","protected":false},"excerpt":{"rendered":"<p>Seuil minimum de d\u00e9charge Quand on parle de d\u00e9charger compl\u00e8tement une batterie cela sous entend bien s\u00fbr de ne pas descendre en dessous de&nbsp; 1 V \/ \u00e9l\u00e9ment. Ceci est la tension minimum en dessous de laquelle l&rsquo;\u00e9l\u00e9ment ne doit jamais descendre sous peine de destruction partielle, voire compl\u00e8te. Cette tension est une valeur de [&hellip;]<\/p>\n","protected":false},"author":1,"featured_media":0,"parent":0,"menu_order":0,"comment_status":"closed","ping_status":"closed","template":"","meta":{"footnotes":""},"class_list":["post-270","page","type-page","status-publish","hentry"],"_links":{"self":[{"href":"https:\/\/ni-cd.net\/wpnicd\/index.php\/wp-json\/wp\/v2\/pages\/270"}],"collection":[{"href":"https:\/\/ni-cd.net\/wpnicd\/index.php\/wp-json\/wp\/v2\/pages"}],"about":[{"href":"https:\/\/ni-cd.net\/wpnicd\/index.php\/wp-json\/wp\/v2\/types\/page"}],"author":[{"embeddable":true,"href":"https:\/\/ni-cd.net\/wpnicd\/index.php\/wp-json\/wp\/v2\/users\/1"}],"replies":[{"embeddable":true,"href":"https:\/\/ni-cd.net\/wpnicd\/index.php\/wp-json\/wp\/v2\/comments?post=270"}],"version-history":[{"count":12,"href":"https:\/\/ni-cd.net\/wpnicd\/index.php\/wp-json\/wp\/v2\/pages\/270\/revisions"}],"predecessor-version":[{"id":1517,"href":"https:\/\/ni-cd.net\/wpnicd\/index.php\/wp-json\/wp\/v2\/pages\/270\/revisions\/1517"}],"wp:attachment":[{"href":"https:\/\/ni-cd.net\/wpnicd\/index.php\/wp-json\/wp\/v2\/media?parent=270"}],"curies":[{"name":"wp","href":"https:\/\/api.w.org\/{rel}","templated":true}]}}