{"id":268,"date":"2019-11-06T22:40:15","date_gmt":"2019-11-06T22:40:15","guid":{"rendered":"https:\/\/testth.erfred.fr\/?page_id=268"},"modified":"2020-08-25T21:12:26","modified_gmt":"2020-08-25T21:12:26","slug":"la-charge-des-accus-au-nickel","status":"publish","type":"page","link":"https:\/\/ni-cd.net\/wpnicd\/index.php\/la-charge-des-accus-au-nickel\/","title":{"rendered":"La charge des AQ au Nickel"},"content":{"rendered":"\n<p><strong>Nous y voil\u00e0. Voici le gros morceau, passage oblig\u00e9 de ce site, c&rsquo;est certainement la plus ancienne page que j&rsquo;ai r\u00e9alis\u00e9e, et celle qui a subit le plus d&rsquo;am\u00e9liorations. Une de celles aussi qui ont le plus de visites. Je vais tenter de vous d\u00e9crire ci-dessous le diff\u00e9rentes possibilit\u00e9s que vous avez de recharger vos accus au Nickel et les cons\u00e9quences de chacune. <\/strong><\/p>\n\n\n\n<p class=\"has-very-light-gray-color has-text-color has-background\" style=\"background-color:#0071a1\"><strong>Le d\u00e9roulement de la charge<\/strong><\/p>\n\n\n\n<p>La charge des accus au Nickel doit se faire \u00e0 courant constant sous une tension minimale disponible d&rsquo;au moins 1,45 V (Ni-Cd) \u00e0 1,6V (Ni-MH) par \u00e9l\u00e9ment. En dessous de cette tension minimale l&rsquo;accu ne se chargera pas compl\u00e8tement. Le courant doit \u00eatre maintenu pendant un certain temps (comme le f\u00fbt du canon) qui d\u00e9pend du <a href=\"\/wpnicd\/index.php\/la-faq\/#cquoic\">taux du courant de charge <\/a>et du rendement de la charge \u00e0 ce taux.  <br>Le principe de la charge est donc d&rsquo;injecter \u00e0 l&rsquo;accu une  quantit\u00e9 de courant jusqu&rsquo;\u00e0 ce que cette quantit\u00e9 atteigne la <a href=\"\/wpnicd\/index.php\/la-capacite-de-vos-accus\/\">capacit\u00e9<\/a> de l&rsquo;accu.           <br>La r\u00e8gle  est :  <\/p>\n\n\n\n<p class=\"has-text-align-center has-text-color has-medium-font-size\" style=\"color:#0071a1\"><strong>Q = I x t x \u03c1 <\/strong><\/p>\n\n\n\n<p>( I \u00e9tant le courant constant de charge, t le temps de charge , \u03c1 le rendement de la charge et donc Q est la quantit\u00e9 d&rsquo;\u00e9lectricit\u00e9 ou la capacit\u00e9 de l&rsquo;accu). <br>Le rendement \u03c1 de la charge  a une valeur tr\u00e8s fluctuante. Il d\u00e9pend en premier lieu et pour majorit\u00e9 du taux de charge . Mais il variera aussi en fonction de la temp\u00e9rature de la  charge, en fonction de la structure et de l&rsquo;\u00e2ge de l&rsquo;accu lui m\u00eame. Les valeurs que je vous donnerai dans le suite de ce document  sont donc \u00e0 prendre pour indication avec une tol\u00e9rance d&rsquo;erreur d&rsquo;au moins 20%. D\u00e9sol\u00e9 je ne peux faire mieux.           <\/p>\n\n\n\n<p>Durant la charge la tension de la batterie va augmenter d&rsquo;abord rapidement puis plus lentement en  marquant un palier de tension. Enfin la tension va r\u00e9-augmenter jusqu&rsquo;\u00e0 atteindre un maximum de tension. L\u00e0, la tension va cesser  d&rsquo;augmenter. La charge est alors termin\u00e9e.<\/p>\n\n\n\n<p class=\"has-text-align-left\">A partir de l\u00e0, si la batterie reste aliment\u00e9e avec le m\u00eame courant : Il y aura surcharge. Comme l&rsquo;accumulateur ne peut plus stocker d&rsquo;\u00e9nergie, toute la puissance qui lui est transmise est d\u00e9gag\u00e9e en chaleur. L&rsquo;\u00e9l\u00e9ment s&rsquo;\u00e9chauffe alors. Il y a, \u00e0 ce moment l\u00e0, la production d&rsquo;hydrog\u00e8ne et d&rsquo;oxyg\u00e8ne dans les \u00e9l\u00e9ments. En fonction du courant de charge impos\u00e9, il va y avoir cr\u00e9ation d&rsquo;effet m\u00e9moire si le courant est faible, mais destruction partielle si le courant est \u00e0 un taux de charge  \u00e9lev\u00e9. Le d\u00e9but d&rsquo;\u00e9l\u00e9vation de la temp\u00e9rature de l&rsquo;accu va faire  l\u00e9g\u00e8rement diminuer sa r\u00e9sistance interne et provoquer une petite baisse  de tension aux bornes de l&rsquo;accu. C&rsquo;est cette baisse de tension que l&rsquo;on  appelle le Delta peak ou -DV ou delta V.  Math\u00e9matiquement c&rsquo;est un -dV\/dt, un changement de pente de la courbe de charge. La d\u00e9riv\u00e9e de la courbe de charge devient n\u00e9gative. <\/p>\n\n\n\n<p class=\"has-text-align-center\"><a href=\"\/wpnicd\/index.php\/delta-peak\/\">Voir toutes les explications sur le DeltaPeak ici<\/a><\/p>\n\n\n\n<p class=\"has-text-align-center has-text-color\" style=\"color:#0071a1\"><strong>  L&rsquo;id\u00e9al pour d\u00e9tecter pr\u00e9cis\u00e9ment la fin de charge d&rsquo;une batterie <\/strong><br><strong>au Nickel c&rsquo;est de d\u00e9tecter le -dV\/dt<\/strong><\/p>\n\n\n\n<div class=\"wp-block-image\"><figure class=\"alignleft size-large\"><img loading=\"lazy\" decoding=\"async\" width=\"400\" height=\"287\" src=\"https:\/\/ni-cd.net\/wpnicd\/wp-content\/uploads\/2019\/11\/nicdchrg1-1.gif\" alt=\"\" class=\"wp-image-408\"\/><\/figure><\/div>\n\n\n\n<p><br><br>C&rsquo;est le moment o\u00f9 la tension de la batterie a atteint son maximum et o\u00f9 cette tension commence \u00e0 baisser. <br>Cette m\u00e9thode est fortement  conseill\u00e9e pour les charges rapides et acc\u00e9l\u00e9r\u00e9es. D&rsquo;autres solutions sont possibles.<\/p>\n\n\n\n<p> <\/p>\n\n\n\n<p><br><br><u>On utilise aussi couramment :<\/u> <\/p>\n\n\n\n<ul class=\"wp-block-list\"><li> La d\u00e9tection du niveau de la tension th\u00e9orique de fin de charge (1,4 V \/ \u00e9l\u00e9ment) <\/li><li> L&rsquo;augmentation de la temp\u00e9rature en fin de charge. <\/li><li> Avec un peu d&rsquo;anticipation le point d&rsquo;inflexion de la courbe de charge juste avant la fin de charge : le d\u00b2V\/dt\u00b2<\/li><li> Un temps de charge fixe th\u00e9orique appliqu\u00e9 \u00e0 un accu pr\u00e9alablement d\u00e9charg\u00e9.<\/li><\/ul>\n\n\n\n<p>L&rsquo;amplitude de la variation du <a href=\"\/wpnicd\/index.php\/delta-peak\/\">Delta Peak <\/a>est li\u00e9 \u00e0 la variation de r\u00e9sistance interne et donc \u00e0 la variation de temp\u00e9rature. La variation de temp\u00e9rature est elle li\u00e9e \u00e0 la valeur du  taux de charge et donc du courant de charge .           La r\u00e9sistance interne du Ni-MH \u00e9tant plus \u00e9lev\u00e9e que celle du Ni-Cd, la r\u00e9action de charge du Ni-MH \u00e9tant exothermique alors que celle du Ni-Cd est endothermique, les variations de tension en fin de charge sont beaucoup plus \u00e9lev\u00e9es en Ni-Cd qu&rsquo;en Ni-MH. Ceci rend la d\u00e9tection du <a href=\"\/wpnicd\/index.php\/delta-peak\/\">-dV\/dt<\/a> en Ni-MH difficile voire impossible aux faibles taux du courant de charge . On pr\u00e9f\u00e9rera alors d\u00e9tecter le dV\u00b2\/dt\u00b2 plus visible, ou on se contentera de charger en temps.       <\/p>\n\n\n\n<p class=\"has-very-light-gray-color has-text-color has-background\" style=\"background-color:#0071a1\">Les diff\u00e9rentes vitesses et rendements de charges<\/p>\n\n\n\n<p class=\"has-cyan-bluish-gray-background-color has-text-color has-background\" style=\"color:#0071a1\"><strong><u>La charge normale<\/u><\/strong><\/p>\n\n\n\n<p>Il faut savoir, que le seul taux de charge   qui soit pr\u00e9conis\u00e9 par les fabricants pour garantir la meilleur long\u00e9vit\u00e9 \u00e0 leurs  accus au Nickel est le courant constant \u00e9gal \u00e0 1\/10\u00e8me du courant nominal. On appelle cette charge la charge normale (et non la charge lente comme il est beaucoup dit en Ni-MH) . C&rsquo;est ce taux de charge  qui est utilis\u00e9 pour effectuer tous les tests des accus au Nickel et notamment le taux qui sert \u00e0 la mesure de la capacit\u00e9 affich\u00e9e sur le corps de vos accus, dite capacit\u00e9 assign\u00e9e. <br> C&rsquo;est le taux de charge qui garantie la plus grande long\u00e9vit\u00e9 \u00e0 vos accus.<\/p>\n\n\n\n<p class=\"has-text-align-center has-text-color\" style=\"color:#0071a1\"><strong> La charge normale se fait au taux de C\/10 avec un rendement d&rsquo;environ 0,7 <br> donc pendant environ 14 heures.<\/strong><\/p>\n\n\n\n<p> A ce taux : <br> &#8211; le <a href=\"\/wpnicd\/index.php\/delta-peak\/\">deltapeak<\/a> se d\u00e9tecte bien pour le Ni-Cd mais difficilement pour le Ni-MH (en fonction des \u00e9l\u00e9ments &#8230;.)  <br>&#8211; la surcharge n&rsquo;est pas destructrice mais cr\u00e9atrice d&rsquo;effet m\u00e9moire.           <br><\/p>\n\n\n\n<p class=\"has-cyan-bluish-gray-background-color has-text-color has-background\" style=\"color:#0071a1\"><strong><u>La charge acc\u00e9l\u00e9r\u00e9e<\/u> <\/strong><\/p>\n\n\n\n<p>Elle s&rsquo;effectue \u00e0 courant constant d&rsquo;une valeur \u00e9gale au 1\/5 \u00e8me du courant nominal .  A ce taux <a href=\"\/wpnicd\/index.php\/la-capacite-de-vos-accus\/\">C\/5<\/a>, la surcharge n&rsquo;est pas admissible en Ni-MH et elle ne doit pas d\u00e9passer 40 mn en Ni-Cd sous peine de destruction des \u00e9l\u00e9ments. Cette charge est assez rapide mais de moins bonne qualit\u00e9 qu&rsquo;une charge normale. L&rsquo;accu ne prend pas 100% de la capacit\u00e9 qu&rsquo;il aurait prit avec une charge normale.<\/p>\n\n\n\n<p class=\"has-text-align-center has-text-color\" style=\"color:#0071a1\"><strong>La charge acc\u00e9l\u00e9r\u00e9e  se fait au taux de C\/5  avec un rendement d&rsquo;environ 0,8 <br> donc pendant environ 6 heures 30 minutes.  <\/strong><\/p>\n\n\n\n<p> A ce taux : <br>           &#8211; le <a href=\"\/wpnicd\/index.php\/delta-peak\/\">deltapeak<\/a> est d\u00e9tect\u00e9 pour les deux technologies.  <br>           &#8211; La surcharge est alt\u00e9rante pour les \u00e9l\u00e9ments (usure acc\u00e9l\u00e9r\u00e9e).           <br><\/p>\n\n\n\n<p class=\"has-cyan-bluish-gray-background-color has-text-color has-background\" style=\"color:#0071a1\"><strong><u>La charge rapide<\/u><\/strong><\/p>\n\n\n\n<p> Elle s&rsquo;effectue \u00e0 courant constant d&rsquo;une valeur \u00e9gale  \u00e0 la valeur du courant nominal de la batterie. La surcharge est interdite \u00e0 ce taux de charge. ATTENTION tous les accumulateurs ne supportent ce type de charge, notamment les accus sp\u00e9cifiques \u00ab\u00a0charge permanente\u00a0\u00bb et les \u00ab\u00a0grand public\u00a0\u00bb bas de gamme. La charge rapide est de moins bonne qualit\u00e9. L&rsquo;accu ne prend pas 100% de la capacit\u00e9  qu&rsquo;il aurait prit avec une charge normale.           De plus ce type de charge est alt\u00e9rant pour les accus.  Utilis\u00e9e syst\u00e9matiquement la charge rapide va diminuer de fa\u00e7on tr\u00e8s  visible           l&rsquo;esp\u00e9rance de vie de vos accus.<br>Par contre la charge rapide permet sur du Ni-MH \u00ab\u00a0d&rsquo;entra\u00eener\u00a0\u00bb l&rsquo;accu \u00e0 transf\u00e9rer de forts courants. Ce type de charge  permet dans une certaine mesure de faire diminuer la r\u00e9sistance interne des \u00e9l\u00e9ments Ni-MH.<\/p>\n\n\n\n<p class=\"has-text-align-center has-text-color\" style=\"color:#0071a1\"><strong>La charge rapide se fait au taux de 1C  avec un rendement d&rsquo;environ 0,95 <br> donc pendant environ 1 heure 05 min.<\/strong><\/p>\n\n\n\n<p>A ce taux :  <br>           &#8211; le <a href=\"\/wpnicd\/index.php\/delta-peak\/\">deltapeak<\/a> est tr\u00e8s bien d\u00e9tect\u00e9 par les deux technologies.<br>           &#8211; la surcharge est destructrice pour les \u00e9l\u00e9ments.            <br><\/p>\n\n\n\n<p class=\"has-cyan-bluish-gray-background-color has-text-color has-background\" style=\"color:#0071a1\"><strong><u>La charge ULTRA rapide<\/u><\/strong><\/p>\n\n\n\n<p> Elle s&rsquo;effectue \u00e0 courant constant d&rsquo;une valeur \u00e9gale  \u00e0 2 voire 4 fois la valeur du courant nominal de la batterie. La surcharge est absolument interdite \u00e0 ce taux  de charge. ATTENTION uniquement les meilleurs accumulateurs supportent ce  type de charge.           Les accumulateurs doivent absolument \u00eatre refroidis par  ventilation pendant ce type de charge.  La charge ultra rapide est de mauvaise qualit\u00e9 quand au  rapport \u00e9nergie emmagasin\u00e9e \/ emmagasinable. De plus ce type de charge est tr\u00e8s stressant pour les accus.  Utilis\u00e9e syst\u00e9matiquement la charge rapide va diminuer de fa\u00e7on tr\u00e8s  importante l&rsquo;esp\u00e9rance de vie de vos accus.<br>Par contre la charge ultra rapide permet sur du Ni-MH  \u00ab\u00a0d&rsquo;entra\u00eener\u00a0\u00bb l&rsquo;accu \u00e0 transf\u00e9rer de tr\u00e8s forts courants.  Ce type de charge  permet de faire diminuer la r\u00e9sistance  interne des \u00e9l\u00e9ments Ni-MH. Ceci est tr\u00e8s utilis\u00e9 en mod\u00e9lisme pour les  accumulateurs destin\u00e9s \u00e0 la propulsion par moteurs \u00e9lectriques.<\/p>\n\n\n\n<p class=\"has-text-align-center has-text-color\" style=\"color:#0071a1\"><strong>La charge ultra rapide se fait au taux de 2C  avec un rendement d&rsquo;environ 0,98 <br> donc pendant 30 min grand maximum. <\/strong><\/p>\n\n\n\n<p class=\"has-text-align-center\"><strong>La temp\u00e9rature des \u00e9l\u00e9ments doit \u00eatre surveill\u00e9e et refroidie pendant la charge. <br>           Un timer de s\u00e9curit\u00e9 doit \u00eatre pr\u00e9vu en cas de non d\u00e9tection du <a href=\"\/wpnicd\/index.php\/delta-peak\/\">delta peak<\/a>.<\/strong><\/p>\n\n\n\n<p>A ce taux :  <br>           &#8211; le <a href=\"\/wpnicd\/index.php\/delta-peak\/\">deltapeak<\/a> est tr\u00e8s bien d\u00e9tect\u00e9 par les deux technologies.<br>           &#8211; la surcharge est extr\u00eamement destructrice pour les \u00e9l\u00e9ments.            <br><\/p>\n\n\n\n<p class=\"has-cyan-bluish-gray-background-color has-text-color has-background\" style=\"color:#0071a1\"><strong><u>La charge permanente<\/u><\/strong><\/p>\n\n\n\n<p> Elle s&rsquo;effectue \u00e0 courant constant d&rsquo;une valeur \u00e9gale au 1\/20\u00e8me du courant nominal  de la batterie sans limitation de dur\u00e9e (pas une semaine quand m\u00eame ;o). La batterie se charge, mais ne s&rsquo;\u00e9chauffe pas dangereusement apr\u00e8s la fin de charge (courant plus faible).<\/p>\n\n\n\n<p class=\"has-text-align-center has-text-color\" style=\"color:#0071a1\"><strong>La charge permanente se fait au taux de C\/20  avec un rendement d&rsquo;environ 0,5 <br>donc pendant au moins 35 \u00e0 40 heures.<\/strong><\/p>\n\n\n\n<p>A ce taux : <br>&#8211; le <a href=\"\/index.php\/delta-peak\/\">deltapeak<\/a> est difficilement d\u00e9tectable en Ni-Cd et pas du tout en Ni-MH. <br>&#8211; La surcharge est inoffensive mais cr\u00e9atrice d&rsquo;effet m\u00e9moire.           <br><\/p>\n\n\n\n<p class=\"has-cyan-bluish-gray-background-color has-text-color has-background\" style=\"color:#0071a1\"><strong><u>Le courant d&rsquo;entretien<\/u><\/strong><\/p>\n\n\n\n<p>Une batterie a tendance \u00e0 ce d\u00e9charger naturellement. Apr\u00e8s une charge il est possible de lui appliquer un  courant constant d&rsquo;une valeur allant de 1\/50\u00e8me  \u00e0 1 \/100\u00e8me du courant nominal  ind\u00e9finiment pour maintenir son \u00e9tat de charge au maximum. Ce courant ne charge pas vraiment la batterie il compense simplement les pertes naturelles. <br>Attention ce type de courant d&rsquo;entretien (trickel courant in english) est l\u00e9g\u00e8rement cr\u00e9ateur d&rsquo;effet m\u00e9moire.<br>Le courant d&rsquo;entretien peut aussi servir \u00e0 parfaire une charge, commenc\u00e9e en charge rapide.           <\/p>\n\n\n\n<p class=\"has-very-dark-gray-color has-text-color\"><br><strong><u>Attention, pour les charges acc\u00e9l\u00e9r\u00e9e et rapide<\/u><\/strong>, si vous ne poss\u00e9dez pas un chargeur \u00e0 d\u00e9tection et coupure automatique de la fin de charge (<a href=\"\/index.php\/delta-peak\/\">-dV\/dt<\/a>), La batterie doit \u00eatre imp\u00e9rativement compl\u00e8tement d\u00e9charg\u00e9e avant la charge. Pour la charge Ultra rapide, la d\u00e9tection de fin de charge automatique est absolument indispensable. <br><\/p>\n\n\n\n<p class=\"has-very-light-gray-color has-text-color has-background\" style=\"background-color:#0071a1\"><strong>La solution rapide et de bonne qualit\u00e9<\/strong><\/p>\n\n\n\n<p>\n    La charge rapide est stressante pour les accus. Les phases les plus \ndangereuses sont le d\u00e9but de charge (mise en route chimique de la \ncharge)\n    et la fin de charge avec le risque de surcharge. Il existe une \nsolution pour r\u00e9aliser des charges rapides sans risque pour vos accus.\n    Cette m\u00e9thode se passe en trois phases.\n    <\/p>\n\n\n\n<ul class=\"wp-block-list\"><li> Un d\u00e9but de charge avec courant l\u00e9ger pour d\u00e9marrer la charge en douceur au cas o\u00f9 les \u00e9l\u00e9ments soient tr\u00e8s d\u00e9charg\u00e9s<\/li><li> Le principal de la charge en charge acc\u00e9l\u00e9r\u00e9e ou rapide pour le remplissage de l&rsquo;accu. <\/li><li> Un compl\u00e9ment de charge en courant d&rsquo;entretien apr\u00e8s la d\u00e9tection de la fin de charge rapide <\/li><\/ul>\n\n\n\n<p>\n\n    Cette m\u00e9thode permet d&rsquo;avoir des accus charg\u00e9s \u00e0 100% en un temps relativement faible. <\/p>\n\n\n\n<div class=\"wp-block-image\"><figure class=\"aligncenter size-large\"><img loading=\"lazy\" decoding=\"async\" width=\"500\" height=\"409\" src=\"https:\/\/ni-cd.net\/wpnicd\/wp-content\/uploads\/2019\/11\/nimhchrg2-1.gif\" alt=\"\" class=\"wp-image-414\"\/><\/figure><\/div>\n\n\n\n<ul class=\"wp-block-list\"><li>(1) Courant de charge rapide. Il doit \u00eatre compris     entre 0,5 et 1 In. Plus de 1 In risque de provoqu\u00e9 surchauffe     et d\u00e9gazage.<\/li><li>(2) Courant (0,2 \u00e0 0,3 In) de pr\u00e9charge dans     le cas ou la tension de l&rsquo;accu serait inf\u00e9rieure \u00e0     0,8V\/\u00e9l. <\/li><li>(3) D\u00e9but de la charge rapide \u00e0 partir d&rsquo;une     tension de 0,8 V\/\u00e9l environ.<\/li><li>(4) D\u00e9tection de tension maximale \u00e0 environ     1,8V\/\u00e9l.  <\/li><li>(5) D\u00e9tection du -dV\/dt pour le passage en courant     de charge permanent : <br>     Pour le Ni-CD : 10 mV &lt; -dV &lt; 15 mV <br>     Pour le Ni-MH : 5 mV &lt; -dV &lt; 10 mV<\/li><li>(6) D\u00e9tection du dT\/dt pour le passage en courant de     charge permanent : 1 \u00e0 2 \u00b0C\/mn<\/li><li>(7) D\u00e9tection de la temp\u00e9rature maximale \u00e0     50 \u00e0 60 \u00b0C suivant les \u00e9l\u00e9ments (voir     doc fabricant)<\/li><li>(8) D\u00e9lai de 10 mn pendant lequel la d\u00e9tection     du -dV\/dt est inib\u00e9e pour ne pas d\u00e9clencher en     d\u00e9but de charge<\/li><li>(9) Courant de charge permanente 1\/30\u00e8me     \u00e0 1\/20\u00e8me de In.<\/li><li>(10) Limiteur de temps de la pr\u00e9charge : 60 mn<\/li><li>(11) Limiteur de temps de la charge rapide : 90 mn<\/li><li>(12) Limiteur de temps total de charge : 10 \u00e0 20 heures.<\/li><\/ul>\n\n\n\n<p>La fin de charge est ici d\u00e9tect\u00e9e soit par le -dV\/dt  (tension), soit par le dT\/dt  (temp\u00e9rature). Il existe une variante qui stoppe la charge un peu avant la fin de charge en d\u00e9tectant le dV\u00b2\/dt\u00b2 (pour les tr\u00e8s forts courants). <br>Avec \u00e7a normalement plus aucun risque de  surcharge, mais par  s\u00e9curit\u00e9 il y a quand m\u00eame des timers (temporisateurs) qui coupent la  charge au del\u00e0 des d\u00e9lais th\u00e9oriques maximaux admissibles.         <\/p>\n\n\n\n<p><\/p>\n\n\n\n<h4 class=\"has-text-align-right wp-block-heading\">  <a href=\"\/wpnicd\/index.php\/la-decharge-des-accus-au-nickel\/\">La suite &gt;&gt;&gt;<\/a><\/h4>\n\n\n\n<p><\/p>\n","protected":false},"excerpt":{"rendered":"<p>Nous y voil\u00e0. Voici le gros morceau, passage oblig\u00e9 de ce site, c&rsquo;est certainement la plus ancienne page que j&rsquo;ai r\u00e9alis\u00e9e, et celle qui a subit le plus d&rsquo;am\u00e9liorations. Une de celles aussi qui ont le plus de visites. Je vais tenter de vous d\u00e9crire ci-dessous le diff\u00e9rentes possibilit\u00e9s que vous avez de recharger vos [&hellip;]<\/p>\n","protected":false},"author":1,"featured_media":0,"parent":0,"menu_order":0,"comment_status":"closed","ping_status":"closed","template":"","meta":{"footnotes":""},"class_list":["post-268","page","type-page","status-publish","hentry"],"_links":{"self":[{"href":"https:\/\/ni-cd.net\/wpnicd\/index.php\/wp-json\/wp\/v2\/pages\/268"}],"collection":[{"href":"https:\/\/ni-cd.net\/wpnicd\/index.php\/wp-json\/wp\/v2\/pages"}],"about":[{"href":"https:\/\/ni-cd.net\/wpnicd\/index.php\/wp-json\/wp\/v2\/types\/page"}],"author":[{"embeddable":true,"href":"https:\/\/ni-cd.net\/wpnicd\/index.php\/wp-json\/wp\/v2\/users\/1"}],"replies":[{"embeddable":true,"href":"https:\/\/ni-cd.net\/wpnicd\/index.php\/wp-json\/wp\/v2\/comments?post=268"}],"version-history":[{"count":16,"href":"https:\/\/ni-cd.net\/wpnicd\/index.php\/wp-json\/wp\/v2\/pages\/268\/revisions"}],"predecessor-version":[{"id":1516,"href":"https:\/\/ni-cd.net\/wpnicd\/index.php\/wp-json\/wp\/v2\/pages\/268\/revisions\/1516"}],"wp:attachment":[{"href":"https:\/\/ni-cd.net\/wpnicd\/index.php\/wp-json\/wp\/v2\/media?parent=268"}],"curies":[{"name":"wp","href":"https:\/\/api.w.org\/{rel}","templated":true}]}}