{"id":264,"date":"2019-11-06T22:39:44","date_gmt":"2019-11-06T22:39:44","guid":{"rendered":"https:\/\/testth.erfred.fr\/?page_id=264"},"modified":"2020-05-16T17:09:41","modified_gmt":"2020-05-16T17:09:41","slug":"la-chimie-des-accus-au-nickel","status":"publish","type":"page","link":"https:\/\/ni-cd.net\/wpnicd\/index.php\/la-chimie-des-accus-au-nickel\/","title":{"rendered":"La chimie des AQ au Nickel"},"content":{"rendered":"\n<p style=\"background-color:#0071a1\" class=\"has-text-color has-background has-very-light-gray-color\"><strong>Les r\u00e9actions chimiques de fonctionnement d&rsquo;un accumulateur Nickel-Cadmium<\/strong><\/p>\n\n\n\n<p>Le fonctionnement est bas\u00e9 sur les r\u00e9actions suivantes : <\/p>\n\n\n\n<p><strong>Electrode positive :<\/strong><\/p>\n\n\n\n<div class=\"wp-block-image\"><figure class=\"aligncenter size-large\"><img loading=\"lazy\" decoding=\"async\" width=\"345\" height=\"27\" src=\"https:\/\/ni-cd.net\/wpnicd\/wp-content\/uploads\/2019\/11\/equationpos.gif\" alt=\"\" class=\"wp-image-337\"\/><\/figure><\/div>\n\n\n\n<p>Ceci donne un potentiel de 0,38V<\/p>\n\n\n\n<p><strong>Electrode n\u00e9gative :<\/strong><\/p>\n\n\n\n<div class=\"wp-block-image\"><figure class=\"aligncenter size-large\"><img loading=\"lazy\" decoding=\"async\" width=\"253\" height=\"31\" src=\"https:\/\/ni-cd.net\/wpnicd\/wp-content\/uploads\/2019\/11\/equationneg.gif\" alt=\"\" class=\"wp-image-336\"\/><\/figure><\/div>\n\n\n\n<p>Ceci donne un potentiel de -0,91V<\/p>\n\n\n\n<p><strong>R\u00e9action globale :<\/strong><\/p>\n\n\n\n<div class=\"wp-block-image\"><figure class=\"aligncenter size-large\"><img loading=\"lazy\" decoding=\"async\" width=\"367\" height=\"30\" src=\"https:\/\/ni-cd.net\/wpnicd\/wp-content\/uploads\/2019\/11\/equationreac.gif\" alt=\"\" class=\"wp-image-338\"\/><\/figure><\/div>\n\n\n\n<p>Ceci donne une tension th\u00e9orique de 1,29V lorsque les couples oxydo-r\u00e9ducteurs sont en \u00e9quilibre. Mais ceci se fait \u00e0 des vitesses tr\u00e8s faibles.<br>Lorsque l&rsquo;on impose aux r\u00e9actions des vitesses compatibles avec l&rsquo;utilisation (temp\u00e9rature courant) on s&rsquo;\u00e9loigne des conditions d&rsquo;\u00e9quilibre. Des r\u00e9sistances parasites apparaissent au niveau microscopique de la mati\u00e8re active.<br>En Charge les r\u00e9actions auront lieu \u00e0 des potentiels sup\u00e9rieurs aux valeurs d&rsquo;\u00e9quilibre (0,45V \u00e0 l&rsquo;\u00e9lectrode +, -0,95V \u00e0 la -). Il y aura donc 1,4 Volts de tension aux bornes de l&rsquo;accumulateur pour un courant de charge de 0,1 In.<br>En D\u00e9charge les r\u00e9actions auront lieu \u00e0 des potentiels inf\u00e9rieurs aux valeurs d&rsquo;\u00e9quilibre conduisant \u00e0 une tension aux bornes de 1,22 Volts \u00e0 0,2 In.<br>Ces ph\u00e9nom\u00e8nes entra\u00eene un rendement de charge inf\u00e9rieur \u00e0 1. Il est n\u00e9cessaire de prolonger la charge au del\u00e0 de la capacit\u00e9 th\u00e9orique afin que les sites actifs les plus difficilement accessibles participent \u00e0 la r\u00e9action. Le coefficient de charge entre la quantit\u00e9 d&rsquo;\u00e9lectricit\u00e9 charg\u00e9e et celle d\u00e9charg\u00e9e doit \u00eatre environ de k = 1,4 toujour \u00e0 un taux de charge de C\/10 <br>La r\u00e9action chimique de charge du Ni-Cd est <strong>endothermique<\/strong>,  elle absorbe de la chaleur. L&rsquo;\u00e9l\u00e9vation de temp\u00e9rature des \u00e9l\u00e9ments lors de la charge est  donc synonyme d&rsquo;une entr\u00e9e de l&rsquo;accu en phase de surcharge.          <\/p>\n\n\n\n<p style=\"background-color:#0071a1\" class=\"has-text-color has-background has-very-light-gray-color\"><strong>Les r\u00e9actions chimiques de fonctionnement d&rsquo;un accumulateur Nickel-Metal Hydride<\/strong><\/p>\n\n\n\n<p>Le fonctionnement est bas\u00e9 sur les r\u00e9actions suivantes :<\/p>\n\n\n\n<p><strong>Electrode positive :<\/strong><\/p>\n\n\n\n<div class=\"wp-block-image\"><figure class=\"aligncenter size-large\"><img loading=\"lazy\" decoding=\"async\" width=\"275\" height=\"25\" src=\"https:\/\/ni-cd.net\/wpnicd\/wp-content\/uploads\/2019\/11\/equanimhpos.gif\" alt=\"\" class=\"wp-image-334\"\/><\/figure><\/div>\n\n\n\n<p><strong>Electrode n\u00e9gative :<\/strong><\/p>\n\n\n\n<div class=\"wp-block-image\"><figure class=\"aligncenter size-large\"><img loading=\"lazy\" decoding=\"async\" width=\"227\" height=\"26\" src=\"https:\/\/ni-cd.net\/wpnicd\/wp-content\/uploads\/2019\/11\/equanimhneg.gif\" alt=\"\" class=\"wp-image-333\"\/><\/figure><\/div>\n\n\n\n<p><strong>R\u00e9action globale :<\/strong><\/p>\n\n\n\n<div class=\"wp-block-image\"><figure class=\"aligncenter size-large\"><img loading=\"lazy\" decoding=\"async\" width=\"251\" height=\"25\" src=\"https:\/\/ni-cd.net\/wpnicd\/wp-content\/uploads\/2019\/11\/equanimhreac.gif\" alt=\"\" class=\"wp-image-335\"\/><\/figure><\/div>\n\n\n\n<p><strong>M : Aliage absorbant d&rsquo;Hydrog\u00e8ne <br>\n       Hab : Hydrog\u00e8ne absorb\u00e9e<\/strong><\/p>\n\n\n\n<p>Les r\u00e9actions ob\u00e9issent aux m\u00eames r\u00e8gles que le Ni-Cd. La encore le rendement de la charge est inf\u00e9rieur \u00e0 1.<br> La r\u00e9action chimique du Ni-MH est elle <strong>exothermique<\/strong>. Il y aura donc une \u00e9l\u00e9vation de la temp\u00e9rature de l&rsquo;\u00e9l\u00e9ment Ni-MH au cours de sa charge.        Cette \u00e9l\u00e9vation de temp\u00e9rature sera proportionnelle au taux du courant de charge. En fin de charge l&rsquo;\u00e9l\u00e9vation de temp\u00e9rature se fait plus rapide quand l&rsquo;accu entre en phase de surcharge.<\/p>\n\n\n\n<h4 class=\"has-text-align-right wp-block-heading\"><br><a href=\"\/wpnicd\/index.php\/la-constitution-des-accus-au-nickel\/\">La suite &gt;&gt;&gt;<\/a><\/h4>\n\n\n\n<p><\/p>\n","protected":false},"excerpt":{"rendered":"<p>Les r\u00e9actions chimiques de fonctionnement d&rsquo;un accumulateur Nickel-Cadmium Le fonctionnement est bas\u00e9 sur les r\u00e9actions suivantes : Electrode positive : Ceci donne un potentiel de 0,38V Electrode n\u00e9gative : Ceci donne un potentiel de -0,91V R\u00e9action globale : Ceci donne une tension th\u00e9orique de 1,29V lorsque les couples oxydo-r\u00e9ducteurs sont en \u00e9quilibre. Mais ceci se [&hellip;]<\/p>\n","protected":false},"author":1,"featured_media":0,"parent":0,"menu_order":0,"comment_status":"closed","ping_status":"closed","template":"","meta":{"footnotes":""},"class_list":["post-264","page","type-page","status-publish","hentry"],"_links":{"self":[{"href":"https:\/\/ni-cd.net\/wpnicd\/index.php\/wp-json\/wp\/v2\/pages\/264"}],"collection":[{"href":"https:\/\/ni-cd.net\/wpnicd\/index.php\/wp-json\/wp\/v2\/pages"}],"about":[{"href":"https:\/\/ni-cd.net\/wpnicd\/index.php\/wp-json\/wp\/v2\/types\/page"}],"author":[{"embeddable":true,"href":"https:\/\/ni-cd.net\/wpnicd\/index.php\/wp-json\/wp\/v2\/users\/1"}],"replies":[{"embeddable":true,"href":"https:\/\/ni-cd.net\/wpnicd\/index.php\/wp-json\/wp\/v2\/comments?post=264"}],"version-history":[{"count":8,"href":"https:\/\/ni-cd.net\/wpnicd\/index.php\/wp-json\/wp\/v2\/pages\/264\/revisions"}],"predecessor-version":[{"id":1372,"href":"https:\/\/ni-cd.net\/wpnicd\/index.php\/wp-json\/wp\/v2\/pages\/264\/revisions\/1372"}],"wp:attachment":[{"href":"https:\/\/ni-cd.net\/wpnicd\/index.php\/wp-json\/wp\/v2\/media?parent=264"}],"curies":[{"name":"wp","href":"https:\/\/api.w.org\/{rel}","templated":true}]}}