{"id":262,"date":"2019-11-06T22:39:11","date_gmt":"2019-11-06T22:39:11","guid":{"rendered":"https:\/\/testth.erfred.fr\/?page_id=262"},"modified":"2020-04-13T20:38:03","modified_gmt":"2020-04-13T20:38:03","slug":"la-theorie-des-accus-au-nickel","status":"publish","type":"page","link":"https:\/\/ni-cd.net\/wpnicd\/index.php\/la-theorie-des-accus-au-nickel\/","title":{"rendered":"La th\u00e9orie des AQ au Nickel"},"content":{"rendered":"\n<p>Dans la famille des accumulateurs au Nickel ou retrouve deux types d&rsquo;accus. Ceux-ci correspondent \u00e0 deux couples \u00e9lectrolytiques diff\u00e9rents :<\/p>\n\n\n\n<ul class=\"wp-block-list\"><li><strong>Le Nickel-Cadmium (symbole Ni-Cd) <\/strong> <br>Le Ni-Cd est de loin la plus ancienne des deux technos, elle date de 1899 (par Jungner Su\u00e8de)<\/li><li><strong>Nickel-M\u00e9tal Hydride (symbole Ni-MH)<\/strong>  <br>Le Ni-MH est une technologie r\u00e9cente, datant seulement de 1990 pour sa premi\u00e8re commercialisation<\/li><\/ul>\n\n\n\n<p>Les accumulateurs au Nickel sont aujourd&rsquo;hui les plus r\u00e9pandus dans les appareils portatifs allant du GSM \u00e0 l&rsquo;APN en passant par la perceuse sans fil et le camescope.<\/p>\n\n\n\n<p style=\"background-color:#0071a1\" class=\"has-text-color has-background has-very-light-gray-color\"><strong>Les Nickel-Cadmium<\/strong><\/p>\n\n\n\n<p> Ils sont plus particuli\u00e8rement aujourd&rsquo;hui r\u00e9serv\u00e9s aux appareils qui demandent des consommations de courant importantes, les appareils qui ont besoin de couple, ou de fortes acc\u00e9l\u00e9rations. Ils sont aussi pris\u00e9s pour leur rusticit\u00e9 qui leur permet de r\u00e9sister \u00e0 beaucoup de mauvais traitements, ce qui n&rsquo;est pas le cas des technologies plus r\u00e9centes. Cette techno a \u00e9t\u00e9 souvent critiqu\u00e9e pour sa sensibilit\u00e9 au fameux effet m\u00e9moire. Mais en fait celui ci n&rsquo;est du qu&rsquo;\u00e0 une mauvaise mise en oeuvre de la par des utilisateurs, voir les explications dans la rubrique \u00ab\u00a0En Pratique\u00a0\u00bb.<\/p>\n\n\n\n<p style=\"color:#0071a1\" class=\"has-text-color has-text-align-center\"><strong>Malheureusement les jours du Ni-Cd sont compt\u00e9s\u2026.<\/strong><\/p>\n\n\n\n<p><strong>Depuis 1er juillet 2006 une directive Europ\u00e9enne interdit la commercialisation dans le grand public d&rsquo;\u00e9l\u00e9ments d&rsquo;accus contenant du Cadmium.<\/strong> Il s&rsquo;agit de la DIRECTIVE 2002\/95\/CE DU PARLEMENT EUROP\u00c9EN ET DU CONSEIL du 27 janvier 2003 relative \u00e0 la limitation de l&rsquo;utilisation de certaines substances dangereuses dans les \u00e9quipements \u00e9lectriques et \u00e9lectroniques. Vous pouvez la t\u00e9l\u00e9charger ici : ftp:\/\/ftp2.ni-cd.net\/nicd\/document\/directive_plomb_cadmium.pdf .<br> C&rsquo;est la fin d&rsquo;un r\u00e8gne, celui de la technologie d&rsquo;accus qui a permis l&rsquo;\u00e9closion de tous les appareils sans fils et autres portables dans les ann\u00e9es 70 &#8211; 80. La page se tourne, et les concurrents montent sur les rangs. Qui d&rsquo;entre le Ni-MH et le Li-po ou le nouveau Li-phosphate remplaceront demain le Ni-Cd ?<\/p>\n\n\n\n<p>Devrais-je changer le nom du site ???? Non je ne crois pas, je le garderai certainement ainsi pour le souvenir de cette techno, gr\u00e2ce \u00e0 laquelle j&rsquo;ai fait mes armes dans le monde des \u00e9nergies portables, et qui a \u00e9t\u00e9 \u00e0 la base initiale de ce site.<\/p>\n\n\n\n<p>Je vous propose malgr\u00e9 tout encore dans les pages suivantes de voir les caract\u00e9ristiques et les particularit\u00e9s de cette technologie, pour apprendre \u00e0 en tirer le meilleur parti pour la dur\u00e9e ou vous en trouverez encore celle plus longue certainement ou vous en aurez encore dans vos tirroirs et vos appariels. \u00e7a a la vie dure le Ni-Cd\u2026 :oD<\/p>\n\n\n\n<p style=\"background-color:#0071a1\" class=\"has-text-color has-background has-very-light-gray-color\"><strong> Le Nickel Metal Hydride<\/strong><\/p>\n\n\n\n<p>Le Ni-MH est aujourd&rsquo;hui la technologie ayant un rapport qualit\u00e9 prix long\u00e9vit\u00e9 le meilleur.<\/p>\n\n\n\n<p>Elle commence \u00e0 remplacer le Ni-Cd dans la majorit\u00e9 de ses applications gr\u00e2ce \u00e0 une densit\u00e9 d&rsquo;\u00e9nergie gravim\u00e9trique d&rsquo;une valeur double. Les seuls d\u00e9fauts majeurs de cette technologie compar\u00e9 au Ni-Cd sont :<\/p>\n\n\n\n<ul class=\"wp-block-list\"><li>Sa r\u00e9sistance interne plus \u00e9lev\u00e9e qui oblige \u00e0 effectuer une phase de rodage des \u00e9l\u00e9ments lorsqu&rsquo;on a besoin de leur faire d\u00e9biter de forts taux de courant.<\/li><li> Sa fragilit\u00e9, car le Ni-MH ne supporte pas la surcharge, ce qui oblige \u00e0 utiliser des chargeur automatiques beaucoup plus performants qu&rsquo;avec le Ni-Cd.<\/li><\/ul>\n\n\n\n<p>L&rsquo;utilisation de chargeurs intelligents impose de charger rapidement des accus Ni-MH (Temps de charge entre 1h et 5h) pour que la d\u00e9tection de fin de charge se fasse correctement. Ceci a donn\u00e9 l&rsquo;habitude aux utilisateurs d&rsquo;avoir des charges rapides compar\u00e9es aux 14h habituelles d&rsquo;usage en Ni-Cd. Mais il ne faut pas oublier que la charge normale est pour cette techno aussi de 14h \u00e0 C\/10. Au del\u00e0 il y a un vieillissement pr\u00e9matur\u00e9 des \u00e9l\u00e9ments.<\/p>\n\n\n\n<p>Et comme on veut toujours aller de plus en plus vite on voit apparaitre aujourd&rsquo;hui  <strong>des accus Ni-MH rechargeables en 15 minutes !!!!<\/strong><br> Oui , oui j&rsquo;ai bien dit 15 min, plusieurs fabricants font \u00e7a.<br> <strong>Mais attention, ces accus sont sp\u00e9ciaux de technologie I-C3 , \u00ab\u00a0In Cell Charge Control\u00a0\u00bb<\/strong> soit litt\u00e9ralement \u00ab\u00a0Contr\u00f4le de Charge dans l&rsquo;\u00e9l\u00e9ment\u00a0\u00bb. Ces accus embarquent l&rsquo;\u00e9lectronique de r\u00e9gulation de charge directement dans le bo\u00eetier de l&rsquo;\u00e9l\u00e9ment, ce qui permet de maitriser au plus pr\u00eat les courants de charge. Inutile de vous dire qu&rsquo;ils n\u00e9c\u00e9ssitent des chargeurs sp\u00e9ciaux. Je vous donnerai au fur et \u00e0 mesure des pages les particularit\u00e9s de ces \u00e9l\u00e9ments sp\u00e9ciaux. <\/p>\n\n\n\n<p>Une ancienne version du site pr\u00e9sentait ces deux technologies Ni-Cd et Ni-MH s\u00e9par\u00e9ment. Je les ai regroup\u00e9es dans cette nouvelle pr\u00e9sentation pour en souligner les grandes ressemblances, et aussi les quelques diff\u00e9rences.<br> Je vous propose dans la suite de cette rubrique les caract\u00e9ristiques et les particularit\u00e9s de mise en oeuvre de ces deux couples \u00e9lectrolytiques.<\/p>\n\n\n\n<p><strong>Voici les diff\u00e9rents sujets abord\u00e9s<\/strong><\/p>\n\n\n\n<ul class=\"wp-block-list\"><li><strong><u><a href=\"\/wpnicd\/index.php\/la-chimie-des-accus-au-nickel\/\">Chimie :<\/a><\/u><\/strong> Comment fonctionnent les accus ? Quelles sont les r\u00e9actions chimiques mises en jeu ?<\/li><li><strong><u><a href=\"\/wpnicd\/index.php\/la-constitution-des-accus-au-nickel\/\">Constitution :<\/a><\/u><\/strong> Comment sont constitu\u00e9s les accus ? Quelles sont les diff\u00e9rences de fabrication ?<\/li><li><strong><u><a href=\"\/wpnicd\/index.php\/la-charge-des-accus-au-nickel\/\">Charge :<\/a><\/u> <\/strong>Les diff\u00e9rentes fa\u00e7ons de charger les accus.<\/li><li><strong><u><a href=\"\/wpnicd\/index.php\/la-decharge-des-accus-au-nickel\/\">D\u00e9charge :<\/a><\/u><\/strong> Les limites de la d\u00e9charge.<\/li><li><a href=\"\/wpnicd\/index.php\/les-conditions-dutilisation-des-accus-au-nickel\/\"><strong><u>Conditions d&rsquo;utilisation :<\/u><\/strong> <\/a>Dans quelles conditions vos accus fonctionnent-ils ? Quelle est l&rsquo;influence des conditions ext\u00e9rieures sur le fonctionnement des accus ?<\/li><li><strong><a href=\"\/wpnicd\/index.php\/marquage-des-aq-au-nickel\/\"><u>Le marquage<\/u><\/a> <\/strong>des accus au Nickel<\/li><li><a href=\"\/wpnicd\/index.php\/tailles-des-aq-au-nickel\/\"><strong><u>Les tailles standards<\/u><\/strong> <\/a>des accus au Nickel<\/li><\/ul>\n\n\n\n<h4 class=\"has-text-align-right wp-block-heading\"><br><a href=\"\/wpnicd\/index.php\/la-chimie-des-accus-au-nickel\/\">La suite  >>><\/a><\/h4>\n\n\n\n<p><\/p>\n","protected":false},"excerpt":{"rendered":"<p>Dans la famille des accumulateurs au Nickel ou retrouve deux types d&rsquo;accus. Ceux-ci correspondent \u00e0 deux couples \u00e9lectrolytiques diff\u00e9rents : Le Nickel-Cadmium (symbole Ni-Cd) Le Ni-Cd est de loin la plus ancienne des deux technos, elle date de 1899 (par Jungner Su\u00e8de) Nickel-M\u00e9tal Hydride (symbole Ni-MH) Le Ni-MH est une technologie r\u00e9cente, datant seulement de [&hellip;]<\/p>\n","protected":false},"author":1,"featured_media":0,"parent":0,"menu_order":0,"comment_status":"closed","ping_status":"closed","template":"","meta":{"footnotes":""},"class_list":["post-262","page","type-page","status-publish","hentry"],"_links":{"self":[{"href":"https:\/\/ni-cd.net\/wpnicd\/index.php\/wp-json\/wp\/v2\/pages\/262"}],"collection":[{"href":"https:\/\/ni-cd.net\/wpnicd\/index.php\/wp-json\/wp\/v2\/pages"}],"about":[{"href":"https:\/\/ni-cd.net\/wpnicd\/index.php\/wp-json\/wp\/v2\/types\/page"}],"author":[{"embeddable":true,"href":"https:\/\/ni-cd.net\/wpnicd\/index.php\/wp-json\/wp\/v2\/users\/1"}],"replies":[{"embeddable":true,"href":"https:\/\/ni-cd.net\/wpnicd\/index.php\/wp-json\/wp\/v2\/comments?post=262"}],"version-history":[{"count":12,"href":"https:\/\/ni-cd.net\/wpnicd\/index.php\/wp-json\/wp\/v2\/pages\/262\/revisions"}],"predecessor-version":[{"id":1283,"href":"https:\/\/ni-cd.net\/wpnicd\/index.php\/wp-json\/wp\/v2\/pages\/262\/revisions\/1283"}],"wp:attachment":[{"href":"https:\/\/ni-cd.net\/wpnicd\/index.php\/wp-json\/wp\/v2\/media?parent=262"}],"curies":[{"name":"wp","href":"https:\/\/api.w.org\/{rel}","templated":true}]}}