{"id":260,"date":"2019-11-06T22:38:17","date_gmt":"2019-11-06T22:38:17","guid":{"rendered":"https:\/\/testth.erfred.fr\/?page_id=260"},"modified":"2020-08-25T20:45:31","modified_gmt":"2020-08-25T20:45:31","slug":"la-theorie-de-fonctionnement-des-accus","status":"publish","type":"page","link":"https:\/\/ni-cd.net\/wpnicd\/index.php\/la-theorie-de-fonctionnement-des-accus\/","title":{"rendered":"La th\u00e9orie de fonctionnement"},"content":{"rendered":"\n<p class=\"has-text-align-center has-text-color\" style=\"color:#0071a1\"><strong>Vous trouverez dans cette rubrique toute la th\u00e9orie sur les accus.<br> ATTENTION Ces pages sont techniquement assez pouss\u00e9es et entrent vraiment dans le d\u00e9tail.<\/strong><\/p>\n\n\n\n<div class=\"wp-block-image\"><figure class=\"alignleft size-large\"><img loading=\"lazy\" decoding=\"async\" width=\"217\" height=\"218\" src=\"https:\/\/ni-cd.net\/wpnicd\/wp-content\/uploads\/2019\/11\/zozotheorie.gif\" alt=\"zozoth\u00e9orie\" class=\"wp-image-354\"\/><\/figure><\/div>\n\n\n\n<p style=\"font-size:12px\">Si vous recherchez une approche moins approfondie, plus g\u00e9n\u00e9raliste ou une explication des termes de base et caract\u00e9ristiques sp\u00e9cifiques aux accus : allez dans la rubrique :<\/p>\n\n\n\n<p class=\"has-text-align-center has-text-color\" style=\"font-size:19px;color:#0071a1\"><strong>Le B.A.ba des accus<\/strong><\/p>\n\n\n\n<p style=\"font-size:12px\">o\u00f9 vous trouverez une premi\u00e8re approche plus l\u00e9g\u00e8re et plus didactique du monde des accus.<\/p>\n\n\n\n<p>Cette rubrique \u00ab\u00a0Th\u00e9orie\u00a0\u00bb nouvelle g\u00e9n\u00e9ration garde la structure de la pr\u00e9c\u00e9dente mais j&rsquo;y ai apport\u00e9 quelques modifications. Elle est maintenant structur\u00e9e \u00e0 partir des diff\u00e9rentes technologies qui se multiplient de plus en plus. J&rsquo;ai int\u00e9gr\u00e9 le Ni-Cd et le Ni-MH dans la m\u00eame rubrique du fait de la future disparition du commerce de la technologie Ni-Cd. Le mode de fonctionnement de ces deux technos \u00e9tant tr\u00e8s proches , cel\u00e0 ne pose pas de probl\u00e8me.<br>\nCes pages sont une tentative de vous expliquer le plus pr\u00e9cis\u00e9ment possible, le fonctionnement de ces petits r\u00e9servoirs d&rsquo;\u00e9nergie qui peuplent aujourd&rsquo;hui notre vie de tous les jours. Vous allez d\u00e9couvrir que sous une apparence de simplicit\u00e9 ce cache en fait un monde tr\u00e8s technique et tr\u00e8s complexe, qui est aujourd&rsquo;hui le terrain d&rsquo;une course industrielle acharn\u00e9e.<\/p>\n\n\n\n<p><strong>Les technologies principales abord\u00e9es dans cette rubrique sont :<\/strong><\/p>\n\n\n\n<ul class=\"wp-block-list\"><li><a href=\"\/wpnicd\/index.php\/la-theorie-des-accus-au-nickel\/\">Le Nickel-Cadmium Ni-Cd et le Nickel-Metal Hydride Ni-MH <\/a>.<\/li><li> <a href=\"\/wpnicd\/index.php\/la-theorie-des-batteries-au-plomb\/\">Le Plomb Acide <\/a>.<\/li><li> <a href=\"\/wpnicd\/index.php\/la-theorie-des-aq-au-lithium\/\">Le Lithium-ion Li-ion et Lithium-ion Polym\u00e8re Li-po<\/a> .<\/li><\/ul>\n\n\n\n<p>Et je pr\u00e9sente aussi plus succinctement d&rsquo;autres technologies  :<\/p>\n\n\n\n<ul class=\"wp-block-list\"><li><a href=\"\/wpnicd\/index.php\/la-theorie-lifepo4\/\">Les Lithium Fer Phosphate LiFePO<\/a><\/li><li><a href=\"\/wpnicd\/index.php\/theories-des-piles-alcalines\/\"> La possible r\u00e9g\u00e9n\u00e9ration des Piles Alcalines <\/a><\/li><\/ul>\n\n\n\n<p>Pour chacune des technologies principales les th\u00e8mes abord\u00e9s sont les suivants :<\/p>\n\n\n\n<ul class=\"wp-block-list\"><li><strong>La chimie<\/strong> : Comment fonctionnent les accus ? Quelles sont les r\u00e9actions chimiques mises en jeu ?<\/li><li> <strong>La constitution <\/strong>: Comment sont constitu\u00e9s les accus ? Quelles sont les diff\u00e9rences de fabrication ?<\/li><li> <strong>La charge<\/strong> : Les diff\u00e9rentes fa\u00e7ons de charger les accus.<\/li><li> <strong>La d\u00e9charge<\/strong> : Les limites de la d\u00e9charge.<\/li><li> <strong>Les conditions d&rsquo;utilisation<\/strong> : Dans quelles conditions vos accus fonctionnent-ils ? Quelle est l&rsquo;influence des conditions ext\u00e9rieures sur le fonctionnement des accus ?<\/li><\/ul>\n\n\n\n<p>Pour les autres technologie, j&rsquo;aborde un peu plus succintement la chose, principalement par manque d&rsquo;information. A votre bon coeur messieurs dames, si vous avez de quoi enrichir ce pages, vous \u00eates les bienvenus.<\/p>\n\n\n\n<p class=\"has-text-align-center has-very-light-gray-color has-text-color has-background\" style=\"background-color:#0071a1\"><strong>Je vous invite donc \u00e0 faire le grand saut dans le monde des accumulateurs rechargeables\u2026<\/strong><\/p>\n\n\n\n<h4 class=\"has-text-align-right wp-block-heading\"><br><a href=\"\/wpnicd\/index.php\/la-theorie-des-accus-au-nickel\/\">La suite &gt;&gt;&gt;<\/a><\/h4>\n","protected":false},"excerpt":{"rendered":"<p>Vous trouverez dans cette rubrique toute la th\u00e9orie sur les accus. ATTENTION Ces pages sont techniquement assez pouss\u00e9es et entrent vraiment dans le d\u00e9tail. Si vous recherchez une approche moins approfondie, plus g\u00e9n\u00e9raliste ou une explication des termes de base et caract\u00e9ristiques sp\u00e9cifiques aux accus : allez dans la rubrique : Le B.A.ba des accus [&hellip;]<\/p>\n","protected":false},"author":1,"featured_media":0,"parent":0,"menu_order":0,"comment_status":"closed","ping_status":"closed","template":"","meta":{"footnotes":""},"class_list":["post-260","page","type-page","status-publish","hentry"],"_links":{"self":[{"href":"https:\/\/ni-cd.net\/wpnicd\/index.php\/wp-json\/wp\/v2\/pages\/260"}],"collection":[{"href":"https:\/\/ni-cd.net\/wpnicd\/index.php\/wp-json\/wp\/v2\/pages"}],"about":[{"href":"https:\/\/ni-cd.net\/wpnicd\/index.php\/wp-json\/wp\/v2\/types\/page"}],"author":[{"embeddable":true,"href":"https:\/\/ni-cd.net\/wpnicd\/index.php\/wp-json\/wp\/v2\/users\/1"}],"replies":[{"embeddable":true,"href":"https:\/\/ni-cd.net\/wpnicd\/index.php\/wp-json\/wp\/v2\/comments?post=260"}],"version-history":[{"count":14,"href":"https:\/\/ni-cd.net\/wpnicd\/index.php\/wp-json\/wp\/v2\/pages\/260\/revisions"}],"predecessor-version":[{"id":1503,"href":"https:\/\/ni-cd.net\/wpnicd\/index.php\/wp-json\/wp\/v2\/pages\/260\/revisions\/1503"}],"wp:attachment":[{"href":"https:\/\/ni-cd.net\/wpnicd\/index.php\/wp-json\/wp\/v2\/media?parent=260"}],"curies":[{"name":"wp","href":"https:\/\/api.w.org\/{rel}","templated":true}]}}