{"id":243,"date":"2019-11-05T21:53:34","date_gmt":"2019-11-05T21:53:34","guid":{"rendered":"https:\/\/testth.erfred.fr\/?page_id=243"},"modified":"2019-11-17T13:59:27","modified_gmt":"2019-11-17T13:59:27","slug":"les-autres-technos-daccus","status":"publish","type":"page","link":"https:\/\/ni-cd.net\/wpnicd\/index.php\/les-autres-technos-daccus\/","title":{"rendered":"Les autres technos d\u00b4accus"},"content":{"rendered":"\n<p><strong>Le B.A.ba des batteries D&rsquo;autres technologies :<\/strong><\/p>\n\n\n\n<p style=\"background-color:#0071a1\" class=\"has-text-color has-background has-very-light-gray-color\"><strong>Les alcalines rechargeables<\/strong><\/p>\n\n\n\n<p>Apr\u00e8s avoir expos\u00e9 les principales technologies d&rsquo;accumulateurs rechargeables, il faut que je mentionne au moins cette autre technologie existante aujourd&rsquo;hui. Il s&rsquo;agit :<\/p>\n\n\n\n<p style=\"color:#0071a1\" class=\"has-text-color has-text-align-center\"><strong> Des piles alcalines rechargeables.<\/strong><\/p>\n\n\n\n<p>Ce paragraphe n&rsquo;a pour but que de faire de l&rsquo;information sur l&rsquo;existence de ces mat\u00e9riels.<\/p>\n\n\n\n<p>Certains fabricants de piles (BIG, RAYOVAC) ont mis au point vers 1990 des \u00a0\u00bb piles \u00a0\u00bb alcalines \u00a0\u00bb rechargeables \u00ab\u00a0. Vous me direz, apr\u00e8s les d\u00e9finitions que je vous ai donn\u00e9 que ces deux termes sont incompatibles, et vous aurez raison. En fait au terme de \u00a0\u00bb rechargeable \u00ab\u00a0,<strong> moi je pr\u00e9f\u00e8re le terme de \u00a0\u00bb r\u00e9g\u00e9n\u00e9rable \u00ab\u00a0.<\/strong> M\u00eame si ce n&rsquo;est pas dans le dico, c&rsquo;est plus appropri\u00e9.<\/p>\n\n\n\n<p>En fait ces piles, car ce sont vraiment des piles, ont un \u00e9lectrolyte qui a la propri\u00e9t\u00e9 de se \u00a0\u00bb recombiner \u00a0\u00bb sous le passage d&rsquo;un courant de \u00a0\u00bb charge \u00ab\u00a0. Mais attention il ne faut pas s&rsquo;attendre \u00e0 des miracles.<\/p>\n\n\n\n<p style=\"color:#0071a1\" class=\"has-text-color\">Cette \u00a0\u00bb r\u00e9g\u00e9n\u00e9ration \u00a0\u00bb n&rsquo;est possible qu&rsquo;une dizaine \u00e0 une vingtaine de fois.<br> Et encore \u00e0 chaque fois la \u00a0\u00bb pile \u00a0\u00bb perd de sa capacit\u00e9.<\/p>\n\n\n\n<p>De plus il faut \u00e9viter de trop les d\u00e9charger. Plus la pile est d\u00e9charg\u00e9e, moins elle se recharge correctement. C&rsquo;est l\u00e0 le paradoxe, pour que ce type de \u00a0\u00bb pile \u00a0\u00bb se recharge bien, il faut qu&rsquo;elle soit le moins possible d\u00e9charg\u00e9e \u2026<\/p>\n\n\n\n<p>Je vous laisse juge.<\/p>\n\n\n\n<p>Les avantages de ces piles c&rsquo;est :<\/p>\n\n\n\n<ul class=\"wp-block-list\"><li>leur tr\u00e8s faible co\u00fbt<\/li><li>leur tr\u00e8s faible autod\u00e9charge.<\/li><li>Leur densit\u00e9 d&rsquo;\u00e9nergie un peu sup\u00e9rieure au accus au Nickel.<\/li><\/ul>\n\n\n\n<p>Autre d\u00e9faut, la r\u00e9sistance interne est relativement \u00e9lev\u00e9e ce qui emp\u00eache ces g\u00e9n\u00e9rateurs de fournir des courants importants.<\/p>\n\n\n\n<p>Elles conviennent donc parfaitement \u00e0 des applications ayant une tr\u00e8s faible consommation et o\u00f9 l&rsquo;autod\u00e9charge d&rsquo;un accu au Nickel serait p\u00e9nalisante.<\/p>\n\n\n\n<p>La tension de ces \u00a0\u00bb piles \u00a0\u00bb est de 1,5V \u00e0 vide comme les piles Alcalines classiques.<\/p>\n\n\n\n<p>Par contre elles n\u00e9cessitent un chargeur sp\u00e9cialis\u00e9. Leur charge est particuli\u00e8re et doit toujours se faire \u00e0 faible taux. Deux solutions, la charge \u00e0 tension constante, un peu comme pour le plomb ou le Li-ion, ou de pr\u00e9f\u00e9rence la charge puls\u00e9e qui donnerait apparemment de meilleurs r\u00e9sultats.<\/p>\n\n\n\n<h4 class=\"has-text-align-right wp-block-heading\"><br><a href=\"\/index.php\/category\/pour-finir\/\">La suite >><\/a><\/h4>\n\n\n\n<p><\/p>\n","protected":false},"excerpt":{"rendered":"<p>Le B.A.ba des batteries D&rsquo;autres technologies : Les alcalines rechargeables Apr\u00e8s avoir expos\u00e9 les principales technologies d&rsquo;accumulateurs rechargeables, il faut que je mentionne au moins cette autre technologie existante aujourd&rsquo;hui. Il s&rsquo;agit : Des piles alcalines rechargeables. Ce paragraphe n&rsquo;a pour but que de faire de l&rsquo;information sur l&rsquo;existence de ces mat\u00e9riels. Certains fabricants de [&hellip;]<\/p>\n","protected":false},"author":1,"featured_media":0,"parent":0,"menu_order":0,"comment_status":"closed","ping_status":"closed","template":"","meta":{"footnotes":""},"class_list":["post-243","page","type-page","status-publish","hentry"],"_links":{"self":[{"href":"https:\/\/ni-cd.net\/wpnicd\/index.php\/wp-json\/wp\/v2\/pages\/243"}],"collection":[{"href":"https:\/\/ni-cd.net\/wpnicd\/index.php\/wp-json\/wp\/v2\/pages"}],"about":[{"href":"https:\/\/ni-cd.net\/wpnicd\/index.php\/wp-json\/wp\/v2\/types\/page"}],"author":[{"embeddable":true,"href":"https:\/\/ni-cd.net\/wpnicd\/index.php\/wp-json\/wp\/v2\/users\/1"}],"replies":[{"embeddable":true,"href":"https:\/\/ni-cd.net\/wpnicd\/index.php\/wp-json\/wp\/v2\/comments?post=243"}],"version-history":[{"count":2,"href":"https:\/\/ni-cd.net\/wpnicd\/index.php\/wp-json\/wp\/v2\/pages\/243\/revisions"}],"predecessor-version":[{"id":777,"href":"https:\/\/ni-cd.net\/wpnicd\/index.php\/wp-json\/wp\/v2\/pages\/243\/revisions\/777"}],"wp:attachment":[{"href":"https:\/\/ni-cd.net\/wpnicd\/index.php\/wp-json\/wp\/v2\/media?parent=243"}],"curies":[{"name":"wp","href":"https:\/\/api.w.org\/{rel}","templated":true}]}}