{"id":1228,"date":"2020-03-22T18:21:40","date_gmt":"2020-03-22T18:21:40","guid":{"rendered":"https:\/\/testth.erfred.fr\/?page_id=1228"},"modified":"2020-05-16T21:01:33","modified_gmt":"2020-05-16T21:01:33","slug":"le-recyclage-de-vos-accus","status":"publish","type":"page","link":"https:\/\/ni-cd.net\/wpnicd\/index.php\/le-recyclage-de-vos-accus\/","title":{"rendered":"Le Recyclage de vos accus"},"content":{"rendered":"\n<h3 class=\"has-text-color has-text-align-center wp-block-heading\" style=\"color:#0071a1\">Recycler vos accumulateurs morts <\/h3>\n\n\n\n<div class=\"wp-block-image\"><figure class=\"alignleft size-large\"><img loading=\"lazy\" decoding=\"async\" width=\"231\" height=\"218\" src=\"https:\/\/ni-cd.net\/wpnicd\/wp-content\/uploads\/2020\/03\/image.jpeg\" alt=\"\" class=\"wp-image-1241\"\/><\/figure><\/div>\n\n\n\n<p style=\"color:#0071a1\" class=\"has-text-color has-text-align-center\"><br><strong>Vous avez d\u00e9couvert les accumulateurs, <\/strong><br><strong>appris \u00e0 les utiliser, \u00e0 les recharger, <\/strong><br><strong>maintenant il reste une derni\u00e8re chose :<\/strong><\/p>\n\n\n\n<p style=\"font-size:18px\" class=\"has-text-align-center\"><strong>Que faire des accus quand ils sont morts ? <\/strong><\/p>\n\n\n\n<p class=\"has-text-color has-text-align-center has-vivid-red-color\">  <strong><em>  SURTOUT NE LES JETEZ PAS N&rsquo;IMPORTE O\u00d9 !!!<\/em><\/strong><\/p>\n\n\n\n<p><\/p>\n\n\n\n<ul class=\"wp-block-list\"><li> Ces petites b\u00eates rendent beaucoup de services mais elles sont tr\u00e8s polluantes.<\/li><li> Elles utilisent des m\u00e9taux lourds (Aluminium &#8211;  Cadmium &#8211; Mercure &#8211; Nickel &#8211; Plomb &#8211; Fer &#8211; Zinc &#8211; Calcium &#8211;  Magn\u00e9sium \u0096 Lithium) qui sont chers et rares pour certains, dont il faut favoriser le recyclage pour limiter  la polution et pour \u00e9conomiser les ressources naturelles. <\/li><li>Chaque fran\u00e7ais consomme en moyenne 10 piles et  \/ou accumulateurs par an. Si vous \u00eates sur ce site, c&rsquo;est que vous \u00eates utilisateur et donc tr\u00e8s  concern\u00e9, peut \u00eatre m\u00eame en consommez vous plus que la moyenne. <strong>1,3 milliard de piles et accumulateurs portables sont mis sur le march\u00e9 chaque ann\u00e9e en France<\/strong> !<\/li><li>Cette consommation repr\u00e9sente 20 000 tonnes de produit par an, c&rsquo;est \u00e9norme et notre m\u00e8re nature ne peux pas supporter de  tels d\u00e9chets&#8230; <\/li><li>La loi oblige aujourd&rsquo;hui les revendeurs \u00e0 collecter les piles et accumulateurs usag\u00e9s. Des bornes de collecte sont dispos\u00e9es dans tous les magasins et toutes les d\u00e9chetteries. <\/li><\/ul>\n\n\n\n<figure class=\"wp-block-image\"><img decoding=\"async\" src=\"https:\/\/www.screlec.fr\/wp-content\/uploads\/2019\/01\/Schema-repartition-PA-768x464.jpg\" alt=\"https:\/\/www.screlec.fr\/wp-content\/uploads\/2019\/01\/Schema-repartition-PA-768x464.jpg\"\/><\/figure>\n\n\n\n<p><strong>Vous n&rsquo;avez donc aucune excuse \u00e0 ne pas participer \u00e0 ce recyclage, vous en \u00eates un des maillons principaux pour am\u00e9liorer ce score.                         <\/strong><\/p>\n\n\n\n<p style=\"background-color:#0071a1\" class=\"has-text-color has-background has-very-light-gray-color\"> Ce que dit la loi <\/p>\n\n\n\n<p><strong>Le d\u00e9cret no 99-374 du 12 mai 1999<\/strong>, relatif \u00e0 la mise sur le march\u00e9 des piles et accumulateurs et \u00e0 leur \u00e9limination, vous interdit de jeter les accus n&rsquo;importe o\u00f9 : <\/p>\n\n\n\n<blockquote class=\"wp-block-quote is-layout-flow wp-block-quote-is-layout-flow\"><p><strong>Art. 4. &#8211; <\/strong><em>Il est interdit d&rsquo;abandonner des piles ou des accumulateurs usag\u00e9s ainsi que,\n            le cas \u00e9ch\u00e9ant, les appareils auxquels ils sont incorpor\u00e9s ou de rejeter dans le milieu naturel\n            les composants liquides ou solides de ces piles ou de ces accumulateurs.<\/em><\/p><\/blockquote>\n\n\n\n<p>Il pr\u00e9voit les r\u00e8gles de recyclage. Les fabricants et importateurs sont tenus d&rsquo;organiser la collecte et le recyclage des accus qu&rsquo;ils produisent, et d&rsquo;en assurer le financement. Les revendeurs d&rsquo;accus ou de mat\u00e9riels contenant des accus sont tenus de collecter gratuitement les \u00e9l\u00e9ments usag\u00e9s et de les renvoyer dans les circuits de recyclage. <br>Les utilisateurs autres que les particuliers sont tenus de collecter trier et recycler les accus qu&rsquo;ils utilisent.             <br>Si vous \u00eates professionnel ou association, attention \u00e0 vous conformer \u00e0 la loi : <\/p>\n\n\n\n<blockquote class=\"wp-block-quote is-layout-flow wp-block-quote-is-layout-flow\"><p><strong>Art. 8. &#8211; <\/strong><em>Les utilisateurs de piles et d&rsquo;accumulateurs autres que les m\u00e9nages sont tenus de collecter ou de faire collecter, de valoriser ou de faire valoriser, d&rsquo;\u00e9liminer ou de faire \u00e9liminer leurs piles ou accumulateurs usag\u00e9s, qu&rsquo;ils soient ou non incorpor\u00e9s \u00e0 des appareils. <\/em><\/p><\/blockquote>\n\n\n\n<p>  Sinon gare aux sanctions.  <\/p>\n\n\n\n<blockquote class=\"wp-block-quote is-layout-flow wp-block-quote-is-layout-flow\"><p><strong>Art. 12. &#8211; I. &#8211; <\/strong><em>Est puni de l&rsquo;amende pr\u00e9vue pour les contraventions de la 3e classe le fait :<br>             &#8230;. <br>             <strong>2\u00b0<\/strong> Pour les personnes mentionn\u00e9es aux articles 6, 7 et 8, d&rsquo;abandonner, de rejeter dans le milieu naturel ou d&rsquo;\u00e9liminer les piles et accumulateurs usag\u00e9s ou leurs composants, en infraction avec les dispositions des articles 4 et 5 ;  <br>             <strong>3\u00b0<\/strong> Pour les personnes mentionn\u00e9es aux articles 6, 7 et 8, de ne pas proc\u00e9der ou faire proc\u00e9der aux op\u00e9rations de reprise, de collecte, de valorisation ou d&rsquo;\u00e9limination des piles et accumulateurs dans les conditions d\u00e9finies aux dits articles ;<br>             &#8230;. etc.<\/em><\/p><\/blockquote>\n\n\n\n<p>L&rsquo;accent est mis sur le recyclage prioritaire :  <\/p>\n\n\n\n<blockquote class=\"wp-block-quote is-layout-flow wp-block-quote-is-layout-flow\"><p><strong>Art. 5. &#8211; <\/strong><em>&#8230;.. La valorisation des piles et accumulateurs usag\u00e9s est pr\u00e9f\u00e9r\u00e9e             aux autres modes d&rsquo;\u00e9limination chaque fois que les conditions techniques et \u00e9conomiques du moment le permettent.<\/em><\/p><\/blockquote>\n\n\n\n<p>Depuis 1er juillet 2006 une directive Europ\u00e9enne interdit la  commercialisation dans le grand public           d&rsquo;\u00e9l\u00e9ments d&rsquo;accus contenant du Cadmium. Il s&rsquo;agit de la  DIRECTIVE 2002\/95\/CE DU PARLEMENT EUROP\u00c9EN ET DU CONSEIL du 27 janvier 2003 relative \u00e0 la limitation de l&rsquo;utilisation  de certaines substances dangereuses dans les \u00e9quipements \u00e9lectriques et \u00e9lectroniques. C&rsquo;est la fin d&rsquo;un r\u00e8gne, celui de la  technologie d&rsquo;accus qui a permis l&rsquo;\u00e9closion de tous les appareils sans fils et autres portables dans les ann\u00e9es 70 &#8211; 80. La page se tourne, et les concurrents montent sur les rangs.  Qui d&rsquo;entre le Ni-MH et le Li-po ou le nouveau           Li-phosphate remplaceront le Ni-Cd ? <\/p>\n\n\n\n<p><strong><em>Vous pourrez trouver ici  des liens vers les textes officiels qui encadrent la commercialisation, la collecte et le  recyclage des accumulateurs et maintenant de tous nos appareils \u00e9lectrom\u00e9nag\u00e9s: <br><br> <\/em>&#8211; Directive N\u00b0 91-157 du 18 mars 1991 : <br><\/strong><a href=\"http:\/\/admi.net\/eur\/loi\/leg_euro\/fr_391L0157.html\"> http:\/\/admi.net\/eur\/loi\/leg_euro\/fr_391L0157.html <\/a><br>&#8211; <strong>D\u00e9cret N\u00b0 99-374 du 12 mai 1999 : <\/strong><br><a href=\"http:\/\/www.adminet.com\/jo\/19990516\/ATEX9900053D.html\"> http:\/\/www.adminet.com\/jo\/19990516\/ATEX9900053D.html<\/a><br>&#8211; <strong>D\u00e9cret n\u00b0 99-1171 du 29 d\u00e9cembre 1999 : <\/strong><br><a href=\"http:\/\/www.adminet.com\/jo\/19991230\/ATEP9970063D.html\"> http:\/\/www.adminet.com\/jo\/19991230\/ATEP9970063D.html <\/a><br>&#8211; <strong>Arr\u00eat\u00e9 du 26 juin 2001 <\/strong><br><a href=\"http:\/\/www.scra.fr\/telechargement\/Arr%EAt%E9_260601.doc\"> http:\/\/www.scra.fr\/telechargement\/Arr%EAt%E9_260601.doc<\/a><br>&#8211; <strong>Directive 2002\/95\/CE <\/strong>du Parlement Europ\u00e9en et du Conseil du 27 Janvier 2003 relative \u00e0 la limitation de l&rsquo;utilisation de certaines substances dangereuses dans les \u00e9quipements \u00e9lectriques et \u00e9lectroniques : <br><a href=\"http:\/\/www.scra.fr\/telechargement\/Directive2002-95_LSD-2003-00414-10-.pdf\"> http:\/\/www.scra.fr\/telechargement\/Directive2002-95_LSD-2003-00414-10-.pdf <\/a><br>&#8211; <strong>Directive 2002\/96\/CE<\/strong> du Parlement Europ\u00e9en et du Conseil du 27 Janvier 2003 relative aux d\u00e9chets d&rsquo;\u00e9quipements \u00e9lectriques et \u00e9lectroniques :<br><a href=\"http:\/\/www.scra.fr\/telechargement\/Directive2002-96_DEEE-2003-00413-10-.pdf\"> http:\/\/www.scra.fr\/telechargement\/Directive2002-96_DEEE-2003-00413-10-.pdf<\/a><br>&#8211; <strong>Un nouvelle Directive europ\u00e9enne est en projet <\/strong> afin de contraindre un peu plus le recyclage et le mati\u00e8res dangereuses dans les piles et accumulateurs : <a href=\"http:\/\/www.scra.fr\/telechargement\/st05694.fr05.doc\"> Projet de Directive Europ\u00e9enne  sur les Piles et Accumulateurs paru en d\u00e9cembre 2004<\/a><\/p>\n\n\n\n<p style=\"color:#0071a1\" class=\"has-text-color has-text-align-center\"><strong>M\u00eame si vous avez l&rsquo;esprit rebelle <br>et que vous n&rsquo;aimez pas trop vous conformer aux lois,<\/strong><\/p>\n\n\n\n<p style=\"background-color:#0071a1\" class=\"has-text-color has-background has-text-align-center has-very-light-gray-color\"><strong>Porter ses piles et ses accus morts dans les circuits de recyclage <br>             est un acte minimum pour la sauvegarde de la nature. <\/strong><\/p>\n\n\n\n<p><strong>En attendant d&rsquo;avoir des \u00e9nergies portables propres on n&rsquo;a pas d&rsquo;autre choix. <\/strong><\/p>\n\n\n\n<p style=\"background-color:#0071a1\" class=\"has-text-color has-background has-very-light-gray-color\">Pour faire appliquer les lois plus facilement <\/p>\n\n\n\n<div class=\"wp-block-image\"><figure class=\"alignleft size-large is-resized\"><a href=\"https:\/\/www.screlec.fr\/\"><img loading=\"lazy\" decoding=\"async\" src=\"https:\/\/ni-cd.net\/wpnicd\/wp-content\/uploads\/2020\/03\/image.png\" alt=\"\" class=\"wp-image-1231\" width=\"254\" height=\"80\" srcset=\"https:\/\/ni-cd.net\/wpnicd\/wp-content\/uploads\/2020\/03\/image.png 399w, https:\/\/ni-cd.net\/wpnicd\/wp-content\/uploads\/2020\/03\/image-300x95.png 300w\" sizes=\"(max-width: 254px) 100vw, 254px\" \/><\/a><\/figure><\/div>\n\n\n\n<p><br>En France un organisme a \u00e9t\u00e9 cr\u00e9\u00e9e <strong> pour organiser la collecte et le recyclage des accumulateurs et piles<\/strong> dans tous les d\u00e9partements.<\/p>\n\n\n\n<figure class=\"wp-block-image size-large\"><img loading=\"lazy\" decoding=\"async\" width=\"231\" height=\"218\" src=\"https:\/\/ni-cd.net\/wpnicd\/wp-content\/uploads\/2020\/03\/image-1.jpeg\" alt=\"\" class=\"wp-image-1242\"\/><\/figure>\n\n\n\n<p><br>En France un organisme a \u00e9t\u00e9 cr\u00e9\u00e9e <strong> pour organiser la collecte et le recyclage des accumulateurs et piles<\/strong> dans tous les d\u00e9partements.<\/p>\n\n\n\n<p class=\"has-text-align-center\">Il s&rsquo;agit de l&rsquo;organisme <strong>SCRELEC <\/strong>( <a href=\"https:\/\/www.screlec.fr\/\">https:\/\/www.screlec.fr\/<\/a> ) <\/p>\n\n\n\n<p>Vous trouverez sur son site toutes les informations utiles sur la mise en place de la collecte et du recyclage en France. Les points de collecte en France  sont accessibles sur le site de BatriBox.<br><\/p>\n\n\n\n<figure class=\"wp-block-image\"><a href=\"https:\/\/www.batribox.fr\/points-de-collecte\/\"><img decoding=\"async\" src=\"https:\/\/www.batribox.fr\/wp-content\/themes\/batribox\/assets\/img_opt\/contenu-trouvez-point-de-collecte.png\" alt=\"https:\/\/www.batribox.fr\/wp-content\/themes\/batribox\/assets\/img_opt\/contenu-trouvez-point-de-collecte.png\"\/><\/a><\/figure>\n\n\n\n<p style=\"background-color:#0071a1\" class=\"has-text-color has-background has-text-align-left has-normal-font-size has-very-light-gray-color\">Le traitement des accus et piles recycl\u00e9s<\/p>\n\n\n\n<p>Apr\u00e8s la phase de tri, vient celle du\n traitement. En moyenne, 60% de la mati\u00e8re premi\u00e8re issue des \naccumulateurs et 50% issue des piles sont r\u00e9cup\u00e9r\u00e9s : <\/p>\n\n\n\n<ul class=\"wp-block-list\"><li><strong>le nickel, le cadmium et le zinc <\/strong>(sous forme de m\u00e9tal ou d\u2019oxyde),<\/li><li><strong>le mangan\u00e8se <\/strong>(sous forme de ferromangan\u00e8se),<\/li><li><strong>le fer <\/strong>(sous forme de ferraille ou incorpor\u00e9 dans un ferroalliage),<\/li><li><strong>le mercure <\/strong>(apr\u00e8s distillation et affinage, sous forme de m\u00e9tal purifi\u00e9 liquide).<\/li><\/ul>\n\n\n\n<p>Il existe diff\u00e9rents proc\u00e9d\u00e9s de \ntraitement. En effet, les piles et accumulateurs \u00e9tant de compositions \ncomplexes, les op\u00e9rations de valorisation doivent tenir compte de la \npr\u00e9sence de l\u2019ensemble des \u00e9l\u00e9ments qui les constituent.<\/p>\n\n\n\n<p style=\"background-color:#0071a1\" class=\"has-text-color has-background has-very-light-gray-color\">La valorisation des accus et piles recycl\u00e9s<\/p>\n\n\n\n<p>La valorisation des m\u00e9taux contenus dans les \npiles et accumulateurs portables permet d\u2019en tirer des produits utiles \nou de l\u2019\u00e9nergie.<\/p>\n\n\n\n<p style=\"color:#0071a1\" class=\"has-text-color\"><strong>Des m\u00e9taux plein d\u2019avenir <\/strong>:<\/p>\n\n\n\n<ul class=\"wp-block-list\"><li><strong>le mercure<\/strong> sert \u00e0 des applications industrielles sp\u00e9cifiques,<\/li><li><strong>l<\/strong><strong>e plomb et le cadmium<\/strong> permettent, entre autres, de fabriquer de nouvelles batteries.<\/li><li><strong>le mangan\u00e8se<\/strong> des \npiles salines, alcalines et au lithium, sous forme d\u2019alliage \nferromangan\u00e8se, peut servir \u00e0 la fabrication de pi\u00e8ces \u00e0 haute \nr\u00e9sistance \u00e0 l\u2019usure (godets de pelleteuses),<\/li><li><strong>le cobalt<\/strong> des batteries au lithium sous forme d\u2019alliage, peut entrer dans la fabrication de pales de turbine de r\u00e9acteurs,<\/li><li><strong>l\u2019acier inoxydable<\/strong> des godets de certaines piles et batteries peut permettre de fabriquer des articles m\u00e9nagers et des accessoires du b\u00e2timent,<\/li><li><strong>le nickel<\/strong> des \nbatteries Ni-CD et Ni-Mh, sous forme de ferronickel, peut entrer dans la\n fabrication d\u2019articles m\u00e9nagers et d\u2019accessoires du b\u00e2timent,<\/li><li><strong>le zinc<\/strong> des piles \nsalines, alcalines et zinc air peut \u00eatre r\u00e9utilis\u00e9, entre autres, pour \nproduire des goutti\u00e8res pluviales ou pour la protection contre la \ncorrosion.<\/li><\/ul>\n\n\n\n<p style=\"color:#0071a1\" class=\"has-text-color\"><strong>De nouveaux objets <\/strong>:<\/p>\n\n\n\n<p>Une fois valoris\u00e9s, les m\u00e9taux sont utilis\u00e9s dans la production de nouveaux biens de consommation comme :<\/p>\n\n\n\n<ul class=\"wp-block-list\"><li><strong>Les piles et batteries neuve<\/strong><strong>s<\/strong><\/li><li><strong>Les tuyaux de cuivre&nbsp;<\/strong>(acier)<\/li><li><strong> Les pi\u00e8ces automobiles<\/strong> (acier, aluminium)<\/li><li><strong> Les goutti\u00e8res<\/strong> (zinc)<\/li><li><strong> Les v\u00e9los<\/strong> (fer, aluminium, cuivre, nickel, \u2026)<\/li><li><strong> Les cl\u00e9s<\/strong> (fer, nickel) \u2026&nbsp;<\/li><\/ul>\n\n\n\n<div class=\"wp-block-image\"><figure class=\"aligncenter\"><img decoding=\"async\" src=\"https:\/\/www.screlec.fr\/wp-content\/uploads\/2019\/01\/Screlec-Frise-Nvx-objets-rose.jpg\" alt=\"\" class=\"wp-image-956\"\/><\/figure><\/div>\n\n\n\n<p>Recycler les piles et accumulateurs portables usag\u00e9s participe ainsi \u00e0\n la pr\u00e9servation de l\u2019environnement et permet d\u2019\u00e9conomiser des \nressources naturelles !<\/p>\n\n\n\n<figure class=\"wp-block-image\"><img decoding=\"async\" src=\"https:\/\/www.batribox.fr\/wp-content\/uploads\/2017\/10\/Batribox_affiche.jpg\" alt=\"https:\/\/www.batribox.fr\/wp-content\/uploads\/2017\/10\/Batribox_affiche.jpg\"\/><\/figure>\n\n\n\n<p>Visitez l&rsquo;excellent site de batribox.fr o\u00f9 trouverez tout ce qui est int\u00e9ressant sur le recyclage, et notamment un espace p\u00e9dagogique pour sensibiliser tout le monde. A noter aussi l&rsquo;op\u00e9ration :  <\/p>\n\n\n\n<p class=\"has-text-color has-background has-text-align-center has-medium-font-size has-vivid-red-color has-very-light-gray-background-color\"><a href=\"https:\/\/www.batribox.fr\/1-pile-1-don-de-lenergie-pour-le-telethon\/\"><strong>1 pile = 1 don, de l\u2019\u00e9nergie pour le T\u00e9l\u00e9thon !<\/strong><\/a><\/p>\n\n\n\n<figure class=\"wp-block-image is-style-circle-mask\"><a href=\"https:\/\/www.batribox.fr\/calculapiles\/\"><img decoding=\"async\" src=\"https:\/\/www.batribox.fr\/calculapiles_src\/dist\/svg\/logo_op.6581fe34.svg\" alt=\"\"\/><\/a><figcaption><strong>Combien de piles sont cach\u00e9es chez vous ?<\/strong><\/figcaption><\/figure>\n\n\n\n<p style=\"background-color:#0071a1\" class=\"has-text-color has-background has-very-light-gray-color\">Quelques liens suppl\u00e9mentaires <\/p>\n\n\n\n<div class=\"wp-block-image\"><figure class=\"alignleft\"><img decoding=\"async\" src=\"https:\/\/www.harlor-collecteur.fr\/wp-content\/themes\/harlor\/img\/logo-harlor.png\" alt=\"Harlor\"\/><\/figure><\/div>\n\n\n\n<p><br><br><br><br><br><br>Conteneurs pour la r\u00e9cup\u00e9ration de piles et accus usag\u00e9s.<\/p>\n","protected":false},"excerpt":{"rendered":"<p>Recycler vos accumulateurs morts Vous avez d\u00e9couvert les accumulateurs, appris \u00e0 les utiliser, \u00e0 les recharger, maintenant il reste une derni\u00e8re chose : Que faire des accus quand ils sont morts ? SURTOUT NE LES JETEZ PAS N&rsquo;IMPORTE O\u00d9 !!! Ces petites b\u00eates rendent beaucoup de services mais elles sont tr\u00e8s polluantes. Elles utilisent des [&hellip;]<\/p>\n","protected":false},"author":2,"featured_media":0,"parent":0,"menu_order":0,"comment_status":"closed","ping_status":"closed","template":"","meta":{"footnotes":""},"class_list":["post-1228","page","type-page","status-publish","hentry"],"_links":{"self":[{"href":"https:\/\/ni-cd.net\/wpnicd\/index.php\/wp-json\/wp\/v2\/pages\/1228"}],"collection":[{"href":"https:\/\/ni-cd.net\/wpnicd\/index.php\/wp-json\/wp\/v2\/pages"}],"about":[{"href":"https:\/\/ni-cd.net\/wpnicd\/index.php\/wp-json\/wp\/v2\/types\/page"}],"author":[{"embeddable":true,"href":"https:\/\/ni-cd.net\/wpnicd\/index.php\/wp-json\/wp\/v2\/users\/2"}],"replies":[{"embeddable":true,"href":"https:\/\/ni-cd.net\/wpnicd\/index.php\/wp-json\/wp\/v2\/comments?post=1228"}],"version-history":[{"count":10,"href":"https:\/\/ni-cd.net\/wpnicd\/index.php\/wp-json\/wp\/v2\/pages\/1228\/revisions"}],"predecessor-version":[{"id":1387,"href":"https:\/\/ni-cd.net\/wpnicd\/index.php\/wp-json\/wp\/v2\/pages\/1228\/revisions\/1387"}],"wp:attachment":[{"href":"https:\/\/ni-cd.net\/wpnicd\/index.php\/wp-json\/wp\/v2\/media?parent=1228"}],"curies":[{"name":"wp","href":"https:\/\/api.w.org\/{rel}","templated":true}]}}