{"id":1188,"date":"2020-03-22T14:25:13","date_gmt":"2020-03-22T14:25:13","guid":{"rendered":"https:\/\/testth.erfred.fr\/?page_id=1188"},"modified":"2020-04-13T20:28:09","modified_gmt":"2020-04-13T20:28:09","slug":"le-b-a-ba-comparatif","status":"publish","type":"page","link":"https:\/\/ni-cd.net\/wpnicd\/index.php\/le-b-a-ba-comparatif\/","title":{"rendered":"Le B.A.ba : Comparatif"},"content":{"rendered":"\nPour vous permettre de faire un point, voici un tableau comparatif des caract\u00e9ristiques\n             principales pour les diff\u00e9rentes technologies : <br><br>\n<table class=\"CENTRE\" width=\"100%\" cellspacing=\"0\" cellpadding=\"2\" border=\"1\">\n<tbody><tr>\n<td rowspan=\"-1\" colspan=\"7\" class=\"TEXTE8C\"><b>Tableau comparatif de valeurs indicatives entre les technologies constat\u00e9es fin 2003<\/b><\/td>\n<\/tr>\n<tr>\n<td rowspan=\"-1\" colspan=\"1\" class=\"TEXTE8C\"><b>Caract\u00e9ristiques<\/b><\/td>\n<td rowspan=\"-1\" colspan=\"1\" class=\"TEXTE8C\"><b>Plomb Acide<\/b><\/td>\n<td rowspan=\"-1\" colspan=\"1\" class=\"TEXTE8C\"><b>Nickel Cadmium<\/b><\/td>\n<td rowspan=\"-1\" colspan=\"1\" class=\"TEXTE8C\"><b>Nickel M\u00e9tal Hydride<\/b><\/td>\n<td rowspan=\"-1\" colspan=\"1\" class=\"TEXTE8C\"><b>Lithium Ion<\/b><\/td>\n<td rowspan=\"-1\" colspan=\"1\" class=\"TEXTE8C\"><b>Lithium Ion Polym\u00e8re<\/b><\/td>\n<td rowspan=\"-1\" colspan=\"1\" class=\"TEXTE8C\"><b>Alcalines rechargeables<\/b><\/td>\n<\/tr>\n<tr>\n<td rowspan=\"-1\" colspan=\"1\" class=\"TEXTE8C\">Symboles utilis\u00e9s (1)<\/td>\n<td rowspan=\"-1\" colspan=\"1\" class=\"TEXTE8C\">Pb, SLA <\/td>\n<td rowspan=\"-1\" colspan=\"1\" class=\"TEXTE8C\">Ni-Cd <\/td>\n<td rowspan=\"-1\" colspan=\"1\" class=\"TEXTE8C\">Ni-MH<\/td>\n<td rowspan=\"-1\" colspan=\"1\" class=\"TEXTE8C\">Li-ion<\/td>\n<td rowspan=\"-1\" colspan=\"1\" class=\"TEXTE8C\">Li-po<\/td>\n<td rowspan=\"-1\" colspan=\"1\" class=\"TEXTE8C\">RAM<\/td>\n<\/tr>\n<tr>\n<td rowspan=\"-1\" colspan=\"1\" class=\"TEXTE8C\">Densit\u00e9 d&rsquo;\u00e9nergie gravim\u00e9trique<\/td>\n<td rowspan=\"-1\" colspan=\"1\" class=\"TEXTE8C\">30-50 Wh\/kg<\/td>\n<td rowspan=\"-1\" colspan=\"1\" class=\"TEXTE8C\">45-80 Wh\/kg<\/td>\n<td rowspan=\"-1\" colspan=\"1\" class=\"TEXTE8C\">60-120 Wh\/kg<\/td>\n<td rowspan=\"-1\" colspan=\"1\" class=\"TEXTE8C\">110-160 Wh\/kg <\/td>\n<td rowspan=\"-1\" colspan=\"1\" class=\"TEXTE8C\">100-130 Wh\/kg<\/td>\n<td rowspan=\"-1\" colspan=\"1\" class=\"TEXTE8C\">80 Wh\/kg<\/td>\n<\/tr>\n<tr>\n<td rowspan=\"-1\" colspan=\"1\" class=\"TEXTE8C\">Cycles de vie<br> Charge \/ d\u00e9charge<\/td>\n<td rowspan=\"-1\" colspan=\"1\" class=\"TEXTE8C\">200 \u00e0 300<\/td>\n<td rowspan=\"-1\" colspan=\"1\" class=\"TEXTE8C\">1500<\/td>\n<td rowspan=\"-1\" colspan=\"1\" class=\"TEXTE8C\">300 \u00e0 500<\/td>\n<td rowspan=\"-1\" colspan=\"1\" class=\"TEXTE8C\">500 \u00e0 1000 <br>ou 2 ans<\/td>\n<td rowspan=\"-1\" colspan=\"1\" class=\"TEXTE8C\">200 \u00e0 300<\/td>\n<td rowspan=\"-1\" colspan=\"1\" class=\"TEXTE8C\">10 \u00e0 50<\/td>\n<\/tr>\n<tr>\n<td rowspan=\"-1\" colspan=\"1\" class=\"TEXTE8C\">Auto d\u00e9charge par mois<\/td>\n<td rowspan=\"-1\" colspan=\"1\" class=\"TEXTE8C\">5 %<\/td>\n<td rowspan=\"-1\" colspan=\"1\" class=\"TEXTE8C\">20 %<\/td>\n<td rowspan=\"-1\" colspan=\"1\" class=\"TEXTE8C\">30 %<\/td>\n<td rowspan=\"-1\" colspan=\"1\" class=\"TEXTE8C\">10 % <\/td>\n<td rowspan=\"-1\" colspan=\"1\" class=\"TEXTE8C\">10 %<\/td>\n<td rowspan=\"-1\" colspan=\"1\" class=\"TEXTE8C\">0,3 %<\/td>\n<\/tr>\n<tr>\n<td rowspan=\"-1\" colspan=\"1\" class=\"TEXTE8C\">Tension nominale d&rsquo;un \u00e9l\u00e9ment<\/td>\n<td rowspan=\"-1\" colspan=\"1\" class=\"TEXTE8C\">2 V <\/td>\n<td rowspan=\"-1\" colspan=\"1\" class=\"TEXTE8C\">1,2 V<\/td>\n<td rowspan=\"-1\" colspan=\"1\" class=\"TEXTE8C\">1,2 V<\/td>\n<td rowspan=\"-1\" colspan=\"1\" class=\"TEXTE8C\">3,6 ou 3,7 V <\/td>\n<td rowspan=\"-1\" colspan=\"1\" class=\"TEXTE8C\">3,7 V<\/td>\n<td rowspan=\"-1\" colspan=\"1\" class=\"TEXTE8C\">1,5 V<\/td>\n<\/tr>\n<tr>\n<td rowspan=\"-1\" colspan=\"1\" class=\"TEXTE8C\">Capacit\u00e9 nominale maximale (2)<\/td>\n<td rowspan=\"-1\" colspan=\"1\" class=\"TEXTE8C\">4000 Ah<\/td>\n<td rowspan=\"-1\" colspan=\"1\" class=\"TEXTE8C\">1500 Ah <\/td>\n<td rowspan=\"-1\" colspan=\"1\" class=\"TEXTE8C\">18 Ah<\/td>\n<td rowspan=\"-1\" colspan=\"1\" class=\"TEXTE8C\">4,5Ah<\/td>\n<td rowspan=\"-1\" colspan=\"1\" class=\"TEXTE8C\">1,6 Ah<\/td>\n<td rowspan=\"-1\" colspan=\"1\" class=\"TEXTE8C\">&#8211;<\/td>\n<\/tr>\n<tr>\n<td rowspan=\"-1\" colspan=\"1\" class=\"TEXTE8C\">R\u00e9sistance interne<\/td>\n<td rowspan=\"-1\" colspan=\"1\" class=\"TEXTE8C\">0,3 \u00e0 100 m\u03a9<\/td>\n<td rowspan=\"-1\" colspan=\"1\" class=\"TEXTE8C\">100 \u00e0 200 m\u03a9<\/td>\n<td rowspan=\"-1\" colspan=\"1\" class=\"TEXTE8C\">200 \u00e0 300 m\u03a9<\/td>\n<td rowspan=\"-1\" colspan=\"1\" class=\"TEXTE8C\">150 \u00e0 250 m\u03a9<\/td>\n<td rowspan=\"-1\" colspan=\"1\" class=\"TEXTE8C\">200 \u00e0 300 m\u03a9<\/td>\n<td rowspan=\"-1\" colspan=\"1\" class=\"TEXTE8C\">200 \u00e0 2000 m\u03a9<\/td>\n<\/tr>\n<tr>\n<td rowspan=\"-1\" colspan=\"1\" class=\"TEXTE8C\">Stockage long<\/td>\n<td rowspan=\"-1\" colspan=\"1\" class=\"TEXTE8C\">Charg\u00e9<\/td>\n<td rowspan=\"-1\" colspan=\"1\" class=\"TEXTE8C\">D\u00e9charg\u00e9<\/td>\n<td rowspan=\"-1\" colspan=\"1\" class=\"TEXTE8C\">Charg\u00e9<\/td>\n<td rowspan=\"-1\" colspan=\"1\" class=\"TEXTE8C\">Charg\u00e9 \u00e0 40%<\/td>\n<td rowspan=\"-1\" colspan=\"1\" class=\"TEXTE8C\">Charg\u00e9 \u00e0 40% <\/td>\n<td rowspan=\"-1\" colspan=\"1\" class=\"TEXTE8C\">Charg\u00e9<\/td>\n<\/tr>\n<tr>\n<td rowspan=\"-1\" colspan=\"1\" class=\"TEXTE8C\">Gamme de temp\u00e9rature<\/td>\n<td rowspan=\"-1\" colspan=\"1\" class=\"TEXTE8C\">-20\u00b0C \u00e0 60\u00b0C<\/td>\n<td rowspan=\"-1\" colspan=\"1\" class=\"TEXTE8C\">-40\u00b0C \u00e0 60\u00b0C<\/td>\n<td rowspan=\"-1\" colspan=\"1\" class=\"TEXTE8C\">-20\u00b0C \u00e0 60\u00b0C<\/td>\n<td rowspan=\"-1\" colspan=\"1\" class=\"TEXTE8C\">-20\u00b0C \u00e0 60\u00b0C <\/td>\n<td rowspan=\"-1\" colspan=\"1\" class=\"TEXTE8C\">0\u00b0C \u00e0 60\u00b0C <\/td>\n<td rowspan=\"-1\" colspan=\"1\" class=\"TEXTE8C\">0\u00b0C \u00e0 65\u00b0C<\/td>\n<\/tr>\n<tr>\n<td rowspan=\"-1\" colspan=\"7\" class=\"TEXTE8C\"><a href=\"http:\/\/www.ni-cd.net\/accusphp\/baba\/conclusion\/comparer.php\" class=\"TEXTE \">www.ni-cd.net : le monde des accumulateurs rechargeables<\/a>\n<\/td>\n<\/tr>\n<tr>\n<td rowspan=\"-1\" colspan=\"1\" class=\"TEXTE8C\">Principe de charge<\/td>\n<td rowspan=\"-1\" colspan=\"1\" class=\"TEXTE8C\">Tension constante<\/td>\n<td rowspan=\"-1\" colspan=\"1\" class=\"TEXTE8C\">Courant constant<\/td>\n<td rowspan=\"-1\" colspan=\"1\" class=\"TEXTE8C\">Courant constant<\/td>\n<td rowspan=\"-1\" colspan=\"1\" class=\"TEXTE8C\">Tension constante<\/td>\n<td rowspan=\"-1\" colspan=\"1\" class=\"TEXTE8C\">Tension constante <\/td>\n<td rowspan=\"-1\" colspan=\"1\" class=\"TEXTE8C\">&#8211;<\/td>\n<\/tr>\n<tr>\n<td rowspan=\"-1\" colspan=\"1\" class=\"TEXTE8C\">Courant de charge(3)<\/td>\n<td rowspan=\"-1\" colspan=\"1\" class=\"TEXTE8C\"><a href=\"http:\/\/www.ni-cd.net\/accusphp\/faq\/index.php#cquoic\">C<\/a>\/4<\/td>\n<td rowspan=\"-1\" colspan=\"1\" class=\"TEXTE8C\">2 <a href=\"http:\/\/www.ni-cd.net\/accusphp\/faq\/index.php#cquoic\">C<\/a> (4)<\/td>\n<td rowspan=\"-1\" colspan=\"1\" class=\"TEXTE8C\">2 <a href=\"http:\/\/www.ni-cd.net\/accusphp\/faq\/index.php#cquoic\">C<\/a> (5)<\/td>\n<td rowspan=\"-1\" colspan=\"1\" class=\"TEXTE8C\">1 <a href=\"http:\/\/www.ni-cd.net\/accusphp\/faq\/index.php#cquoic\">C<\/a><\/td>\n<td rowspan=\"-1\" colspan=\"1\" class=\"TEXTE8C\">1<a href=\"http:\/\/www.ni-cd.net\/accusphp\/faq\/index.php#cquoic\">C<\/a><\/td>\n<td rowspan=\"-1\" colspan=\"1\" class=\"TEXTE8C\"><a href=\"http:\/\/www.ni-cd.net\/accusphp\/faq\/index.php#cquoic\">C<\/a>\/3<\/td>\n<\/tr>\n<tr>\n<td rowspan=\"-1\" colspan=\"1\" class=\"TEXTE8C\">Charge typique<\/td>\n<td rowspan=\"-1\" colspan=\"1\" class=\"TEXTE8C\">2,6V 20 h<\/td>\n<td rowspan=\"-1\" colspan=\"1\" class=\"TEXTE8C\"><a href=\"http:\/\/www.ni-cd.net\/accusphp\/faq\/index.php#cquoic\">C<\/a>\/10 &#8211; 14h<\/td>\n<td rowspan=\"-1\" colspan=\"1\" class=\"TEXTE8C\"> <a href=\"http:\/\/www.ni-cd.net\/accusphp\/faq\/index.php#cquoic\">C<\/a>\/4 &#8211; 5h<\/td>\n<td rowspan=\"-1\" colspan=\"1\" class=\"TEXTE8C\">4,1 ou 4,2V  &#8211; 3h<\/td>\n<td rowspan=\"-1\" colspan=\"1\" class=\"TEXTE8C\">4,2V &#8211; 3h<\/td>\n<td rowspan=\"-1\" colspan=\"1\" class=\"TEXTE8C\">1,65V 4h<\/td>\n<\/tr>\n<tr>\n<td rowspan=\"-1\" colspan=\"1\" class=\"TEXTE8C\">Crit\u00e8re de fin de charge<\/td>\n<td rowspan=\"-1\" colspan=\"1\" class=\"TEXTE8C\">Ic &lt; <a href=\"http:\/\/www.ni-cd.net\/accusphp\/faq\/index.php#cquoic\">C<\/a>\/100<\/td>\n<td rowspan=\"-1\" colspan=\"1\" class=\"TEXTE8C\">-dV\/dt<\/td>\n<td rowspan=\"-1\" colspan=\"1\" class=\"TEXTE8C\">-dV\/dt<\/td>\n<td rowspan=\"-1\" colspan=\"1\" class=\"TEXTE8C\">Ic &lt; 0,03 <a href=\"http:\/\/www.ni-cd.net\/accusphp\/faq\/index.php#cquoic\">C<\/a><\/td>\n<td rowspan=\"-1\" colspan=\"1\" class=\"TEXTE8C\">Ic &lt; 0,03 <a href=\"http:\/\/www.ni-cd.net\/accusphp\/faq\/index.php#cquoic\">C<\/a><\/td>\n<td rowspan=\"-1\" colspan=\"1\" class=\"TEXTE8C\">&#8211;<\/td>\n<\/tr>\n<tr>\n<td rowspan=\"-1\" colspan=\"1\" class=\"TEXTE8C\">Courant maximum en d\u00e9charge<\/td>\n<td rowspan=\"-1\" colspan=\"1\" class=\"TEXTE8C\">5 <a href=\"http:\/\/www.ni-cd.net\/accusphp\/faq\/index.php#cquoic\">C<\/a><\/td>\n<td rowspan=\"-1\" colspan=\"1\" class=\"TEXTE8C\">20 <a href=\"http:\/\/www.ni-cd.net\/accusphp\/faq\/index.php#cquoic\">C<\/a><\/td>\n<td rowspan=\"-1\" colspan=\"1\" class=\"TEXTE8C\">5 <a href=\"http:\/\/www.ni-cd.net\/accusphp\/faq\/index.php#cquoic\">C<\/a><\/td>\n<td rowspan=\"-1\" colspan=\"1\" class=\"TEXTE8C\">&gt; 2 <a href=\"http:\/\/www.ni-cd.net\/accusphp\/faq\/index.php#cquoic\">C<\/a><\/td>\n<td rowspan=\"-1\" colspan=\"1\" class=\"TEXTE8C\">&gt; 2 <a href=\"http:\/\/www.ni-cd.net\/accusphp\/faq\/index.php#cquoic\">C<\/a><\/td>\n<td rowspan=\"-1\" colspan=\"1\" class=\"TEXTE8C\"><a href=\"http:\/\/www.ni-cd.net\/accusphp\/faq\/index.php#cquoic\">C<\/a>\/2<\/td>\n<\/tr>\n<tr>\n<td rowspan=\"-1\" colspan=\"1\" class=\"TEXTE8C\">Courant de d\u00e9charge nominal<\/td>\n<td rowspan=\"-1\" colspan=\"1\" class=\"TEXTE8C\"><a href=\"http:\/\/www.ni-cd.net\/accusphp\/faq\/index.php#cquoic\">C<\/a>\/5<\/td>\n<td rowspan=\"-1\" colspan=\"1\" class=\"TEXTE8C\">1 <a href=\"http:\/\/www.ni-cd.net\/accusphp\/faq\/index.php#cquoic\">C<\/a><\/td>\n<td rowspan=\"-1\" colspan=\"1\" class=\"TEXTE8C\"><a href=\"http:\/\/www.ni-cd.net\/accusphp\/faq\/index.php#cquoic\">C<\/a>\/2<\/td>\n<td rowspan=\"-1\" colspan=\"1\" class=\"TEXTE8C\">&lt; 1<a href=\"http:\/\/www.ni-cd.net\/accusphp\/faq\/index.php#cquoic\">C<\/a><\/td>\n<td rowspan=\"-1\" colspan=\"1\" class=\"TEXTE8C\">&lt; 1<a href=\"http:\/\/www.ni-cd.net\/accusphp\/faq\/index.php#cquoic\">C<\/a><\/td>\n<td rowspan=\"-1\" colspan=\"1\" class=\"TEXTE8C\"><a href=\"http:\/\/www.ni-cd.net\/accusphp\/faq\/index.php#cquoic\">C<\/a>\/5<\/td>\n<\/tr>\n<tr>\n<td rowspan=\"-1\" colspan=\"1\" class=\"TEXTE8C\">Tol\u00e9rance \u00e0 la surcharge <\/td>\n<td rowspan=\"-1\" colspan=\"1\" class=\"TEXTE8C\">Oui<\/td>\n<td rowspan=\"-1\" colspan=\"1\" class=\"TEXTE8C\">Moyenne<\/td>\n<td rowspan=\"-1\" colspan=\"1\" class=\"TEXTE8C\">Tr\u00e8s faible<\/td>\n<td rowspan=\"-1\" colspan=\"1\" class=\"TEXTE8C\">Nulle<\/td>\n<td rowspan=\"-1\" colspan=\"1\" class=\"TEXTE8C\">Tr\u00e8s faible<\/td>\n<td rowspan=\"-1\" colspan=\"1\" class=\"TEXTE8C\">Moyenne<\/td>\n<\/tr>\n<tr>\n<td rowspan=\"-1\" colspan=\"1\" class=\"TEXTE8C\">Sensible \u00e0 l&rsquo;effet m\u00e9moire<\/td>\n<td rowspan=\"-1\" colspan=\"1\" class=\"TEXTE8C\">Non<\/td>\n<td rowspan=\"-1\" colspan=\"1\" class=\"TEXTE8C\">Oui<\/td>\n<td rowspan=\"-1\" colspan=\"1\" class=\"TEXTE8C\">Oui<\/td>\n<td rowspan=\"-1\" colspan=\"1\" class=\"TEXTE8C\">Non<\/td>\n<td rowspan=\"-1\" colspan=\"1\" class=\"TEXTE8C\">Non<\/td>\n<td rowspan=\"-1\" colspan=\"1\" class=\"TEXTE8C\">Non<\/td>\n<\/tr>\n<tr>\n<td rowspan=\"-1\" colspan=\"1\" class=\"TEXTE8C\">Co\u00fbt moyen typique<\/td>\n<td rowspan=\"-1\" colspan=\"1\" class=\"TEXTE8C\">25<\/td>\n<td rowspan=\"-1\" colspan=\"1\" class=\"TEXTE8C\">50 <\/td>\n<td rowspan=\"-1\" colspan=\"1\" class=\"TEXTE8C\">60<\/td>\n<td rowspan=\"-1\" colspan=\"1\" class=\"TEXTE8C\">100<\/td>\n<td rowspan=\"-1\" colspan=\"1\" class=\"TEXTE8C\">100<\/td>\n<td rowspan=\"-1\" colspan=\"1\" class=\"TEXTE8C\">5<\/td>\n<\/tr>\n<tr>\n<td rowspan=\"-1\" colspan=\"1\" class=\"TEXTE8C\">Ann\u00e9e de commercialisation<\/td>\n<td rowspan=\"-1\" colspan=\"1\" class=\"TEXTE8C\">1850<br>1970 (SLA)<\/td>\n<td rowspan=\"-1\" colspan=\"1\" class=\"TEXTE8C\">1950<\/td>\n<td rowspan=\"-1\" colspan=\"1\" class=\"TEXTE8C\">1990<\/td>\n<td rowspan=\"-1\" colspan=\"1\" class=\"TEXTE8C\">1991 <\/td>\n<td rowspan=\"-1\" colspan=\"1\" class=\"TEXTE8C\">1999<\/td>\n<td rowspan=\"-1\" colspan=\"1\" class=\"TEXTE8C\">1992<\/td>\n<\/tr>\n<tr>\n<td rowspan=\"-1\" colspan=\"7\" class=\"TEXTE8\">\n<div class=\"GAUCHE\"><i>(1) Symbole chimique ou abr\u00e9viation ou sigle. <br>\n           (2) Capacit\u00e9 maximale constat\u00e9e au moins une fois. Mais la technologie \u00e9voluant rapidement\n           le maximum absolu est certainement sup\u00e9rieur \u00e0 ces valeurs.<br>\n           (3) taux de charge exprim\u00e9 par rapport \u00e0 la capacit\u00e9 nominale de l&rsquo;accumulateur.<br>\n           (4) 1C en standard mais certains mod\u00e8les supportent 2<a href=\"http:\/\/www.ni-cd.net\/accusphp\/faq\/index.php#cquoic\">C<\/a>, et d&rsquo;autre <a href=\"http:\/\/www.ni-cd.net\/accusphp\/faq\/index.php#cquoic\">C<\/a>\/10 uniquement.<br>\n           (5) Uniquement valable pour certains \u00e9l\u00e9ments sp\u00e9cifiques, sinon c&rsquo;est 1<a href=\"http:\/\/www.ni-cd.net\/accusphp\/faq\/index.php#cquoic\">C<\/a>. <\/i><\/div>\n<\/td>\n<\/tr>\n<\/tbody><\/table>\n\n\n\n<p class=\"has-text-align-right has-medium-font-size\"><br><a href=\"\/wpnicd\/index.php\/pour-finir-avec-le-b-a-ba\"><strong>>>> Retour le B.A.ba : La conclusion<\/strong><\/a><\/p>\n","protected":false},"excerpt":{"rendered":"<p>Pour vous permettre de faire un point, voici un tableau comparatif des caract\u00e9ristiques principales pour les diff\u00e9rentes technologies : Tableau comparatif de valeurs indicatives entre les technologies constat\u00e9es fin 2003 Caract\u00e9ristiques Plomb Acide Nickel Cadmium Nickel M\u00e9tal Hydride Lithium Ion Lithium Ion Polym\u00e8re Alcalines rechargeables Symboles utilis\u00e9s (1) Pb, SLA Ni-Cd Ni-MH Li-ion Li-po RAM [&hellip;]<\/p>\n","protected":false},"author":2,"featured_media":0,"parent":0,"menu_order":0,"comment_status":"closed","ping_status":"closed","template":"","meta":{"footnotes":""},"class_list":["post-1188","page","type-page","status-publish","hentry"],"_links":{"self":[{"href":"https:\/\/ni-cd.net\/wpnicd\/index.php\/wp-json\/wp\/v2\/pages\/1188"}],"collection":[{"href":"https:\/\/ni-cd.net\/wpnicd\/index.php\/wp-json\/wp\/v2\/pages"}],"about":[{"href":"https:\/\/ni-cd.net\/wpnicd\/index.php\/wp-json\/wp\/v2\/types\/page"}],"author":[{"embeddable":true,"href":"https:\/\/ni-cd.net\/wpnicd\/index.php\/wp-json\/wp\/v2\/users\/2"}],"replies":[{"embeddable":true,"href":"https:\/\/ni-cd.net\/wpnicd\/index.php\/wp-json\/wp\/v2\/comments?post=1188"}],"version-history":[{"count":6,"href":"https:\/\/ni-cd.net\/wpnicd\/index.php\/wp-json\/wp\/v2\/pages\/1188\/revisions"}],"predecessor-version":[{"id":1274,"href":"https:\/\/ni-cd.net\/wpnicd\/index.php\/wp-json\/wp\/v2\/pages\/1188\/revisions\/1274"}],"wp:attachment":[{"href":"https:\/\/ni-cd.net\/wpnicd\/index.php\/wp-json\/wp\/v2\/media?parent=1188"}],"curies":[{"name":"wp","href":"https:\/\/api.w.org\/{rel}","templated":true}]}}