{"id":1183,"date":"2020-03-22T14:18:14","date_gmt":"2020-03-22T14:18:14","guid":{"rendered":"https:\/\/testth.erfred.fr\/?page_id=1183"},"modified":"2020-04-13T20:30:14","modified_gmt":"2020-04-13T20:30:14","slug":"le-b-a-ba-choisir-un-accu","status":"publish","type":"page","link":"https:\/\/ni-cd.net\/wpnicd\/index.php\/le-b-a-ba-choisir-un-accu\/","title":{"rendered":"Le B.A.ba : Choisir des accus"},"content":{"rendered":"\n<p style=\"color:#0071a1\" class=\"has-text-color\"><strong>Combien et quels \u00e9l\u00e9ments dois-je utiliser en fonction de mon besoin ?<\/strong><\/p>\n\n\n\n<p><strong>Vous voulez vous fabriquer une batterie d\u2019accus, mais vous ne savez pas choisir le mod\u00e8le et nombre d\u2019\u00e9l\u00e9ments \u00e0 utiliser.<\/strong><\/p>\n\n\n\n<p style=\"color:#0071a1\" class=\"has-text-color\">Tout d\u2019abord un petit \nrappel d\u2019\u00e9lectricit\u00e9. Que se soit des g\u00e9n\u00e9rateurs ou des r\u00e9cepteurs, \nquand on branche des \u00e9l\u00e9ments en s\u00e9rie leurs tensions respectives \ns\u2019additionnent et le courant qui les traverse est le m\u00eame pour tous. \nC\u2019est fait\u2026<\/p>\n\n\n\n<p><strong>Maintenant quelque soit votre besoin, il va falloir d\u00e9terminer trois choses essentielles pour choisir vos accus :<\/strong><\/p>\n\n\n\n<ul class=\"wp-block-list\"><li>Quelle est la tension de fonctionnement de votre mat\u00e9riel ?<\/li><li> Quelle est sa puissance consomm\u00e9e ?<\/li><li> Combien de temps doit il fonctionner au minimum ?<\/li><\/ul>\n\n\n\n<p>Pour l\u2019exemple, nous allons calculer une batterie pour alimenter \npendant 1 heure 30, un syst\u00e8me quelconque d\u2019une puissance de 30 Watts, \nfonctionnant sous une tension de 12 Volts.<\/p>\n\n\n\n<p style=\"background-color:#0071a1\" class=\"has-text-color has-background has-very-light-gray-color\"><strong>La tension de fonctionnement vous indique le nombre d\u2019\u00e9l\u00e9ments\u2026<\/strong><\/p>\n\n\n\n<p> \u2026qu\u2019il va vous falloir pour cr\u00e9er votre batterie.<br> Sachant qu\u2019un \n\u00e9l\u00e9ment (Ni-Cd ou Ni-MH) quelqu\u2019il soit a une tension nominale de 1,2 \nVolts, vous d\u00e9terminez le nombre d\u2019\u00e9l\u00e9ments n\u00e9cessaires en divisant la \ntension dont vous avez besoin par la valeur de la tension nominale de \n1,2 V. Ces x \u00e9l\u00e9ments seront c\u00e2bl\u00e9s en s\u00e9rie pour cr\u00e9er la batterie.<br>\n Dans l\u2019exemple : L\u2019appareil fonctionne en 12V, il faut donc 12 V \/ 1,2 V\n = 10 \u00e9l\u00e9ments c\u00e2bl\u00e9s en s\u00e9rie pour cr\u00e9er une batterie capable de le \nfaire fonctionner.<br> Le probl\u00e8me c\u2019est que vous risquez souvent tomber\n sur un r\u00e9sultat pas entier. Si le syst\u00e8me a besoin de 8 Volts, \u00e7a fait \n6,67 \u00e9l\u00e9ments !!! L\u00e0 vous faut faire un choix, soit 6 soit 7 \u00e9l\u00e9ments. \nTout d\u00e9pend alors des tol\u00e9rances de fonctionnement de votre mat\u00e9riel. \nSans rentrer dans le d\u00e9tail ici je dirais que si votre appareil consomme\n peu (faible puissance) vous pourriez vous contenter de 6 mais si il y a\n une forte consommation de courant il vaut mieux prendre 7 \u00e9l\u00e9ments. \nAttention ceci n\u2019est pas une r\u00e8gle chaque cas est particulier.<\/p>\n\n\n\n<p style=\"background-color:#0071a1\" class=\"has-text-color has-background has-very-light-gray-color\"><strong>La puissance consomm\u00e9e par votre \u00e9quipement vous permet de d\u00e9duire le courant moyen\u2026<\/strong><\/p>\n\n\n\n<p> \u2026 que devra d\u00e9biter votre batterie. Pour cela divisez la puissance \nindiqu\u00e9e par la tension de la batterie ( n x 1,2 V). Il faudra que votre\n accu puisse au moins d\u00e9biter ce courant ( I = P \/ U ).<br> Notre \nexemple : Votre appareil a une puissance de 30 Watts aliment\u00e9 en 12 \nVolts, donc 30 W \/ 12 V = 2,5 Amp\u00e8res de courant consomm\u00e9.<\/p>\n\n\n\n<p style=\"background-color:#0071a1\" class=\"has-text-color has-background has-very-light-gray-color\"><strong>Le temps de fonctionnement vous permet de d\u00e9terminer la capacit\u00e9 de votre batterie.<\/strong><\/p>\n\n\n\n<p> La capacit\u00e9 de votre batterie doit au moins \u00eatre \u00e9gale au produit du\n courant consomm\u00e9 par le temps minimum de fonctionnement ( Cn = I x t ).<br>\n Dans notre exemple : On veux en fonctionnement d\u2019un minimum de 1 heure \net 30 minutes, Alors Cn = 2,5 A x 1,5 h = 3,75 Amp\u00e8res Heure.<br> L\u00e0 \nencore les calculs tomberont rarement juste et ont prendra la valeur de \ncapacit\u00e9 standard directement sup\u00e9rieure. Dans notre cas on prendra une \nbatterie de 4 Ah.<\/p>\n\n\n\n<p>Nous venons donc de d\u00e9terminer la Capacit\u00e9 de notre batterie, mais \nattention, on me pose souvent la question sur la diff\u00e9rence entre la \ncapacit\u00e9 de la batterie et la capacit\u00e9 de chacun de ses \u00e9l\u00e9ments ?????<br> H\u00e9 bien : Il n\u2019y a pas de diff\u00e9rence. La capacit\u00e9 de chacun des \u00e9l\u00e9ments ne s\u2019additionne pas comme les tensions.<br>\n Si on veux une batterie d\u2019une capacit\u00e9 totale de 4 Ah, il faudra que \ntous les \u00e9l\u00e9ments aient aussi une capacit\u00e9 de 4 Ah. Ceci est tr\u00e8s \nimportant.<br> De plus il ne faut jamais mettre en s\u00e9rie des \u00e9l\u00e9ments de capacit\u00e9s diff\u00e9rentes, sous peine de d\u00e9truire les plus petits.<br><strong> Voil\u00e0, donc pour notre exemple du d\u00e9but il nous faut une batterie de 10 \u00e9l\u00e9ments de 4 Ah.<\/strong><\/p>\n\n\n\n<p style=\"background-color:#0071a1\" class=\"has-text-color has-background has-very-light-gray-color\">Dernier choix \u00e0 faire : La technologie : Plomb ou Ni-Cd ou Ni-MH ou Li-ion ou Li-po?????<\/p>\n\n\n\n<p> Il y a de nombreux crit\u00e8res \u00e0 prendre en compte dans ce choix.<br> \nUn des premiers crit\u00e8res est le co\u00fbt. Les accus Lithium sont plus chers \u00e0\n l\u2019achat, mais surtout ils imposent l\u2019utilisation d\u2019un chargeur \nperformant et adapt\u00e9. Il est incontournable dans les applications o\u00f9 le \npoids et le volume sont primordiaux.<br> Le Plomb \u00e0 l\u2019oppos\u00e9 est le \nmoins cher mais est volumineux et lourd. Il sera donc utilis\u00e9 plut\u00f4t \ndans des installations fixes, ou dans des mobiles autoport\u00e9s o\u00f9 le poids\n n\u2019est pas un probl\u00e8me. Par contre le plomb est tr\u00e8s performant dans les\n applications demandant de tr\u00e8s forts appels de courant.<br> Il nous \nreste au milieu les accus au Nickel. Le Ni-Cd lui est le plus ancien et \nle plus rustique, performant sur les appels de courant et les fortes \nconsommations, et il peut se contenter d\u2019un chargeur bas de gamme. Le \nNi-MH sera plus cher que le Ni-Cd, mais il offrira une capacit\u00e9 plus \nimportante pour un m\u00eame volume. Par contre plus fragile le Ni-MH \ndemandera un chargeur \u00ab&nbsp;intelligent&nbsp;\u00bb donc plus cher aussi. De toute \nfa\u00e7on le Ni-Cd va diparaitre des applications grand public en juillet \n2006, donc l\u00e0 le choix sera vite fait.<\/p>\n\n\n\n<p>La fronti\u00e8re entre les domaines d\u2019utilisation des diff\u00e9rentes  technologies sont aujourd\u2019hui de plus en plus floues. La recherche sur  les accus au Lithium va tr\u00e8s vite. On trouve aujourd\u2019hui des perceuses  sans fil avec accus au Lithium, l\u00e0 o\u00f9 hiers c\u2019\u00e9tait le domaine du Ni-Cd  et o\u00f9 on osait \u00e0 peine mettre du Ni-MH. Les radiomod\u00e9listes sont eux  aussi pass\u00e9s du Ni-Cd au Ni-MH et maintenant au Li-po pour la m\u00eame  utilisation finale\u2026 Aujourd\u2019hui seul le plomb reste principalement  canton\u00e9 dans les m\u00eames applications. Le Ni-MH suppl\u00e9\u00e9 au Li-ion quand le  co\u00fbt de ce dernier est trop prohibitif par rapport au co\u00fbt total du  mat\u00e9riel. L\u2019avenir serait donc dans les technologies Lithium, mais elle  seront \u00e0 coup s\u00fbr beaucoup plus difficile \u00e0 mettre en oeuvre pour les  petits bricolages \u00e0 la maison. <\/p>\n\n\n\n<p class=\"has-text-align-right has-medium-font-size\"><br><a href=\"\/wpnicd\/index.php\/le-b-a-ba-comparatif\"><strong>>>> Le B.A.ba : Comparatif des technos<\/strong><\/a><br>ou<br><a href=\"https:\/\/ni-cd.net\/wpnicd\/index.php\/pour-finir-avec-le-b-a-ba\/\"><strong>>>> Retour le B.A.ba : La conclusion<\/strong><\/a><\/p>\n","protected":false},"excerpt":{"rendered":"<p>Combien et quels \u00e9l\u00e9ments dois-je utiliser en fonction de mon besoin ? Vous voulez vous fabriquer une batterie d\u2019accus, mais vous ne savez pas choisir le mod\u00e8le et nombre d\u2019\u00e9l\u00e9ments \u00e0 utiliser. Tout d\u2019abord un petit rappel d\u2019\u00e9lectricit\u00e9. Que se soit des g\u00e9n\u00e9rateurs ou des r\u00e9cepteurs, quand on branche des \u00e9l\u00e9ments en s\u00e9rie leurs tensions [&hellip;]<\/p>\n","protected":false},"author":2,"featured_media":0,"parent":0,"menu_order":0,"comment_status":"closed","ping_status":"closed","template":"","meta":{"footnotes":""},"class_list":["post-1183","page","type-page","status-publish","hentry"],"_links":{"self":[{"href":"https:\/\/ni-cd.net\/wpnicd\/index.php\/wp-json\/wp\/v2\/pages\/1183"}],"collection":[{"href":"https:\/\/ni-cd.net\/wpnicd\/index.php\/wp-json\/wp\/v2\/pages"}],"about":[{"href":"https:\/\/ni-cd.net\/wpnicd\/index.php\/wp-json\/wp\/v2\/types\/page"}],"author":[{"embeddable":true,"href":"https:\/\/ni-cd.net\/wpnicd\/index.php\/wp-json\/wp\/v2\/users\/2"}],"replies":[{"embeddable":true,"href":"https:\/\/ni-cd.net\/wpnicd\/index.php\/wp-json\/wp\/v2\/comments?post=1183"}],"version-history":[{"count":11,"href":"https:\/\/ni-cd.net\/wpnicd\/index.php\/wp-json\/wp\/v2\/pages\/1183\/revisions"}],"predecessor-version":[{"id":1276,"href":"https:\/\/ni-cd.net\/wpnicd\/index.php\/wp-json\/wp\/v2\/pages\/1183\/revisions\/1276"}],"wp:attachment":[{"href":"https:\/\/ni-cd.net\/wpnicd\/index.php\/wp-json\/wp\/v2\/media?parent=1183"}],"curies":[{"name":"wp","href":"https:\/\/api.w.org\/{rel}","templated":true}]}}