{"id":1178,"date":"2020-03-22T14:06:29","date_gmt":"2020-03-22T14:06:29","guid":{"rendered":"https:\/\/testth.erfred.fr\/?page_id=1178"},"modified":"2020-04-13T20:24:58","modified_gmt":"2020-04-13T20:24:58","slug":"pour-finir-avec-le-b-a-ba","status":"publish","type":"page","link":"https:\/\/ni-cd.net\/wpnicd\/index.php\/pour-finir-avec-le-b-a-ba\/","title":{"rendered":"Pour finir avec le B.A.ba"},"content":{"rendered":"\n<p style=\"color:#0071a1\" class=\"has-text-color has-text-align-center\"><strong>Et voil\u00e0 si vous en \u00eates arriv\u00e9 l\u00e0,<br> en lisant toutes les pages auxquelles je vous ai renvoy\u00e9,<br> vous savez tout ou presque.<\/strong><\/p>\n\n\n\n<p>Vous connaissez au moins le minimum de choses pour utiliser vos \naccumulateurs ou batteries dans de bonnes conditions, leur garantissant \nainsi une bonne long\u00e9vit\u00e9 et des qualit\u00e9s de charge correctes. Je vous \nfellicite d\u2019avoir \u00e9t\u00e9 jusqu\u2019au bout.<\/p>\n\n\n\n<p>Il me reste une derni\u00e8re chose \u00e0 vous proposer, c\u2019est un exemple de \ncalcul et de choix d\u2019\u00e9l\u00e9ments pour constituer vous m\u00eame votre batterie \nd\u2019accus en fonction de votre besoin.<\/p>\n\n\n\n<ul class=\"wp-block-list\"><li><strong><a href=\"\/wpnicd\/index.php\/le-b-a-ba-choisir-un-accu\">Combien et quels \u00e9l\u00e9ments dois-je utiliser en fonction de mon besoin ?<\/a><\/strong><\/li><\/ul>\n\n\n\n<p>Je vous rajoute aussi un petit plus, c\u2019est un tableau comparatif des \ncaract\u00e9ristiques des diff\u00e9rentes technologies. Je l\u2019avais fait pour moi,\n afin de tout avoir sous les yeux quand je r\u00e9ponds \u00e0 vos questions, je \nvous l\u2019offre pour r\u00e9compenser votre assiduit\u00e9.<\/p>\n\n\n\n<ul class=\"wp-block-list\"><li><strong><a href=\"\/wpnicd\/index.php\/le-b-a-ba-comparatif\">Tableau de comparaisons des technologies<\/a><\/strong><\/li><\/ul>\n\n\n\n<p>Une chose aussi qui me tient \u00e0 coeur et qui doit absolument compl\u00e9ter\n cette petite formation. Faites un petit tour dans la page recyclage. \nComme je vous l\u2019ai d\u00e9j\u00e0 dit il ne faut pas jeter vos vieux accus ni vos \npiles. C\u2019est du poison pour la nature, gardez bien \u00e7a en m\u00e9moire,<\/p>\n\n\n\n<ul class=\"wp-block-list\"><li><strong><a href=\"\/wpnicd\/index.php\/le-recyclage-de-vos-accus\/\">ne laissons pas une poubelle \u00e0 nos enfants.<\/a><\/strong><\/li><\/ul>\n\n\n\n<p><\/p>\n\n\n\n<h2 class=\"has-text-align-center wp-block-heading\"><br><br>Conclusion du B.A.ba<\/h2>\n\n\n\n<h4 class=\"has-text-color wp-block-heading\" style=\"color:#0071a1\"><br>J\u2019esp\u00e8re ne pas avoir \u00e9t\u00e9 trop r\u00e9barbatif et que ces quelques pages vous auront un peu servi.<\/h4>\n\n\n\n<p>Si, il vous reste des questions (ce dont je ne doute pas), consultez  le reste du site qui entre dans les d\u00e9tails pour la majorit\u00e9 des sujets  que l\u2019on a abord\u00e9 dans ce B.A.ba. <br>La rubrique suivante \u00ab&nbsp;La Th\u00e9orie&nbsp;\u00bb  tente d\u2019expliquer dans le d\u00e9tail la constitution, le fonctionnement, les  conditions d\u2019utilisation des diff\u00e9rentes technologies. <br>La Rubrique \u00ab&nbsp;En  Pratique&nbsp;\u00bb elle vous propose tout ce qui est n\u00e9cessaire et utile pour  la mise en \u0153uvre journali\u00e8re de vos accus.<br><br>Regardez aussi les questions les plus pos\u00e9es (FAQ) qui vous \u00e9claireront sur certains petits sujets pointus r\u00e9currents.<br><br>  Enfin si vous ne trouvez pas il vous reste le Forum pour poser votre  question , je me ferai un plaisir de vous r\u00e9pondre tant que \u00e7a restera  dans mes possibilit\u00e9s.<\/p>\n\n\n\n<p>Si ces pages vous ont apport\u00e9 quelque chose, si \u00e7a vous a plu, laissez un petit message dans le livre d\u2019or , \u00e7a encourage.<\/p>\n\n\n\n<h4 class=\"has-text-color has-text-align-right wp-block-heading\" style=\"color:#0071a1\"><strong>Longue vie \u00e0 vos accus\u2026<\/strong><\/h4>\n\n\n\n<p class=\"has-text-align-right\">Erfred<\/p>\n","protected":false},"excerpt":{"rendered":"<p>Et voil\u00e0 si vous en \u00eates arriv\u00e9 l\u00e0, en lisant toutes les pages auxquelles je vous ai renvoy\u00e9, vous savez tout ou presque. Vous connaissez au moins le minimum de choses pour utiliser vos accumulateurs ou batteries dans de bonnes conditions, leur garantissant ainsi une bonne long\u00e9vit\u00e9 et des qualit\u00e9s de charge correctes. Je vous [&hellip;]<\/p>\n","protected":false},"author":2,"featured_media":0,"parent":0,"menu_order":0,"comment_status":"closed","ping_status":"closed","template":"","meta":{"footnotes":""},"class_list":["post-1178","page","type-page","status-publish","hentry"],"_links":{"self":[{"href":"https:\/\/ni-cd.net\/wpnicd\/index.php\/wp-json\/wp\/v2\/pages\/1178"}],"collection":[{"href":"https:\/\/ni-cd.net\/wpnicd\/index.php\/wp-json\/wp\/v2\/pages"}],"about":[{"href":"https:\/\/ni-cd.net\/wpnicd\/index.php\/wp-json\/wp\/v2\/types\/page"}],"author":[{"embeddable":true,"href":"https:\/\/ni-cd.net\/wpnicd\/index.php\/wp-json\/wp\/v2\/users\/2"}],"replies":[{"embeddable":true,"href":"https:\/\/ni-cd.net\/wpnicd\/index.php\/wp-json\/wp\/v2\/comments?post=1178"}],"version-history":[{"count":6,"href":"https:\/\/ni-cd.net\/wpnicd\/index.php\/wp-json\/wp\/v2\/pages\/1178\/revisions"}],"predecessor-version":[{"id":1271,"href":"https:\/\/ni-cd.net\/wpnicd\/index.php\/wp-json\/wp\/v2\/pages\/1178\/revisions\/1271"}],"wp:attachment":[{"href":"https:\/\/ni-cd.net\/wpnicd\/index.php\/wp-json\/wp\/v2\/media?parent=1178"}],"curies":[{"name":"wp","href":"https:\/\/api.w.org\/{rel}","templated":true}]}}