{"id":1175,"date":"2020-03-22T14:00:46","date_gmt":"2020-03-22T14:00:46","guid":{"rendered":"https:\/\/testth.erfred.fr\/?page_id=1175"},"modified":"2020-04-13T20:23:20","modified_gmt":"2020-04-13T20:23:20","slug":"le-b-a-ba-autres-technologies","status":"publish","type":"page","link":"https:\/\/ni-cd.net\/wpnicd\/index.php\/le-b-a-ba-autres-technologies\/","title":{"rendered":"Le B.A.ba : Autres technologies"},"content":{"rendered":"\n<p><strong>Le B.A.ba des batteries D\u2019autres technologies :<\/strong><\/p>\n\n\n\n<p style=\"background-color:#0071a1\" class=\"has-text-color has-background has-very-light-gray-color\"><strong>Les alcalines rechargeables<\/strong><\/p>\n\n\n\n<p>Apr\u00e8s avoir expos\u00e9 les principales technologies d\u2019accumulateurs \nrechargeables, il faut que je mentionne au moins cette autre technologie\n existante aujourd\u2019hui. Il s\u2019agit :<\/p>\n\n\n\n<p style=\"color:#0071a1\" class=\"has-text-color has-text-align-center\"><strong> Des piles alcalines rechargeables.<\/strong><\/p>\n\n\n\n<p>Ce paragraphe n\u2019a pour but que de faire de l\u2019information sur l\u2019existence de ces mat\u00e9riels.<\/p>\n\n\n\n<p>Certains fabricants de piles (BIG, RAYOVAC) ont mis au point vers  1990 des &nbsp;\u00bb piles &nbsp;\u00bb alcalines &nbsp;\u00bb rechargeables \u00ab&nbsp;. Vous me direz, apr\u00e8s  les d\u00e9finitions que je vous ai donn\u00e9 que ces deux termes sont  incompatibles, et vous aurez raison. En fait au terme de &nbsp;\u00bb rechargeable  \u00ab&nbsp;,<strong> moi je pr\u00e9f\u00e8re le terme de &nbsp;\u00ab\u00a0r\u00e9g\u00e9n\u00e9rable\u00a0\u00bb.<\/strong> M\u00eame si ce n\u2019est pas dans le dico, c\u2019est plus appropri\u00e9.<\/p>\n\n\n\n<p>En fait ces piles, car ce sont vraiment des piles, ont un \u00e9lectrolyte\n qui a la propri\u00e9t\u00e9 de se &nbsp;\u00bb recombiner &nbsp;\u00bb sous le passage d\u2019un courant \nde &nbsp;\u00bb charge \u00ab&nbsp;. Mais attention il ne faut pas s\u2019attendre \u00e0 des \nmiracles.<\/p>\n\n\n\n<p style=\"color:#0071a1\" class=\"has-text-color\">Cette &nbsp;\u00ab\u00a0r\u00e9g\u00e9n\u00e9ration\u00a0\u00bb n\u2019est possible qu\u2019une dizaine \u00e0 une vingtaine de fois.<br> Et encore \u00e0 chaque fois la &nbsp;\u00bb pile &nbsp;\u00bb perd de sa capacit\u00e9.<\/p>\n\n\n\n<p>De plus il faut \u00e9viter de trop les d\u00e9charger. Plus la pile est \nd\u00e9charg\u00e9e, moins elle se recharge correctement. C\u2019est l\u00e0 le paradoxe, \npour que ce type de &nbsp;\u00bb pile &nbsp;\u00bb se recharge bien, il faut qu\u2019elle soit le\n moins possible d\u00e9charg\u00e9e \u2026<\/p>\n\n\n\n<p>Je vous laisse juge.<\/p>\n\n\n\n<p>Les avantages de ces piles c\u2019est :<\/p>\n\n\n\n<ul class=\"wp-block-list\"><li>leur tr\u00e8s faible co\u00fbt<\/li><li>leur tr\u00e8s faible autod\u00e9charge.<\/li><li>Leur densit\u00e9 d\u2019\u00e9nergie un peu sup\u00e9rieure au accus au Nickel.<\/li><\/ul>\n\n\n\n<p>Autre d\u00e9faut, la r\u00e9sistance interne est relativement \u00e9lev\u00e9e ce qui emp\u00eache ces g\u00e9n\u00e9rateurs de fournir des courants importants.<\/p>\n\n\n\n<p>Elles conviennent donc parfaitement \u00e0 des applications ayant une tr\u00e8s\n faible consommation et o\u00f9 l\u2019autod\u00e9charge d\u2019un accu au Nickel serait \np\u00e9nalisante.<\/p>\n\n\n\n<p>La tension de ces &nbsp;\u00bb piles &nbsp;\u00bb est de 1,5V \u00e0 vide comme les piles Alcalines classiques.<\/p>\n\n\n\n<p>Par contre elles n\u00e9cessitent un chargeur sp\u00e9cialis\u00e9. Leur charge est  particuli\u00e8re et doit toujours se faire \u00e0 faible taux. Deux solutions, la  charge \u00e0 tension constante, un peu comme pour le plomb ou le Li-ion, ou  de pr\u00e9f\u00e9rence la charge puls\u00e9e qui donnerait apparemment de meilleurs  r\u00e9sultats.<\/p>\n\n\n\n<p style=\"color:#0071a1\" class=\"has-text-color has-text-align-center has-medium-font-size\"><br>***************<br><strong>On arrive \u00e0 la fin de la description des technologies.<br>je vous propose juste un petit compl\u00e9ment pour finir.<\/strong><\/p>\n\n\n\n<p class=\"has-text-align-right has-medium-font-size\"><br><a href=\"\/wpnicd\/index.php\/pour-finir-avec-le-b-a-ba\"><strong>>>> Pour en finir avec le B.A.ba<\/strong><\/a><\/p>\n","protected":false},"excerpt":{"rendered":"<p>Le B.A.ba des batteries D\u2019autres technologies : Les alcalines rechargeables Apr\u00e8s avoir expos\u00e9 les principales technologies d\u2019accumulateurs rechargeables, il faut que je mentionne au moins cette autre technologie existante aujourd\u2019hui. Il s\u2019agit : Des piles alcalines rechargeables. Ce paragraphe n\u2019a pour but que de faire de l\u2019information sur l\u2019existence de ces mat\u00e9riels. Certains fabricants de [&hellip;]<\/p>\n","protected":false},"author":2,"featured_media":0,"parent":0,"menu_order":0,"comment_status":"closed","ping_status":"closed","template":"","meta":{"footnotes":""},"class_list":["post-1175","page","type-page","status-publish","hentry"],"_links":{"self":[{"href":"https:\/\/ni-cd.net\/wpnicd\/index.php\/wp-json\/wp\/v2\/pages\/1175"}],"collection":[{"href":"https:\/\/ni-cd.net\/wpnicd\/index.php\/wp-json\/wp\/v2\/pages"}],"about":[{"href":"https:\/\/ni-cd.net\/wpnicd\/index.php\/wp-json\/wp\/v2\/types\/page"}],"author":[{"embeddable":true,"href":"https:\/\/ni-cd.net\/wpnicd\/index.php\/wp-json\/wp\/v2\/users\/2"}],"replies":[{"embeddable":true,"href":"https:\/\/ni-cd.net\/wpnicd\/index.php\/wp-json\/wp\/v2\/comments?post=1175"}],"version-history":[{"count":4,"href":"https:\/\/ni-cd.net\/wpnicd\/index.php\/wp-json\/wp\/v2\/pages\/1175\/revisions"}],"predecessor-version":[{"id":1269,"href":"https:\/\/ni-cd.net\/wpnicd\/index.php\/wp-json\/wp\/v2\/pages\/1175\/revisions\/1269"}],"wp:attachment":[{"href":"https:\/\/ni-cd.net\/wpnicd\/index.php\/wp-json\/wp\/v2\/media?parent=1175"}],"curies":[{"name":"wp","href":"https:\/\/api.w.org\/{rel}","templated":true}]}}