{"id":1167,"date":"2020-03-22T13:51:01","date_gmt":"2020-03-22T13:51:01","guid":{"rendered":"https:\/\/testth.erfred.fr\/?page_id=1167"},"modified":"2020-04-13T20:22:40","modified_gmt":"2020-04-13T20:22:40","slug":"le-b-a-ba-li-precautions","status":"publish","type":"page","link":"https:\/\/ni-cd.net\/wpnicd\/index.php\/le-b-a-ba-li-precautions\/","title":{"rendered":"Le B.A.ba Li : Pr\u00e9cautions"},"content":{"rendered":"\n<p style=\"background-color:#0071a1\" class=\"has-text-color has-background has-very-light-gray-color\"><strong>Les pr\u00e9cautions d\u2019utilisation<\/strong><\/p>\n\n\n\n<p class=\"has-text-color has-vivid-red-color\"><strong><em>Faites attention, je le r\u00e9p\u00e8te les \u00e9l\u00e9ments au Li-ion sont dangereux.<\/em><\/strong><\/p>\n\n\n\n<p>D\u2019ailleurs il est tr\u00e8s difficile de trouver des accumulateurs \nindividuels dans le commerce. Ces \u00e9l\u00e9ments sont g\u00e9n\u00e9ralement vendus \nmont\u00e9s en batteries et \u00e9quip\u00e9s d\u2019un circuit \u00e9lectronique de protection \nqui vous \u00e9vitera de prendre l\u2019\u00e9lectrolyte en pleine figure\u2026<\/p>\n\n\n\n<p>L\u00e0 encore comme pour les autres technologies :<\/p>\n\n\n\n<p style=\"color:#0071a1\" class=\"has-text-color\"><strong>Ne jamais d\u00e9charger en dessous du seuil minimum de tension de 2,5V<br> Ne jamais surcharger les accus<\/strong><\/p>\n\n\n\n<p>De pr\u00e9f\u00e9rence utilisez le chargeur qui a \u00e9t\u00e9 fourni avec votre accumulateur.<\/p>\n\n\n\n<p><strong>Des accus Li-ion se stockent<\/strong> \u00e0 un taux d\u2019environ <strong>40% de capacit\u00e9 restante<\/strong>, pour garder de quoi alimenter le circuit de protection interne. Stockage de pr\u00e9f\u00e9rence au frais.<\/p>\n\n\n\n<p>Les accus au Lithium fonctionnent correctement sur toute leur plage \nde temp\u00e9rature allant g\u00e9n\u00e9ralement de -20\u00b0C \u00e0 +60\u00b0C. Evitez malgr\u00e9 tout \nles charges par temp\u00e9rature inf\u00e9rieure \u00e0 0\u00b0C et sup\u00e9rieure \u00e0 45\u00b0C. Il y a\n un risque de placage de Lithium sur les \u00e9lectrode qui peu rendre l\u2019accu\n instable. Dans tous les cas pr\u00e9f\u00e9rez une charge \u00e0 20\u00b0C.<\/p>\n\n\n\n<p><strong>Attention<\/strong> aux accus Li-po en sachet. <strong>Au moindre choc important subbit par un accu de ce type, il faut r\u00e9former cet \u00e9l\u00e9ment<\/strong>.\n Il y a, en cas de cassure de la structure interne, un risque \nd\u2019inflammation spontan\u00e9e de l\u2019\u00e9l\u00e9ment. \u00e7a peut faire de gros d\u00e9gats.<\/p>\n\n\n\n<p style=\"background-color:#0071a1\" class=\"has-text-color has-background has-very-light-gray-color\"><strong> Le circuit \u00e9lectronique de protection interne<\/strong><\/p>\n\n\n\n<p>Pour pr\u00e9server les utilisateurs du moindre risque, les fabricants de \npacks d\u2019accumulateurs au Li-ion ins\u00e8rent syst\u00e9matiquement un circuit \n\u00e9lectronique de protection dans leurs batteries.<\/p>\n\n\n\n<p>Ce circuit comporte g\u00e9n\u00e9ralement plusieurs \u00e9l\u00e9ments :<\/p>\n\n\n\n<ul class=\"wp-block-list\"><li>Un transistor qui coupe la charge si la tension de charge est sup\u00e9rieure \u00e0 4,3V.<\/li><li>Un fusible thermique qui grille si la temp\u00e9rature approche 90\u00b0C<\/li><li>Un interrupteur \u00e0 pression qui interrompt d\u00e9finitivement le courant de charge si la pression interne monte trop.<\/li><li>Plusieurs circuits qui surveillent les tensions et qui isolent la batterie si les seuils hauts et bas sont atteints<\/li><\/ul>\n\n\n\n<p>Pour le Li-po il existe des petits circuits imprim\u00e9s \u00e9quip\u00e9s qui permettent de prot\u00e9ger votre \u00e9l\u00e9ment sans protection d\u2019origine.<\/p>\n\n\n\n<h4 class=\"wp-block-heading\"><\/h4>\n\n\n\n<p style=\"color:#0071a1\" class=\"has-text-color has-text-align-center has-medium-font-size\"><br>***********<br><strong>Voil\u00e0 pour les technologies Li-ion et Li-po.<br>Je vous propose maintenant de voir <\/strong><br><strong>quelques autres technologies moins connues.<\/strong><\/p>\n\n\n\n<p class=\"has-text-align-right has-medium-font-size\"><br><a href=\"\/wpnicd\/index.php\/le-b-a-ba-autres-technologies\"><strong>>>> Le B.A.ba : Autres technologies<\/strong><\/a><\/p>\n","protected":false},"excerpt":{"rendered":"<p>Les pr\u00e9cautions d\u2019utilisation Faites attention, je le r\u00e9p\u00e8te les \u00e9l\u00e9ments au Li-ion sont dangereux. D\u2019ailleurs il est tr\u00e8s difficile de trouver des accumulateurs individuels dans le commerce. Ces \u00e9l\u00e9ments sont g\u00e9n\u00e9ralement vendus mont\u00e9s en batteries et \u00e9quip\u00e9s d\u2019un circuit \u00e9lectronique de protection qui vous \u00e9vitera de prendre l\u2019\u00e9lectrolyte en pleine figure\u2026 L\u00e0 encore comme pour [&hellip;]<\/p>\n","protected":false},"author":2,"featured_media":0,"parent":0,"menu_order":0,"comment_status":"closed","ping_status":"closed","template":"","meta":{"footnotes":""},"class_list":["post-1167","page","type-page","status-publish","hentry"],"_links":{"self":[{"href":"https:\/\/ni-cd.net\/wpnicd\/index.php\/wp-json\/wp\/v2\/pages\/1167"}],"collection":[{"href":"https:\/\/ni-cd.net\/wpnicd\/index.php\/wp-json\/wp\/v2\/pages"}],"about":[{"href":"https:\/\/ni-cd.net\/wpnicd\/index.php\/wp-json\/wp\/v2\/types\/page"}],"author":[{"embeddable":true,"href":"https:\/\/ni-cd.net\/wpnicd\/index.php\/wp-json\/wp\/v2\/users\/2"}],"replies":[{"embeddable":true,"href":"https:\/\/ni-cd.net\/wpnicd\/index.php\/wp-json\/wp\/v2\/comments?post=1167"}],"version-history":[{"count":7,"href":"https:\/\/ni-cd.net\/wpnicd\/index.php\/wp-json\/wp\/v2\/pages\/1167\/revisions"}],"predecessor-version":[{"id":1268,"href":"https:\/\/ni-cd.net\/wpnicd\/index.php\/wp-json\/wp\/v2\/pages\/1167\/revisions\/1268"}],"wp:attachment":[{"href":"https:\/\/ni-cd.net\/wpnicd\/index.php\/wp-json\/wp\/v2\/media?parent=1167"}],"curies":[{"name":"wp","href":"https:\/\/api.w.org\/{rel}","templated":true}]}}