{"id":1149,"date":"2020-03-22T13:30:21","date_gmt":"2020-03-22T13:30:21","guid":{"rendered":"https:\/\/testth.erfred.fr\/?page_id=1149"},"modified":"2020-08-25T21:07:09","modified_gmt":"2020-08-25T21:07:09","slug":"le-b-a-ba-li-constitution","status":"publish","type":"page","link":"https:\/\/ni-cd.net\/wpnicd\/index.php\/le-b-a-ba-li-constitution\/","title":{"rendered":"Le B.A.ba Li : Constitution"},"content":{"rendered":"\n<p>Les accus au Lithium sont issus d\u2019une technologie moderne et donc en \nperp\u00e9tuelle \u00e9volution. Les premiers \u00e9l\u00e9ments en 1991 avaient une anode \nen Cobalt, depuis 1997 elle est en Mangan\u00e8se (Spinelle). Cette \nam\u00e9lioration a permis de rendre la courbe de d\u00e9charge plus plate. Depuis\n ces derni\u00e8res ann\u00e9es d\u2019autres mat\u00e9riaux sont ajout\u00e9s, ils ont notamment\n permis d\u2019augmenter la capacit\u00e9 des \u00e9l\u00e9ments en \u00e9levant un peu la \ntension de charge.<\/p>\n\n\n\n<p class=\"has-very-light-gray-color has-text-color has-background\" style=\"background-color:#0071a1\"><strong> Le bo\u00eetier<\/strong><\/p>\n\n\n\n<p> Le bo\u00eetier d\u00e9pend de la g\u00e9n\u00e9ration et de l\u2019utilisation. Du fait du \ncaract\u00e8re potentiellement dangereux des accumulateurs au Lithium, le \nbo\u00eetier embarque syst\u00e9matiquement des circuits \u00e9lectroniques qui \nassurent la s\u00e9curit\u00e9 des utilisateurs.<\/p>\n\n\n\n<p>De ce fait les accumulateurs sont tr\u00e8s souvent vendus directement \nassembl\u00e9s en batteries, avec leur \u00e9lectronique embarqu\u00e9e. La forme du \nbo\u00eetier d\u00e9pend alors de l\u2019utilisation \u00e0 laquelle il est destin\u00e9. On \ntrouve quand m\u00eame des \u00e9l\u00e9ments individuels en bo\u00eetiers cylindriques, \nchez quelques industriels. Mais ces \u00e9l\u00e9ments ne sont pas disponibles \ndans le commerce grand public.<\/p>\n\n\n\n<p>La derni\u00e8re g\u00e9n\u00e9ration de Lithium ion polym\u00e8re apportant des accus \naux formes plates et souples, il n\u2019y a plus de bo\u00eetiers standards. \nChaque industriel adapte la forme de l\u2019accumulateur \u00e0 sa destination. \nL\u2019exemple m\u00eame est pr\u00e9sent dans les nouveaux t\u00e9l\u00e9phones portables qui \nont des packs batterie extra plats.<br> <strong>Attention on \ntrouve dans le commerce des accus au Li-po sans protection \u00e9lectronique.\n Inutile de vous dire de manier ces mat\u00e9riels avec la plus grande \nrigueur, il en va de votre sant\u00e9.<\/strong><\/p>\n\n\n\n<p class=\"has-very-light-gray-color has-text-color has-background\" style=\"background-color:#0071a1\"><strong> La chimie<\/strong><\/p>\n\n\n\n<p> Pour info voici la r\u00e9action chimique mise en jeu dans les accus Li-ion (\u00e0 cathode Cobalt).<\/p>\n\n\n\n<div class=\"wp-block-image\"><figure class=\"aligncenter size-large\"><img loading=\"lazy\" decoding=\"async\" width=\"410\" height=\"36\" src=\"https:\/\/ni-cd.net\/wpnicd\/wp-content\/uploads\/2020\/08\/chimieliion.gif\" alt=\"\" class=\"wp-image-1513\"\/><\/figure><\/div>\n\n\n\n<p>La particularit\u00e9 de l\u2019anode de ce type d\u2019accus est qu\u2019elle n\u2019est pas  m\u00e9tallique, mais en Lithium ions. La cathode est elle en oxyde de Cobalt  ou de Mangan\u00e8se.<\/p>\n\n\n\n<p class=\"has-text-align-right has-medium-font-size\"><br><a href=\"\/wpnicd\/index.php\/le-b-a-ba-li-caracteristiques\"><strong>&gt;&gt;&gt; Le B.A.ba Li : Caract\u00e9ristiques<\/strong><\/a><\/p>\n","protected":false},"excerpt":{"rendered":"<p>Les accus au Lithium sont issus d\u2019une technologie moderne et donc en perp\u00e9tuelle \u00e9volution. Les premiers \u00e9l\u00e9ments en 1991 avaient une anode en Cobalt, depuis 1997 elle est en Mangan\u00e8se (Spinelle). Cette am\u00e9lioration a permis de rendre la courbe de d\u00e9charge plus plate. Depuis ces derni\u00e8res ann\u00e9es d\u2019autres mat\u00e9riaux sont ajout\u00e9s, ils ont notamment permis [&hellip;]<\/p>\n","protected":false},"author":2,"featured_media":0,"parent":0,"menu_order":0,"comment_status":"closed","ping_status":"closed","template":"","meta":{"footnotes":""},"class_list":["post-1149","page","type-page","status-publish","hentry"],"_links":{"self":[{"href":"https:\/\/ni-cd.net\/wpnicd\/index.php\/wp-json\/wp\/v2\/pages\/1149","targetHints":{"allow":["GET"]}}],"collection":[{"href":"https:\/\/ni-cd.net\/wpnicd\/index.php\/wp-json\/wp\/v2\/pages"}],"about":[{"href":"https:\/\/ni-cd.net\/wpnicd\/index.php\/wp-json\/wp\/v2\/types\/page"}],"author":[{"embeddable":true,"href":"https:\/\/ni-cd.net\/wpnicd\/index.php\/wp-json\/wp\/v2\/users\/2"}],"replies":[{"embeddable":true,"href":"https:\/\/ni-cd.net\/wpnicd\/index.php\/wp-json\/wp\/v2\/comments?post=1149"}],"version-history":[{"count":7,"href":"https:\/\/ni-cd.net\/wpnicd\/index.php\/wp-json\/wp\/v2\/pages\/1149\/revisions"}],"predecessor-version":[{"id":1514,"href":"https:\/\/ni-cd.net\/wpnicd\/index.php\/wp-json\/wp\/v2\/pages\/1149\/revisions\/1514"}],"wp:attachment":[{"href":"https:\/\/ni-cd.net\/wpnicd\/index.php\/wp-json\/wp\/v2\/media?parent=1149"}],"curies":[{"name":"wp","href":"https:\/\/api.w.org\/{rel}","templated":true}]}}