{"id":1143,"date":"2020-03-22T13:22:54","date_gmt":"2020-03-22T13:22:54","guid":{"rendered":"https:\/\/testth.erfred.fr\/?page_id=1143"},"modified":"2020-04-13T20:20:03","modified_gmt":"2020-04-13T20:20:03","slug":"le-b-a-ba-les-accus-au-lithium-ion","status":"publish","type":"page","link":"https:\/\/ni-cd.net\/wpnicd\/index.php\/le-b-a-ba-les-accus-au-lithium-ion\/","title":{"rendered":"Le B.A.ba : Les accus au Lithium-ion"},"content":{"rendered":"\n<p><strong>Et voici la toute derni\u00e8re g\u00e9n\u00e9ration d\u2019accumulateurs grand public.<\/strong><\/p>\n\n\n\n<p>Bien que le principe en soit connu depuis les ann\u00e9es 80 les premiers \n\u00e9l\u00e9ments rechargeables au Lithium n\u2019ont \u00e9t\u00e9 commercialis\u00e9s qu\u2019en 1991. \nCela \u00e0 cause du caract\u00e8re instable du Lithium m\u00e9tallique pendant la \nphase de charge. Le probl\u00e8me a \u00e9t\u00e9 r\u00e9solu en utilisant des ions de \nlithium pour r\u00e9aliser l\u2019accu. Le lithium ion (Li-ion) ne pr\u00e9sente pas de\n danger si certaines pr\u00e9cautions sont prises lors de la charge.<\/p>\n\n\n\n<p>Depuis 1999 est apparue une nouvelle g\u00e9n\u00e9ration d\u2019accus Li-ion : Le \nLithium ion Polym\u00e8re (Li-po). L\u2019\u00e9lectrolyte est un polym\u00e8re g\u00e9lifi\u00e9, qui\n permet d\u2019obtenir des \u00e9l\u00e9ments tr\u00e8s fins et plats pouvant prendre toutes\n les formes possibles. Encore ch\u00e8re aujourd\u2019hui cette nouvelle \ntechnologie est promise \u00e0 beaucoup d\u2019avenir. Elle doit, \u00e0 terme, revenir\n moins cher \u00e0 la r\u00e9alisation que le Li-ion classique.<\/p>\n\n\n\n<p class=\"has-text-color has-vivid-red-color\"><em><u><strong>Attention :<\/strong><\/u> les accumulateurs au Lithium ion  peuvent pr\u00e9senter un risque d\u2019explosion si ils sont recharg\u00e9s dans de  mauvaises conditions. Ce sont des \u00e9l\u00e9ments tr\u00e8s sensibles qui demandent  des pr\u00e9cautions de mise en oeuvre.<\/em><\/p>\n\n\n\n<p style=\"background-color:#0071a1\" class=\"has-text-color has-background has-text-align-center has-very-light-gray-color\"><strong>Si vous ne ma\u00eetrisez pas parfaitement,<br> ne jouez pas avec des \u00e9l\u00e9ments au Lithium-ion<\/strong> !<\/p>\n\n\n\n<p>Les accumulateurs au Lithium sont aujourd\u2019hui tr\u00e8s pris\u00e9s. En effet \nils offrent une densit\u00e9 d\u2019\u00e9nergie tr\u00e8s sup\u00e9rieure au autres technologies\n pour un poids inf\u00e9rieur. De plus ils sont d\u00e9pourvus d\u2019effet m\u00e9moire, \nils pr\u00e9sentent une auto d\u00e9charge presque n\u00e9gligeable et ils ne \nn\u00e9cessitent aucun entretien particulier.<\/p>\n\n\n\n<p style=\"color:#0071a1\" class=\"has-text-color has-text-align-center\"><strong><em>Un gros d\u00e9faut appara\u00eet pourtant,<\/em><\/strong><br><strong><em>cette technologie s\u2019userait m\u00eame quand on ne s\u2019en sert pas<\/em><\/strong> !<\/p>\n\n\n\n<p>D\u2019apr\u00e8s l\u2019avis de quelques sp\u00e9cialistes et les constatations que j\u2019ai  pu faire, la dur\u00e9e de vie d\u2019un accu Li-ion serait limit\u00e9e \u00e0 une dur\u00e9e  variant de 2 \u00e0 3 ans apr\u00e8s la date de fabrication \u2026<\/p>\n\n\n\n<p class=\"has-text-align-right has-medium-font-size\"><br><a href=\"\/wpnicd\/index.php\/le-b-a-ba-li-constitution\"><strong>>>> Le B.A.ba Li : <\/strong>Constitution<\/a><\/p>\n","protected":false},"excerpt":{"rendered":"<p>Et voici la toute derni\u00e8re g\u00e9n\u00e9ration d\u2019accumulateurs grand public. Bien que le principe en soit connu depuis les ann\u00e9es 80 les premiers \u00e9l\u00e9ments rechargeables au Lithium n\u2019ont \u00e9t\u00e9 commercialis\u00e9s qu\u2019en 1991. Cela \u00e0 cause du caract\u00e8re instable du Lithium m\u00e9tallique pendant la phase de charge. Le probl\u00e8me a \u00e9t\u00e9 r\u00e9solu en utilisant des ions de [&hellip;]<\/p>\n","protected":false},"author":2,"featured_media":0,"parent":0,"menu_order":0,"comment_status":"closed","ping_status":"closed","template":"","meta":{"footnotes":""},"class_list":["post-1143","page","type-page","status-publish","hentry"],"_links":{"self":[{"href":"https:\/\/ni-cd.net\/wpnicd\/index.php\/wp-json\/wp\/v2\/pages\/1143"}],"collection":[{"href":"https:\/\/ni-cd.net\/wpnicd\/index.php\/wp-json\/wp\/v2\/pages"}],"about":[{"href":"https:\/\/ni-cd.net\/wpnicd\/index.php\/wp-json\/wp\/v2\/types\/page"}],"author":[{"embeddable":true,"href":"https:\/\/ni-cd.net\/wpnicd\/index.php\/wp-json\/wp\/v2\/users\/2"}],"replies":[{"embeddable":true,"href":"https:\/\/ni-cd.net\/wpnicd\/index.php\/wp-json\/wp\/v2\/comments?post=1143"}],"version-history":[{"count":6,"href":"https:\/\/ni-cd.net\/wpnicd\/index.php\/wp-json\/wp\/v2\/pages\/1143\/revisions"}],"predecessor-version":[{"id":1264,"href":"https:\/\/ni-cd.net\/wpnicd\/index.php\/wp-json\/wp\/v2\/pages\/1143\/revisions\/1264"}],"wp:attachment":[{"href":"https:\/\/ni-cd.net\/wpnicd\/index.php\/wp-json\/wp\/v2\/media?parent=1143"}],"curies":[{"name":"wp","href":"https:\/\/api.w.org\/{rel}","templated":true}]}}