{"id":1128,"date":"2020-03-22T11:02:39","date_gmt":"2020-03-22T11:02:39","guid":{"rendered":"https:\/\/testth.erfred.fr\/?page_id=1128"},"modified":"2020-05-14T15:26:09","modified_gmt":"2020-05-14T15:26:09","slug":"le-b-a-ba-pb-la-charge","status":"publish","type":"page","link":"https:\/\/ni-cd.net\/wpnicd\/index.php\/le-b-a-ba-pb-la-charge\/","title":{"rendered":"Le B.A.ba Pb : la charge"},"content":{"rendered":"\n<p style=\"background-color:#0071a1\" class=\"has-text-color has-background has-very-light-gray-color\"><strong>La m\u00e9thode de charge<\/strong><\/p>\n\n\n\n<p class=\"has-text-align-left\"><strong>La charge des accumulateurs au Plomb se fait \u00e0 tension constante.<\/strong><br><em><strong><br> La tension de charge pour un \u00e9l\u00e9ment est de 2,3 \u00e0 2,4 Volts.<\/strong><\/em><br><br> Ce qui fait une tension de charge totale de 13,8 \u00e0 14,4 Volts pour une  batterie de 12V. Cette tension est n\u00e9cessaire pour que la charge  s\u2019effectue correctement. Une fois charg\u00e9, l\u2019\u00e9l\u00e9ment pr\u00e9sente une tension  de 2,1V, soit 12,6V pour une batterie dite 12V.<br> Du fait de la faible r\u00e9sistance interne de la batterie, au d\u00e9but de la  charge il faut limiter le courant. Sinon il y a un risque d\u2019\u00e9chauffement  des plaques qui alors se d\u00e9t\u00e9rioreraient. De plus le chargeur serait en  but\u00e9e de puissance et risquerait de se d\u00e9truire. La valeur normale de  limitation de ce courant est \u00e9gale \u00e0 environ 1\/4 \u00e0 1\/5 de la capacit\u00e9  nominale pendant 20h. Syst\u00e9matiquement le courant et le temps de charge  doivent \u00eatre indiqu\u00e9s sur la batterie.<\/p>\n\n\n\n<p style=\"color:#0071a1\" class=\"has-text-color\">Ma batterie fait 85Ah le courant de charge est de 20A pendant 20h<\/p>\n\n\n\n<p>Lorsque la batterie est charg\u00e9e l\u2019id\u00e9al est de continuer \u00e0 lui \nfournir un petit courant d\u2019entretien sous une tension plus faible , dite\n &nbsp;\u00bb tension de floating \u00ab&nbsp;. Cette tension aura une valeur entre 2,25V et\n 2,28V par \u00e9l\u00e9ment, soit environ 13,6V* pour une batterie 12V. Ce \ncourant d\u2019entretien permet d\u2019avoir toujours \u00e0 disposition une batterie \nen pleine charge.<\/p>\n\n\n\n<ul class=\"wp-block-list\"><li>Tension de floating g\u00e9n\u00e9ralement utilis\u00e9e par les chargeurs.<\/li><\/ul>\n\n\n\n<p>La charge th\u00e9orique d\u2019une batterie au plomb s\u2019effectue donc en trois phases :<\/p>\n\n\n\n<figure class=\"wp-block-image size-large\"><img loading=\"lazy\" decoding=\"async\" width=\"411\" height=\"312\" src=\"https:\/\/ni-cd.net\/wpnicd\/wp-content\/uploads\/2019\/11\/chargeplomb.gif\" alt=\"\" class=\"wp-image-104\"\/><\/figure>\n\n\n\n<ul class=\"wp-block-list\"><li><strong>phase 1<\/strong> : Le courant est limit\u00e9 \u00e0 un taux \nd\u2019environ 1\/5 de la capacit\u00e9 nominale. La tension augmente petit \u00e0 petit\n jusqu\u2019\u00e0 atteindre son seuil maximum r\u00e9gul\u00e9 \u00e0 2,35V\/\u00e9lnt.<\/li><li><strong>Phase 2<\/strong>\n : : La tension de charge est r\u00e9gul\u00e9e \u00e0 2,35V\/\u00e9lnt, le courant de charge\n diminue alors jusqu\u2019\u00e0 devenir inf\u00e9rieure \u00e0 C\/100. Cette phase doit \ndurer maximum 20 heures, la tension ne doit pas rester au dessus de \n2,26V plus longtemps. La batterie est charg\u00e9e \u00e0 l\u2019issue de cette phase<\/li><li><strong>Phase 3<\/strong>\n :Une fois la batterie charg\u00e9e (apr\u00e8s environ 20h de charge) on passe en\n mode charge d\u2019entretien (Floating) pour la maintenir \u00e0 100% de charge. \nLa tension alors appliqu\u00e9e \u00e0 la batterie sera autour de 2,26V\/\u00e9lnt<\/li><\/ul>\n\n\n\n<p>Les phases 2 et 3 peuvent \u00eatre combin\u00e9es en limitant d\u00e8s le d\u00e9but la \ntension \u00e0 2,26V\/\u00e9lnt. La batterie se chargera alors tr\u00e8s bien , mais \nvous n\u2019obtiendrez que 95% de charge. L\u2019avantage est que vous n\u2019avez pas \u00e0\n surveiller le moment de la fin de la charge.<\/p>\n\n\n\n<p>Pour plus de d\u00e9tails : Voir la th\u00e9orie compl\u00e8te de la charge des accus au plomb<\/p>\n\n\n\n<p style=\"background-color:#0071a1\" class=\"has-text-color has-background has-very-light-gray-color\"><strong>Le Chargeur.<\/strong><\/p>\n\n\n\n<p>La charge en trois phases pr\u00e9sent\u00e9e ci dessus impose un chargeur de \nqualit\u00e9, souvent cher. La deuxi\u00e8me solution peut \u00eatre r\u00e9alis\u00e9e avec une \nsimple alimentation stabilis\u00e9e de laboratoire limit\u00e9e en courant et \nr\u00e9gul\u00e9e en tension.<\/p>\n\n\n\n<p><strong>Attention les chargeurs bas de gamme du commerce (aux alentours de 15\u20ac) sont dangereux pour les accus<\/strong>.\n En effet ces chargeurs ne sont pas r\u00e9gul\u00e9s en tension et \u00e0 peine \nlimit\u00e9s en courant. Donc \u00e0 \u00e9viter ou \u00e0 utiliser comme base pour r\u00e9aliser\n vous m\u00eame votre chargeur.<\/p>\n\n\n\n<p>Plus de d\u00e9tails : <a href=\"\/wpnicd\/index.php\/chargeur-pour-aq-au-plomb\/\">Comment r\u00e9aliser un chargeur pour batterie au plomb ? <\/a><\/p>\n\n\n\n<p class=\"has-text-align-right has-medium-font-size\"><br><strong><a href=\"\/wpnicd\/index.php\/le-b-a-ba-pb-precautions\">&gt;&gt;&gt; Le B.A.ba Plomb : Pr\u00e9cautions d&rsquo;utilisation<\/a><\/strong><\/p>\n","protected":false},"excerpt":{"rendered":"<p>La m\u00e9thode de charge La charge des accumulateurs au Plomb se fait \u00e0 tension constante. La tension de charge pour un \u00e9l\u00e9ment est de 2,3 \u00e0 2,4 Volts. Ce qui fait une tension de charge totale de 13,8 \u00e0 14,4 Volts pour une batterie de 12V. Cette tension est n\u00e9cessaire pour que la charge s\u2019effectue [&hellip;]<\/p>\n","protected":false},"author":2,"featured_media":0,"parent":0,"menu_order":0,"comment_status":"closed","ping_status":"closed","template":"","meta":{"footnotes":""},"class_list":["post-1128","page","type-page","status-publish","hentry"],"_links":{"self":[{"href":"https:\/\/ni-cd.net\/wpnicd\/index.php\/wp-json\/wp\/v2\/pages\/1128"}],"collection":[{"href":"https:\/\/ni-cd.net\/wpnicd\/index.php\/wp-json\/wp\/v2\/pages"}],"about":[{"href":"https:\/\/ni-cd.net\/wpnicd\/index.php\/wp-json\/wp\/v2\/types\/page"}],"author":[{"embeddable":true,"href":"https:\/\/ni-cd.net\/wpnicd\/index.php\/wp-json\/wp\/v2\/users\/2"}],"replies":[{"embeddable":true,"href":"https:\/\/ni-cd.net\/wpnicd\/index.php\/wp-json\/wp\/v2\/comments?post=1128"}],"version-history":[{"count":7,"href":"https:\/\/ni-cd.net\/wpnicd\/index.php\/wp-json\/wp\/v2\/pages\/1128\/revisions"}],"predecessor-version":[{"id":1364,"href":"https:\/\/ni-cd.net\/wpnicd\/index.php\/wp-json\/wp\/v2\/pages\/1128\/revisions\/1364"}],"wp:attachment":[{"href":"https:\/\/ni-cd.net\/wpnicd\/index.php\/wp-json\/wp\/v2\/media?parent=1128"}],"curies":[{"name":"wp","href":"https:\/\/api.w.org\/{rel}","templated":true}]}}