{"id":1122,"date":"2020-03-22T10:56:09","date_gmt":"2020-03-22T10:56:09","guid":{"rendered":"https:\/\/testth.erfred.fr\/?page_id=1122"},"modified":"2020-04-13T20:18:16","modified_gmt":"2020-04-13T20:18:16","slug":"le-b-a-ba-pb-caractetistiques","status":"publish","type":"page","link":"https:\/\/ni-cd.net\/wpnicd\/index.php\/le-b-a-ba-pb-caractetistiques\/","title":{"rendered":"Le B.A.ba Pb : Caract\u00e9ristiques"},"content":{"rendered":"\n<p><\/p>\n\n\n\n<p style=\"background-color:#0071a1\" class=\"has-text-color has-background has-very-light-gray-color\"><strong>La tension<\/strong><\/p>\n\n\n\n<p>La tension nominale d\u2019un \u00e9l\u00e9ment au plomb est de 2V. Mais comme pour \nla technologie au nickel cette tension varie en fonction de l\u2019\u00e9tat de \ncharge de l\u2019accu. Un \u00e9l\u00e9ment charg\u00e9 pr\u00e9sente une tension de 2,1V, et on \npeut le d\u00e9charger jusqu\u2019\u00e0 une tension de 1,9V sans risque, le minimum \nabsolu \u00e9tant \u00e0 1,65V.<br>\nLes accumulateurs au plomb sont, comme je l\u2019ai d\u00e9j\u00e0 dit, souvent vendu \nsous forme de batterie de plusieurs \u00e9l\u00e9ments. La version la plus \ncourante est la batterie \u00e0 6 \u00e9l\u00e9ments, donc dite batterie 12V. La \ntension de ce type de batterie peut donc varier de 11V \u00e0 12,6V.<\/p>\n\n\n\n<p><strong><u>Attention :<\/u><br> La tension d\u2019une batterie au plomb 12V ne dois jamais descendre en dessous du seuil minimum de 10V (extr\u00eame limite)<\/strong><\/p>\n\n\n\n<p style=\"background-color:#0071a1\" class=\"has-text-color has-background has-very-light-gray-color\"><strong>La capacit\u00e9<\/strong><\/p>\n\n\n\n<p>La capacit\u00e9 des batteries au Plomb peut aller :<\/p>\n\n\n\n<p>de 1Ah \u00e0 plus de 1000 Ah. pour les batteries \u00e0 \u00e9lectrolyte stabilis\u00e9de 2Ah<\/p>\n\n\n\n<ul class=\"wp-block-list\"><li>jusqu\u2019\u00e0 4000Ah pour les batteries \u00e0 \u00e9lectrolyte liquide<\/li><li>de 2Ah jusqu\u2019\u00e0 4000Ah pour les batteries \u00e0 \u00e9lectrolyte liquide<\/li><\/ul>\n\n\n\n<p> Ce sont donc des batteries de (tr\u00e8s) forte capacit\u00e9 compar\u00e9es aux accus au Nickel et plus encore au Lithium.<\/p>\n\n\n\n<p style=\"background-color:#0071a1\" class=\"has-text-color has-background has-very-light-gray-color\"><strong>La r\u00e9sistance interne<\/strong><\/p>\n\n\n\n<p>Je n\u2019ai pas de valeur pr\u00e9cise \u00e0 vous fournir. La r\u00e9sistance des accus  au plomb est n\u00e9gligeable dans le cas des fortes capacit\u00e9s. Ces accus  sont capables de fournir des courants \u00e9normes &gt;2000A sous 12V. Ce  sont presque des g\u00e9n\u00e9rateurs parfaits. La r\u00e9sistance interne est  inf\u00e9rieure au milliOhms.<br> Cette valeur atteint au maximum 50 m\u03a9 dans le cas des accus \u00e0 \u00e9lectrolyte stabilis\u00e9 des plus faibles capacit\u00e9s. <\/p>\n\n\n\n<p class=\"has-text-align-right has-medium-font-size\"><br><strong><a href=\"\/wpnicd\/index.php\/le-b-a-ba-pb-la-charge\">>>> Le B.A.ba Plomb : la charge<\/a><\/strong><\/p>\n","protected":false},"excerpt":{"rendered":"<p>La tension La tension nominale d\u2019un \u00e9l\u00e9ment au plomb est de 2V. Mais comme pour la technologie au nickel cette tension varie en fonction de l\u2019\u00e9tat de charge de l\u2019accu. Un \u00e9l\u00e9ment charg\u00e9 pr\u00e9sente une tension de 2,1V, et on peut le d\u00e9charger jusqu\u2019\u00e0 une tension de 1,9V sans risque, le minimum absolu \u00e9tant \u00e0 [&hellip;]<\/p>\n","protected":false},"author":2,"featured_media":0,"parent":0,"menu_order":0,"comment_status":"closed","ping_status":"closed","template":"","meta":{"footnotes":""},"class_list":["post-1122","page","type-page","status-publish","hentry"],"_links":{"self":[{"href":"https:\/\/ni-cd.net\/wpnicd\/index.php\/wp-json\/wp\/v2\/pages\/1122"}],"collection":[{"href":"https:\/\/ni-cd.net\/wpnicd\/index.php\/wp-json\/wp\/v2\/pages"}],"about":[{"href":"https:\/\/ni-cd.net\/wpnicd\/index.php\/wp-json\/wp\/v2\/types\/page"}],"author":[{"embeddable":true,"href":"https:\/\/ni-cd.net\/wpnicd\/index.php\/wp-json\/wp\/v2\/users\/2"}],"replies":[{"embeddable":true,"href":"https:\/\/ni-cd.net\/wpnicd\/index.php\/wp-json\/wp\/v2\/comments?post=1122"}],"version-history":[{"count":6,"href":"https:\/\/ni-cd.net\/wpnicd\/index.php\/wp-json\/wp\/v2\/pages\/1122\/revisions"}],"predecessor-version":[{"id":1261,"href":"https:\/\/ni-cd.net\/wpnicd\/index.php\/wp-json\/wp\/v2\/pages\/1122\/revisions\/1261"}],"wp:attachment":[{"href":"https:\/\/ni-cd.net\/wpnicd\/index.php\/wp-json\/wp\/v2\/media?parent=1122"}],"curies":[{"name":"wp","href":"https:\/\/api.w.org\/{rel}","templated":true}]}}